{"id":2231,"date":"2020-05-12T01:28:49","date_gmt":"2020-05-11T22:28:49","guid":{"rendered":"https:\/\/hansu.av.tr\/recht-der-energieprojekte\/"},"modified":"2020-07-18T13:41:37","modified_gmt":"2020-07-18T10:41:37","slug":"recht-der-energieprojekte","status":"publish","type":"page","link":"https:\/\/hansu.av.tr\/de\/kompetenzen\/recht-der-energieprojekte\/","title":{"rendered":"Recht der Energieprojekte"},"content":{"rendered":"\t\t<div data-elementor-type=\"wp-post\" data-elementor-id=\"2231\" class=\"elementor elementor-2231 elementor-610\">\n\t\t\t\t\t\t<div class=\"elementor-inner\">\n\t\t\t\t<div class=\"elementor-section-wrap\">\n\t\t\t\t\t\t\t\t\t<section class=\"elementor-section elementor-top-section elementor-element elementor-element-bd52439 elementor-section-boxed elementor-section-height-default elementor-section-height-default\" data-id=\"bd52439\" data-element_type=\"section\">\n\t\t\t\t\t\t<div class=\"elementor-container elementor-column-gap-default\">\n\t\t\t\t\t\t\t<div class=\"elementor-row\">\n\t\t\t\t\t<div class=\"elementor-column elementor-col-100 elementor-top-column elementor-element elementor-element-5aedfd3\" data-id=\"5aedfd3\" data-element_type=\"column\">\n\t\t\t<div class=\"elementor-column-wrap elementor-element-populated\">\n\t\t\t\t\t\t\t<div class=\"elementor-widget-wrap\">\n\t\t\t\t\t\t<div class=\"elementor-element elementor-element-604fa69 elementor-widget elementor-widget-text-editor\" data-id=\"604fa69\" data-element_type=\"widget\" data-widget_type=\"text-editor.default\">\n\t\t\t\t<div class=\"elementor-widget-container\">\n\t\t\t\t\t\t\t\t<div class=\"elementor-text-editor elementor-clearfix\">\n\t\t\t\t<p class=\"p1\"><span class=\"s1\">Unsere Anwaltskanzlei ist spezialisiert auf das Recht der Energieprojekte, das Erd\u00f6lrecht und das Bergbaurecht. Wir beraten zu Fragen der Regulierung der Energiewirtschaft, zur Vorbereitung der Lizenzantr\u00e4ge, die bei Regulierungs- und Aufsichtsbeh\u00f6rden wie der Regulierungsbeh\u00f6rde f\u00fcr den Energiemarkt, der Generaldirektion f\u00fcr Bergbauangelegenheiten und der Generaldirektion f\u00fcr Mineralienforschung und -exploration gestellt werden, vertreten unsere Mandanten in Verfahren \u00fcber die Aufhebung von Verwaltungssanktionen, erstellen Due-Diligence-Berichten f\u00fcr unsere internationalen Mandanten, die an Privatisierungsausschreibungen im Energiebereich beteiligen, und beraten unsere Mandanten beim Ausschreibungsverfahren umfassend.<\/span><\/p>\n<p class=\"p1\"><span class=\"s1\">Wir begleiten unsere Mandanten bei allen Arten von Energieausschreibungen. Zu unserem Leistungsspektrum geh\u00f6ren die Erlangung von Lizenzen wie Raffinerie-, Verarbeitungs-, Mineral\u00f6l-, Lagerungs-, \u00dcbertragungs- und Verteilerlizenzen, die rechtliche Pr\u00fcfung der Antragsunterlagen, die Betreuung und Finalisierung des Antragsverfahrens, allgemeine Rechtsberatung zur Gesetzgebung und zu den Rechtsvorschriften, welche f\u00fcr die Unternehmen in der Energiewirtschaft ma\u00dfgeblich sind. Dar\u00fcber hinaus beraten wir bei der Gestaltung und Verhandlung von allen Vertr\u00e4gen zwischen den Lizenzinhabern (e. g. Vertriebslizenz, H\u00e4ndlerlizenz), bei der Erstellung von Subvertr\u00e4gen, H\u00e4ndlervertr\u00e4gen und Exklusivvertriebsvertr\u00e4gen. Ein Schwerpunkt unserer T\u00e4tigkeit ist zudem die F\u00fchrung und Durchf\u00fchrung der rechtlichen Koordination zwischen unseren Mandanten einerseits und der Regulierungsbeh\u00f6rde f\u00fcr den Energiemarkt, der Generaldirektion f\u00fcr Bergbauangelegenheiten und der Generaldirektion f\u00fcr Mineralforschung und Exploration andererseits.<\/span><\/p>\n<p class=\"p1\"><span class=\"s1\"><b>Auszug unserer Expertise in der Energiewirtschaft<\/b><\/span><\/p>\n<ul class=\"ul1\">\n<li class=\"li1\"><span class=\"s1\">Hauptrechtsberater f\u00fcr eines der gr\u00f6\u00dften Energieprojekte in Ceyhan\/T\u00fcrkei <\/span><\/li>\n<\/ul>\n<ul class=\"ul1\">\n<li class=\"li1\"><span class=\"s1\">Vertretung des gr\u00f6\u00dften t\u00fcrkischen Stromversorgungsunternehmens bei seiner Privatisierungsausschreibung an die internationalen Konzerne<\/span><\/li>\n<\/ul>\n<ul class=\"ul1\">\n<li class=\"li1\"><span class=\"s1\">Beratung von zahlreichen Mandanten bei ihren Solarkraftwerksprojekten einschlie\u00dflich der Erlangung der entsprechenden Genehmigungen von den Beh\u00f6rden, der Auswahl des passenden Grundst\u00fccks, der Vertragsgestaltung und rechtliche Unterst\u00fctzung beim Bauprojekt und Betrieb der Anlage<\/span><\/li>\n<\/ul>\n\t\t\t\t\t<\/div>\n\t\t\t\t\t\t<\/div>\n\t\t\t\t<\/div>\n\t\t\t\t\t\t<\/div>\n\t\t\t\t\t<\/div>\n\t\t<\/div>\n\t\t\t\t\t\t\t\t<\/div>\n\t\t\t\t\t<\/div>\n\t\t<\/section>\n\t\t\t\t\t\t\t\t\t<\/div>\n\t\t\t<\/div>\n\t\t\t\t\t<\/div>\n\t\t","protected":false},"excerpt":{"rendered":"<p>Unsere Anwaltskanzlei ist spezialisiert auf das Recht der Energieprojekte, das Erd\u00f6lrecht und das Bergbaurecht. Wir beraten zu Fragen der Regulierung der Energiewirtschaft, zur Vorbereitung der Lizenzantr\u00e4ge, die bei Regulierungs- und Aufsichtsbeh\u00f6rden wie der Regulierungsbeh\u00f6rde f\u00fcr den Energiemarkt, der Generaldirektion f\u00fcr Bergbauangelegenheiten und der Generaldirektion f\u00fcr Mineralienforschung und -exploration gestellt werden, vertreten unsere Mandanten in Verfahren&#8230;<\/p>\n","protected":false},"author":1,"featured_media":5154,"parent":2337,"menu_order":324,"comment_status":"closed","ping_status":"closed","template":"","meta":[],"acf":[],"_links":{"self":[{"href":"https:\/\/hansu.av.tr\/de\/wp-json\/wp\/v2\/pages\/2231"}],"collection":[{"href":"https:\/\/hansu.av.tr\/de\/wp-json\/wp\/v2\/pages"}],"about":[{"href":"https:\/\/hansu.av.tr\/de\/wp-json\/wp\/v2\/types\/page"}],"author":[{"embeddable":true,"href":"https:\/\/hansu.av.tr\/de\/wp-json\/wp\/v2\/users\/1"}],"replies":[{"embeddable":true,"href":"https:\/\/hansu.av.tr\/de\/wp-json\/wp\/v2\/comments?post=2231"}],"version-history":[{"count":7,"href":"https:\/\/hansu.av.tr\/de\/wp-json\/wp\/v2\/pages\/2231\/revisions"}],"predecessor-version":[{"id":6053,"href":"https:\/\/hansu.av.tr\/de\/wp-json\/wp\/v2\/pages\/2231\/revisions\/6053"}],"up":[{"embeddable":true,"href":"https:\/\/hansu.av.tr\/de\/wp-json\/wp\/v2\/pages\/2337"}],"wp:featuredmedia":[{"embeddable":true,"href":"https:\/\/hansu.av.tr\/de\/wp-json\/wp\/v2\/media\/5154"}],"wp:attachment":[{"href":"https:\/\/hansu.av.tr\/de\/wp-json\/wp\/v2\/media?parent=2231"}],"curies":[{"name":"wp","href":"https:\/\/api.w.org\/{rel}","templated":true}]}}