{"id":2237,"date":"2020-05-12T01:34:16","date_gmt":"2020-05-11T22:34:16","guid":{"rendered":"https:\/\/hansu.av.tr\/recht-der-landwirtschaft-und-natuerliche-ressourcen-wasser-bergbau\/"},"modified":"2020-07-18T13:47:41","modified_gmt":"2020-07-18T10:47:41","slug":"recht-der-landwirtschaft-und-natuerliche-ressourcen-wasser-bergbau","status":"publish","type":"page","link":"https:\/\/hansu.av.tr\/de\/kompetenzen\/recht-der-landwirtschaft-und-natuerliche-ressourcen-wasser-bergbau\/","title":{"rendered":"Recht der Landwirtschaft und nat\u00fcrliche Ressourcen (Wasser\/Bergbau)"},"content":{"rendered":"\t\t<div data-elementor-type=\"wp-post\" data-elementor-id=\"2237\" class=\"elementor elementor-2237 elementor-667\">\n\t\t\t\t\t\t<div class=\"elementor-inner\">\n\t\t\t\t<div class=\"elementor-section-wrap\">\n\t\t\t\t\t\t\t\t\t<section class=\"elementor-section elementor-top-section elementor-element elementor-element-3be0890 elementor-section-boxed elementor-section-height-default elementor-section-height-default\" data-id=\"3be0890\" data-element_type=\"section\">\n\t\t\t\t\t\t<div class=\"elementor-container elementor-column-gap-default\">\n\t\t\t\t\t\t\t<div class=\"elementor-row\">\n\t\t\t\t\t<div class=\"elementor-column elementor-col-100 elementor-top-column elementor-element elementor-element-3da93e0\" data-id=\"3da93e0\" data-element_type=\"column\">\n\t\t\t<div class=\"elementor-column-wrap elementor-element-populated\">\n\t\t\t\t\t\t\t<div class=\"elementor-widget-wrap\">\n\t\t\t\t\t\t<div class=\"elementor-element elementor-element-b9d3db8 elementor-widget elementor-widget-text-editor\" data-id=\"b9d3db8\" data-element_type=\"widget\" data-widget_type=\"text-editor.default\">\n\t\t\t\t<div class=\"elementor-widget-container\">\n\t\t\t\t\t\t\t\t<div class=\"elementor-text-editor elementor-clearfix\">\n\t\t\t\t<p><strong>Wie k\u00f6nnen wir Sie unterst\u00fctzen?<\/strong><\/p><p>Unsere Rechtsanwaltskanzlei bietet herausragenden Energie- und Rohstoffunternehmen umfassende Rechtsberatung in allen Rechtsfragen bez\u00fcglich der Produktion, Nutzung, Verteilung und Lieferung der nat\u00fcrlichen Ressourcen sowie rechtliche Unterst\u00fctzung bei der Einholung der erforderlichen Genehmigungen und Lizenzen von Beh\u00f6rden. Dar\u00fcber hinaus sind wir ein One-Stop-Shop-Dienstleister f\u00fcr unsere Mandanten, die in landwirtschaftlich organisierten Zonen t\u00e4tig sind, und unterst\u00fctzen Unternehmen im Bereich der \u00f6kologischen Landwirtschaft in allen rechtlichen Fragen, einschlie\u00dflich der rechtlichen Verfahren zur Einholung der erforderlichen Genehmigungen.<\/p><p><strong>Wen unterst\u00fctzen wir?<\/strong><\/p><p>Zu unseren Mandanten z\u00e4hlen gro\u00dfe t\u00fcrkische und internationale Energie- und Rohstoffunternehmen in der T\u00fcrkei, die wir bei der Herstellung, Nutzung, Verteilung und Lieferung der nat\u00fcrlichen Ressourcen an den Verbraucher sowie f\u00fcr die Erlangung der erforderlichen Genehmigungen und Lizenzen unterst\u00fctzen.<\/p><p>\u00a0<\/p>\t\t\t\t\t<\/div>\n\t\t\t\t\t\t<\/div>\n\t\t\t\t<\/div>\n\t\t\t\t\t\t<\/div>\n\t\t\t\t\t<\/div>\n\t\t<\/div>\n\t\t\t\t\t\t\t\t<\/div>\n\t\t\t\t\t<\/div>\n\t\t<\/section>\n\t\t\t\t\t\t\t\t\t<\/div>\n\t\t\t<\/div>\n\t\t\t\t\t<\/div>\n\t\t","protected":false},"excerpt":{"rendered":"<p>Wie k\u00f6nnen wir Sie unterst\u00fctzen? Unsere Rechtsanwaltskanzlei bietet herausragenden Energie- und Rohstoffunternehmen umfassende Rechtsberatung in allen Rechtsfragen bez\u00fcglich der Produktion, Nutzung, Verteilung und Lieferung der nat\u00fcrlichen Ressourcen sowie rechtliche Unterst\u00fctzung bei der Einholung der erforderlichen Genehmigungen und Lizenzen von Beh\u00f6rden. Dar\u00fcber hinaus sind wir ein One-Stop-Shop-Dienstleister f\u00fcr unsere Mandanten, die in landwirtschaftlich organisierten Zonen t\u00e4tig&#8230;<\/p>\n","protected":false},"author":1,"featured_media":5160,"parent":2337,"menu_order":300,"comment_status":"closed","ping_status":"closed","template":"","meta":[],"acf":[],"_links":{"self":[{"href":"https:\/\/hansu.av.tr\/de\/wp-json\/wp\/v2\/pages\/2237"}],"collection":[{"href":"https:\/\/hansu.av.tr\/de\/wp-json\/wp\/v2\/pages"}],"about":[{"href":"https:\/\/hansu.av.tr\/de\/wp-json\/wp\/v2\/types\/page"}],"author":[{"embeddable":true,"href":"https:\/\/hansu.av.tr\/de\/wp-json\/wp\/v2\/users\/1"}],"replies":[{"embeddable":true,"href":"https:\/\/hansu.av.tr\/de\/wp-json\/wp\/v2\/comments?post=2237"}],"version-history":[{"count":7,"href":"https:\/\/hansu.av.tr\/de\/wp-json\/wp\/v2\/pages\/2237\/revisions"}],"predecessor-version":[{"id":6055,"href":"https:\/\/hansu.av.tr\/de\/wp-json\/wp\/v2\/pages\/2237\/revisions\/6055"}],"up":[{"embeddable":true,"href":"https:\/\/hansu.av.tr\/de\/wp-json\/wp\/v2\/pages\/2337"}],"wp:featuredmedia":[{"embeddable":true,"href":"https:\/\/hansu.av.tr\/de\/wp-json\/wp\/v2\/media\/5160"}],"wp:attachment":[{"href":"https:\/\/hansu.av.tr\/de\/wp-json\/wp\/v2\/media?parent=2237"}],"curies":[{"name":"wp","href":"https:\/\/api.w.org\/{rel}","templated":true}]}}