{"id":2241,"date":"2020-05-12T01:35:10","date_gmt":"2020-05-11T22:35:10","guid":{"rendered":"https:\/\/hansu.av.tr\/recht-der-auslaendischen-investition-und-der-projektentwicklung\/"},"modified":"2020-07-30T13:12:49","modified_gmt":"2020-07-30T10:12:49","slug":"recht-der-auslaendischen-investition-und-der-projektentwicklung","status":"publish","type":"page","link":"https:\/\/hansu.av.tr\/de\/kompetenzen\/recht-der-auslaendischen-investition-und-der-projektentwicklung\/","title":{"rendered":"Recht der Internationalen Investitionen und Projektentwicklung"},"content":{"rendered":"\t\t<div data-elementor-type=\"wp-post\" data-elementor-id=\"2241\" class=\"elementor elementor-2241 elementor-643\">\n\t\t\t\t\t\t<div class=\"elementor-inner\">\n\t\t\t\t<div class=\"elementor-section-wrap\">\n\t\t\t\t\t\t\t\t\t<section class=\"elementor-section elementor-top-section elementor-element elementor-element-51f62da elementor-section-boxed elementor-section-height-default elementor-section-height-default\" data-id=\"51f62da\" data-element_type=\"section\">\n\t\t\t\t\t\t<div class=\"elementor-container elementor-column-gap-default\">\n\t\t\t\t\t\t\t<div class=\"elementor-row\">\n\t\t\t\t\t<div class=\"elementor-column elementor-col-100 elementor-top-column elementor-element elementor-element-eca9afd\" data-id=\"eca9afd\" data-element_type=\"column\">\n\t\t\t<div class=\"elementor-column-wrap elementor-element-populated\">\n\t\t\t\t\t\t\t<div class=\"elementor-widget-wrap\">\n\t\t\t\t\t\t<div class=\"elementor-element elementor-element-018efb5 elementor-widget elementor-widget-text-editor\" data-id=\"018efb5\" data-element_type=\"widget\" data-widget_type=\"text-editor.default\">\n\t\t\t\t<div class=\"elementor-widget-container\">\n\t\t\t\t\t\t\t\t<div class=\"elementor-text-editor elementor-clearfix\">\n\t\t\t\t<p class=\"p1\"><span class=\"s1\">Durch die wachsende Wirtschaft und die politischen Reformen geh\u00f6rt die T\u00fcrkei \u2013 auch nach Angaben der OECD \u2013 zu einem der gr\u00f6\u00dften Empf\u00e4nger ausl\u00e4ndischer Direktinvestitionen in der gesamten Region. Es wird davon ausgegangen, dass die T\u00fcrkei zwischen 2019 und 2029 eine der am schnellsten wachsenden Volkswirtschaften unter den OECD-Mitgliedern sein wird. Das Land hat eine dynamische und wachsende Wirtschaft und verf\u00fcgt \u00fcber eine einzigartige Lage zwischen Ost und West. Der strategische Standort des Landes, der inl\u00e4ndische und regionale Markt, die demographische Entwicklung, die kostenkompetitiven Arbeitskr\u00e4fte, das liberale Investitionsklima und die branchenspezifischen Gesch\u00e4ftsgelegenheiten sind f\u00fcr ausl\u00e4ndische Direktinvestitionen sehr attraktiv. Ohne individuelle Rechtsberatung k\u00f6nnen die geplanten Investitionen in der T\u00fcrkei dennoch eine Herausforderung darstellen. Da die T\u00fcrkei Civil-Law-Rechtskreis angeh\u00f6rt, basiert das Rechtssystem auf kodifiziertem Recht des Gesetzgebers. Vor diesem Hintergrund ist individualisierte Rechtsberatung im t\u00fcrkischen Recht f\u00fcr jeden Investitionsvorhaben unerl\u00e4sslich.<\/span><\/p>\n<p class=\"p1\"><span class=\"s1\"><b>Wie k\u00f6nnen wir Sie unterst\u00fctzen?<\/b><\/span><\/p>\n<p class=\"p1\"><span class=\"s1\">Unsere Anwaltskanzlei mit ihrem globalen Portfolio kennt und ergreift alle praktischen Ma\u00dfnahmen, um das Ziel des Mandanten zu erreichen. Aufgrund unserer umfangreichen Expertise und Branchenkenntnis bieten wir eine umfassende und kompetente Rechtsberatung f\u00fcr unsere ausl\u00e4ndische Mandanten an, die in \u00dcbereinstimmung mit dem Gesetz \u00fcber ausl\u00e4ndische Direktinvestitionen, dem t\u00fcrkischen Staatsb\u00fcrgerschaftsgesetz und anderen ma\u00dfgeblichen Rechtsvorschriften in der T\u00fcrkei investieren m\u00f6chten.<\/span><\/p>\n<p class=\"p1\"><span class=\"s1\">Unsere Anwaltskanzlei unterst\u00fctzt ihre Mandanten beim Kauf und Verkauf von Immobilien in der T\u00fcrkei in \u00dcbereinstimmung mit dem Grundbuchgesetz und dem Katastergesetz. In diesem Zusammenhang verf\u00fcgt unsere Anwaltskanzlei \u00fcber hervorragende Erfahrung in Bezug auf die Vorbereitung und Pr\u00fcfung der f\u00fcr Kauf- und Verkaufstransaktionen erforderlichen Dokumente, in der Gestaltung und Verhandlung der Kauf- und Verkaufsvertr\u00e4ge, in der Betreuung und Finalisierung von Antr\u00e4gen, die vor den Gemeinden und Direktionen des Grundbuch- und Katasteramtes gestellt werden.<\/span><\/p>\n<p class=\"p1\"><span class=\"s1\">Dar\u00fcber hinaus beraten wir unsere ausl\u00e4ndischen Mandanten im Bereich des Asyl- und Fl\u00fcchtlingsrechts (Abkommen \u00fcber die Rechtsstellung der Fl\u00fcchtlinge vom 28.7.1951, ge\u00e4ndert durch das Protokoll \u00fcber die Rechtsstellung der Fl\u00fcchtlinge von 1967, und das Gesetz \u00fcber den internationalen Schutz und die Rechtsstellung der Fl\u00fcchtlinge und andere internationale Abkommen) und unterst\u00fctzen bei der Stellung der erforderlichen Antr\u00e4ge auf den Erwerb des Fl\u00fcchtlingsstatus und bedingten Fl\u00fcchtlingsschutzes bei der Direktion f\u00fcr Sicherheit und den anderen zust\u00e4ndigen Beh\u00f6rden.<\/span><\/p>\n<p class=\"p1\"><span class=\"s1\">Unsere Anwaltskanzlei begleitet und unterst\u00fctzt die \u00f6ffentliche Hand und die Gemeinden bei diversen Transaktionen auf Basis des \u00f6ffentlichen Vergaberechts wie Beschaffung von Waren und Dienstleistungen, Bau-, Miet- und Tauschauftr\u00e4ge, Begr\u00fcndung von dinglichen Rechten, Eigentums\u00fcbertragung und Transportdienstleistungen und ber\u00e4t die Mandanten beim Erwerb von Grundst\u00fcck und notwendigen Baugenehmigungen und Lizenzen sowie bei der Entwicklung und Planung vom Wohnraum, Bau- und Betriebsprojekt im Zusammenhang mit Investitionen in den Industriezonen und in der Tourismus-, Energie- und Bildungsbranche.<\/span><\/p>\n<p class=\"p1\"><span class=\"s1\">Der Lebenszyklus eines Projekts ist wichtig und muss unter Kontrolle gehalten werden. Aus diesem Grund bieten wir unseren Mandanten vom Projektbeginn bis zu seinem Abschluss umfassende Unterst\u00fctzung bei der Strukturierung, Entwicklung, Finanzierung, dem Verkauf und Kauf von Projekten an. Zu unserem Fokusbereichen geh\u00f6ren auch Energiewirtschaft (Strom, Gas, erneuerbare Energien), Bergbausektor, Infrastruktur und \u00d6ffentlicher Sektor (Stra\u00dfen, Schiene, usw.) Gesundheitssektor und Hotelwirtschaft. In diesem Zusammenhang bietet unsere Anwaltskanzlei ihren Mandanten rechtliche Beratung bei der Vorbereitung der erforderlichen Antr\u00e4ge auf Projektfinanzierung und der Gr\u00fcndung der Projektgesellschaften und der Partnerschaften f\u00fcr die geplante Investitionen, bei der Gestaltung, Durchf\u00fchrung und bei dem Abschluss aller Aktivit\u00e4ten des Projekts in \u00dcbereinstimmung mit den Rechtsvorschriften sowie beim Grundst\u00fcckserwerb, bei der Erlangung von Baugenehmigungen, Lizenzen, bei der Gestaltung und Verhandlung der entsprechenden Vertr\u00e4ge. In allen Phasen des Projekts unterst\u00fctzen wir Sie bei der Bestimmung und Verhinderung von rechtlichen Risiken und tragen damit entscheidend zur Verwirklichung des Projekts bei.<\/span><\/p>\n<p class=\"p1\"><span class=\"s1\">Dar\u00fcber hinaus betreuet unsere Kanzlei sowohl die privaten Investoren als auch die \u00f6ffentliche Hand bei der Errichtung von speziellen Gebieten und Strukturen, die dem Recht der organisierten Industriezonen und den Vorschriften des Enteignungsrechts, des Hafengesetzes, des Umweltrechts unterliegen. Wir beraten in allen Phasen des ma\u00dfgeblichen Verfahrens von der Antragstellung, der Erlangung der notwendigen Baugenehmigung und Lizenzen bis zur Realisierung des Projekts einschlie\u00dflich der Errichtung von organisierten Industriezonen und Technologiezonen in der T\u00fcrkei. In diesem Zusammenhang haben wir bereits die \u00f6ffentliche Hand und die privaten Investoren bei der Entwicklung und Errichtung von organisierten Industrie- und Technologiezonen gem\u00e4\u00df den Vorschriften des Enteignungsrechts unterst\u00fctzt.<\/span><\/p>\n<p class=\"p1\"><span class=\"s1\"><b>Wen unterst\u00fctzen wir?<\/b><\/span><\/p>\n<p class=\"p1\"><span class=\"s1\">Unsere Anwaltskanzlei bietet ausl\u00e4ndischen Investoren Rechtsberatung in allen Phasen eines Investitionsprojektes von der Suche nach passendem Investitionsobjekt in der T\u00fcrkei bis zur erfolgreichen Gestaltung und Umsetzung des Projektes an, einschlie\u00dflich der Erlangung von notwendigen Lizenzen und Genehmigungen, der Erstellung von Legal-Status-Berichten, Beratung bei der Erbringung von Dienstleistungen nach der \u00dcbernahme und Bereitstellung aller notwendigen Information \u00fcber die rechtlichen Fragen, welche die Investition des Mandanten beeinflussen k\u00f6nnen.<\/span><\/p>\n<p class=\"p1\"><span class=\"s1\"><b>Auszug unserer Expertise im Bereich der ausl\u00e4ndischen Investitionen und Projektentwicklung<\/b><\/span><\/p>\n<ul class=\"ul1\">\n<li class=\"li1\"><span class=\"s1\">Beratung, Vorbereitung und Durchf\u00fchrung von allen rechtlichen Verfahren in organisierten Industriezonen<\/span><\/li>\n<\/ul>\n<ul class=\"ul1\">\n<li class=\"li1\"><span class=\"s1\">Beratung bei Projekten im Bildungsbereich wie Bau von Campus und Universit\u00e4ten sowohl in der T\u00fcrkei als auch im Ausland<\/span><\/li>\n<\/ul>\n<ul class=\"ul1\">\n<li class=\"li1\"><span class=\"s1\">Hauptrechtsberater bei der Gestaltung und Durchf\u00fchrung des gr\u00f6\u00dften komplexen Bauprojekts in der T\u00fcrkei, welches zahlreiche B\u00fcros, Wohnungen, Einkaufszentren und Hotels in st\u00e4dtischen Umwandlungsgebieten umfasst<\/span><\/li>\n<\/ul>\n<ul class=\"ul1\">\n<li class=\"li1\"><span class=\"s1\">Seit 2016 Hauptrechtsberater der f\u00fchrenden Marketinggesellschaft der T\u00fcrkei, die auch als Agentur f\u00fcr die Ausl\u00e4nder t\u00e4tig ist, die in der T\u00fcrkei Immobilien kaufen m\u00f6chten (einschlie\u00dflich der Rechtsberatung beim Immobilienerwerb sowie Betreuung in allen mietrechtlichen und steuerrechtlichen Fragen nach der Akquisition<\/span><\/li>\n<\/ul>\n<ul class=\"ul1\">\n<li class=\"li1\"><span class=\"s1\">Hauptrechtsberater f\u00fcr eines der gr\u00f6\u00dften Energieprojekte in Ceyhan\/T\u00fcrkei <\/span><\/li>\n<\/ul>\n<p class=\"p1\"><span class=\"s1\"><b>Entdecken Sie unseren Service<\/b><\/span><\/p>\n<ul class=\"ul1\">\n<li class=\"li1\"><span class=\"s1\">Energie, Bergbau und Infrastruktur &#8211; \u00d6l, Gas und Petrochemikalien<\/span><\/li>\n<\/ul>\n<ul class=\"ul1\">\n<li class=\"li1\"><span class=\"s1\">Strom &#8211; Erneuerbare Energie &#8211; Landwirtschaft und nat\u00fcrliche Ressourcen<\/span><\/li>\n<\/ul>\n<ul class=\"ul1\">\n<li class=\"li1\"><span class=\"s1\">Infrastruktur &#8211; Nachhaltige Finanzen<\/span><\/li>\n<\/ul>\n<ul class=\"ul1\">\n<li class=\"li1\"><span class=\"s1\">Legal-Status-Bericht &#8211; Projektfinanzierung &#8211; Projektplanung <\/span><\/li>\n<\/ul>\n<ul class=\"ul1\">\n<li class=\"li1\"><span class=\"s1\">Recht der ausl\u00e4ndischen Direktinvestitionen &#8211; T\u00fcrkisches Staatsangeh\u00f6rigkeitsrecht<\/span><\/li>\n<\/ul>\n<ul class=\"ul1\">\n<li class=\"li1\"><span class=\"s1\">\u00d6ffentliche Auftr\u00e4ge und Vergaberecht<\/span><\/li>\n<\/ul>\n\t\t\t\t\t<\/div>\n\t\t\t\t\t\t<\/div>\n\t\t\t\t<\/div>\n\t\t\t\t\t\t<\/div>\n\t\t\t\t\t<\/div>\n\t\t<\/div>\n\t\t\t\t\t\t\t\t<\/div>\n\t\t\t\t\t<\/div>\n\t\t<\/section>\n\t\t\t\t\t\t\t\t\t<\/div>\n\t\t\t<\/div>\n\t\t\t\t\t<\/div>\n\t\t","protected":false},"excerpt":{"rendered":"<p>Durch die wachsende Wirtschaft und die politischen Reformen geh\u00f6rt die T\u00fcrkei \u2013 auch nach Angaben der OECD \u2013 zu einem der gr\u00f6\u00dften Empf\u00e4nger ausl\u00e4ndischer Direktinvestitionen in der gesamten Region. Es wird davon ausgegangen, dass die T\u00fcrkei zwischen 2019 und 2029 eine der am schnellsten wachsenden Volkswirtschaften unter den OECD-Mitgliedern sein wird. Das Land hat eine&#8230;<\/p>\n","protected":false},"author":1,"featured_media":5123,"parent":2337,"menu_order":422,"comment_status":"closed","ping_status":"closed","template":"","meta":[],"acf":[],"_links":{"self":[{"href":"https:\/\/hansu.av.tr\/de\/wp-json\/wp\/v2\/pages\/2241"}],"collection":[{"href":"https:\/\/hansu.av.tr\/de\/wp-json\/wp\/v2\/pages"}],"about":[{"href":"https:\/\/hansu.av.tr\/de\/wp-json\/wp\/v2\/types\/page"}],"author":[{"embeddable":true,"href":"https:\/\/hansu.av.tr\/de\/wp-json\/wp\/v2\/users\/1"}],"replies":[{"embeddable":true,"href":"https:\/\/hansu.av.tr\/de\/wp-json\/wp\/v2\/comments?post=2241"}],"version-history":[{"count":11,"href":"https:\/\/hansu.av.tr\/de\/wp-json\/wp\/v2\/pages\/2241\/revisions"}],"predecessor-version":[{"id":6277,"href":"https:\/\/hansu.av.tr\/de\/wp-json\/wp\/v2\/pages\/2241\/revisions\/6277"}],"up":[{"embeddable":true,"href":"https:\/\/hansu.av.tr\/de\/wp-json\/wp\/v2\/pages\/2337"}],"wp:featuredmedia":[{"embeddable":true,"href":"https:\/\/hansu.av.tr\/de\/wp-json\/wp\/v2\/media\/5123"}],"wp:attachment":[{"href":"https:\/\/hansu.av.tr\/de\/wp-json\/wp\/v2\/media?parent=2241"}],"curies":[{"name":"wp","href":"https:\/\/api.w.org\/{rel}","templated":true}]}}