{"id":2245,"date":"2020-05-12T01:35:46","date_gmt":"2020-05-11T22:35:46","guid":{"rendered":"https:\/\/hansu.av.tr\/auslaender-und-staatsangehoerigkeitsrecht\/"},"modified":"2020-07-18T13:53:01","modified_gmt":"2020-07-18T10:53:01","slug":"auslaender-und-staatsangehoerigkeitsrecht","status":"publish","type":"page","link":"https:\/\/hansu.av.tr\/de\/kompetenzen\/auslaender-und-staatsangehoerigkeitsrecht\/","title":{"rendered":"Ausl\u00e4nder-und Staatsangeh\u00f6rigkeitsrecht"},"content":{"rendered":"\t\t<div data-elementor-type=\"wp-post\" data-elementor-id=\"2245\" class=\"elementor elementor-2245 elementor-770\">\n\t\t\t\t\t\t<div class=\"elementor-inner\">\n\t\t\t\t<div class=\"elementor-section-wrap\">\n\t\t\t\t\t\t\t\t\t<section class=\"elementor-section elementor-top-section elementor-element elementor-element-9ec97e8 elementor-section-boxed elementor-section-height-default elementor-section-height-default\" data-id=\"9ec97e8\" data-element_type=\"section\">\n\t\t\t\t\t\t<div class=\"elementor-container elementor-column-gap-default\">\n\t\t\t\t\t\t\t<div class=\"elementor-row\">\n\t\t\t\t\t<div class=\"elementor-column elementor-col-100 elementor-top-column elementor-element elementor-element-2a17f4d\" data-id=\"2a17f4d\" data-element_type=\"column\">\n\t\t\t<div class=\"elementor-column-wrap elementor-element-populated\">\n\t\t\t\t\t\t\t<div class=\"elementor-widget-wrap\">\n\t\t\t\t\t\t<div class=\"elementor-element elementor-element-1804331 elementor-widget elementor-widget-text-editor\" data-id=\"1804331\" data-element_type=\"widget\" data-widget_type=\"text-editor.default\">\n\t\t\t\t<div class=\"elementor-widget-container\">\n\t\t\t\t\t\t\t\t<div class=\"elementor-text-editor elementor-clearfix\">\n\t\t\t\t<p class=\"p1\"><span class=\"s1\"><b>Wie k\u00f6nnen wir Sie unterst\u00fctzen?<\/b><\/span><\/p><p class=\"p1\"><span class=\"s1\">Gem\u00e4\u00df Artikel 12\/1-b des t\u00fcrkischen Staatsangeh\u00f6rigkeitsgesetzes k\u00f6nnen ausl\u00e4ndische Investoren, die in der T\u00fcrkei in dem vom Pr\u00e4sidentenbeschluss festgelegten Umfang und Betrag investieren und \u00fcber eine Aufenthaltsgenehmigung gem\u00e4\u00df Artikel 31\/1-j des Gesetzes Nummer 6458 verf\u00fcgen, die t\u00fcrkische Staatsangeh\u00f6rigkeit erlangen, unter der Voraussetzung, dass diese Entscheidung mit der nationalen Sicherheit und der \u00f6ffentlichen Ordnung vereinbar ist.<\/span><\/p><p class=\"p1\"><span class=\"s1\">Nach dem neuen Gesetz vom 18. September 2018 k\u00f6nnen ausl\u00e4ndische Investoren, die in der T\u00fcrkei eine Immobilie im Wert von mindestens 250.000 USD oder im Gegenwert in einer Fremdw\u00e4hrung oder in T\u00fcrkischen Lira erwerben, nun die t\u00fcrkische Staatsb\u00fcrgerschaft beantragen; zudem m\u00fcssen die Investoren im Grundbuch vermerken, dass sie die Immobilie f\u00fcr mindestens drei Jahre lang nicht verkaufen.<\/span><\/p><p class=\"p1\"><span class=\"s1\"><b>Wen unterst\u00fctzen wir?<\/b><\/span><\/p><p class=\"p1\"><span class=\"s1\">Unser erfahrenes Team von Spezialisten unserer Anwaltskanzlei bietet ausl\u00e4ndischen Investoren Rechtsberatung beim Erwerb der t\u00fcrkischen Staatsb\u00fcrgerschaft durch Immobilieninvestitionen in der T\u00fcrkei an. Dar\u00fcber hinaus beraten wir Sie bei allen Streitigkeiten, die sich aus dem Staatsangeh\u00f6rigkeitsrecht und dem Recht der Ausl\u00e4nder ergeben, und unterst\u00fctzen bereits im Vorfeld, um rechtliche Risiken zu verhindern und potenzielle Konflikte zu l\u00f6sen.<\/span><\/p><p>\u00a0<\/p>\t\t\t\t\t<\/div>\n\t\t\t\t\t\t<\/div>\n\t\t\t\t<\/div>\n\t\t\t\t\t\t<\/div>\n\t\t\t\t\t<\/div>\n\t\t<\/div>\n\t\t\t\t\t\t\t\t<\/div>\n\t\t\t\t\t<\/div>\n\t\t<\/section>\n\t\t\t\t\t\t\t\t\t<\/div>\n\t\t\t<\/div>\n\t\t\t\t\t<\/div>\n\t\t","protected":false},"excerpt":{"rendered":"<p>Wie k\u00f6nnen wir Sie unterst\u00fctzen? Gem\u00e4\u00df Artikel 12\/1-b des t\u00fcrkischen Staatsangeh\u00f6rigkeitsgesetzes k\u00f6nnen ausl\u00e4ndische Investoren, die in der T\u00fcrkei in dem vom Pr\u00e4sidentenbeschluss festgelegten Umfang und Betrag investieren und \u00fcber eine Aufenthaltsgenehmigung gem\u00e4\u00df Artikel 31\/1-j des Gesetzes Nummer 6458 verf\u00fcgen, die t\u00fcrkische Staatsangeh\u00f6rigkeit erlangen, unter der Voraussetzung, dass diese Entscheidung mit der nationalen Sicherheit und der&#8230;<\/p>\n","protected":false},"author":1,"featured_media":5165,"parent":2337,"menu_order":303,"comment_status":"closed","ping_status":"closed","template":"","meta":[],"acf":[],"_links":{"self":[{"href":"https:\/\/hansu.av.tr\/de\/wp-json\/wp\/v2\/pages\/2245"}],"collection":[{"href":"https:\/\/hansu.av.tr\/de\/wp-json\/wp\/v2\/pages"}],"about":[{"href":"https:\/\/hansu.av.tr\/de\/wp-json\/wp\/v2\/types\/page"}],"author":[{"embeddable":true,"href":"https:\/\/hansu.av.tr\/de\/wp-json\/wp\/v2\/users\/1"}],"replies":[{"embeddable":true,"href":"https:\/\/hansu.av.tr\/de\/wp-json\/wp\/v2\/comments?post=2245"}],"version-history":[{"count":6,"href":"https:\/\/hansu.av.tr\/de\/wp-json\/wp\/v2\/pages\/2245\/revisions"}],"predecessor-version":[{"id":6057,"href":"https:\/\/hansu.av.tr\/de\/wp-json\/wp\/v2\/pages\/2245\/revisions\/6057"}],"up":[{"embeddable":true,"href":"https:\/\/hansu.av.tr\/de\/wp-json\/wp\/v2\/pages\/2337"}],"wp:featuredmedia":[{"embeddable":true,"href":"https:\/\/hansu.av.tr\/de\/wp-json\/wp\/v2\/media\/5165"}],"wp:attachment":[{"href":"https:\/\/hansu.av.tr\/de\/wp-json\/wp\/v2\/media?parent=2245"}],"curies":[{"name":"wp","href":"https:\/\/api.w.org\/{rel}","templated":true}]}}