{"id":2249,"date":"2020-05-12T01:37:02","date_gmt":"2020-05-11T22:37:02","guid":{"rendered":"https:\/\/hansu.av.tr\/vollstreckungs-und-insolvenzrecht\/"},"modified":"2020-07-18T17:19:49","modified_gmt":"2020-07-18T14:19:49","slug":"vollstreckungs-und-insolvenzrecht","status":"publish","type":"page","link":"https:\/\/hansu.av.tr\/de\/kompetenzen\/vollstreckungs-und-insolvenzrecht\/","title":{"rendered":"Konkursvergleich und Restrukturierung"},"content":{"rendered":"\t\t<div data-elementor-type=\"wp-page\" data-elementor-id=\"2249\" class=\"elementor elementor-2249 elementor-1522\">\n\t\t\t\t\t\t<div class=\"elementor-inner\">\n\t\t\t\t<div class=\"elementor-section-wrap\">\n\t\t\t\t\t\t\t\t\t<section class=\"elementor-section elementor-top-section elementor-element elementor-element-691e559 elementor-section-boxed elementor-section-height-default elementor-section-height-default\" data-id=\"691e559\" data-element_type=\"section\">\n\t\t\t\t\t\t<div class=\"elementor-container elementor-column-gap-default\">\n\t\t\t\t\t\t\t<div class=\"elementor-row\">\n\t\t\t\t\t<div class=\"elementor-column elementor-col-100 elementor-top-column elementor-element elementor-element-59827e4\" data-id=\"59827e4\" data-element_type=\"column\">\n\t\t\t<div class=\"elementor-column-wrap elementor-element-populated\">\n\t\t\t\t\t\t\t<div class=\"elementor-widget-wrap\">\n\t\t\t\t\t\t<div class=\"elementor-element elementor-element-76155e8 elementor-widget elementor-widget-text-editor\" data-id=\"76155e8\" data-element_type=\"widget\" data-widget_type=\"text-editor.default\">\n\t\t\t\t<div class=\"elementor-widget-container\">\n\t\t\t\t\t\t\t\t<div class=\"elementor-text-editor elementor-clearfix\">\n\t\t\t\t<p class=\"p1\"><span class=\"s1\"><b>Wie k\u00f6nnen wir Sie unterst\u00fctzen?<\/b><\/span><\/p><p class=\"p1\"><span class=\"s1\">Das Vollstreckungs- und Konkursrecht regelt die Art und Weise der Eintreibung von Forderungen im Falle der Nichtbegleichung von Schulden. Unsere Anwaltskanzlei verf\u00fcgt \u00fcber umfangreiche Erfahrungen im Bereich der Eintreibung von gesicherten und nicht gesicherten Forderungen der Gl\u00e4ubiger. Unser Hauptziel ist es, Forderungen unserer Mandanten auf dem schnellsten, effektivsten und kosteng\u00fcnstigen Wege durchzusetzen.<\/span><\/p><p class=\"p1\"><span class=\"s1\">Die Art des Verfahrens h\u00e4ngt von der im Besitz des Gl\u00e4ubigers befindlichen Urkunde ab. Unsere Anwaltskanzlei ber\u00e4t und vertritt unsere Mandanten im Rahmen des Vollstreckungsverfahrens mit oder ohne rechtskr\u00e4ftige(n) Gerichtsurteile(n). Wir leiten zur Durchsetzung ihrer Rechte und Forderungen das entsprechende Verfahren bei den Vollstreckungs\u00e4mtern in der T\u00fcrkei ein und betreuen Sie in allen Arten von Vollstreckungsverfahren einschlie\u00dflich der Pf\u00e4ndung, der Mobiliarvollstreckung, der Zwangsvollstreckung aus Grundpfandrechten, der Pf\u00e4ndung der Forderungen aus Wechseln und der Zwangsr\u00e4umung.<\/span><\/p><p class=\"p1\"><span class=\"s1\">Unser Schwerpunkt liegt auch auf dem Gebiet des Konkursrechts einschlie\u00dflich der Einleitung eines Konkursverfahrens durch einen Antrag an das Vollstreckungsamt oder die Einreichung einer Konkursklage unmittelbar gegen den Schuldner. Unsere Kanzlei ber\u00e4t Sie in allen rechtlichen Schritten umfassend, um ihre Forderungen gerichtlich durchzusetzen.<\/span><\/p><p class=\"p1\"><span class=\"s1\"><b>Wen unterst\u00fctzen wir?<\/b><\/span><\/p><p class=\"p1\"><span class=\"s1\">Wir beraten in- und ausl\u00e4ndische Unternehmen sowie Privatpersonen bei der Einziehung ihrer Forderungen in der T\u00fcrkei, unabh\u00e4ngig von der Art der Titel sowie der H\u00f6he der einzutreibenden Forderung.<\/span><\/p><p class=\"p1\"><span class=\"s1\"><b>Auszug unserer Expertise im Bereich der Forderungseintreibung<\/b><\/span><\/p><ul class=\"ul1\"><li class=\"li1\"><span class=\"s1\">Hauptberater von \u00f6ffentlichen Banken in diesen Angelegenheiten<\/span><\/li><\/ul><p>\u00a0<\/p>\t\t\t\t\t<\/div>\n\t\t\t\t\t\t<\/div>\n\t\t\t\t<\/div>\n\t\t\t\t\t\t<\/div>\n\t\t\t\t\t<\/div>\n\t\t<\/div>\n\t\t\t\t\t\t\t\t<\/div>\n\t\t\t\t\t<\/div>\n\t\t<\/section>\n\t\t\t\t\t\t\t\t\t<\/div>\n\t\t\t<\/div>\n\t\t\t\t\t<\/div>\n\t\t","protected":false},"excerpt":{"rendered":"<p>Wie k\u00f6nnen wir Sie unterst\u00fctzen? Das Vollstreckungs- und Konkursrecht regelt die Art und Weise der Eintreibung von Forderungen im Falle der Nichtbegleichung von Schulden. Unsere Anwaltskanzlei verf\u00fcgt \u00fcber umfangreiche Erfahrungen im Bereich der Eintreibung von gesicherten und nicht gesicherten Forderungen der Gl\u00e4ubiger. Unser Hauptziel ist es, Forderungen unserer Mandanten auf dem schnellsten, effektivsten und kosteng\u00fcnstigen&#8230;<\/p>\n","protected":false},"author":1,"featured_media":5670,"parent":2337,"menu_order":347,"comment_status":"closed","ping_status":"closed","template":"","meta":[],"acf":[],"_links":{"self":[{"href":"https:\/\/hansu.av.tr\/de\/wp-json\/wp\/v2\/pages\/2249"}],"collection":[{"href":"https:\/\/hansu.av.tr\/de\/wp-json\/wp\/v2\/pages"}],"about":[{"href":"https:\/\/hansu.av.tr\/de\/wp-json\/wp\/v2\/types\/page"}],"author":[{"embeddable":true,"href":"https:\/\/hansu.av.tr\/de\/wp-json\/wp\/v2\/users\/1"}],"replies":[{"embeddable":true,"href":"https:\/\/hansu.av.tr\/de\/wp-json\/wp\/v2\/comments?post=2249"}],"version-history":[{"count":7,"href":"https:\/\/hansu.av.tr\/de\/wp-json\/wp\/v2\/pages\/2249\/revisions"}],"predecessor-version":[{"id":6168,"href":"https:\/\/hansu.av.tr\/de\/wp-json\/wp\/v2\/pages\/2249\/revisions\/6168"}],"up":[{"embeddable":true,"href":"https:\/\/hansu.av.tr\/de\/wp-json\/wp\/v2\/pages\/2337"}],"wp:featuredmedia":[{"embeddable":true,"href":"https:\/\/hansu.av.tr\/de\/wp-json\/wp\/v2\/media\/5670"}],"wp:attachment":[{"href":"https:\/\/hansu.av.tr\/de\/wp-json\/wp\/v2\/media?parent=2249"}],"curies":[{"name":"wp","href":"https:\/\/api.w.org\/{rel}","templated":true}]}}