{"id":2253,"date":"2020-05-12T01:37:39","date_gmt":"2020-05-11T22:37:39","guid":{"rendered":"https:\/\/hansu.av.tr\/konkursvergleich-und-restrukturierung\/"},"modified":"2020-07-29T19:20:08","modified_gmt":"2020-07-29T16:20:08","slug":"konkursvergleich-und-restrukturierung","status":"publish","type":"page","link":"https:\/\/hansu.av.tr\/de\/kompetenzen\/konkursvergleich-und-restrukturierung\/","title":{"rendered":"Vollstreckungs- und Insolvenzrecht"},"content":{"rendered":"\t\t<div data-elementor-type=\"wp-post\" data-elementor-id=\"2253\" class=\"elementor elementor-2253 elementor-794\">\n\t\t\t\t\t\t<div class=\"elementor-inner\">\n\t\t\t\t<div class=\"elementor-section-wrap\">\n\t\t\t\t\t\t\t\t\t<section class=\"elementor-section elementor-top-section elementor-element elementor-element-aec8887 elementor-section-boxed elementor-section-height-default elementor-section-height-default\" data-id=\"aec8887\" data-element_type=\"section\">\n\t\t\t\t\t\t<div class=\"elementor-container elementor-column-gap-default\">\n\t\t\t\t\t\t\t<div class=\"elementor-row\">\n\t\t\t\t\t<div class=\"elementor-column elementor-col-100 elementor-top-column elementor-element elementor-element-e069acd\" data-id=\"e069acd\" data-element_type=\"column\">\n\t\t\t<div class=\"elementor-column-wrap elementor-element-populated\">\n\t\t\t\t\t\t\t<div class=\"elementor-widget-wrap\">\n\t\t\t\t\t\t<div class=\"elementor-element elementor-element-2921db2 elementor-widget elementor-widget-text-editor\" data-id=\"2921db2\" data-element_type=\"widget\" data-widget_type=\"text-editor.default\">\n\t\t\t\t<div class=\"elementor-widget-container\">\n\t\t\t\t\t\t\t\t<div class=\"elementor-text-editor elementor-clearfix\">\n\t\t\t\t<p>Wie k\u00f6nnen wir helfen?<\/p>\n<p>In diesem Rahmen bietet unsere Anwaltskanzlei Rechtsdienstleistungen an, indem sie die Bed\u00fcrfnisse unserer Mandanten ber\u00fccksichtigt, einschlie\u00dflich der Bewertung des Jahresabschlusses durch Experten, der Vorbereitung anwendbarer und wirksamer Konkordatprojekte. Verhandlungen mit den Gl\u00e4ubigerunternehmen und Umsetzung der Konkordatprojekte rechtzeitig, nachdem die genannten Projekte vom Gericht genehmigt wurden. Unsere Anwaltskanzlei verf\u00fcgt \u00fcber Erfahrung im offiziellen (gerichtlichen) Konkordat, das auf drei verschiedene Arten getroffen werden kann: im ordentlichen Konkordat, in dem der Schuldner einen Konkordatvorschlag durch einen Antrag beim Vollstreckungsgericht einreichen kann, im Konkordat im Konkursverfahren und im Konkordat im Verm\u00f6gen Aufgabe.<\/p>\n<p>Wem helfen wir?<\/p>\n<p>Jede Partei, die sich in einer schlechten finanziellen Situation befindet und von der Umstrukturierungsoption profitieren m\u00f6chte, kann von unserem Service profitieren, bei dem unsere erfahrenen Mitarbeiter die Partei bei der Begleichung der Schulden gem\u00e4\u00df der im Konkordat festgelegten Vereinbarung, n\u00e4mlich der Wiederaufbauvereinbarung zwischen, unterst\u00fctzen der Schuldner und die Gl\u00e4ubiger.<\/p>\n<p>Wichtige Gesch\u00e4ftspraktiken, einschlie\u00dflich Beratung:<\/p>\n<p>&#8211; Leitung und Leitung des Konkordatprozesses eines der wichtigsten Erd\u00f6lunternehmen in der T\u00fcrkei<\/p>\n\t\t\t\t\t<\/div>\n\t\t\t\t\t\t<\/div>\n\t\t\t\t<\/div>\n\t\t\t\t\t\t<\/div>\n\t\t\t\t\t<\/div>\n\t\t<\/div>\n\t\t\t\t\t\t\t\t<\/div>\n\t\t\t\t\t<\/div>\n\t\t<\/section>\n\t\t\t\t\t\t\t\t\t<\/div>\n\t\t\t<\/div>\n\t\t\t\t\t<\/div>\n\t\t","protected":false},"excerpt":{"rendered":"<p>Wie k\u00f6nnen wir helfen? In diesem Rahmen bietet unsere Anwaltskanzlei Rechtsdienstleistungen an, indem sie die Bed\u00fcrfnisse unserer Mandanten ber\u00fccksichtigt, einschlie\u00dflich der Bewertung des Jahresabschlusses durch Experten, der Vorbereitung anwendbarer und wirksamer Konkordatprojekte. Verhandlungen mit den Gl\u00e4ubigerunternehmen und Umsetzung der Konkordatprojekte rechtzeitig, nachdem die genannten Projekte vom Gericht genehmigt wurden. Unsere Anwaltskanzlei verf\u00fcgt \u00fcber Erfahrung im&#8230;<\/p>\n","protected":false},"author":1,"featured_media":5665,"parent":2337,"menu_order":318,"comment_status":"closed","ping_status":"closed","template":"","meta":[],"acf":[],"_links":{"self":[{"href":"https:\/\/hansu.av.tr\/de\/wp-json\/wp\/v2\/pages\/2253"}],"collection":[{"href":"https:\/\/hansu.av.tr\/de\/wp-json\/wp\/v2\/pages"}],"about":[{"href":"https:\/\/hansu.av.tr\/de\/wp-json\/wp\/v2\/types\/page"}],"author":[{"embeddable":true,"href":"https:\/\/hansu.av.tr\/de\/wp-json\/wp\/v2\/users\/1"}],"replies":[{"embeddable":true,"href":"https:\/\/hansu.av.tr\/de\/wp-json\/wp\/v2\/comments?post=2253"}],"version-history":[{"count":8,"href":"https:\/\/hansu.av.tr\/de\/wp-json\/wp\/v2\/pages\/2253\/revisions"}],"predecessor-version":[{"id":6263,"href":"https:\/\/hansu.av.tr\/de\/wp-json\/wp\/v2\/pages\/2253\/revisions\/6263"}],"up":[{"embeddable":true,"href":"https:\/\/hansu.av.tr\/de\/wp-json\/wp\/v2\/pages\/2337"}],"wp:featuredmedia":[{"embeddable":true,"href":"https:\/\/hansu.av.tr\/de\/wp-json\/wp\/v2\/media\/5665"}],"wp:attachment":[{"href":"https:\/\/hansu.av.tr\/de\/wp-json\/wp\/v2\/media?parent=2253"}],"curies":[{"name":"wp","href":"https:\/\/api.w.org\/{rel}","templated":true}]}}