{"id":2257,"date":"2020-05-12T01:38:25","date_gmt":"2020-05-11T22:38:25","guid":{"rendered":"https:\/\/hansu.av.tr\/medien-und-presserecht\/"},"modified":"2020-07-18T17:02:22","modified_gmt":"2020-07-18T14:02:22","slug":"medien-und-presserecht","status":"publish","type":"page","link":"https:\/\/hansu.av.tr\/de\/kompetenzen\/medien-und-presserecht\/","title":{"rendered":"Medien-und Presserecht"},"content":{"rendered":"\t\t<div data-elementor-type=\"wp-post\" data-elementor-id=\"2257\" class=\"elementor elementor-2257 elementor-778\">\n\t\t\t\t\t\t<div class=\"elementor-inner\">\n\t\t\t\t<div class=\"elementor-section-wrap\">\n\t\t\t\t\t\t\t\t\t<section class=\"elementor-section elementor-top-section elementor-element elementor-element-2566e25 elementor-section-boxed elementor-section-height-default elementor-section-height-default\" data-id=\"2566e25\" data-element_type=\"section\">\n\t\t\t\t\t\t<div class=\"elementor-container elementor-column-gap-default\">\n\t\t\t\t\t\t\t<div class=\"elementor-row\">\n\t\t\t\t\t<div class=\"elementor-column elementor-col-100 elementor-top-column elementor-element elementor-element-60da945\" data-id=\"60da945\" data-element_type=\"column\">\n\t\t\t<div class=\"elementor-column-wrap elementor-element-populated\">\n\t\t\t\t\t\t\t<div class=\"elementor-widget-wrap\">\n\t\t\t\t\t\t<div class=\"elementor-element elementor-element-319ab14 elementor-widget elementor-widget-text-editor\" data-id=\"319ab14\" data-element_type=\"widget\" data-widget_type=\"text-editor.default\">\n\t\t\t\t<div class=\"elementor-widget-container\">\n\t\t\t\t\t\t\t\t<div class=\"elementor-text-editor elementor-clearfix\">\n\t\t\t\t<p class=\"p1\"><span class=\"s1\"><b>Wie k\u00f6nnen wir Sie unterst\u00fctzen?<\/b><\/span><\/p><p class=\"p1\"><span class=\"s1\">Unsere Anwaltskanzlei verf\u00fcgt \u00fcber umfassende Erfahrung auf dem Gebiet des Presse- und Medienrechts und unterst\u00fctzt unsere Mandanten bei der Aufdeckung, Verhinderung und L\u00f6sung der Vorg\u00e4nge in den visuellen, schriftlichen und Online-Medien. In diesem Zusammenhang betreuen wir Sie im Laufe des gesamten Verfahrens von der Entfernung des betreffenden Inhalts \u00fcber das Recht zur Bestreitung des Inhalts bis hin zur Anmeldung bei den zust\u00e4ndigen Beh\u00f6rden, wenn durch diese Information unserem Mandanten ein Schaden entstanden ist.<\/span><\/p><p class=\"p1\"><span class=\"s1\"><b>Wen unterst\u00fctzen wir?<\/b><\/span><\/p><p class=\"p1\"><span class=\"s1\">Von einer Privatperson bis hin zu einem multinationalen Unternehmen kann auf unterschiedliche Weise durch falsche Informationen gesch\u00e4digt werden. Unsere Anwaltskanzlei mit ihrem erfahrenen Team ist schnell und kompetent, was beim Umgang mit Informationen in der heutigen Welt, in der sich unwahre Informationen in einer Stunde verbreiten k\u00f6nnen, von entscheidender Bedeutung ist. Wir beraten, unterst\u00fctzen und l\u00f6sen jede Angelegenheit mit Sorgfalt, weil wir die Privatsph\u00e4re und W\u00fcrde unserer Mandanten hochsch\u00e4tzen.<\/span><\/p><p>\u00a0<\/p>\t\t\t\t\t<\/div>\n\t\t\t\t\t\t<\/div>\n\t\t\t\t<\/div>\n\t\t\t\t\t\t<\/div>\n\t\t\t\t\t<\/div>\n\t\t<\/div>\n\t\t\t\t\t\t\t\t<\/div>\n\t\t\t\t\t<\/div>\n\t\t<\/section>\n\t\t\t\t\t\t\t\t\t<\/div>\n\t\t\t<\/div>\n\t\t\t\t\t<\/div>\n\t\t","protected":false},"excerpt":{"rendered":"<p>Wie k\u00f6nnen wir Sie unterst\u00fctzen? Unsere Anwaltskanzlei verf\u00fcgt \u00fcber umfassende Erfahrung auf dem Gebiet des Presse- und Medienrechts und unterst\u00fctzt unsere Mandanten bei der Aufdeckung, Verhinderung und L\u00f6sung der Vorg\u00e4nge in den visuellen, schriftlichen und Online-Medien. In diesem Zusammenhang betreuen wir Sie im Laufe des gesamten Verfahrens von der Entfernung des betreffenden Inhalts \u00fcber das&#8230;<\/p>\n","protected":false},"author":1,"featured_media":5655,"parent":2337,"menu_order":329,"comment_status":"closed","ping_status":"closed","template":"","meta":[],"acf":[],"_links":{"self":[{"href":"https:\/\/hansu.av.tr\/de\/wp-json\/wp\/v2\/pages\/2257"}],"collection":[{"href":"https:\/\/hansu.av.tr\/de\/wp-json\/wp\/v2\/pages"}],"about":[{"href":"https:\/\/hansu.av.tr\/de\/wp-json\/wp\/v2\/types\/page"}],"author":[{"embeddable":true,"href":"https:\/\/hansu.av.tr\/de\/wp-json\/wp\/v2\/users\/1"}],"replies":[{"embeddable":true,"href":"https:\/\/hansu.av.tr\/de\/wp-json\/wp\/v2\/comments?post=2257"}],"version-history":[{"count":5,"href":"https:\/\/hansu.av.tr\/de\/wp-json\/wp\/v2\/pages\/2257\/revisions"}],"predecessor-version":[{"id":6154,"href":"https:\/\/hansu.av.tr\/de\/wp-json\/wp\/v2\/pages\/2257\/revisions\/6154"}],"up":[{"embeddable":true,"href":"https:\/\/hansu.av.tr\/de\/wp-json\/wp\/v2\/pages\/2337"}],"wp:featuredmedia":[{"embeddable":true,"href":"https:\/\/hansu.av.tr\/de\/wp-json\/wp\/v2\/media\/5655"}],"wp:attachment":[{"href":"https:\/\/hansu.av.tr\/de\/wp-json\/wp\/v2\/media?parent=2257"}],"curies":[{"name":"wp","href":"https:\/\/api.w.org\/{rel}","templated":true}]}}