{"id":2261,"date":"2020-05-12T01:38:57","date_gmt":"2020-05-11T22:38:57","guid":{"rendered":"https:\/\/hansu.av.tr\/wirtschaftsstrafrecht\/"},"modified":"2020-07-18T17:29:13","modified_gmt":"2020-07-18T14:29:13","slug":"wirtschaftsstrafrecht","status":"publish","type":"page","link":"https:\/\/hansu.av.tr\/de\/kompetenzen\/wirtschaftsstrafrecht\/","title":{"rendered":"Wirtschaftsstrafrecht"},"content":{"rendered":"\t\t<div data-elementor-type=\"wp-post\" data-elementor-id=\"2261\" class=\"elementor elementor-2261 elementor-657\">\n\t\t\t\t\t\t<div class=\"elementor-inner\">\n\t\t\t\t<div class=\"elementor-section-wrap\">\n\t\t\t\t\t\t\t\t\t<section class=\"elementor-section elementor-top-section elementor-element elementor-element-c1c2316 elementor-section-boxed elementor-section-height-default elementor-section-height-default\" data-id=\"c1c2316\" data-element_type=\"section\">\n\t\t\t\t\t\t<div class=\"elementor-container elementor-column-gap-default\">\n\t\t\t\t\t\t\t<div class=\"elementor-row\">\n\t\t\t\t\t<div class=\"elementor-column elementor-col-100 elementor-top-column elementor-element elementor-element-2dc1d0a\" data-id=\"2dc1d0a\" data-element_type=\"column\">\n\t\t\t<div class=\"elementor-column-wrap elementor-element-populated\">\n\t\t\t\t\t\t\t<div class=\"elementor-widget-wrap\">\n\t\t\t\t\t\t<div class=\"elementor-element elementor-element-8fa43b6 elementor-widget elementor-widget-text-editor\" data-id=\"8fa43b6\" data-element_type=\"widget\" data-widget_type=\"text-editor.default\">\n\t\t\t\t<div class=\"elementor-widget-container\">\n\t\t\t\t\t\t\t\t<div class=\"elementor-text-editor elementor-clearfix\">\n\t\t\t\t<p class=\"p1\"><span class=\"s1\"><b>Wie k\u00f6nnen wir Sie unterst\u00fctzen?<\/b><\/span><\/p><p class=\"p1\"><span class=\"s1\">Unsere Anwaltskanzlei ist besonders spezialisiert auf den Bereich der Wirtschaftskriminalit\u00e4t und hat umfassende Erfahrung in Strafverfahren, die gegen den CEO, die Vorstandsmitglieder und Aufsichtsr\u00e4te eingeleitet werden. Da mangelnde Kenntnisse der Rechtsmaterie aufgrund besonderer Fachterminologie des Wirtschaftsstrafrechts zu schweren und irreparablen Konsequenzen f\u00fchren k\u00f6nnen und nach Abschluss des strafrechtlichen Verfahrens Schadensersatzanspr\u00fcche oder sonstige zivilrechtliche Forderungen gerichtlich geltend gemacht werden, bietet unsere Anwaltskanzlei mit Unterst\u00fctzung von Experten, die f\u00fcr ihre akademischen Kenntnisse in fachspezifischen Fragen bekannt sind, hochqualifizierte rechtliche Beratung an.<\/span><\/p><p class=\"p1\"><span class=\"s1\">Wir beraten unsere Mandanten in allen Bereichen des Wirtschafts- und Steuerstrafrechts, einschlie\u00dflich der Untreue, des Betrugs, der Insolvenzdelikte, der Verwendung einer wertlosen Anleihe, der unentgeltlichen Beg\u00fcnstigung, des Erwerbs eines kriminellen Werkzeugs, der Geldw\u00e4sche, der Ausschreibungsabsprachen im Bereich der Bank- und Versicherungswirtschaft und des Energiemarktes, der Offenlegung von Gesch\u00e4fts- und Bankgeheimnissen und der Steuerhinterziehung.<\/span><\/p><p class=\"p1\"><span class=\"s1\"><b>Wen unterst\u00fctzen wir?<\/b><\/span><\/p><p class=\"p1\"><span class=\"s1\">Unser prim\u00e4res Ziel ist es, das Recht auf ein faires Verfahren zu sch\u00fctzen. Vor diesem Hintergrund ber\u00e4t und verteidigt unsere Anwaltskanzlei Einzelpersonen und Unternehmen, sei es multinational oder regional, in allen Bereichen des Wirtschaftsstrafrechts.<\/span><\/p><p>\u00a0<\/p>\t\t\t\t\t<\/div>\n\t\t\t\t\t\t<\/div>\n\t\t\t\t<\/div>\n\t\t\t\t\t\t<\/div>\n\t\t\t\t\t<\/div>\n\t\t<\/div>\n\t\t\t\t\t\t\t\t<\/div>\n\t\t\t\t\t<\/div>\n\t\t<\/section>\n\t\t\t\t\t\t\t\t\t<\/div>\n\t\t\t<\/div>\n\t\t\t\t\t<\/div>\n\t\t","protected":false},"excerpt":{"rendered":"<p>Wie k\u00f6nnen wir Sie unterst\u00fctzen? Unsere Anwaltskanzlei ist besonders spezialisiert auf den Bereich der Wirtschaftskriminalit\u00e4t und hat umfassende Erfahrung in Strafverfahren, die gegen den CEO, die Vorstandsmitglieder und Aufsichtsr\u00e4te eingeleitet werden. Da mangelnde Kenntnisse der Rechtsmaterie aufgrund besonderer Fachterminologie des Wirtschaftsstrafrechts zu schweren und irreparablen Konsequenzen f\u00fchren k\u00f6nnen und nach Abschluss des strafrechtlichen Verfahrens Schadensersatzanspr\u00fcche&#8230;<\/p>\n","protected":false},"author":1,"featured_media":5676,"parent":2337,"menu_order":418,"comment_status":"closed","ping_status":"closed","template":"","meta":[],"acf":[],"_links":{"self":[{"href":"https:\/\/hansu.av.tr\/de\/wp-json\/wp\/v2\/pages\/2261"}],"collection":[{"href":"https:\/\/hansu.av.tr\/de\/wp-json\/wp\/v2\/pages"}],"about":[{"href":"https:\/\/hansu.av.tr\/de\/wp-json\/wp\/v2\/types\/page"}],"author":[{"embeddable":true,"href":"https:\/\/hansu.av.tr\/de\/wp-json\/wp\/v2\/users\/1"}],"replies":[{"embeddable":true,"href":"https:\/\/hansu.av.tr\/de\/wp-json\/wp\/v2\/comments?post=2261"}],"version-history":[{"count":5,"href":"https:\/\/hansu.av.tr\/de\/wp-json\/wp\/v2\/pages\/2261\/revisions"}],"predecessor-version":[{"id":6173,"href":"https:\/\/hansu.av.tr\/de\/wp-json\/wp\/v2\/pages\/2261\/revisions\/6173"}],"up":[{"embeddable":true,"href":"https:\/\/hansu.av.tr\/de\/wp-json\/wp\/v2\/pages\/2337"}],"wp:featuredmedia":[{"embeddable":true,"href":"https:\/\/hansu.av.tr\/de\/wp-json\/wp\/v2\/media\/5676"}],"wp:attachment":[{"href":"https:\/\/hansu.av.tr\/de\/wp-json\/wp\/v2\/media?parent=2261"}],"curies":[{"name":"wp","href":"https:\/\/api.w.org\/{rel}","templated":true}]}}