{"id":2265,"date":"2020-05-12T01:39:55","date_gmt":"2020-05-11T22:39:55","guid":{"rendered":"https:\/\/hansu.av.tr\/it-ip-recht\/"},"modified":"2020-07-30T13:13:21","modified_gmt":"2020-07-30T10:13:21","slug":"it-ip-recht","status":"publish","type":"page","link":"https:\/\/hansu.av.tr\/de\/kompetenzen\/it-ip-recht\/","title":{"rendered":"IT\/IP-Recht"},"content":{"rendered":"\t\t<div data-elementor-type=\"wp-post\" data-elementor-id=\"2265\" class=\"elementor elementor-2265 elementor-907\">\n\t\t\t\t\t\t<div class=\"elementor-inner\">\n\t\t\t\t<div class=\"elementor-section-wrap\">\n\t\t\t\t\t\t\t\t\t<section class=\"elementor-section elementor-top-section elementor-element elementor-element-0a266d5 elementor-section-boxed elementor-section-height-default elementor-section-height-default\" data-id=\"0a266d5\" data-element_type=\"section\">\n\t\t\t\t\t\t<div class=\"elementor-container elementor-column-gap-default\">\n\t\t\t\t\t\t\t<div class=\"elementor-row\">\n\t\t\t\t\t<div class=\"elementor-column elementor-col-100 elementor-top-column elementor-element elementor-element-a1ab2a9\" data-id=\"a1ab2a9\" data-element_type=\"column\">\n\t\t\t<div class=\"elementor-column-wrap elementor-element-populated\">\n\t\t\t\t\t\t\t<div class=\"elementor-widget-wrap\">\n\t\t\t\t\t\t<div class=\"elementor-element elementor-element-c1d24e4 elementor-widget elementor-widget-text-editor\" data-id=\"c1d24e4\" data-element_type=\"widget\" data-widget_type=\"text-editor.default\">\n\t\t\t\t<div class=\"elementor-widget-container\">\n\t\t\t\t\t\t\t\t<div class=\"elementor-text-editor elementor-clearfix\">\n\t\t\t\t<p>Das geistige und gewerbliche Eigentum sowie die Technologiedienstleistungen sind heutzutage f\u00fcr alle Unternehmen weltweit von erheblicher Bedeutung. Infolgedessen nimmt die Bedeutung von Vertr\u00e4gen und Lizenzen \u00fcber geistiges Eigentum sowie der Schutz von Marken und Erfindungen erheblich zu.<\/p>\n<p class=\"p1\"><span class=\"s1\"><b>Wie k\u00f6nnen wir Sie unterst\u00fctzen?<\/b><\/span><\/p>\n<p class=\"p1\"><span class=\"s1\">Unsere Anwaltskanzlei bietet umfassende Rechtsberatung im Bereich der geistigen und gewerblichen Schutzrechte an, f\u00fchrt die Voruntersuchungen f\u00fcr die Eintragung von Patenten\/Gebrauchsmustern, Marken und gewerblichen Mustern durch und bereitet die Anmeldungsunterlagen vor. Wir beraten unsere Mandanten bei Anmeldeverfahren und bieten Ihnen rechtliche Unterst\u00fctzung bei der Erstellung von Lizenz- und Vertraulichkeitsvereinbarungen auf dem Gebiet des geistigen und gewerblichen Eigentums an. Im Falle der Verletzung von geistigem Eigentum wie Marken, Software-, Patent- und Geschmacksmusterrechten vertreten wir unsere Mandanten in allen gerichtlichen Verfahren vor zust\u00e4ndigen Zivil- und Strafgerichten bis zur rechtskr\u00e4ftigen Entscheidung.<\/span><\/p>\n<p class=\"p1\"><span class=\"s1\"><b>Wen unterst\u00fctzen wir?<\/b><\/span><\/p>\n<p class=\"p1\"><span class=\"s1\">Zu unseren Mandanten geh\u00f6ren globale Technologieunternehmen und Investoren sowie mittelst\u00e4ndische Unternehmen. Dar\u00fcber hinaus ist unsere Anwaltskanzlei mit ihrer Expertise im Vertragsrecht in der Lage, die entsprechenden Vertr\u00e4ge zu gestalten und zu verhandeln. Unsere Anwaltskanzlei ber\u00e4t ihre Kunden aus verschiedenen Wirtschaftssektoren umfassend, darunter auch Energie-, Medien-,Technologiebranche und Einzelhandel, welche rechtliche Unterst\u00fctzung im Bereich des Urheber-, Marken-, Patentrechts sowie in Angelegenheiten mit Bezug auf Designs und Datenbanken ben\u00f6tigen.<\/span><\/p>\n\t\t\t\t\t<\/div>\n\t\t\t\t\t\t<\/div>\n\t\t\t\t<\/div>\n\t\t\t\t\t\t<\/div>\n\t\t\t\t\t<\/div>\n\t\t<\/div>\n\t\t\t\t\t\t\t\t<\/div>\n\t\t\t\t\t<\/div>\n\t\t<\/section>\n\t\t\t\t\t\t\t\t\t<\/div>\n\t\t\t<\/div>\n\t\t\t\t\t<\/div>\n\t\t","protected":false},"excerpt":{"rendered":"<p>Das geistige und gewerbliche Eigentum sowie die Technologiedienstleistungen sind heutzutage f\u00fcr alle Unternehmen weltweit von erheblicher Bedeutung. Infolgedessen nimmt die Bedeutung von Vertr\u00e4gen und Lizenzen \u00fcber geistiges Eigentum sowie der Schutz von Marken und Erfindungen erheblich zu. Wie k\u00f6nnen wir Sie unterst\u00fctzen? Unsere Anwaltskanzlei bietet umfassende Rechtsberatung im Bereich der geistigen und gewerblichen Schutzrechte an,&#8230;<\/p>\n","protected":false},"author":1,"featured_media":5103,"parent":2337,"menu_order":393,"comment_status":"closed","ping_status":"closed","template":"","meta":[],"acf":[],"_links":{"self":[{"href":"https:\/\/hansu.av.tr\/de\/wp-json\/wp\/v2\/pages\/2265"}],"collection":[{"href":"https:\/\/hansu.av.tr\/de\/wp-json\/wp\/v2\/pages"}],"about":[{"href":"https:\/\/hansu.av.tr\/de\/wp-json\/wp\/v2\/types\/page"}],"author":[{"embeddable":true,"href":"https:\/\/hansu.av.tr\/de\/wp-json\/wp\/v2\/users\/1"}],"replies":[{"embeddable":true,"href":"https:\/\/hansu.av.tr\/de\/wp-json\/wp\/v2\/comments?post=2265"}],"version-history":[{"count":10,"href":"https:\/\/hansu.av.tr\/de\/wp-json\/wp\/v2\/pages\/2265\/revisions"}],"predecessor-version":[{"id":6278,"href":"https:\/\/hansu.av.tr\/de\/wp-json\/wp\/v2\/pages\/2265\/revisions\/6278"}],"up":[{"embeddable":true,"href":"https:\/\/hansu.av.tr\/de\/wp-json\/wp\/v2\/pages\/2337"}],"wp:featuredmedia":[{"embeddable":true,"href":"https:\/\/hansu.av.tr\/de\/wp-json\/wp\/v2\/media\/5103"}],"wp:attachment":[{"href":"https:\/\/hansu.av.tr\/de\/wp-json\/wp\/v2\/media?parent=2265"}],"curies":[{"name":"wp","href":"https:\/\/api.w.org\/{rel}","templated":true}]}}