{"id":2269,"date":"2020-05-12T01:41:05","date_gmt":"2020-05-11T22:41:05","guid":{"rendered":"https:\/\/hansu.av.tr\/immobilien-und-mietrecht\/"},"modified":"2020-07-30T13:29:38","modified_gmt":"2020-07-30T10:29:38","slug":"immobilien-und-mietrecht","status":"publish","type":"page","link":"https:\/\/hansu.av.tr\/de\/kompetenzen\/immobilien-und-mietrecht\/","title":{"rendered":"Immobilien-und Mietrecht"},"content":{"rendered":"\t\t<div data-elementor-type=\"wp-post\" data-elementor-id=\"2269\" class=\"elementor elementor-2269 elementor-625\">\n\t\t\t\t\t\t<div class=\"elementor-inner\">\n\t\t\t\t<div class=\"elementor-section-wrap\">\n\t\t\t\t\t\t\t\t\t<section class=\"elementor-section elementor-top-section elementor-element elementor-element-8039cec elementor-section-boxed elementor-section-height-default elementor-section-height-default\" data-id=\"8039cec\" data-element_type=\"section\">\n\t\t\t\t\t\t<div class=\"elementor-container elementor-column-gap-default\">\n\t\t\t\t\t\t\t<div class=\"elementor-row\">\n\t\t\t\t\t<div class=\"elementor-column elementor-col-100 elementor-top-column elementor-element elementor-element-8d7233a\" data-id=\"8d7233a\" data-element_type=\"column\">\n\t\t\t<div class=\"elementor-column-wrap elementor-element-populated\">\n\t\t\t\t\t\t\t<div class=\"elementor-widget-wrap\">\n\t\t\t\t\t\t<div class=\"elementor-element elementor-element-bc0bfef elementor-widget elementor-widget-text-editor\" data-id=\"bc0bfef\" data-element_type=\"widget\" data-widget_type=\"text-editor.default\">\n\t\t\t\t<div class=\"elementor-widget-container\">\n\t\t\t\t\t\t\t\t<div class=\"elementor-text-editor elementor-clearfix\">\n\t\t\t\t<p class=\"p1\"><span class=\"s1\"><b>Wie k\u00f6nnen wir Sie unterst\u00fctzen?<\/b><\/span><\/p><p class=\"p1\"><span class=\"s1\">Unsere Anwaltskanzlei bietet umfassende Rechtsberatung im Bereich des Immobilien- und Mietrechts an, einschlie\u00dflich der Beratung und Vertretung von der \u00f6ffentlichen Hand und den privaten Immobilien- und Projektentwicklerunternehmen w\u00e4hrend der Ausschreibungs-, Entwicklungs-, Bau- und Betriebsphase im Bereich der projektorientierten Entwicklung von \u00f6ffentlichen (im \u00f6ffentlichen\/kommunalen Eigentum stehenden) Grundst\u00fccken und Stiftungsgrundst\u00fccken, der rechtlichen Strukturierung von Projekten wie Einkaufszentren, Hotels, Krankenh\u00e4user und andere gro\u00dfe und Mehrzweck-Immobilieninvestitionen, der Errichtung von Nie\u00dfbrauch und Dienstbarkeitsrechten, die Entwicklung von Verwaltungspl\u00e4nen, die Gestaltung und Verhandlung von Bauvertr\u00e4gen mit Einnahmen- und Wohnungsteilung sowie der Entwicklung von st\u00e4dtischen Umwandlungsprojekten. Ob Wohnen, B\u00fcros, Gewerbe, Industrieanlagen, Logistik, Hotels, Infrastruktur, erneuerbare Energien \u2013 unser erfahrenes Team von Experten beraten Sie genau zugeschnitten auf die Besonderheiten der unterschiedlichen Spezial-Immobilien.<\/span><\/p><p class=\"p1\"><span class=\"s1\">Unsere Anwaltskanzlei hat auch langj\u00e4hrige Erfahrung in der Prozessf\u00fchrung auf dem Gebiet des Immobilienrechts einschlie\u00dflich actio negatoria, Klagen \u00fcber die Begr\u00fcndung von Dienstbarkeiten, Klagen auf Herausgabe von Eigentum, Aufhebung von Miteigentum, Hypothekenklagen, Enteignungsklagen, Klagen auf Nichtigkeit von Grundbuchurkunden und Grundbucheintragungen, Mietwertfestsetzungsklagen, R\u00e4umungsklagen, vorkaufsrechtliche Klagen, Streitigkeiten \u00fcber Eigentumsverh\u00e4ltnisse und Klagen \u00fcber die Berichtigung von fehlerhaften Grundbucheintragungen.<\/span><\/p><p class=\"p1\"><span class=\"s1\"><b>Wen unterst\u00fctzen wir?<\/b><\/span><\/p><p class=\"p1\"><span class=\"s1\">Zu unseren Mandanten z\u00e4hlen in- und ausl\u00e4ndischen Unternehmen aus der EMEA-Region, die in verschiedenen Sektoren t\u00e4tig sind. Unser Schwerpunkt liegt auf den Kauftransaktionen von Immobilien, der Begr\u00fcndung und L\u00f6schung von dinglichen Rechten und individuellen Rechten an Immobilien, der gewerblichen Vermietung und Verpf\u00e4ndung, der Begr\u00fcndung von Pfandrechten, der Projektentwicklung in \u00dcbereinstimmung mit der Umweltgesetzgebung, der Gestaltung und Verhandlung von Vereinbarungen \u00fcber gemeinsame Projektentwicklung, der Erstellung von Subunternehmer-, Ingenieur- und Kaufvertr\u00e4gen sowie Managementvertr\u00e4gen. Wir vertreten unsere Mandanten in Streitigkeiten, die das Eigentum an den Immobilien betreffen, wie z.B. die L\u00f6schung oder Berichtigung des Grundbucheintragungen.<\/span><\/p><p class=\"p1\"><span class=\"s1\"><b>Auszug aus unserer Expertise im Immobilienrecht<\/b><\/span><\/p><ul class=\"ul1\"><li class=\"li1\"><span class=\"s1\">Entwicklung komplexer Bauprojekte, einschlie\u00dflich Einkaufszentren, Krankenh\u00e4user, Wohneinheiten, Appartements, Museen und Gesundheitseinrichtungen, von der Auswahl der geeigneten Grundst\u00fccke und der Einholung der erforderlichen Genehmigungen von den \u00f6rtlichen Beh\u00f6rden bis zur Gestaltung der entsprechenden Vertr\u00e4ge und der Inbetriebnahme der Einrichtung<\/span><\/li><li class=\"li1\"><span class=\"s1\">Erstellung der entsprechenden Baupl\u00e4ne und Unterst\u00fctzung der Mandanten bei der Zusammenstellung der erforderlichen Unterlagen f\u00fcr Projekte in den Bereichen Gesundheitswesen, Energie, Tourismus und Bildung<\/span><\/li><\/ul><ul class=\"ul1\"><li class=\"li1\"><span class=\"s1\">Unterst\u00fctzung der Mandanten in allen Streitigkeiten, die sich aus dem Raumordnungsrechtergeben<\/span><\/li><\/ul><p class=\"p1\"><span class=\"s1\"><b>Entdecken Sie unseren Service<\/b><\/span><\/p><ul class=\"ul1\"><li class=\"li1\"><span class=\"s1\">Bauwirtschaft &#8211; Leasing f\u00fcr Gewerbe, Einzelhandel und Industrie<\/span><\/li><li class=\"li1\"><span class=\"s1\">Grundst\u00fcckserwerb, Entwicklungsplanung &#8211; Finanzierung &amp; Sicherheiten<\/span><\/li><li class=\"li1\"><span class=\"s1\">Immobiliensteuer &#8211; Gewerbliche Immobilientransaktionen<\/span><\/li><li class=\"li1\"><span class=\"s1\">Gr\u00fcndung und Lizenzierung von Immobiliengesch\u00e4ften &#8211; Immobilien<\/span><\/li><\/ul>\t\t\t\t\t<\/div>\n\t\t\t\t\t\t<\/div>\n\t\t\t\t<\/div>\n\t\t\t\t\t\t<\/div>\n\t\t\t\t\t<\/div>\n\t\t<\/div>\n\t\t\t\t\t\t\t\t<\/div>\n\t\t\t\t\t<\/div>\n\t\t<\/section>\n\t\t\t\t<section class=\"elementor-section elementor-top-section elementor-element elementor-element-9accc4e elementor-section-boxed elementor-section-height-default elementor-section-height-default\" data-id=\"9accc4e\" data-element_type=\"section\">\n\t\t\t\t\t\t<div class=\"elementor-container elementor-column-gap-default\">\n\t\t\t\t\t\t\t<div class=\"elementor-row\">\n\t\t\t\t\t<div class=\"elementor-column elementor-col-100 elementor-top-column elementor-element elementor-element-5451225\" data-id=\"5451225\" data-element_type=\"column\">\n\t\t\t<div class=\"elementor-column-wrap elementor-element-populated\">\n\t\t\t\t\t\t\t<div class=\"elementor-widget-wrap\">\n\t\t\t\t\t\t<div class=\"elementor-element elementor-element-4962670 elementor-widget elementor-widget-text-editor\" data-id=\"4962670\" data-element_type=\"widget\" data-widget_type=\"text-editor.default\">\n\t\t\t\t<div class=\"elementor-widget-container\">\n\t\t\t\t\t\t\t\t<div class=\"elementor-text-editor elementor-clearfix\">\n\t\t\t\t\t\t\t\t\t<\/div>\n\t\t\t\t\t\t<\/div>\n\t\t\t\t<\/div>\n\t\t\t\t\t\t<\/div>\n\t\t\t\t\t<\/div>\n\t\t<\/div>\n\t\t\t\t\t\t\t\t<\/div>\n\t\t\t\t\t<\/div>\n\t\t<\/section>\n\t\t\t\t\t\t\t\t\t<\/div>\n\t\t\t<\/div>\n\t\t\t\t\t<\/div>\n\t\t","protected":false},"excerpt":{"rendered":"<p>Wie k\u00f6nnen wir Sie unterst\u00fctzen? Unsere Anwaltskanzlei bietet umfassende Rechtsberatung im Bereich des Immobilien- und Mietrechts an, einschlie\u00dflich der Beratung und Vertretung von der \u00f6ffentlichen Hand und den privaten Immobilien- und Projektentwicklerunternehmen w\u00e4hrend der Ausschreibungs-, Entwicklungs-, Bau- und Betriebsphase im Bereich der projektorientierten Entwicklung von \u00f6ffentlichen (im \u00f6ffentlichen\/kommunalen Eigentum stehenden) Grundst\u00fccken und Stiftungsgrundst\u00fccken, der rechtlichen&#8230;<\/p>\n","protected":false},"author":1,"featured_media":5612,"parent":2337,"menu_order":493,"comment_status":"closed","ping_status":"closed","template":"","meta":[],"acf":[],"_links":{"self":[{"href":"https:\/\/hansu.av.tr\/de\/wp-json\/wp\/v2\/pages\/2269"}],"collection":[{"href":"https:\/\/hansu.av.tr\/de\/wp-json\/wp\/v2\/pages"}],"about":[{"href":"https:\/\/hansu.av.tr\/de\/wp-json\/wp\/v2\/types\/page"}],"author":[{"embeddable":true,"href":"https:\/\/hansu.av.tr\/de\/wp-json\/wp\/v2\/users\/1"}],"replies":[{"embeddable":true,"href":"https:\/\/hansu.av.tr\/de\/wp-json\/wp\/v2\/comments?post=2269"}],"version-history":[{"count":5,"href":"https:\/\/hansu.av.tr\/de\/wp-json\/wp\/v2\/pages\/2269\/revisions"}],"predecessor-version":[{"id":6280,"href":"https:\/\/hansu.av.tr\/de\/wp-json\/wp\/v2\/pages\/2269\/revisions\/6280"}],"up":[{"embeddable":true,"href":"https:\/\/hansu.av.tr\/de\/wp-json\/wp\/v2\/pages\/2337"}],"wp:featuredmedia":[{"embeddable":true,"href":"https:\/\/hansu.av.tr\/de\/wp-json\/wp\/v2\/media\/5612"}],"wp:attachment":[{"href":"https:\/\/hansu.av.tr\/de\/wp-json\/wp\/v2\/media?parent=2269"}],"curies":[{"name":"wp","href":"https:\/\/api.w.org\/{rel}","templated":true}]}}