{"id":2273,"date":"2020-05-12T01:41:53","date_gmt":"2020-05-11T22:41:53","guid":{"rendered":"https:\/\/hansu.av.tr\/verwaltungs-und-enteignungsrecht\/"},"modified":"2020-07-18T15:33:39","modified_gmt":"2020-07-18T12:33:39","slug":"verwaltungs-und-enteignungsrecht","status":"publish","type":"page","link":"https:\/\/hansu.av.tr\/de\/kompetenzen\/verwaltungs-und-enteignungsrecht\/","title":{"rendered":"Verwaltungs-und Enteignungsrecht"},"content":{"rendered":"\t\t<div data-elementor-type=\"wp-post\" data-elementor-id=\"2273\" class=\"elementor elementor-2273 elementor-639\">\n\t\t\t\t\t\t<div class=\"elementor-inner\">\n\t\t\t\t<div class=\"elementor-section-wrap\">\n\t\t\t\t\t\t\t\t\t<section class=\"elementor-section elementor-top-section elementor-element elementor-element-44c0df5 elementor-section-boxed elementor-section-height-default elementor-section-height-default\" data-id=\"44c0df5\" data-element_type=\"section\">\n\t\t\t\t\t\t<div class=\"elementor-container elementor-column-gap-default\">\n\t\t\t\t\t\t\t<div class=\"elementor-row\">\n\t\t\t\t\t<div class=\"elementor-column elementor-col-100 elementor-top-column elementor-element elementor-element-144206a\" data-id=\"144206a\" data-element_type=\"column\">\n\t\t\t<div class=\"elementor-column-wrap elementor-element-populated\">\n\t\t\t\t\t\t\t<div class=\"elementor-widget-wrap\">\n\t\t\t\t\t\t<div class=\"elementor-element elementor-element-6527748 elementor-widget elementor-widget-text-editor\" data-id=\"6527748\" data-element_type=\"widget\" data-widget_type=\"text-editor.default\">\n\t\t\t\t<div class=\"elementor-widget-container\">\n\t\t\t\t\t\t\t\t<div class=\"elementor-text-editor elementor-clearfix\">\n\t\t\t\t<p>Als Enteignung wird der Entzug des Privateigentums durch den Staat oder eine \u00f6ffentliche K\u00f6rperschaft bezeichnet, um die unbewegliche oder bewegliche Sache zum Wohle der Allgemeinheit zu verwenden. In der T\u00fcrkei wird Eigentum meist enteignet, um Autobahnen, Eisenbahnen, Flugh\u00e4fen zu bauen oder andere gro\u00dfe Infrastrukturprojekten zu verwirklichen.<\/p>\n<p class=\"p1\"><span class=\"s1\"><b>Wie k\u00f6nnen wir Sie unterst\u00fctzen?<\/b><\/span><\/p>\n<p class=\"p1\"><span class=\"s1\">Unsere Rechtsanwaltskanzlei bietet ihren Mandanten umfassende Rechtsberatung in den folgenden Angelegenheiten an: Privatisierung, \u00f6ffentliche Dienstleistungen, Beg\u00fcnstigungen und Genehmigungen, Umwelt und Urbanisierung. Wir vertreten unsere Mandanten in allen Rechtsstreitigkeiten einschlie\u00dflich der Nichtigkeitsklagen und der Rechtsbehelfe in Bezug auf die Entscheidungen der Beh\u00f6rde f\u00fcr \u00f6ffentliches Beschaffungswesen, Entscheidungen der t\u00fcrkischen Finanzmarkaufsicht, Entscheidungen der Regulierungsbeh\u00f6rde f\u00fcr den Energiemarkt, Entscheidungen der Wettbewerbsbeh\u00f6rde. Wir unterst\u00fctzen unsere Mandanten bei der Gestaltung und Pr\u00fcfung von den Bedingungen der \u00f6ffentlichen Ausschreibungen und von den Vertr\u00e4gen der Verwaltung sowie bei der Beteiligung an \u00f6ffentlichen Ausschreibungen. Dar\u00fcber hinaus beraten wir zur Aufhebung von Beschl\u00fcssen der Beh\u00f6rden und zur Abwehr von Verwaltungssanktionen.<\/span><\/p>\n<p class=\"p1\"><span class=\"s1\">Dar\u00fcber hinaus ist unsere Anwaltskanzlei spezialisiert auf die Beratung von den Gemeinden und der \u00f6ffentlichen Hand, Gesellschaften und Einzelpersonen bei der Gestaltung, Entwicklung und Durchf\u00fchrung von gro\u00dfen Projekten im \u00f6ffentlichen Interesse (organisierte Industriezonen, Freizonen, Industriezonen, technologische Zonen, Energiezonen usw.).<\/span><\/p>\n<p class=\"p1\"><span class=\"s1\"><b>Wen unterst\u00fctzen wir?<\/b><\/span><\/p>\n<p class=\"p1\"><span class=\"s1\">In den vorgenannten Angelegenheiten bieten wir die Gesellschaften und die \u00f6ffentliche Hand umfassende Rechtsberatung bei Bewertungsverfahren und Verfahren vor Schlichtungskommissionen und vertreten Sie in Rechtsstreitigkeiten im Zusammenhang mit der Grundbuchberichtigung sowie der Preisbestimmung.<\/span><\/p>\n<p class=\"p1\"><span class=\"s1\"><b>Auszug unserer Expertise im Bereich des Verwaltungsrechts<\/b><\/span><\/p>\n<p class=\"p1\"><span class=\"s1\">Rechtliche Beratung von zahlreichen t\u00fcrkischen Gemeinden einschlie\u00dflich der Gestaltung und Verhandlung ihrer privatrechtlichen Vertr\u00e4ge<\/span><\/p>\n\t\t\t\t\t<\/div>\n\t\t\t\t\t\t<\/div>\n\t\t\t\t<\/div>\n\t\t\t\t\t\t<\/div>\n\t\t\t\t\t<\/div>\n\t\t<\/div>\n\t\t\t\t\t\t\t\t<\/div>\n\t\t\t\t\t<\/div>\n\t\t<\/section>\n\t\t\t\t\t\t\t\t\t<\/div>\n\t\t\t<\/div>\n\t\t\t\t\t<\/div>\n\t\t","protected":false},"excerpt":{"rendered":"<p>Als Enteignung wird der Entzug des Privateigentums durch den Staat oder eine \u00f6ffentliche K\u00f6rperschaft bezeichnet, um die unbewegliche oder bewegliche Sache zum Wohle der Allgemeinheit zu verwenden. In der T\u00fcrkei wird Eigentum meist enteignet, um Autobahnen, Eisenbahnen, Flugh\u00e4fen zu bauen oder andere gro\u00dfe Infrastrukturprojekten zu verwirklichen. Wie k\u00f6nnen wir Sie unterst\u00fctzen? Unsere Rechtsanwaltskanzlei bietet ihren&#8230;<\/p>\n","protected":false},"author":1,"featured_media":5622,"parent":2337,"menu_order":321,"comment_status":"closed","ping_status":"closed","template":"","meta":[],"acf":[],"_links":{"self":[{"href":"https:\/\/hansu.av.tr\/de\/wp-json\/wp\/v2\/pages\/2273"}],"collection":[{"href":"https:\/\/hansu.av.tr\/de\/wp-json\/wp\/v2\/pages"}],"about":[{"href":"https:\/\/hansu.av.tr\/de\/wp-json\/wp\/v2\/types\/page"}],"author":[{"embeddable":true,"href":"https:\/\/hansu.av.tr\/de\/wp-json\/wp\/v2\/users\/1"}],"replies":[{"embeddable":true,"href":"https:\/\/hansu.av.tr\/de\/wp-json\/wp\/v2\/comments?post=2273"}],"version-history":[{"count":3,"href":"https:\/\/hansu.av.tr\/de\/wp-json\/wp\/v2\/pages\/2273\/revisions"}],"predecessor-version":[{"id":6107,"href":"https:\/\/hansu.av.tr\/de\/wp-json\/wp\/v2\/pages\/2273\/revisions\/6107"}],"up":[{"embeddable":true,"href":"https:\/\/hansu.av.tr\/de\/wp-json\/wp\/v2\/pages\/2337"}],"wp:featuredmedia":[{"embeddable":true,"href":"https:\/\/hansu.av.tr\/de\/wp-json\/wp\/v2\/media\/5622"}],"wp:attachment":[{"href":"https:\/\/hansu.av.tr\/de\/wp-json\/wp\/v2\/media?parent=2273"}],"curies":[{"name":"wp","href":"https:\/\/api.w.org\/{rel}","templated":true}]}}