{"id":2277,"date":"2020-05-12T01:42:35","date_gmt":"2020-05-11T22:42:35","guid":{"rendered":"https:\/\/hansu.av.tr\/bauplanungsrecht-und-recht-der-historischen-denkmaeler\/"},"modified":"2020-07-18T15:40:40","modified_gmt":"2020-07-18T12:40:40","slug":"bauplanungsrecht-und-recht-der-historischen-denkmaeler","status":"publish","type":"page","link":"https:\/\/hansu.av.tr\/de\/kompetenzen\/bauplanungsrecht-und-recht-der-historischen-denkmaeler\/","title":{"rendered":"Bauplanungsrecht und Recht der historischen Denkm\u00e4ler"},"content":{"rendered":"\t\t<div data-elementor-type=\"wp-post\" data-elementor-id=\"2277\" class=\"elementor elementor-2277 elementor-635\">\n\t\t\t\t\t\t<div class=\"elementor-inner\">\n\t\t\t\t<div class=\"elementor-section-wrap\">\n\t\t\t\t\t\t\t\t\t<section class=\"elementor-section elementor-top-section elementor-element elementor-element-78c6353 elementor-section-boxed elementor-section-height-default elementor-section-height-default\" data-id=\"78c6353\" data-element_type=\"section\">\n\t\t\t\t\t\t<div class=\"elementor-container elementor-column-gap-default\">\n\t\t\t\t\t\t\t<div class=\"elementor-row\">\n\t\t\t\t\t<div class=\"elementor-column elementor-col-100 elementor-top-column elementor-element elementor-element-35b6f6b\" data-id=\"35b6f6b\" data-element_type=\"column\">\n\t\t\t<div class=\"elementor-column-wrap elementor-element-populated\">\n\t\t\t\t\t\t\t<div class=\"elementor-widget-wrap\">\n\t\t\t\t\t\t<div class=\"elementor-element elementor-element-dd2cd65 elementor-widget elementor-widget-text-editor\" data-id=\"dd2cd65\" data-element_type=\"widget\" data-widget_type=\"text-editor.default\">\n\t\t\t\t<div class=\"elementor-widget-container\">\n\t\t\t\t\t\t\t\t<div class=\"elementor-text-editor elementor-clearfix\">\n\t\t\t\t<p><strong>Wie k\u00f6nnen wir Sie unterst\u00fctzen?<\/strong><\/p><p>Unsere Anwaltskanzlei ist spezialisiert auf die Entwicklung von Bebauungspl\u00e4nen und die Durchf\u00fchrung von entsprechenden \u00c4nderungen, die Aufhebung von Planfeststellungsverfahren, die Enteignungen und Klagen \u00fcber die Festsetzung eines angemessenen Kaufpreises, die unlizenzierte Bau- und Abrissklagen, die Streitigkeiten im Zusammenhang mit Denkm\u00e4lern und Schutzgebieten sowie Klagen auf Aufhebung von Bebauungspl\u00e4nen. Wir vertreten unsere Mandanten auch in s\u00e4mtlichen verwaltungsrechtlichen Streitigkeiten im Zusammenhang mit den Bebauungspl\u00e4nen, den beh\u00f6rdlichen Genehmigungen und dem Zonenrecht sowie dem Wohnungsbauprozess, der Erneuerung der historischen Denkm\u00e4ler.<\/p><p><strong>Wen unterst\u00fctzen wir?<\/strong><\/p><p>Wir bieten juristischen Personen des \u00f6ffentlichen und privaten Rechts umfassende Rechtsberatung in allen Angelegenheiten im Zusammenhang mit Wiederaufbau- und Ansiedlungsprozessen, Enteignungsgesch\u00e4ften, Streitigkeiten aus Grundbuch- und Katastergesch\u00e4ften, Streitigkeiten aus Bauprojekten und Bauvorhaben, Streitigkeiten aus illegalen Bauten, 2b-Grundst\u00fccken, Streitigkeiten aus dem Gesetz zum Schutz von Kultur- und Naturg\u00fctern, Enteignung von Kultur- und Naturst\u00e4tten.<\/p><p><strong>Auszug unserer Expertise im Bereich des Bauplanungsrechts und Rechts der historischen Denkm\u00e4ler:<\/strong><\/p><p>&#8211; Rechtsberatung f\u00fcr zahlreiche Gemeinden in der T\u00fcrkei, auch in Istanbul, und f\u00fcr gro\u00dfe Unternehmen<\/p><p>\u00a0<\/p>\t\t\t\t\t<\/div>\n\t\t\t\t\t\t<\/div>\n\t\t\t\t<\/div>\n\t\t\t\t\t\t<\/div>\n\t\t\t\t\t<\/div>\n\t\t<\/div>\n\t\t\t\t\t\t\t\t<\/div>\n\t\t\t\t\t<\/div>\n\t\t<\/section>\n\t\t\t\t\t\t\t\t\t<\/div>\n\t\t\t<\/div>\n\t\t\t\t\t<\/div>\n\t\t","protected":false},"excerpt":{"rendered":"<p>Wie k\u00f6nnen wir Sie unterst\u00fctzen? Unsere Anwaltskanzlei ist spezialisiert auf die Entwicklung von Bebauungspl\u00e4nen und die Durchf\u00fchrung von entsprechenden \u00c4nderungen, die Aufhebung von Planfeststellungsverfahren, die Enteignungen und Klagen \u00fcber die Festsetzung eines angemessenen Kaufpreises, die unlizenzierte Bau- und Abrissklagen, die Streitigkeiten im Zusammenhang mit Denkm\u00e4lern und Schutzgebieten sowie Klagen auf Aufhebung von Bebauungspl\u00e4nen. Wir vertreten&#8230;<\/p>\n","protected":false},"author":1,"featured_media":5627,"parent":2337,"menu_order":365,"comment_status":"closed","ping_status":"closed","template":"","meta":[],"acf":[],"_links":{"self":[{"href":"https:\/\/hansu.av.tr\/de\/wp-json\/wp\/v2\/pages\/2277"}],"collection":[{"href":"https:\/\/hansu.av.tr\/de\/wp-json\/wp\/v2\/pages"}],"about":[{"href":"https:\/\/hansu.av.tr\/de\/wp-json\/wp\/v2\/types\/page"}],"author":[{"embeddable":true,"href":"https:\/\/hansu.av.tr\/de\/wp-json\/wp\/v2\/users\/1"}],"replies":[{"embeddable":true,"href":"https:\/\/hansu.av.tr\/de\/wp-json\/wp\/v2\/comments?post=2277"}],"version-history":[{"count":5,"href":"https:\/\/hansu.av.tr\/de\/wp-json\/wp\/v2\/pages\/2277\/revisions"}],"predecessor-version":[{"id":6112,"href":"https:\/\/hansu.av.tr\/de\/wp-json\/wp\/v2\/pages\/2277\/revisions\/6112"}],"up":[{"embeddable":true,"href":"https:\/\/hansu.av.tr\/de\/wp-json\/wp\/v2\/pages\/2337"}],"wp:featuredmedia":[{"embeddable":true,"href":"https:\/\/hansu.av.tr\/de\/wp-json\/wp\/v2\/media\/5627"}],"wp:attachment":[{"href":"https:\/\/hansu.av.tr\/de\/wp-json\/wp\/v2\/media?parent=2277"}],"curies":[{"name":"wp","href":"https:\/\/api.w.org\/{rel}","templated":true}]}}