{"id":2281,"date":"2020-05-12T01:43:29","date_gmt":"2020-05-11T22:43:29","guid":{"rendered":"https:\/\/hansu.av.tr\/staedtisches-umwandlungsrecht\/"},"modified":"2020-07-18T15:25:09","modified_gmt":"2020-07-18T12:25:09","slug":"staedtisches-umwandlungsrecht","status":"publish","type":"page","link":"https:\/\/hansu.av.tr\/de\/kompetenzen\/staedtisches-umwandlungsrecht\/","title":{"rendered":"St\u00e4dtisches Umwandlungsrecht"},"content":{"rendered":"\t\t<div data-elementor-type=\"wp-post\" data-elementor-id=\"2281\" class=\"elementor elementor-2281 elementor-630\">\n\t\t\t\t\t\t<div class=\"elementor-inner\">\n\t\t\t\t<div class=\"elementor-section-wrap\">\n\t\t\t\t\t\t\t\t\t<section class=\"elementor-section elementor-top-section elementor-element elementor-element-59bdfc2 elementor-section-boxed elementor-section-height-default elementor-section-height-default\" data-id=\"59bdfc2\" data-element_type=\"section\">\n\t\t\t\t\t\t<div class=\"elementor-container elementor-column-gap-default\">\n\t\t\t\t\t\t\t<div class=\"elementor-row\">\n\t\t\t\t\t<div class=\"elementor-column elementor-col-100 elementor-top-column elementor-element elementor-element-f8da337\" data-id=\"f8da337\" data-element_type=\"column\">\n\t\t\t<div class=\"elementor-column-wrap elementor-element-populated\">\n\t\t\t\t\t\t\t<div class=\"elementor-widget-wrap\">\n\t\t\t\t\t\t<div class=\"elementor-element elementor-element-a52bf36 elementor-widget elementor-widget-text-editor\" data-id=\"a52bf36\" data-element_type=\"widget\" data-widget_type=\"text-editor.default\">\n\t\t\t\t<div class=\"elementor-widget-container\">\n\t\t\t\t\t\t\t\t<div class=\"elementor-text-editor elementor-clearfix\">\n\t\t\t\t<p><strong>Wie k\u00f6nnen wir Sie unterst\u00fctzen?<\/strong><\/p><p>St\u00e4dtische Umwandlung kann definiert werden als Wiederaufbau der risikoreichen Gebiete in der Stadt und die Umwandlung in gesunde und lebenswerte R\u00e4ume. In diesem Zusammenhang verf\u00fcgt unsere Anwaltskanzlei \u00fcber umfassende Erfahrung bei der Auswahl des Gebiets, in dem das Stadtumwandlungsprojekt durchgef\u00fchrt werden soll, bei der Durchf\u00fchrung der entsprechenden Baut\u00e4tigkeiten ohne jeglichen Rechtsstreit, bei der Erstellung von erforderlichen Vertr\u00e4ge zwischen Grundst\u00fcckseigent\u00fcmern und Bauunternehmen, bei der Vertretung der Parteien in allen Rechtsstreitigkeiten \u00fcber die Stadtumwandlung und bei der Verfolgung aller rechtlichen Fragen im Zusammenhang mit der \u00dcbertragung des Eigentums.<\/p><p><strong>Wen unterst\u00fctzen wir?<\/strong><\/p><p>Unsere Anwaltskanzlei bietet Bauunternehmen, Grundst\u00fcckseigent\u00fcmern und Investoren rechtliche Unterst\u00fctzung bei der Erkennung, Verhinderung und Beilegung von Rechtsstreitigkeiten, die sich aus der Praxis der st\u00e4dtischen Umwandlung ergeben.<\/p><p>\u00a0<\/p>\t\t\t\t\t<\/div>\n\t\t\t\t\t\t<\/div>\n\t\t\t\t<\/div>\n\t\t\t\t\t\t<\/div>\n\t\t\t\t\t<\/div>\n\t\t<\/div>\n\t\t\t\t\t\t\t\t<\/div>\n\t\t\t\t\t<\/div>\n\t\t<\/section>\n\t\t\t\t\t\t\t\t\t<\/div>\n\t\t\t<\/div>\n\t\t\t\t\t<\/div>\n\t\t","protected":false},"excerpt":{"rendered":"<p>Wie k\u00f6nnen wir Sie unterst\u00fctzen? St\u00e4dtische Umwandlung kann definiert werden als Wiederaufbau der risikoreichen Gebiete in der Stadt und die Umwandlung in gesunde und lebenswerte R\u00e4ume. In diesem Zusammenhang verf\u00fcgt unsere Anwaltskanzlei \u00fcber umfassende Erfahrung bei der Auswahl des Gebiets, in dem das Stadtumwandlungsprojekt durchgef\u00fchrt werden soll, bei der Durchf\u00fchrung der entsprechenden Baut\u00e4tigkeiten ohne jeglichen&#8230;<\/p>\n","protected":false},"author":1,"featured_media":5618,"parent":2337,"menu_order":361,"comment_status":"closed","ping_status":"closed","template":"","meta":[],"acf":[],"_links":{"self":[{"href":"https:\/\/hansu.av.tr\/de\/wp-json\/wp\/v2\/pages\/2281"}],"collection":[{"href":"https:\/\/hansu.av.tr\/de\/wp-json\/wp\/v2\/pages"}],"about":[{"href":"https:\/\/hansu.av.tr\/de\/wp-json\/wp\/v2\/types\/page"}],"author":[{"embeddable":true,"href":"https:\/\/hansu.av.tr\/de\/wp-json\/wp\/v2\/users\/1"}],"replies":[{"embeddable":true,"href":"https:\/\/hansu.av.tr\/de\/wp-json\/wp\/v2\/comments?post=2281"}],"version-history":[{"count":6,"href":"https:\/\/hansu.av.tr\/de\/wp-json\/wp\/v2\/pages\/2281\/revisions"}],"predecessor-version":[{"id":6104,"href":"https:\/\/hansu.av.tr\/de\/wp-json\/wp\/v2\/pages\/2281\/revisions\/6104"}],"up":[{"embeddable":true,"href":"https:\/\/hansu.av.tr\/de\/wp-json\/wp\/v2\/pages\/2337"}],"wp:featuredmedia":[{"embeddable":true,"href":"https:\/\/hansu.av.tr\/de\/wp-json\/wp\/v2\/media\/5618"}],"wp:attachment":[{"href":"https:\/\/hansu.av.tr\/de\/wp-json\/wp\/v2\/media?parent=2281"}],"curies":[{"name":"wp","href":"https:\/\/api.w.org\/{rel}","templated":true}]}}