{"id":2285,"date":"2020-05-12T01:44:12","date_gmt":"2020-05-11T22:44:12","guid":{"rendered":"https:\/\/hansu.av.tr\/oeffentliche-auftraege-und-vergaberecht\/"},"modified":"2020-07-18T17:10:02","modified_gmt":"2020-07-18T14:10:02","slug":"oeffentliche-auftraege-und-vergaberecht","status":"publish","type":"page","link":"https:\/\/hansu.av.tr\/de\/kompetenzen\/oeffentliche-auftraege-und-vergaberecht\/","title":{"rendered":"\u00d6ffentliche Auftr\u00e4ge und Vergaberecht"},"content":{"rendered":"\t\t<div data-elementor-type=\"wp-post\" data-elementor-id=\"2285\" class=\"elementor elementor-2285 elementor-647\">\n\t\t\t\t\t\t<div class=\"elementor-inner\">\n\t\t\t\t<div class=\"elementor-section-wrap\">\n\t\t\t\t\t\t\t\t\t<section class=\"elementor-section elementor-top-section elementor-element elementor-element-cecf3df elementor-section-boxed elementor-section-height-default elementor-section-height-default\" data-id=\"cecf3df\" data-element_type=\"section\">\n\t\t\t\t\t\t<div class=\"elementor-container elementor-column-gap-default\">\n\t\t\t\t\t\t\t<div class=\"elementor-row\">\n\t\t\t\t\t<div class=\"elementor-column elementor-col-100 elementor-top-column elementor-element elementor-element-dc43d0e\" data-id=\"dc43d0e\" data-element_type=\"column\">\n\t\t\t<div class=\"elementor-column-wrap elementor-element-populated\">\n\t\t\t\t\t\t\t<div class=\"elementor-widget-wrap\">\n\t\t\t\t\t\t<div class=\"elementor-element elementor-element-0a107e8 elementor-widget elementor-widget-text-editor\" data-id=\"0a107e8\" data-element_type=\"widget\" data-widget_type=\"text-editor.default\">\n\t\t\t\t<div class=\"elementor-widget-container\">\n\t\t\t\t\t\t\t\t<div class=\"elementor-text-editor elementor-clearfix\">\n\t\t\t\t<p><strong>Wie k\u00f6nnen wir Sie unterst\u00fctzen?<\/strong><\/p><p>Unsere Anwaltskanzlei bietet privaten Gesellschaften rechtliche Beratung im Zusammenhang mit dem Verfahren der Beschaffung von G\u00fctern und Dienstleistungen durch \u00f6ffentliche Beh\u00f6rden und Gemeinden, den Bekanntmachungen und Vereinbarungen \u00fcber die Auftragsvergabe, der Mitteilung von Angeboten sowie der Bau- und Vertragsphase. Mit ihren fachspezifischen Kenntnissen verf\u00fcgen unsere Anw\u00e4lte \u00fcber umfassende Expertise im Bereich des \u00f6ffentlichen Auftragswesens gem\u00e4\u00df dem Gesetz Nr. 2886.<\/p><p><strong>Wen unterst\u00fctzen wir?<\/strong><\/p><p>Alle Beteiligten an Ausschreibungen zur Beschaffung von G\u00fctern und Dienstleistungen sowie Bauarbeiten gem\u00e4\u00df dem Gesetz \u00fcber das staatliche Beschaffungswesen Nr. 2886, dem Gesetz \u00fcber das \u00f6ffentliche Beschaffungswesen Nr. 4734 und anderen damit zusammenh\u00e4ngenden Vorschriften k\u00f6nnen von unseren umfassenden Rechtsdienstleistungen profitieren.<\/p><p>\u00a0<\/p>\t\t\t\t\t<\/div>\n\t\t\t\t\t\t<\/div>\n\t\t\t\t<\/div>\n\t\t\t\t\t\t<\/div>\n\t\t\t\t\t<\/div>\n\t\t<\/div>\n\t\t\t\t\t\t\t\t<\/div>\n\t\t\t\t\t<\/div>\n\t\t<\/section>\n\t\t\t\t\t\t\t\t\t<\/div>\n\t\t\t<\/div>\n\t\t\t\t\t<\/div>\n\t\t","protected":false},"excerpt":{"rendered":"<p>Wie k\u00f6nnen wir Sie unterst\u00fctzen? Unsere Anwaltskanzlei bietet privaten Gesellschaften rechtliche Beratung im Zusammenhang mit dem Verfahren der Beschaffung von G\u00fctern und Dienstleistungen durch \u00f6ffentliche Beh\u00f6rden und Gemeinden, den Bekanntmachungen und Vereinbarungen \u00fcber die Auftragsvergabe, der Mitteilung von Angeboten sowie der Bau- und Vertragsphase. Mit ihren fachspezifischen Kenntnissen verf\u00fcgen unsere Anw\u00e4lte \u00fcber umfassende Expertise im&#8230;<\/p>\n","protected":false},"author":1,"featured_media":5660,"parent":2337,"menu_order":287,"comment_status":"closed","ping_status":"closed","template":"","meta":[],"acf":[],"_links":{"self":[{"href":"https:\/\/hansu.av.tr\/de\/wp-json\/wp\/v2\/pages\/2285"}],"collection":[{"href":"https:\/\/hansu.av.tr\/de\/wp-json\/wp\/v2\/pages"}],"about":[{"href":"https:\/\/hansu.av.tr\/de\/wp-json\/wp\/v2\/types\/page"}],"author":[{"embeddable":true,"href":"https:\/\/hansu.av.tr\/de\/wp-json\/wp\/v2\/users\/1"}],"replies":[{"embeddable":true,"href":"https:\/\/hansu.av.tr\/de\/wp-json\/wp\/v2\/comments?post=2285"}],"version-history":[{"count":5,"href":"https:\/\/hansu.av.tr\/de\/wp-json\/wp\/v2\/pages\/2285\/revisions"}],"predecessor-version":[{"id":6161,"href":"https:\/\/hansu.av.tr\/de\/wp-json\/wp\/v2\/pages\/2285\/revisions\/6161"}],"up":[{"embeddable":true,"href":"https:\/\/hansu.av.tr\/de\/wp-json\/wp\/v2\/pages\/2337"}],"wp:featuredmedia":[{"embeddable":true,"href":"https:\/\/hansu.av.tr\/de\/wp-json\/wp\/v2\/media\/5660"}],"wp:attachment":[{"href":"https:\/\/hansu.av.tr\/de\/wp-json\/wp\/v2\/media?parent=2285"}],"curies":[{"name":"wp","href":"https:\/\/api.w.org\/{rel}","templated":true}]}}