{"id":2289,"date":"2020-05-12T01:44:43","date_gmt":"2020-05-11T22:44:43","guid":{"rendered":"https:\/\/hansu.av.tr\/kunst-museum-und-kulturgueterrecht\/"},"modified":"2020-07-18T16:45:51","modified_gmt":"2020-07-18T13:45:51","slug":"kunst-museum-und-kulturgueterrecht","status":"publish","type":"page","link":"https:\/\/hansu.av.tr\/de\/kompetenzen\/kunst-museum-und-kulturgueterrecht\/","title":{"rendered":"Kunst\/Museum und Kulturg\u00fcterrecht"},"content":{"rendered":"\t\t<div data-elementor-type=\"wp-page\" data-elementor-id=\"2289\" class=\"elementor elementor-2289 elementor-1468\">\n\t\t\t\t\t\t<div class=\"elementor-inner\">\n\t\t\t\t<div class=\"elementor-section-wrap\">\n\t\t\t\t\t\t\t\t\t<section class=\"elementor-section elementor-top-section elementor-element elementor-element-a3ee7ba elementor-section-boxed elementor-section-height-default elementor-section-height-default\" data-id=\"a3ee7ba\" data-element_type=\"section\">\n\t\t\t\t\t\t<div class=\"elementor-container elementor-column-gap-default\">\n\t\t\t\t\t\t\t<div class=\"elementor-row\">\n\t\t\t\t\t<div class=\"elementor-column elementor-col-100 elementor-top-column elementor-element elementor-element-fcedb21\" data-id=\"fcedb21\" data-element_type=\"column\">\n\t\t\t<div class=\"elementor-column-wrap elementor-element-populated\">\n\t\t\t\t\t\t\t<div class=\"elementor-widget-wrap\">\n\t\t\t\t\t\t<div class=\"elementor-element elementor-element-be648e8 elementor-widget elementor-widget-text-editor\" data-id=\"be648e8\" data-element_type=\"widget\" data-widget_type=\"text-editor.default\">\n\t\t\t\t<div class=\"elementor-widget-container\">\n\t\t\t\t\t\t\t\t<div class=\"elementor-text-editor elementor-clearfix\">\n\t\t\t\t<p class=\"p1\"><span class=\"s1\"><b>Wie k\u00f6nnen wir Sie unterst\u00fctzen?<\/b><\/span><\/p><p class=\"p1\"><span class=\"s1\">Die erfahrenen Anw\u00e4lte von der Hansu Anwaltskanzlei beraten genau zugeschnitten auf die besonderen Interessen und Bed\u00fcrfnisse von Museen, privaten und Firmensammlern, K\u00fcnstlern und Kunsth\u00e4ndlern umfassend. Unser Schwerpunktbereich liegt auf der Gestaltung von Vertr\u00e4gen sowohl mit den Kuratoren, K\u00fcnstlern, Galerien, Versicherungen der genannten Kunstwerke und auf der Behandlung von urheberrechtlichen Fragen. Au\u00dferdem bieten wir K\u00fcnstlern und Sammlern Unterst\u00fctzung bei den angemessenen Methoden zur Bewertung des Werkes einschlie\u00dflich Steuer- und Nachlassplanung an. Dar\u00fcber hinaus unterst\u00fctzen wir K\u00fcnstler und Sammler bei der Gr\u00fcndung von privaten Stiftungen und Museen. Wir beraten unsere Kunden auch in allen Transaktionsangelegenheiten im Zusammenhang mit Kunst, einschlie\u00dflich der Beratung und Strukturierung von Gesch\u00e4ften f\u00fcr den Kauf und Verkauf von Kunstwerken, der Erstellung von Ausstellungs- und Leihvertr\u00e4gen sowie Strukturierungsvertr\u00e4ge zwischen Museen oder zwischen Museen und anderen Organisationen, Kunstimport und -handel, Kunstversicherung, Kunststrafrecht einschlie\u00dflich Betrug, Kulturgutbesitz, rechtliche Aspekte der Authentizit\u00e4t sowie rechtliche Fragen betreffend Anspr\u00fcche Dritter im Zusammenhang mit dem konkreten Kunstwerk.<\/span><\/p><p class=\"p1\"><span class=\"s1\">Wir bieten auch Anwaltsdienstleistungen im Bereich Recht des geistigen Eigentums an. Zu unserem Leistungsspektrum geh\u00f6ren die Einreichung von Klageschriften, die Prozessf\u00fchrung vor dem T\u00fcrkischen Patentinstitut in Angelegenheiten mit Bezug auf Marken, Patenten, Industriemustern, der Schutz von Gesch\u00e4ftsgeheimnissen und Know-how, die Gestaltung und Verhandlung von Lizenzvertr\u00e4gen im Zusammenhang mit Kino, Fernsehen, Musik und Technologietransfer.<\/span><\/p><p class=\"p1\"><span class=\"s1\"><b>Wen unterst\u00fctzen wir?<\/b><\/span><\/p><p class=\"p1\"><span class=\"s1\">Zu unseren Mandanten geh\u00f6ren \u00f6rtlichen, nationalen und internationalen Museen einschlie\u00dflich Kuratoren, Vorstandsmitglieder und Museumsdirektoren sowie K\u00fcnstler, private Sammler, Kunstinvestoren, privaten Stiftungen, Galerien und Auktionsh\u00e4user.<\/span><\/p>\t\t\t\t\t<\/div>\n\t\t\t\t\t\t<\/div>\n\t\t\t\t<\/div>\n\t\t\t\t\t\t<\/div>\n\t\t\t\t\t<\/div>\n\t\t<\/div>\n\t\t\t\t\t\t\t\t<\/div>\n\t\t\t\t\t<\/div>\n\t\t<\/section>\n\t\t\t\t\t\t\t\t\t<\/div>\n\t\t\t<\/div>\n\t\t\t\t\t<\/div>\n\t\t","protected":false},"excerpt":{"rendered":"<p>Wie k\u00f6nnen wir Sie unterst\u00fctzen? Die erfahrenen Anw\u00e4lte von der Hansu Anwaltskanzlei beraten genau zugeschnitten auf die besonderen Interessen und Bed\u00fcrfnisse von Museen, privaten und Firmensammlern, K\u00fcnstlern und Kunsth\u00e4ndlern umfassend. Unser Schwerpunktbereich liegt auf der Gestaltung von Vertr\u00e4gen sowohl mit den Kuratoren, K\u00fcnstlern, Galerien, Versicherungen der genannten Kunstwerke und auf der Behandlung von urheberrechtlichen Fragen&#8230;.<\/p>\n","protected":false},"author":1,"featured_media":5640,"parent":2337,"menu_order":401,"comment_status":"closed","ping_status":"closed","template":"","meta":[],"acf":[],"_links":{"self":[{"href":"https:\/\/hansu.av.tr\/de\/wp-json\/wp\/v2\/pages\/2289"}],"collection":[{"href":"https:\/\/hansu.av.tr\/de\/wp-json\/wp\/v2\/pages"}],"about":[{"href":"https:\/\/hansu.av.tr\/de\/wp-json\/wp\/v2\/types\/page"}],"author":[{"embeddable":true,"href":"https:\/\/hansu.av.tr\/de\/wp-json\/wp\/v2\/users\/1"}],"replies":[{"embeddable":true,"href":"https:\/\/hansu.av.tr\/de\/wp-json\/wp\/v2\/comments?post=2289"}],"version-history":[{"count":5,"href":"https:\/\/hansu.av.tr\/de\/wp-json\/wp\/v2\/pages\/2289\/revisions"}],"predecessor-version":[{"id":6138,"href":"https:\/\/hansu.av.tr\/de\/wp-json\/wp\/v2\/pages\/2289\/revisions\/6138"}],"up":[{"embeddable":true,"href":"https:\/\/hansu.av.tr\/de\/wp-json\/wp\/v2\/pages\/2337"}],"wp:featuredmedia":[{"embeddable":true,"href":"https:\/\/hansu.av.tr\/de\/wp-json\/wp\/v2\/media\/5640"}],"wp:attachment":[{"href":"https:\/\/hansu.av.tr\/de\/wp-json\/wp\/v2\/media?parent=2289"}],"curies":[{"name":"wp","href":"https:\/\/api.w.org\/{rel}","templated":true}]}}