{"id":2293,"date":"2020-05-12T01:45:18","date_gmt":"2020-05-11T22:45:18","guid":{"rendered":"https:\/\/hansu.av.tr\/arbeitsrecht-arbeitsentgelt-sozialversicherung\/"},"modified":"2020-07-18T16:52:49","modified_gmt":"2020-07-18T13:52:49","slug":"arbeitsrecht-arbeitsentgelt-sozialversicherung","status":"publish","type":"page","link":"https:\/\/hansu.av.tr\/de\/kompetenzen\/arbeitsrecht-arbeitsentgelt-sozialversicherung\/","title":{"rendered":"Arbeitsrecht\/Arbeitsentgelt\/Sozialversicherung"},"content":{"rendered":"\t\t<div data-elementor-type=\"wp-page\" data-elementor-id=\"2293\" class=\"elementor elementor-2293 elementor-1504\">\n\t\t\t\t\t\t<div class=\"elementor-inner\">\n\t\t\t\t<div class=\"elementor-section-wrap\">\n\t\t\t\t\t\t\t\t\t<section class=\"elementor-section elementor-top-section elementor-element elementor-element-a898ebc elementor-section-boxed elementor-section-height-default elementor-section-height-default\" data-id=\"a898ebc\" data-element_type=\"section\">\n\t\t\t\t\t\t<div class=\"elementor-container elementor-column-gap-default\">\n\t\t\t\t\t\t\t<div class=\"elementor-row\">\n\t\t\t\t\t<div class=\"elementor-column elementor-col-100 elementor-top-column elementor-element elementor-element-13152a8\" data-id=\"13152a8\" data-element_type=\"column\">\n\t\t\t<div class=\"elementor-column-wrap elementor-element-populated\">\n\t\t\t\t\t\t\t<div class=\"elementor-widget-wrap\">\n\t\t\t\t\t\t<div class=\"elementor-element elementor-element-7e302f8 elementor-widget elementor-widget-text-editor\" data-id=\"7e302f8\" data-element_type=\"widget\" data-widget_type=\"text-editor.default\">\n\t\t\t\t<div class=\"elementor-widget-container\">\n\t\t\t\t\t\t\t\t<div class=\"elementor-text-editor elementor-clearfix\">\n\t\t\t\t<p class=\"p1\"><span class=\"s1\"><b>Wie k\u00f6nnen wir Sie unterst\u00fctzen?<\/b><\/span><\/p><p class=\"p1\"><span class=\"s1\">Unsere Rechtsanwaltskanzlei ber\u00e4t t\u00fcrkische sowie internationale Unternehmen auf allen Gebieten des Arbeitsrechts einschlie\u00dflich der Erstellung und Pr\u00fcfung der Arbeitsvertr\u00e4ge, K\u00fcndigung der Arbeitsvertr\u00e4ge, Gestaltung und Verhandlung der gegenseitigen Vertr\u00e4ge und Vergleiche. Wir vertreten unsere Mandanten in allen Rechtsstreitigkeiten, die sich aus dem Sozialversicherungs- und Arbeitsrecht ergeben.<\/span><\/p><p class=\"p1\"><span class=\"s1\">Dar\u00fcber hinaus bietet unsere Anwaltskanzlei arbeitsrechtliche Schulungen f\u00fcr die entsprechenden Abteilungen der Unternehmen an, welche besonders im Energie-, Chemie-, Automobil-, Gesundheits-, Bildungs- und Tourismussektor t\u00e4tig sind, und unterst\u00fctzt unsere Mandanten bei der Entwicklung und Gestaltung von Personalstrategien.<\/span><\/p><p class=\"p1\"><span class=\"s1\">Wir vertreten unsere Mandanten in allen Streitigkeiten im Hinblick auf die Gewerkschaften und die Aus\u00fcbung der Arbeitgeber- und Arbeitnehmerrechte, in Einspruchsverfahren gegen die Festlegung der gewerkschaftlichen Autorisierung sowie in Streitigkeiten \u00fcber die gewerkschaftlichen Entsch\u00e4digungen, die Durchf\u00fchrung des Tarifvertrages. Unsere Anwaltskanzlei unterst\u00fctzt Sie bei der Vorbereitung, F\u00fchrung und Durchf\u00fchrung der Tarifvertragssitzungen sowie bei der Erstellung der Tarifvertr\u00e4ge.<\/span><\/p><p class=\"p1\"><span class=\"s1\"><b>Wen unterst\u00fctzen wir?<\/b><\/span><\/p><p class=\"p1\"><span class=\"s1\">In der T\u00fcrkei werden die arbeitsrechtlichen Vorschriften, wie in vielen anderen L\u00e4ndern, zugunsten der Arbeitnehmer ausgelegt. Wir glauben, dass jeder einzelne sch\u00fctzenswert ist, unabh\u00e4ngig davon, ob es sich um ein Unternehmen oder eine Einzelperson handelt. Wir beraten Unternehmen in allen Schritten eines Arbeitsverh\u00e4ltnisses und unterst\u00fctzen sowohl Arbeitgeber als auch Arbeitnehmer, um eine gute Arbeitsatmosph\u00e4re in ihrem Betrieb zu schaffen.<\/span><\/p><p>\u00a0<\/p>\t\t\t\t\t<\/div>\n\t\t\t\t\t\t<\/div>\n\t\t\t\t<\/div>\n\t\t\t\t\t\t<\/div>\n\t\t\t\t\t<\/div>\n\t\t<\/div>\n\t\t\t\t\t\t\t\t<\/div>\n\t\t\t\t\t<\/div>\n\t\t<\/section>\n\t\t\t\t\t\t\t\t\t<\/div>\n\t\t\t<\/div>\n\t\t\t\t\t<\/div>\n\t\t","protected":false},"excerpt":{"rendered":"<p>Wie k\u00f6nnen wir Sie unterst\u00fctzen? Unsere Rechtsanwaltskanzlei ber\u00e4t t\u00fcrkische sowie internationale Unternehmen auf allen Gebieten des Arbeitsrechts einschlie\u00dflich der Erstellung und Pr\u00fcfung der Arbeitsvertr\u00e4ge, K\u00fcndigung der Arbeitsvertr\u00e4ge, Gestaltung und Verhandlung der gegenseitigen Vertr\u00e4ge und Vergleiche. Wir vertreten unsere Mandanten in allen Rechtsstreitigkeiten, die sich aus dem Sozialversicherungs- und Arbeitsrecht ergeben. Dar\u00fcber hinaus bietet unsere Anwaltskanzlei&#8230;<\/p>\n","protected":false},"author":1,"featured_media":5646,"parent":2337,"menu_order":297,"comment_status":"closed","ping_status":"closed","template":"","meta":[],"acf":[],"_links":{"self":[{"href":"https:\/\/hansu.av.tr\/de\/wp-json\/wp\/v2\/pages\/2293"}],"collection":[{"href":"https:\/\/hansu.av.tr\/de\/wp-json\/wp\/v2\/pages"}],"about":[{"href":"https:\/\/hansu.av.tr\/de\/wp-json\/wp\/v2\/types\/page"}],"author":[{"embeddable":true,"href":"https:\/\/hansu.av.tr\/de\/wp-json\/wp\/v2\/users\/1"}],"replies":[{"embeddable":true,"href":"https:\/\/hansu.av.tr\/de\/wp-json\/wp\/v2\/comments?post=2293"}],"version-history":[{"count":7,"href":"https:\/\/hansu.av.tr\/de\/wp-json\/wp\/v2\/pages\/2293\/revisions"}],"predecessor-version":[{"id":6145,"href":"https:\/\/hansu.av.tr\/de\/wp-json\/wp\/v2\/pages\/2293\/revisions\/6145"}],"up":[{"embeddable":true,"href":"https:\/\/hansu.av.tr\/de\/wp-json\/wp\/v2\/pages\/2337"}],"wp:featuredmedia":[{"embeddable":true,"href":"https:\/\/hansu.av.tr\/de\/wp-json\/wp\/v2\/media\/5646"}],"wp:attachment":[{"href":"https:\/\/hansu.av.tr\/de\/wp-json\/wp\/v2\/media?parent=2293"}],"curies":[{"name":"wp","href":"https:\/\/api.w.org\/{rel}","templated":true}]}}