{"id":2297,"date":"2020-05-12T01:45:53","date_gmt":"2020-05-11T22:45:53","guid":{"rendered":"https:\/\/hansu.av.tr\/transport-und-logistik\/"},"modified":"2020-07-30T13:14:26","modified_gmt":"2020-07-30T10:14:26","slug":"transport-und-logistik","status":"publish","type":"page","link":"https:\/\/hansu.av.tr\/de\/kompetenzen\/transport-und-logistik\/","title":{"rendered":"Transport und Logistikrecht"},"content":{"rendered":"\t\t<div data-elementor-type=\"wp-page\" data-elementor-id=\"2297\" class=\"elementor elementor-2297 elementor-1528\">\n\t\t\t\t\t\t<div class=\"elementor-inner\">\n\t\t\t\t<div class=\"elementor-section-wrap\">\n\t\t\t\t\t\t\t\t\t<section class=\"elementor-section elementor-top-section elementor-element elementor-element-e2c92eb elementor-section-boxed elementor-section-height-default elementor-section-height-default\" data-id=\"e2c92eb\" data-element_type=\"section\">\n\t\t\t\t\t\t<div class=\"elementor-container elementor-column-gap-default\">\n\t\t\t\t\t\t\t<div class=\"elementor-row\">\n\t\t\t\t\t<div class=\"elementor-column elementor-col-100 elementor-top-column elementor-element elementor-element-6988eca\" data-id=\"6988eca\" data-element_type=\"column\">\n\t\t\t<div class=\"elementor-column-wrap elementor-element-populated\">\n\t\t\t\t\t\t\t<div class=\"elementor-widget-wrap\">\n\t\t\t\t\t\t<div class=\"elementor-element elementor-element-5b3c39a elementor-widget elementor-widget-text-editor\" data-id=\"5b3c39a\" data-element_type=\"widget\" data-widget_type=\"text-editor.default\">\n\t\t\t\t<div class=\"elementor-widget-container\">\n\t\t\t\t\t\t\t\t<div class=\"elementor-text-editor elementor-clearfix\">\n\t\t\t\t<p class=\"p1\"><span class=\"s1\"><b>Wie k\u00f6nnen wir Sie unterst\u00fctzen?<\/b><\/span><\/p><p class=\"p1\"><span class=\"s1\">Unsere Anwaltskanzlei ist Ihr Dienstleister f\u00fcr s\u00e4mtliche rechtlichen Belange des Transport- und Logistiksektors. Dabei bieten wir ma\u00dfgeschneiderte L\u00f6sungen an, um die Endziele unserer Mandanten zu erreichen. <\/span><\/p><p class=\"p1\"><span class=\"s1\">Wir bieten Unternehmen der Transport- und Logistikbranche umfassende und hochqualifizierte Rechtsberatung in allen Bereichen des Transportrechts an:<\/span><\/p><ul class=\"ul1\"><li class=\"li1\"><span class=\"s1\">Schadensberarbeitung (Claims Handling) im nationalen und internationalen Stra\u00dfen-, Luft- und Seetransport (basierend auf CMR, Montrealer \u00dcbereinkommen und anderen relevanten internationalen Konventionen) sowie bei multimodalen G\u00fctertransporten<\/span><\/li><\/ul><ul class=\"ul1\"><li class=\"li1\"><span class=\"s1\">Abwehr von Schadenersatzanspr\u00fcchen au\u00dfergerichtlich und vor staatlichen Gerichten oder in Schiedsverfahren<\/span><\/li><\/ul><ul class=\"ul1\"><li class=\"li1\"><span class=\"s1\">Durchsetzung und Vollstreckung von frachtrechtlichen Anspr\u00fcchen<\/span><\/li><\/ul><ul class=\"ul1\"><li class=\"li1\"><span class=\"s1\">Unterst\u00fctzung bei der Gestaltung und Pr\u00fcfung von Vertr\u00e4gen und Allgemeinen Bef\u00f6rderungsbedingungen in der Transport- und Logistikbranche<\/span><\/li><\/ul><ul class=\"ul1\"><li class=\"li1\"><span class=\"s1\">Beratung in regulatorischen Fragen im Bereich des Transport- und Logistikrechts<\/span><\/li><\/ul><p class=\"p1\"><span class=\"s1\">Dar\u00fcber hinaus ber\u00e4t unser erfahrenes Team Unternehmen der Transport- und Logistikbranche in allen damit zusammenh\u00e4ngenden Rechtsthemen, z.B. aus dem Arbeits-, Gesellschafts-, Immobilien- und Datenschutzrecht sowie im gewerblichen Rechtsschutz.<\/span><\/p><p class=\"p1\"><span class=\"s1\"><b>Seetransport<\/b><\/span><\/p><p class=\"p1\"><span class=\"s1\">Die Bef\u00f6rderung von G\u00fctern auf dem Seeweg ist vom internationalen Handel untrennbar, weil sie mit jeder Form der Warenbewegung und jedem Verkehrstr\u00e4ger, sei es auf der Stra\u00dfe, in der Luft oder auf der Schiene, eng verbunden ist. Das Seerecht ist aufgrund seiner globalen Aspekte eines der komplexen Rechtsgebiete, in dem Praktiker oft mit unterschiedlichen Rechtssystemen in Kontakt kommen.<\/span><\/p><p class=\"p1\"><span class=\"s1\">Wir bieten allen Akteuren des Seeverkehrs L\u00f6sungen aus einer Hand an und beraten Verlader, Warenlieferanten und -hersteller, Verfrachter und Reeder. Unsere Kanzlei verf\u00fcgt \u00fcber die fachspezifischen Kenntnisse und Erfahrungen in allen Bereich des maritimen Wirtschaftsrechts, unabh\u00e4ngig davon, ob es sich um den Schiffsbetrieb, den Kauf, die Versicherung oder einfach nur um die eigentliche Transportleistung handelt.<\/span><\/p><p class=\"p1\"><span class=\"s1\">Unsere Anwaltskanzlei ber\u00e4t und vertritt eines der f\u00fchrenden Unternehmen in der Seeverkehrsbranche. Unser Team von Anw\u00e4lten mit Fremdsprachenkenntnissen und umfassender Erfahrung in ausl\u00e4ndischen Jurisdiktionen beraten zur Ermittlung, Verhinderung und Beilegung von seerechtlichen Streitigkeiten, unterst\u00fctzen unsere Mandanten bei der Konfliktl\u00f6sung und vertreten<span class=\"Apple-converted-space\">\u00a0 <\/span>in s\u00e4mtlichen mit dem Seerecht zusammenh\u00e4ngenden Rechtsstreitigkeiten.<\/span><\/p><p class=\"p1\"><span class=\"s1\">Zu unserem umfassenden Mandantenportfolio z\u00e4hlen Eigent\u00fcmer, Charterer, Versicherer, Schiffsbetreiber, NVOCC und Finanzierer. Unser Team von Experten ist in der Lage, Akteure der Seetransportbranche in allen Angelegenheiten im Zusammenhang mit dem Seetransportrecht zu beraten.<\/span><\/p><p class=\"p1\"><span class=\"s1\"><b>Stra\u00dfentransport<\/b><\/span><\/p><p class=\"p1\"><span class=\"s1\">Wir beraten Unternehmen auch in s\u00e4mtlichen frachtrechtlichen Streitigkeiten einschlie\u00dflich Abwehr vor Schadensersatzanspr\u00fcchen wegen Verlust<span class=\"Apple-converted-space\">\u00a0 <\/span>oder<span class=\"Apple-converted-space\">\u00a0 <\/span>Besch\u00e4digung<span class=\"Apple-converted-space\">\u00a0 <\/span>der<span class=\"Apple-converted-space\">\u00a0 <\/span>G\u00fcter sowie<span class=\"Apple-converted-space\">\u00a0 <\/span>f\u00fcr<span class=\"Apple-converted-space\">\u00a0 <\/span>versp\u00e4tete<span class=\"Apple-converted-space\">\u00a0 <\/span>Ablieferung w\u00e4hrend inl\u00e4ndischer und internationaler Stra\u00dfentransporte (basierend auf dem t\u00fcrkischen Transportrecht bzw. der CMR) au\u00dfergerichtlich sowie vor nationalen Gerichten oder Schiedsgerichten und bei der Durchsetzung und Vollstreckung von s\u00e4mtlichen frachtrechtlichen Anspr\u00fcchen.<\/span><\/p><p class=\"p1\"><span class=\"s1\"><b>Lufttransport<\/b><\/span><\/p><p class=\"p1\"><span class=\"s1\">Dar\u00fcber hinaus unterst\u00fctzt unser Expertenteam Unternehmen der Luftverkehrsbranche und Fluggesellschaften auf dem Gebiet des Luftverkehrsrechts und ber\u00e4t Mandanten zur Beilegung von Rechtsstreitigkeiten wie z.B. Abwehr vor Anspr\u00fcchen aus Verlust, Besch\u00e4digung der G\u00fcter sowie Lieferfrist\u00fcberschreitung auf Grundlage des nationalen und internationalen Lufttransportrechts (nationale Rechtsvorschriften bzw. Montrealer und Warschauer Abkommen), au\u00dfergerichtlich sowie vor nationalen Gerichten oder Schiedsgerichten und bei der Durchsetzung und Vollstreckung von s\u00e4mtlichen frachtrechtlichen Anspr\u00fcchen auf dem Gebiet des Lufttransportrechts.<\/span><\/p><p class=\"p1\"><span class=\"s1\"><b>Wen unterst\u00fctzen wir?<\/b><\/span><\/p><p class=\"p1\"><span class=\"s1\">Unsere Anwaltskanzlei bietet allen Akteuren der Lieferkette einschlie\u00dflich nationaler und internationaler Logistikdienstleister, Spediteure, Lagerunternehmen, Luftfrachtagenten und Fluggesellschaften sowie Reedereien umfassende Rechtsberatung an.<\/span><\/p><p>\u00a0<\/p>\t\t\t\t\t<\/div>\n\t\t\t\t\t\t<\/div>\n\t\t\t\t<\/div>\n\t\t\t\t\t\t<\/div>\n\t\t\t\t\t<\/div>\n\t\t<\/div>\n\t\t\t\t\t\t\t\t<\/div>\n\t\t\t\t\t<\/div>\n\t\t<\/section>\n\t\t\t\t\t\t\t\t\t<\/div>\n\t\t\t<\/div>\n\t\t\t\t\t<\/div>\n\t\t","protected":false},"excerpt":{"rendered":"<p>Wie k\u00f6nnen wir Sie unterst\u00fctzen? Unsere Anwaltskanzlei ist Ihr Dienstleister f\u00fcr s\u00e4mtliche rechtlichen Belange des Transport- und Logistiksektors. Dabei bieten wir ma\u00dfgeschneiderte L\u00f6sungen an, um die Endziele unserer Mandanten zu erreichen. Wir bieten Unternehmen der Transport- und Logistikbranche umfassende und hochqualifizierte Rechtsberatung in allen Bereichen des Transportrechts an: Schadensberarbeitung (Claims Handling) im nationalen und internationalen&#8230;<\/p>\n","protected":false},"author":1,"featured_media":5094,"parent":2337,"menu_order":372,"comment_status":"closed","ping_status":"closed","template":"","meta":[],"acf":[],"_links":{"self":[{"href":"https:\/\/hansu.av.tr\/de\/wp-json\/wp\/v2\/pages\/2297"}],"collection":[{"href":"https:\/\/hansu.av.tr\/de\/wp-json\/wp\/v2\/pages"}],"about":[{"href":"https:\/\/hansu.av.tr\/de\/wp-json\/wp\/v2\/types\/page"}],"author":[{"embeddable":true,"href":"https:\/\/hansu.av.tr\/de\/wp-json\/wp\/v2\/users\/1"}],"replies":[{"embeddable":true,"href":"https:\/\/hansu.av.tr\/de\/wp-json\/wp\/v2\/comments?post=2297"}],"version-history":[{"count":7,"href":"https:\/\/hansu.av.tr\/de\/wp-json\/wp\/v2\/pages\/2297\/revisions"}],"predecessor-version":[{"id":6279,"href":"https:\/\/hansu.av.tr\/de\/wp-json\/wp\/v2\/pages\/2297\/revisions\/6279"}],"up":[{"embeddable":true,"href":"https:\/\/hansu.av.tr\/de\/wp-json\/wp\/v2\/pages\/2337"}],"wp:featuredmedia":[{"embeddable":true,"href":"https:\/\/hansu.av.tr\/de\/wp-json\/wp\/v2\/media\/5094"}],"wp:attachment":[{"href":"https:\/\/hansu.av.tr\/de\/wp-json\/wp\/v2\/media?parent=2297"}],"curies":[{"name":"wp","href":"https:\/\/api.w.org\/{rel}","templated":true}]}}