{"id":2301,"date":"2020-05-12T01:46:29","date_gmt":"2020-05-11T22:46:29","guid":{"rendered":"https:\/\/hansu.av.tr\/gesellschaftsrecht-und-m-a\/"},"modified":"2020-07-18T14:15:04","modified_gmt":"2020-07-18T11:15:04","slug":"gesellschaftsrecht-und-m-a","status":"publish","type":"page","link":"https:\/\/hansu.av.tr\/de\/kompetenzen\/gesellschaftsrecht-und-m-a\/","title":{"rendered":"Gesellschaftsrecht und M &#038; A"},"content":{"rendered":"\t\t<div data-elementor-type=\"wp-post\" data-elementor-id=\"2301\" class=\"elementor elementor-2301 elementor-614\">\n\t\t\t\t\t\t<div class=\"elementor-inner\">\n\t\t\t\t<div class=\"elementor-section-wrap\">\n\t\t\t\t\t\t\t\t\t<section class=\"elementor-section elementor-top-section elementor-element elementor-element-10a4706 elementor-section-boxed elementor-section-height-default elementor-section-height-default\" data-id=\"10a4706\" data-element_type=\"section\">\n\t\t\t\t\t\t<div class=\"elementor-container elementor-column-gap-default\">\n\t\t\t\t\t\t\t<div class=\"elementor-row\">\n\t\t\t\t\t<div class=\"elementor-column elementor-col-100 elementor-top-column elementor-element elementor-element-37cb9bc\" data-id=\"37cb9bc\" data-element_type=\"column\">\n\t\t\t<div class=\"elementor-column-wrap elementor-element-populated\">\n\t\t\t\t\t\t\t<div class=\"elementor-widget-wrap\">\n\t\t\t\t\t\t<div class=\"elementor-element elementor-element-8cc4a83 elementor-widget elementor-widget-text-editor\" data-id=\"8cc4a83\" data-element_type=\"widget\" data-widget_type=\"text-editor.default\">\n\t\t\t\t<div class=\"elementor-widget-container\">\n\t\t\t\t\t\t\t\t<div class=\"elementor-text-editor elementor-clearfix\">\n\t\t\t\t<p class=\"p1\"><span class=\"s1\">Gro\u00dfe Gesch\u00e4ftstransaktionen wie Zusammenschl\u00fcsse und Akquisitionen k\u00f6nnen ebenfalls komplex sein. Diese Transaktionen sind in der Regel der schnellste und effektivste Weg f\u00fcr jedes Unternehmen, sein Gesch\u00e4ft umzugestalten, sei es durch den Markteintritt oder den Austritt aus bestimmten M\u00e4rkten sowie die \u00dcbertragung von Unternehmensanteilen. In diesem Zusammenhang ist umfassende st\u00e4ndige Rechtsberatung auf h\u00f6chstem Niveau erforderlich.<\/span><\/p><p class=\"p1\"><span class=\"s1\"><b>Wie k\u00f6nnen wir Sie unterst\u00fctzen?<\/b><\/span><\/p><p class=\"p1\"><span class=\"s1\">Zu unserem Beratungsspektrum geh\u00f6ren die \u00dcbertragung von Gesch\u00e4ftsanteilen, die Ver\u00e4u\u00dferung von Gesellschaften, die Zusammenschl\u00fcsse und Akquisitionen, die Erstellung von Gesellschaftsvertr\u00e4gen, kapitalmarktrechtliche Fragen, die Gestaltung von Darlehensvertr\u00e4gen und Leasingvertr\u00e4gen. Wir vertreten unsere Mandanten in allen Streitigkeiten im Zusammenhang mit Arbeitnehmerrechten und Verg\u00fctungen der Unternehmensleitung, Konkurs- und Umstrukturierungsverfahren, Insolvenzplanung und Insolvenzf\u00e4lle. Wir entwickeln gemeinsam mit unseren Mandanten ma\u00dfgeschneiderte Compliance-Strukturen.<\/span><\/p><p class=\"p1\"><span class=\"s1\">In diesem Zusammenhang bietet unsere Anwaltskanzlei ihren Mandanten umfassende Rechtsberatung im Bereich des Gesellschaftsrechts einschlie\u00dflich der Gr\u00fcndung einer Gesellschaft und eines Joint Ventures, der Organisation der Hauptversammlungen, des Schutzes von Minderheits- und Vorzugsrechten und der Durchf\u00fchrung der diesbez\u00fcglichen Voruntersuchungen (Due Diligence), Corporate Governance, der Bestellung von privaten Wirtschaftspr\u00fcfern, und Treuh\u00e4ndern, der Insolvenz des Unternehmens und der Aufl\u00f6sung von Gesellschaften, der Gestaltung, Pr\u00fcfung und Verhandlung von Fusions- und \u00dcbernahmevertr\u00e4gen, der Vorbereitung der erforderlichen Antr\u00e4ge an die Wettbewerbsbeh\u00f6rde, die t\u00fcrkische Finanzmarktaufsicht (CMB) und andere zust\u00e4ndige \u00f6ffentliche Einrichtungen und Stellen sowie der rechtlichen Unterst\u00fctzung in allen Phasen des entsprechenden Verfahrens.<\/span><\/p><p class=\"p1\"><span class=\"s1\"><b>Wen unterst\u00fctzen wir?<\/b><\/span><\/p><p class=\"p1\"><span class=\"s1\">Ob mittelst\u00e4ndisch gepr\u00e4gtes Unternehmen, international operierende Gesellschaft, b\u00f6rsennotierte Aktiengesellschaft \u2013 jede rechtliche Angelegenheit ist uns wichtig. Unabh\u00e4ngig von der Gr\u00f6\u00dfe der Transaktion k\u00f6nnen alle Unternehmen von unserem Fachwissen profitieren und umfassende rechtliche Unterst\u00fctzung und Beratung erhalten.<\/span><\/p><p class=\"p1\"><span class=\"s1\"><b>Entdecken Sie unseren Service<\/b><\/span><\/p><ul class=\"ul1\"><li class=\"li1\"><span class=\"s1\">Corporate Governance &#8211; Unternehmensumstrukturierungen &#8211; Private M&amp;A<\/span><\/li><li class=\"li1\"><span class=\"s1\">\u00d6ffentliche M&amp;A &#8211; Joint Ventures &#8211; Partnerschaften <\/span><\/li><li class=\"li1\"><span class=\"s1\">Anteils\u00fcbertragung &#8211; Vertr\u00e4ge &#8211; Entsch\u00e4digungen &#8211; Konkurs &#8211; Einhaltung gesetzlicher Vorschriften (Regulatory Compliance)<\/span><\/li><\/ul>\t\t\t\t\t<\/div>\n\t\t\t\t\t\t<\/div>\n\t\t\t\t<\/div>\n\t\t\t\t\t\t<\/div>\n\t\t\t\t\t<\/div>\n\t\t<\/div>\n\t\t\t\t\t\t\t\t<\/div>\n\t\t\t\t\t<\/div>\n\t\t<\/section>\n\t\t\t\t\t\t\t\t\t<\/div>\n\t\t\t<\/div>\n\t\t\t\t\t<\/div>\n\t\t","protected":false},"excerpt":{"rendered":"<p>Gro\u00dfe Gesch\u00e4ftstransaktionen wie Zusammenschl\u00fcsse und Akquisitionen k\u00f6nnen ebenfalls komplex sein. Diese Transaktionen sind in der Regel der schnellste und effektivste Weg f\u00fcr jedes Unternehmen, sein Gesch\u00e4ft umzugestalten, sei es durch den Markteintritt oder den Austritt aus bestimmten M\u00e4rkten sowie die \u00dcbertragung von Unternehmensanteilen. In diesem Zusammenhang ist umfassende st\u00e4ndige Rechtsberatung auf h\u00f6chstem Niveau erforderlich. Wie&#8230;<\/p>\n","protected":false},"author":1,"featured_media":5316,"parent":2337,"menu_order":291,"comment_status":"closed","ping_status":"closed","template":"","meta":[],"acf":[],"_links":{"self":[{"href":"https:\/\/hansu.av.tr\/de\/wp-json\/wp\/v2\/pages\/2301"}],"collection":[{"href":"https:\/\/hansu.av.tr\/de\/wp-json\/wp\/v2\/pages"}],"about":[{"href":"https:\/\/hansu.av.tr\/de\/wp-json\/wp\/v2\/types\/page"}],"author":[{"embeddable":true,"href":"https:\/\/hansu.av.tr\/de\/wp-json\/wp\/v2\/users\/1"}],"replies":[{"embeddable":true,"href":"https:\/\/hansu.av.tr\/de\/wp-json\/wp\/v2\/comments?post=2301"}],"version-history":[{"count":4,"href":"https:\/\/hansu.av.tr\/de\/wp-json\/wp\/v2\/pages\/2301\/revisions"}],"predecessor-version":[{"id":6070,"href":"https:\/\/hansu.av.tr\/de\/wp-json\/wp\/v2\/pages\/2301\/revisions\/6070"}],"up":[{"embeddable":true,"href":"https:\/\/hansu.av.tr\/de\/wp-json\/wp\/v2\/pages\/2337"}],"wp:featuredmedia":[{"embeddable":true,"href":"https:\/\/hansu.av.tr\/de\/wp-json\/wp\/v2\/media\/5316"}],"wp:attachment":[{"href":"https:\/\/hansu.av.tr\/de\/wp-json\/wp\/v2\/media?parent=2301"}],"curies":[{"name":"wp","href":"https:\/\/api.w.org\/{rel}","templated":true}]}}