{"id":2305,"date":"2020-05-12T01:47:09","date_gmt":"2020-05-11T22:47:09","guid":{"rendered":"https:\/\/hansu.av.tr\/e-commerce-recht-elektronisches-geld-und-zahlungsdienste\/"},"modified":"2020-07-18T14:19:43","modified_gmt":"2020-07-18T11:19:43","slug":"e-commerce-recht-elektronisches-geld-und-zahlungsdienste","status":"publish","type":"page","link":"https:\/\/hansu.av.tr\/de\/kompetenzen\/e-commerce-recht-elektronisches-geld-und-zahlungsdienste\/","title":{"rendered":"E-Commerce-Recht\/Elektronisches Geld und Zahlungsdienste"},"content":{"rendered":"\t\t<div data-elementor-type=\"wp-post\" data-elementor-id=\"2305\" class=\"elementor elementor-2305 elementor-688\">\n\t\t\t\t\t\t<div class=\"elementor-inner\">\n\t\t\t\t<div class=\"elementor-section-wrap\">\n\t\t\t\t\t\t\t\t\t<section class=\"elementor-section elementor-top-section elementor-element elementor-element-2e39f0b elementor-section-boxed elementor-section-height-default elementor-section-height-default\" data-id=\"2e39f0b\" data-element_type=\"section\">\n\t\t\t\t\t\t<div class=\"elementor-container elementor-column-gap-default\">\n\t\t\t\t\t\t\t<div class=\"elementor-row\">\n\t\t\t\t\t<div class=\"elementor-column elementor-col-100 elementor-top-column elementor-element elementor-element-b0de974\" data-id=\"b0de974\" data-element_type=\"column\">\n\t\t\t<div class=\"elementor-column-wrap elementor-element-populated\">\n\t\t\t\t\t\t\t<div class=\"elementor-widget-wrap\">\n\t\t\t\t\t\t<div class=\"elementor-element elementor-element-376a084 elementor-widget elementor-widget-text-editor\" data-id=\"376a084\" data-element_type=\"widget\" data-widget_type=\"text-editor.default\">\n\t\t\t\t<div class=\"elementor-widget-container\">\n\t\t\t\t\t\t\t\t<div class=\"elementor-text-editor elementor-clearfix\">\n\t\t\t\t<p class=\"p1\"><span class=\"s1\"><b>Wie k\u00f6nnen wir Sie unterst\u00fctzen?<\/b><\/span><\/p><p class=\"p1\"><span class=\"s1\">Unabh\u00e4ngig von der Gr\u00f6\u00dfe des Unternehmens, multinationale Konzerne oder Start-up-Unternehmen, sind Internet und Zahlungsverkehr voneinander untrennbar. Auch im rechtlichen Kontext ist dies von wesentlicher Bedeutung, weil wir jeden Tag eine neue Entwicklung im Bereich des elektronischen Handels und des elektronischen Zahlungsverkehrs erleben. Unsere Anwaltskanzlei verf\u00fcgt \u00fcber ein erfahrenes Team von Spezialisten, welches die aktuellen Regelungen im Bereich des elektronischen Handels, des elektronischen Geldes und des elektronischen Zahlungsverkehrs regelm\u00e4\u00dfig verfolgt.<span class=\"Apple-converted-space\">\u00a0 <\/span>Wir bieten unseren Mandanten Rechtsberatung im Bereich des E-Commerce Verbraucherrechts, des E-Commerce Vertragsrechts, des E-Commerce Datenschutzrechts, des E-Commerce Bankenrechts, des E-Commerce Immaterialg\u00fcterrechts und des E-Commerce Wettbewerbsrecht an. In diesem Zusammenhang liegt unser Fokus auf den Gesch\u00e4ftsbeziehungen zwischen Unternehmen sowie auf den Verh\u00e4ltnissen zwischen Unternehmen und Verbrauchern.<\/span><\/p><p class=\"p1\"><span class=\"s1\"><b>Wen unterst\u00fctzen wir?<\/b><\/span><\/p><p class=\"p1\"><span class=\"s1\">Unabh\u00e4ngig davon, ob es sich um einen Verbraucher, ein Start-up-Unternehmen oder ein multinationales Unternehmen handelt, bieten wir Mandanten umfassende Rechtsberatung an und minimieren damit die potenziellen rechtlichen Risiken auf dem Gebiet E-Commerce\/E-Geld.<\/span><\/p><p>\u00a0<\/p>\t\t\t\t\t<\/div>\n\t\t\t\t\t\t<\/div>\n\t\t\t\t<\/div>\n\t\t\t\t\t\t<\/div>\n\t\t\t\t\t<\/div>\n\t\t<\/div>\n\t\t\t\t\t\t\t\t<\/div>\n\t\t\t\t\t<\/div>\n\t\t<\/section>\n\t\t\t\t\t\t\t\t\t<\/div>\n\t\t\t<\/div>\n\t\t\t\t\t<\/div>\n\t\t","protected":false},"excerpt":{"rendered":"<p>Wie k\u00f6nnen wir Sie unterst\u00fctzen? Unabh\u00e4ngig von der Gr\u00f6\u00dfe des Unternehmens, multinationale Konzerne oder Start-up-Unternehmen, sind Internet und Zahlungsverkehr voneinander untrennbar. Auch im rechtlichen Kontext ist dies von wesentlicher Bedeutung, weil wir jeden Tag eine neue Entwicklung im Bereich des elektronischen Handels und des elektronischen Zahlungsverkehrs erleben. Unsere Anwaltskanzlei verf\u00fcgt \u00fcber ein erfahrenes Team von&#8230;<\/p>\n","protected":false},"author":1,"featured_media":5359,"parent":2337,"menu_order":294,"comment_status":"closed","ping_status":"closed","template":"","meta":[],"acf":[],"_links":{"self":[{"href":"https:\/\/hansu.av.tr\/de\/wp-json\/wp\/v2\/pages\/2305"}],"collection":[{"href":"https:\/\/hansu.av.tr\/de\/wp-json\/wp\/v2\/pages"}],"about":[{"href":"https:\/\/hansu.av.tr\/de\/wp-json\/wp\/v2\/types\/page"}],"author":[{"embeddable":true,"href":"https:\/\/hansu.av.tr\/de\/wp-json\/wp\/v2\/users\/1"}],"replies":[{"embeddable":true,"href":"https:\/\/hansu.av.tr\/de\/wp-json\/wp\/v2\/comments?post=2305"}],"version-history":[{"count":5,"href":"https:\/\/hansu.av.tr\/de\/wp-json\/wp\/v2\/pages\/2305\/revisions"}],"predecessor-version":[{"id":6076,"href":"https:\/\/hansu.av.tr\/de\/wp-json\/wp\/v2\/pages\/2305\/revisions\/6076"}],"up":[{"embeddable":true,"href":"https:\/\/hansu.av.tr\/de\/wp-json\/wp\/v2\/pages\/2337"}],"wp:featuredmedia":[{"embeddable":true,"href":"https:\/\/hansu.av.tr\/de\/wp-json\/wp\/v2\/media\/5359"}],"wp:attachment":[{"href":"https:\/\/hansu.av.tr\/de\/wp-json\/wp\/v2\/media?parent=2305"}],"curies":[{"name":"wp","href":"https:\/\/api.w.org\/{rel}","templated":true}]}}