{"id":2309,"date":"2020-05-12T01:47:45","date_gmt":"2020-05-11T22:47:45","guid":{"rendered":"https:\/\/hansu.av.tr\/unternehmensrecht-und-startup-recht\/"},"modified":"2020-07-18T14:32:08","modified_gmt":"2020-07-18T11:32:08","slug":"unternehmensrecht-und-startup-recht","status":"publish","type":"page","link":"https:\/\/hansu.av.tr\/de\/kompetenzen\/unternehmensrecht-und-startup-recht\/","title":{"rendered":"Unternehmensrecht und Startup-Recht"},"content":{"rendered":"\t\t<div data-elementor-type=\"wp-post\" data-elementor-id=\"2309\" class=\"elementor elementor-2309 elementor-684\">\n\t\t\t\t\t\t<div class=\"elementor-inner\">\n\t\t\t\t<div class=\"elementor-section-wrap\">\n\t\t\t\t\t\t\t\t\t<section class=\"elementor-section elementor-top-section elementor-element elementor-element-1974cf6 elementor-section-boxed elementor-section-height-default elementor-section-height-default\" data-id=\"1974cf6\" data-element_type=\"section\">\n\t\t\t\t\t\t<div class=\"elementor-container elementor-column-gap-default\">\n\t\t\t\t\t\t\t<div class=\"elementor-row\">\n\t\t\t\t\t<div class=\"elementor-column elementor-col-100 elementor-top-column elementor-element elementor-element-87ac073\" data-id=\"87ac073\" data-element_type=\"column\">\n\t\t\t<div class=\"elementor-column-wrap elementor-element-populated\">\n\t\t\t\t\t\t\t<div class=\"elementor-widget-wrap\">\n\t\t\t\t\t\t<div class=\"elementor-element elementor-element-d520821 elementor-widget elementor-widget-text-editor\" data-id=\"d520821\" data-element_type=\"widget\" data-widget_type=\"text-editor.default\">\n\t\t\t\t<div class=\"elementor-widget-container\">\n\t\t\t\t\t\t\t\t<div class=\"elementor-text-editor elementor-clearfix\">\n\t\t\t\t<p>Mit dem Ziel zur gesetzeskonformen F\u00f6rderung von Unternehmern steht das Unternehmer- und Start-up-Recht in enger Beziehung zu einer Vielzahl von gesetzlichen Regelungen, die das Wirtschaftsleben pr\u00e4gen. In diesem Zusammenhang gewinnt die Rechtsordnung zwischen Unternehmern und Investoren von Tag zu Tag an Bedeutung. Unternehmer brauchen eine ma\u00dfgeschneiderte rechtliche Unterst\u00fctzung, um ihre T\u00e4tigkeiten gesetzeskonform auszu\u00fcben, Rechtsstreitigkeiten zu vermeiden, die richtige Gesellschaftsform zu w\u00e4hlen und ihre vertraglichen Verh\u00e4ltnisse effizient zu gestalten.<\/p><p><strong>Wie k\u00f6nnen wir Sie unterst\u00fctzen?<\/strong><\/p><p>Unsere Anwaltskanzlei bietet Investoren und neu gegr\u00fcndeten Unternehmen juristische Dienstleistungen zur Ermittlung einer ergebnisorientierten Strategie im Rahmen des Unternehmerrechts und zur Gestaltung von Unternehmensgr\u00fcndungen an.<\/p><p><strong>Wen unterst\u00fctzen wir?<\/strong><\/p><p>Unsere Anwaltskanzlei ber\u00e4t national und international operierende Investoren, einschlie\u00dflich Technologieunternehmen, ab dem Zeitpunkt, an dem sie ihre Gesch\u00e4ftst\u00e4tigkeit aufnehmen. Mit unserem Team von Anw\u00e4lten, welches umfassende Expertise in der Zusammenarbeit mit Unternehmensgr\u00fcndern und Investoren hat, bieten wir umfassende Rechtsberatung in allen rechtlichen Fragen des Management- und Investitionsverfahrens an.<\/p><p>\u00a0<\/p>\t\t\t\t\t<\/div>\n\t\t\t\t\t\t<\/div>\n\t\t\t\t<\/div>\n\t\t\t\t\t\t<\/div>\n\t\t\t\t\t<\/div>\n\t\t<\/div>\n\t\t\t\t\t\t\t\t<\/div>\n\t\t\t\t\t<\/div>\n\t\t<\/section>\n\t\t\t\t\t\t\t\t\t<\/div>\n\t\t\t<\/div>\n\t\t\t\t\t<\/div>\n\t\t","protected":false},"excerpt":{"rendered":"<p>Mit dem Ziel zur gesetzeskonformen F\u00f6rderung von Unternehmern steht das Unternehmer- und Start-up-Recht in enger Beziehung zu einer Vielzahl von gesetzlichen Regelungen, die das Wirtschaftsleben pr\u00e4gen. In diesem Zusammenhang gewinnt die Rechtsordnung zwischen Unternehmern und Investoren von Tag zu Tag an Bedeutung. Unternehmer brauchen eine ma\u00dfgeschneiderte rechtliche Unterst\u00fctzung, um ihre T\u00e4tigkeiten gesetzeskonform auszu\u00fcben, Rechtsstreitigkeiten zu&#8230;<\/p>\n","protected":false},"author":1,"featured_media":5376,"parent":2337,"menu_order":350,"comment_status":"closed","ping_status":"closed","template":"","meta":[],"acf":[],"_links":{"self":[{"href":"https:\/\/hansu.av.tr\/de\/wp-json\/wp\/v2\/pages\/2309"}],"collection":[{"href":"https:\/\/hansu.av.tr\/de\/wp-json\/wp\/v2\/pages"}],"about":[{"href":"https:\/\/hansu.av.tr\/de\/wp-json\/wp\/v2\/types\/page"}],"author":[{"embeddable":true,"href":"https:\/\/hansu.av.tr\/de\/wp-json\/wp\/v2\/users\/1"}],"replies":[{"embeddable":true,"href":"https:\/\/hansu.av.tr\/de\/wp-json\/wp\/v2\/comments?post=2309"}],"version-history":[{"count":6,"href":"https:\/\/hansu.av.tr\/de\/wp-json\/wp\/v2\/pages\/2309\/revisions"}],"predecessor-version":[{"id":6082,"href":"https:\/\/hansu.av.tr\/de\/wp-json\/wp\/v2\/pages\/2309\/revisions\/6082"}],"up":[{"embeddable":true,"href":"https:\/\/hansu.av.tr\/de\/wp-json\/wp\/v2\/pages\/2337"}],"wp:featuredmedia":[{"embeddable":true,"href":"https:\/\/hansu.av.tr\/de\/wp-json\/wp\/v2\/media\/5376"}],"wp:attachment":[{"href":"https:\/\/hansu.av.tr\/de\/wp-json\/wp\/v2\/media?parent=2309"}],"curies":[{"name":"wp","href":"https:\/\/api.w.org\/{rel}","templated":true}]}}