{"id":2313,"date":"2020-05-12T01:48:28","date_gmt":"2020-05-11T22:48:28","guid":{"rendered":"https:\/\/hansu.av.tr\/datenschutzrecht\/"},"modified":"2020-07-18T15:01:46","modified_gmt":"2020-07-18T12:01:46","slug":"datenschutzrecht","status":"publish","type":"page","link":"https:\/\/hansu.av.tr\/de\/kompetenzen\/datenschutzrecht\/","title":{"rendered":"Datenschutzrecht"},"content":{"rendered":"\t\t<div data-elementor-type=\"wp-post\" data-elementor-id=\"2313\" class=\"elementor elementor-2313 elementor-692\">\n\t\t\t\t\t\t<div class=\"elementor-inner\">\n\t\t\t\t<div class=\"elementor-section-wrap\">\n\t\t\t\t\t\t\t\t\t<section class=\"elementor-section elementor-top-section elementor-element elementor-element-4adfd8a elementor-section-boxed elementor-section-height-default elementor-section-height-default\" data-id=\"4adfd8a\" data-element_type=\"section\">\n\t\t\t\t\t\t<div class=\"elementor-container elementor-column-gap-default\">\n\t\t\t\t\t\t\t<div class=\"elementor-row\">\n\t\t\t\t\t<div class=\"elementor-column elementor-col-100 elementor-top-column elementor-element elementor-element-878c864\" data-id=\"878c864\" data-element_type=\"column\">\n\t\t\t<div class=\"elementor-column-wrap elementor-element-populated\">\n\t\t\t\t\t\t\t<div class=\"elementor-widget-wrap\">\n\t\t\t\t\t\t<div class=\"elementor-element elementor-element-a105243 elementor-widget elementor-widget-text-editor\" data-id=\"a105243\" data-element_type=\"widget\" data-widget_type=\"text-editor.default\">\n\t\t\t\t<div class=\"elementor-widget-container\">\n\t\t\t\t\t\t\t\t<div class=\"elementor-text-editor elementor-clearfix\">\n\t\t\t\t<p class=\"p1\"><span class=\"s1\"><b>Wie k\u00f6nnen wir Sie unterst\u00fctzen?<\/b><\/span><\/p><p class=\"p1\"><span class=\"s1\">Wir f\u00fchren f\u00fcr unsere Mandanten Datenschutzstudien durch und unsere Dienstleistung ist nicht nur beschr\u00e4nkt auf die \u00dcberpr\u00fcfung der bestehenden Prozesse und Verfahren, sondern auch auf umfassende Rechtsberatung und rechtliche Unterst\u00fctzung bei der Festlegung einer Vertraulichkeitsstrategie und der Bestimmung der Ma\u00dfnahmen zum Schutz der pers\u00f6nlichen Daten. Dar\u00fcber hinaus bieten wir juristische Dienstleistungen zur Erkennung, Vorbeugung und L\u00f6sung von Konflikten, die sich aus der Verarbeitung, Speicherung, \u00dcberweisung und Weitergabe der pers\u00f6nlichen Daten ergeben k\u00f6nnen. Mit umfangreicher Erfahrung in der Vertragsgestaltung unterst\u00fctzen wir unsere Mandanten bei der Datenerhebung und der Einwilligung sowie bei grenz\u00fcberschreitenden Datentransfers. Bei Versto\u00df unterst\u00fctzen wir unsere Mandanten in allen Haftungsfragen und Abwehr vor Sanktionen.<\/span><\/p><p class=\"p1\"><span class=\"s1\"><b>Wen unterst\u00fctzen wir?<\/b><\/span><\/p><p class=\"p1\"><span class=\"s1\">Wir beraten alle unseren Mandanten, die aufgrund ihrer Gesch\u00e4ftsaktivit\u00e4ten Daten sammeln und weitergeben. Dazu geh\u00f6rt auch die Beratung zu den Auswirkungen auf die Informationsfreiheit, zur Risikominimierung und zu wettbewerbsrechtlichen Aspekten.<\/span><\/p><p>\u00a0<\/p>\t\t\t\t\t<\/div>\n\t\t\t\t\t\t<\/div>\n\t\t\t\t<\/div>\n\t\t\t\t\t\t<\/div>\n\t\t\t\t\t<\/div>\n\t\t<\/div>\n\t\t\t\t\t\t\t\t<\/div>\n\t\t\t\t\t<\/div>\n\t\t<\/section>\n\t\t\t\t\t\t\t\t\t<\/div>\n\t\t\t<\/div>\n\t\t\t\t\t<\/div>\n\t\t","protected":false},"excerpt":{"rendered":"<p>Wie k\u00f6nnen wir Sie unterst\u00fctzen? Wir f\u00fchren f\u00fcr unsere Mandanten Datenschutzstudien durch und unsere Dienstleistung ist nicht nur beschr\u00e4nkt auf die \u00dcberpr\u00fcfung der bestehenden Prozesse und Verfahren, sondern auch auf umfassende Rechtsberatung und rechtliche Unterst\u00fctzung bei der Festlegung einer Vertraulichkeitsstrategie und der Bestimmung der Ma\u00dfnahmen zum Schutz der pers\u00f6nlichen Daten. Dar\u00fcber hinaus bieten wir juristische&#8230;<\/p>\n","protected":false},"author":1,"featured_media":5607,"parent":2337,"menu_order":398,"comment_status":"closed","ping_status":"closed","template":"","meta":[],"acf":[],"_links":{"self":[{"href":"https:\/\/hansu.av.tr\/de\/wp-json\/wp\/v2\/pages\/2313"}],"collection":[{"href":"https:\/\/hansu.av.tr\/de\/wp-json\/wp\/v2\/pages"}],"about":[{"href":"https:\/\/hansu.av.tr\/de\/wp-json\/wp\/v2\/types\/page"}],"author":[{"embeddable":true,"href":"https:\/\/hansu.av.tr\/de\/wp-json\/wp\/v2\/users\/1"}],"replies":[{"embeddable":true,"href":"https:\/\/hansu.av.tr\/de\/wp-json\/wp\/v2\/comments?post=2313"}],"version-history":[{"count":6,"href":"https:\/\/hansu.av.tr\/de\/wp-json\/wp\/v2\/pages\/2313\/revisions"}],"predecessor-version":[{"id":6093,"href":"https:\/\/hansu.av.tr\/de\/wp-json\/wp\/v2\/pages\/2313\/revisions\/6093"}],"up":[{"embeddable":true,"href":"https:\/\/hansu.av.tr\/de\/wp-json\/wp\/v2\/pages\/2337"}],"wp:featuredmedia":[{"embeddable":true,"href":"https:\/\/hansu.av.tr\/de\/wp-json\/wp\/v2\/media\/5607"}],"wp:attachment":[{"href":"https:\/\/hansu.av.tr\/de\/wp-json\/wp\/v2\/media?parent=2313"}],"curies":[{"name":"wp","href":"https:\/\/api.w.org\/{rel}","templated":true}]}}