{"id":2317,"date":"2020-05-12T01:49:08","date_gmt":"2020-05-11T22:49:08","guid":{"rendered":"https:\/\/hansu.av.tr\/versicherungsrecht-und-schadensersatzrecht\/"},"modified":"2022-02-02T17:22:00","modified_gmt":"2022-02-02T14:22:00","slug":"versicherungsrecht-und-schadensersatzrecht","status":"publish","type":"page","link":"https:\/\/hansu.av.tr\/de\/kompetenzen\/versicherungsrecht-und-schadensersatzrecht\/","title":{"rendered":"Versicherungsrecht und Schadensersatzrecht"},"content":{"rendered":"\t\t<div data-elementor-type=\"wp-post\" data-elementor-id=\"2317\" class=\"elementor elementor-2317 elementor-676\">\n\t\t\t\t\t\t<div class=\"elementor-inner\">\n\t\t\t\t<div class=\"elementor-section-wrap\">\n\t\t\t\t\t\t\t\t\t<section class=\"elementor-section elementor-top-section elementor-element elementor-element-8f349d3 elementor-section-boxed elementor-section-height-default elementor-section-height-default\" data-id=\"8f349d3\" data-element_type=\"section\">\n\t\t\t\t\t\t<div class=\"elementor-container elementor-column-gap-default\">\n\t\t\t\t\t\t\t<div class=\"elementor-row\">\n\t\t\t\t\t<div class=\"elementor-column elementor-col-100 elementor-top-column elementor-element elementor-element-78905c4\" data-id=\"78905c4\" data-element_type=\"column\">\n\t\t\t<div class=\"elementor-column-wrap elementor-element-populated\">\n\t\t\t\t\t\t\t<div class=\"elementor-widget-wrap\">\n\t\t\t\t\t\t<div class=\"elementor-element elementor-element-795ba3d elementor-widget elementor-widget-text-editor\" data-id=\"795ba3d\" data-element_type=\"widget\" data-widget_type=\"text-editor.default\">\n\t\t\t\t<div class=\"elementor-widget-container\">\n\t\t\t\t\t\t\t\t<div class=\"elementor-text-editor elementor-clearfix\">\n\t\t\t\t<p class=\"p1\"><span class=\"s1\"><b>Wie k\u00f6nnen wir Sie unterst\u00fctzen?<\/b><\/span><\/p><p class=\"p1\"><span class=\"s1\">Unsere Anwaltskanzlei ist hoch spezialisiert auf die Durchsetzung von Forderungs- und Schadenersatzanspr\u00fcchen insbesondere aus Haftpflichtversicherungen, Unfallversicherungen, Betriebshaftpflicht- und Haftpflichtversicherungen, Kfz-Versicherungen sowie Verkehrshaftpflicht- und Vollkaskoversicherungen, Lebensversicherungen, Feuerversicherungen, Seeversicherungen und privaten Krankenversicherungen.<\/span><\/p><p class=\"p1\"><span class=\"s1\"><b>Wen unterst\u00fctzen wir?<\/b><\/span><\/p><p class=\"p1\"><span class=\"s1\">Unsere Rechtsanwaltskanzlei bietet ihren in- und ausl\u00e4ndischen Mandanten Rechtsberatung zu s\u00e4mtlichen Fragen des Ersatzes von materiellen und immateriellen Sch\u00e4den bei Risikoeintritt im Rahmen von Versicherungsvertr\u00e4gen an und vertreten Versicherungsgesellschaften im Bereich der Schadens- und Risikobewertung zur effizienten Durchf\u00fchrung der Schadensprozesse sowie zur Gestaltung und Erstellung von Versicherungspolicen.<\/span><\/p>\t\t\t\t\t<\/div>\n\t\t\t\t\t\t<\/div>\n\t\t\t\t<\/div>\n\t\t\t\t\t\t<\/div>\n\t\t\t\t\t<\/div>\n\t\t<\/div>\n\t\t\t\t\t\t\t\t<\/div>\n\t\t\t\t\t<\/div>\n\t\t<\/section>\n\t\t\t\t\t\t\t\t\t<\/div>\n\t\t\t<\/div>\n\t\t\t\t\t<\/div>\n\t\t","protected":false},"excerpt":{"rendered":"<p>Wie k\u00f6nnen wir Sie unterst\u00fctzen? Unsere Anwaltskanzlei ist hoch spezialisiert auf die Durchsetzung von Forderungs- und Schadenersatzanspr\u00fcchen insbesondere aus Haftpflichtversicherungen, Unfallversicherungen, Betriebshaftpflicht- und Haftpflichtversicherungen, Kfz-Versicherungen sowie Verkehrshaftpflicht- und Vollkaskoversicherungen, Lebensversicherungen, Feuerversicherungen, Seeversicherungen und privaten Krankenversicherungen. Wen unterst\u00fctzen wir? Unsere Rechtsanwaltskanzlei bietet ihren in- und ausl\u00e4ndischen Mandanten Rechtsberatung zu s\u00e4mtlichen Fragen des Ersatzes von materiellen und&#8230;<\/p>\n","protected":false},"author":1,"featured_media":0,"parent":2337,"menu_order":284,"comment_status":"closed","ping_status":"closed","template":"","meta":[],"acf":[],"_links":{"self":[{"href":"https:\/\/hansu.av.tr\/de\/wp-json\/wp\/v2\/pages\/2317"}],"collection":[{"href":"https:\/\/hansu.av.tr\/de\/wp-json\/wp\/v2\/pages"}],"about":[{"href":"https:\/\/hansu.av.tr\/de\/wp-json\/wp\/v2\/types\/page"}],"author":[{"embeddable":true,"href":"https:\/\/hansu.av.tr\/de\/wp-json\/wp\/v2\/users\/1"}],"replies":[{"embeddable":true,"href":"https:\/\/hansu.av.tr\/de\/wp-json\/wp\/v2\/comments?post=2317"}],"version-history":[{"count":10,"href":"https:\/\/hansu.av.tr\/de\/wp-json\/wp\/v2\/pages\/2317\/revisions"}],"predecessor-version":[{"id":9086,"href":"https:\/\/hansu.av.tr\/de\/wp-json\/wp\/v2\/pages\/2317\/revisions\/9086"}],"up":[{"embeddable":true,"href":"https:\/\/hansu.av.tr\/de\/wp-json\/wp\/v2\/pages\/2337"}],"wp:attachment":[{"href":"https:\/\/hansu.av.tr\/de\/wp-json\/wp\/v2\/media?parent=2317"}],"curies":[{"name":"wp","href":"https:\/\/api.w.org\/{rel}","templated":true}]}}