{"id":2321,"date":"2020-05-12T01:49:57","date_gmt":"2020-05-11T22:49:57","guid":{"rendered":"https:\/\/hansu.av.tr\/handelsrecht-und-vertragsrecht\/"},"modified":"2020-07-18T14:52:00","modified_gmt":"2020-07-18T11:52:00","slug":"handelsrecht-und-vertragsrecht","status":"publish","type":"page","link":"https:\/\/hansu.av.tr\/de\/kompetenzen\/handelsrecht-und-vertragsrecht\/","title":{"rendered":"Handelsrecht und Vertragsrecht"},"content":{"rendered":"\t\t<div data-elementor-type=\"wp-post\" data-elementor-id=\"2321\" class=\"elementor elementor-2321 elementor-619\">\n\t\t\t\t\t\t<div class=\"elementor-inner\">\n\t\t\t\t<div class=\"elementor-section-wrap\">\n\t\t\t\t\t\t\t\t\t<section class=\"elementor-section elementor-top-section elementor-element elementor-element-b640451 elementor-section-boxed elementor-section-height-default elementor-section-height-default\" data-id=\"b640451\" data-element_type=\"section\">\n\t\t\t\t\t\t<div class=\"elementor-container elementor-column-gap-default\">\n\t\t\t\t\t\t\t<div class=\"elementor-row\">\n\t\t\t\t\t<div class=\"elementor-column elementor-col-100 elementor-top-column elementor-element elementor-element-f44910a\" data-id=\"f44910a\" data-element_type=\"column\">\n\t\t\t<div class=\"elementor-column-wrap elementor-element-populated\">\n\t\t\t\t\t\t\t<div class=\"elementor-widget-wrap\">\n\t\t\t\t\t\t<div class=\"elementor-element elementor-element-36c7167 elementor-widget elementor-widget-text-editor\" data-id=\"36c7167\" data-element_type=\"widget\" data-widget_type=\"text-editor.default\">\n\t\t\t\t<div class=\"elementor-widget-container\">\n\t\t\t\t\t\t\t\t<div class=\"elementor-text-editor elementor-clearfix\">\n\t\t\t\t<p class=\"p1\"><span class=\"s1\"><b>Wie k\u00f6nnen wir Sie unterst\u00fctzen?<\/b><\/span><\/p><p class=\"p1\"><span class=\"s1\">Wir bieten eine umfassende und hochqualifizierte Rechtsberatung f\u00fcr t\u00fcrkische und ausl\u00e4ndische Mandanten, die vor allem in den Branchen Bauwesen, Energie, Gesundheit, Bildung und Tourismus t\u00e4tig sind. Unser Schwerpunkt liegt auf den folgenden Bereichen: unlauterer Wettbewerb, Unternehmensf\u00fchrung, internationale Kaufvertr\u00e4ge, Franchise-, Transport-, Handels-, Agentur- und Darlehensvertr\u00e4ge, Verbraucherschutz, Kapitalerh\u00f6hungs- und Kapitalherabsetzungstransaktionen, Transaktionen mit Aktien und Anleihen, internationale Forderungsbeitreibung, Investitionsberatung, Durchf\u00fchrung von Zollverfahren, Durchf\u00fchrung von Importverfahren, Vereinbarungen \u00fcber Transithandel sowie Standardisierung und Beilegung von Streitigkeiten in Freizonen.<\/span><\/p><p class=\"p1\"><span class=\"s1\">Dar\u00fcber hinaus ist unsere Anwaltskanzlei spezialisiert auf der Forderungsbeitreibung, Durchf\u00fchrung von Vollstreckungsverfahren, der Versicherung und Entsch\u00e4digung von Forderungen aller Art, der Durchsetzung von Schadensersatzanspr\u00fcchen und sonstigen Forderungen wegen Verletzung von geistigen und gewerblichen Eigentumsrechten wie Marken- und Patentrechte, der Beratung zu Zolltarifen, der Bewertung von der Ein- und Ausfuhr, der Streitigkeiten aus dem Recht der Wertpapiere und dem Bankenrecht.<\/span><\/p><p class=\"p1\"><span class=\"s1\">Unsere Anwaltskanzlei ber\u00e4t inl\u00e4ndische und internationale Unternehmen bei der Gestaltung, Pr\u00fcfung und Verhandlung von Vertriebsvertr\u00e4gen, Werkvertr\u00e4gen, Dienstleistungsvertr\u00e4gen, Kaufvertr\u00e4gen, Handelsvertretervertr\u00e4gen.<\/span><\/p><p class=\"p1\"><span class=\"s1\"><b>Wen unterst\u00fctzen wir?<\/b><\/span><\/p><p class=\"p1\"><span class=\"s1\">Unsere Anwaltskanzlei verfolgt ein Konzept, in welchem Qualit\u00e4t und Praktikabilit\u00e4t der juristischen Beratung stets im Vordergrund stehen. Unabh\u00e4ngig von dem Gegenstand des Vertrags k\u00f6nnen alle Unternehmen von unseren fachspezifischen Kenntnissen profitieren und qualitativ hochwertige Rechtsberatung erhalten.<\/span><\/p><p class=\"p1\"><span class=\"s1\"><b>Entdecken Sie unseren Service<\/b><\/span><\/p><ul class=\"ul1\"><li class=\"li1\"><span class=\"s1\">Unternehmensmanagement &#8211; Datenschutz &#8211; Vertragsgestaltung &#8211; Forderungsbeitreibung<\/span><\/li><li class=\"li1\"><span class=\"s1\">Investitionsberatung &#8211; Internationales gewerbliches Eigentum<\/span><\/li><li class=\"li1\"><span class=\"s1\">Zolltarife &#8211; Import &amp; Export<\/span><\/li><li class=\"li1\"><span class=\"s1\">Kapitalerh\u00f6hung und Kapitalherabsetzung &#8211; E-Commerce-Recht &amp; Elektronisches Geld und Zahlungsdienste<\/span><\/li><li class=\"li1\"><span class=\"s1\">Unternehmensrecht und Start-Up-Recht<\/span><\/li><\/ul>\t\t\t\t\t<\/div>\n\t\t\t\t\t\t<\/div>\n\t\t\t\t<\/div>\n\t\t\t\t\t\t<\/div>\n\t\t\t\t\t<\/div>\n\t\t<\/div>\n\t\t\t\t\t\t\t\t<\/div>\n\t\t\t\t\t<\/div>\n\t\t<\/section>\n\t\t\t\t\t\t\t\t\t<\/div>\n\t\t\t<\/div>\n\t\t\t\t\t<\/div>\n\t\t","protected":false},"excerpt":{"rendered":"<p>Wie k\u00f6nnen wir Sie unterst\u00fctzen? Wir bieten eine umfassende und hochqualifizierte Rechtsberatung f\u00fcr t\u00fcrkische und ausl\u00e4ndische Mandanten, die vor allem in den Branchen Bauwesen, Energie, Gesundheit, Bildung und Tourismus t\u00e4tig sind. Unser Schwerpunkt liegt auf den folgenden Bereichen: unlauterer Wettbewerb, Unternehmensf\u00fchrung, internationale Kaufvertr\u00e4ge, Franchise-, Transport-, Handels-, Agentur- und Darlehensvertr\u00e4ge, Verbraucherschutz, Kapitalerh\u00f6hungs- und Kapitalherabsetzungstransaktionen, Transaktionen mit&#8230;<\/p>\n","protected":false},"author":1,"featured_media":5173,"parent":2337,"menu_order":482,"comment_status":"closed","ping_status":"closed","template":"","meta":[],"acf":[],"_links":{"self":[{"href":"https:\/\/hansu.av.tr\/de\/wp-json\/wp\/v2\/pages\/2321"}],"collection":[{"href":"https:\/\/hansu.av.tr\/de\/wp-json\/wp\/v2\/pages"}],"about":[{"href":"https:\/\/hansu.av.tr\/de\/wp-json\/wp\/v2\/types\/page"}],"author":[{"embeddable":true,"href":"https:\/\/hansu.av.tr\/de\/wp-json\/wp\/v2\/users\/1"}],"replies":[{"embeddable":true,"href":"https:\/\/hansu.av.tr\/de\/wp-json\/wp\/v2\/comments?post=2321"}],"version-history":[{"count":8,"href":"https:\/\/hansu.av.tr\/de\/wp-json\/wp\/v2\/pages\/2321\/revisions"}],"predecessor-version":[{"id":6087,"href":"https:\/\/hansu.av.tr\/de\/wp-json\/wp\/v2\/pages\/2321\/revisions\/6087"}],"up":[{"embeddable":true,"href":"https:\/\/hansu.av.tr\/de\/wp-json\/wp\/v2\/pages\/2337"}],"wp:featuredmedia":[{"embeddable":true,"href":"https:\/\/hansu.av.tr\/de\/wp-json\/wp\/v2\/media\/5173"}],"wp:attachment":[{"href":"https:\/\/hansu.av.tr\/de\/wp-json\/wp\/v2\/media?parent=2321"}],"curies":[{"name":"wp","href":"https:\/\/api.w.org\/{rel}","templated":true}]}}