{"id":2325,"date":"2020-05-12T01:50:32","date_gmt":"2020-05-11T22:50:32","guid":{"rendered":"https:\/\/hansu.av.tr\/verbraucher-und-produktsicherheit\/"},"modified":"2020-07-18T14:08:44","modified_gmt":"2020-07-18T11:08:44","slug":"verbraucher-und-produktsicherheit","status":"publish","type":"page","link":"https:\/\/hansu.av.tr\/de\/kompetenzen\/verbraucher-und-produktsicherheit\/","title":{"rendered":"Verbraucher und Produktsicherheit"},"content":{"rendered":"\t\t<div data-elementor-type=\"wp-post\" data-elementor-id=\"2325\" class=\"elementor elementor-2325 elementor-672\">\n\t\t\t\t\t\t<div class=\"elementor-inner\">\n\t\t\t\t<div class=\"elementor-section-wrap\">\n\t\t\t\t\t\t\t\t\t<section class=\"elementor-section elementor-top-section elementor-element elementor-element-6947d51 elementor-section-boxed elementor-section-height-default elementor-section-height-default\" data-id=\"6947d51\" data-element_type=\"section\">\n\t\t\t\t\t\t<div class=\"elementor-container elementor-column-gap-default\">\n\t\t\t\t\t\t\t<div class=\"elementor-row\">\n\t\t\t\t\t<div class=\"elementor-column elementor-col-100 elementor-top-column elementor-element elementor-element-6f27eff\" data-id=\"6f27eff\" data-element_type=\"column\">\n\t\t\t<div class=\"elementor-column-wrap elementor-element-populated\">\n\t\t\t\t\t\t\t<div class=\"elementor-widget-wrap\">\n\t\t\t\t\t\t<div class=\"elementor-element elementor-element-59af7dd elementor-widget elementor-widget-text-editor\" data-id=\"59af7dd\" data-element_type=\"widget\" data-widget_type=\"text-editor.default\">\n\t\t\t\t<div class=\"elementor-widget-container\">\n\t\t\t\t\t\t\t\t<div class=\"elementor-text-editor elementor-clearfix\">\n\t\t\t\t<p class=\"p1\"><span class=\"s1\"><b>Wie k\u00f6nnen wir Sie unterst\u00fctzen?<\/b><\/span><\/p><p class=\"p1\"><span class=\"s1\">Unsere Anwaltskanzlei bietet Unternehmen umfassende Rechtsberatung zu Sicherheitsvorschriften im Hinblick auf Waren und Dienstleistungen auf Basis des t\u00fcrkischen Rechts und der europ\u00e4ischen Vorschriften. Unser erfahrenes Team von Spezialisten achtet auf die aktuellen Vorschriften und ber\u00e4t seine Mandanten zur sicheren und qualit\u00e4tsvollen Produktherstellung. In diesem Zusammenhang ist unsere Kanzlei spezialisiert auf Nacherf\u00fcllungsma\u00dfnahmen bei fehlerhaften Produkten, Bestimmung von Rechten und Pflichten der Hersteller und der H\u00e4ndler, Entwicklung von Risikovermeidungs- und R\u00fcckrufstrategien, Koordinierung von R\u00fcckrufaktionen und Kommunikation mit den Beh\u00f6rden. Dar\u00fcber hinaus vertreten wir unsere Mandanten in allen privatrechtlichen und strafrechtlichen Streitigkeiten im Zusammenhang mit der Sicherheit von Waren und Dienstleistungen und unterst\u00fctzen Unternehmen bei Abwehr vor wirtschaftsstrafrechtlichen Sanktionen.<\/span><\/p><p class=\"p1\"><span class=\"s1\"><b>Wen unterst\u00fctzen wir?<\/b><\/span><\/p><p class=\"p1\"><span class=\"s1\">Zu unseren Mandanten z\u00e4hlen national und international operierende Warenhersteller und Unternehmen, die das Produkt weiterverarbeiten, die Vertreter des Herstellers, die Lieferanten, die Vertriebsh\u00e4ndler, die Importeure und Exporteure sowie andere Akteure entlang der Lieferkette.<\/span><\/p><p>\u00a0<\/p>\t\t\t\t\t<\/div>\n\t\t\t\t\t\t<\/div>\n\t\t\t\t<\/div>\n\t\t\t\t\t\t<\/div>\n\t\t\t\t\t<\/div>\n\t\t<\/div>\n\t\t\t\t\t\t\t\t<\/div>\n\t\t\t\t\t<\/div>\n\t\t<\/section>\n\t\t\t\t\t\t\t\t\t<\/div>\n\t\t\t<\/div>\n\t\t\t\t\t<\/div>\n\t\t","protected":false},"excerpt":{"rendered":"<p>Wie k\u00f6nnen wir Sie unterst\u00fctzen? Unsere Anwaltskanzlei bietet Unternehmen umfassende Rechtsberatung zu Sicherheitsvorschriften im Hinblick auf Waren und Dienstleistungen auf Basis des t\u00fcrkischen Rechts und der europ\u00e4ischen Vorschriften. Unser erfahrenes Team von Spezialisten achtet auf die aktuellen Vorschriften und ber\u00e4t seine Mandanten zur sicheren und qualit\u00e4tsvollen Produktherstellung. In diesem Zusammenhang ist unsere Kanzlei spezialisiert auf&#8230;<\/p>\n","protected":false},"author":1,"featured_media":5219,"parent":2337,"menu_order":315,"comment_status":"closed","ping_status":"closed","template":"","meta":[],"acf":[],"_links":{"self":[{"href":"https:\/\/hansu.av.tr\/de\/wp-json\/wp\/v2\/pages\/2325"}],"collection":[{"href":"https:\/\/hansu.av.tr\/de\/wp-json\/wp\/v2\/pages"}],"about":[{"href":"https:\/\/hansu.av.tr\/de\/wp-json\/wp\/v2\/types\/page"}],"author":[{"embeddable":true,"href":"https:\/\/hansu.av.tr\/de\/wp-json\/wp\/v2\/users\/1"}],"replies":[{"embeddable":true,"href":"https:\/\/hansu.av.tr\/de\/wp-json\/wp\/v2\/comments?post=2325"}],"version-history":[{"count":3,"href":"https:\/\/hansu.av.tr\/de\/wp-json\/wp\/v2\/pages\/2325\/revisions"}],"predecessor-version":[{"id":6065,"href":"https:\/\/hansu.av.tr\/de\/wp-json\/wp\/v2\/pages\/2325\/revisions\/6065"}],"up":[{"embeddable":true,"href":"https:\/\/hansu.av.tr\/de\/wp-json\/wp\/v2\/pages\/2337"}],"wp:featuredmedia":[{"embeddable":true,"href":"https:\/\/hansu.av.tr\/de\/wp-json\/wp\/v2\/media\/5219"}],"wp:attachment":[{"href":"https:\/\/hansu.av.tr\/de\/wp-json\/wp\/v2\/media?parent=2325"}],"curies":[{"name":"wp","href":"https:\/\/api.w.org\/{rel}","templated":true}]}}