{"id":2329,"date":"2020-05-12T01:51:08","date_gmt":"2020-05-11T22:51:08","guid":{"rendered":"https:\/\/hansu.av.tr\/stiftungs-und-vereinsrecht\/"},"modified":"2020-07-18T16:58:44","modified_gmt":"2020-07-18T13:58:44","slug":"stiftungs-und-vereinsrecht","status":"publish","type":"page","link":"https:\/\/hansu.av.tr\/de\/kompetenzen\/stiftungs-und-vereinsrecht\/","title":{"rendered":"Stiftungs-und Vereinsrecht"},"content":{"rendered":"\t\t<div data-elementor-type=\"wp-page\" data-elementor-id=\"2329\" class=\"elementor elementor-2329 elementor-1508\">\n\t\t\t\t\t\t<div class=\"elementor-inner\">\n\t\t\t\t<div class=\"elementor-section-wrap\">\n\t\t\t\t\t\t\t\t\t<section class=\"elementor-section elementor-top-section elementor-element elementor-element-73c8a2e elementor-section-boxed elementor-section-height-default elementor-section-height-default\" data-id=\"73c8a2e\" data-element_type=\"section\">\n\t\t\t\t\t\t<div class=\"elementor-container elementor-column-gap-default\">\n\t\t\t\t\t\t\t<div class=\"elementor-row\">\n\t\t\t\t\t<div class=\"elementor-column elementor-col-100 elementor-top-column elementor-element elementor-element-e80c017\" data-id=\"e80c017\" data-element_type=\"column\">\n\t\t\t<div class=\"elementor-column-wrap elementor-element-populated\">\n\t\t\t\t\t\t\t<div class=\"elementor-widget-wrap\">\n\t\t\t\t\t\t<div class=\"elementor-element elementor-element-19f97b0 elementor-widget elementor-widget-text-editor\" data-id=\"19f97b0\" data-element_type=\"widget\" data-widget_type=\"text-editor.default\">\n\t\t\t\t<div class=\"elementor-widget-container\">\n\t\t\t\t\t\t\t\t<div class=\"elementor-text-editor elementor-clearfix\">\n\t\t\t\t<p><strong>Wie k\u00f6nnen wir Sie unterst\u00fctzen?<\/strong><\/p>\n<p>Wir beraten unsere Mandanten bei der Errichtung von Stiftungen und Gr\u00fcndung von Vereinen einschlie\u00dflich der Erstellung und Gestaltung von entsprechenden Satzungen, f\u00fchren alle erforderlichen Ma\u00dfnahmen vor den Beh\u00f6rden und \u00f6ffentlichen Stellen durch, betreuen bei der Bestimmung des geeigneten Zwecks der Stiftung und\/oder des Vereins, und unterst\u00fctzen bei der Organisation der Generalversammlung und Vorstandssitzungen. Wir vertreten Mandanten in allen Rechtsstreitigkeiten im Zusammenhang mit der Aufl\u00f6sung von Vereinen und Stiftungen sowie in Straf- und Entsch\u00e4digungsverfahren gegen die Vereins- und Stiftungsverwaltung.<\/p>\n<p><strong>Wen unterst\u00fctzen wir?<\/strong><\/p>\n<p>Unser Team von Experten auf dem Gebiet des Vereins- und Stiftungsrechts bietet umfassende Dienstleistungen einschlie\u00dflich Beratung, Vertretung und Prozessf\u00fchrung f\u00fcr Vereine und Stiftungen.<\/p>\n\t\t\t\t\t<\/div>\n\t\t\t\t\t\t<\/div>\n\t\t\t\t<\/div>\n\t\t\t\t\t\t<\/div>\n\t\t\t\t\t<\/div>\n\t\t<\/div>\n\t\t\t\t\t\t\t\t<\/div>\n\t\t\t\t\t<\/div>\n\t\t<\/section>\n\t\t\t\t\t\t\t\t\t<\/div>\n\t\t\t<\/div>\n\t\t\t\t\t<\/div>\n\t\t","protected":false},"excerpt":{"rendered":"<p>Wie k\u00f6nnen wir Sie unterst\u00fctzen? Wir beraten unsere Mandanten bei der Errichtung von Stiftungen und Gr\u00fcndung von Vereinen einschlie\u00dflich der Erstellung und Gestaltung von entsprechenden Satzungen, f\u00fchren alle erforderlichen Ma\u00dfnahmen vor den Beh\u00f6rden und \u00f6ffentlichen Stellen durch, betreuen bei der Bestimmung des geeigneten Zwecks der Stiftung und\/oder des Vereins, und unterst\u00fctzen bei der Organisation der&#8230;<\/p>\n","protected":false},"author":1,"featured_media":5650,"parent":2337,"menu_order":306,"comment_status":"closed","ping_status":"closed","template":"","meta":[],"acf":[],"_links":{"self":[{"href":"https:\/\/hansu.av.tr\/de\/wp-json\/wp\/v2\/pages\/2329"}],"collection":[{"href":"https:\/\/hansu.av.tr\/de\/wp-json\/wp\/v2\/pages"}],"about":[{"href":"https:\/\/hansu.av.tr\/de\/wp-json\/wp\/v2\/types\/page"}],"author":[{"embeddable":true,"href":"https:\/\/hansu.av.tr\/de\/wp-json\/wp\/v2\/users\/1"}],"replies":[{"embeddable":true,"href":"https:\/\/hansu.av.tr\/de\/wp-json\/wp\/v2\/comments?post=2329"}],"version-history":[{"count":4,"href":"https:\/\/hansu.av.tr\/de\/wp-json\/wp\/v2\/pages\/2329\/revisions"}],"predecessor-version":[{"id":6149,"href":"https:\/\/hansu.av.tr\/de\/wp-json\/wp\/v2\/pages\/2329\/revisions\/6149"}],"up":[{"embeddable":true,"href":"https:\/\/hansu.av.tr\/de\/wp-json\/wp\/v2\/pages\/2337"}],"wp:featuredmedia":[{"embeddable":true,"href":"https:\/\/hansu.av.tr\/de\/wp-json\/wp\/v2\/media\/5650"}],"wp:attachment":[{"href":"https:\/\/hansu.av.tr\/de\/wp-json\/wp\/v2\/media?parent=2329"}],"curies":[{"name":"wp","href":"https:\/\/api.w.org\/{rel}","templated":true}]}}