{"id":2333,"date":"2020-05-12T01:51:45","date_gmt":"2020-05-11T22:51:45","guid":{"rendered":"https:\/\/hansu.av.tr\/steuerrecht\/"},"modified":"2020-07-30T13:30:22","modified_gmt":"2020-07-30T10:30:22","slug":"steuerrecht","status":"publish","type":"page","link":"https:\/\/hansu.av.tr\/de\/kompetenzen\/steuerrecht\/","title":{"rendered":"Steuerrecht"},"content":{"rendered":"\t\t<div data-elementor-type=\"wp-post\" data-elementor-id=\"2333\" class=\"elementor elementor-2333 elementor-653\">\n\t\t\t\t\t\t<div class=\"elementor-inner\">\n\t\t\t\t<div class=\"elementor-section-wrap\">\n\t\t\t\t\t\t\t\t\t<section class=\"elementor-section elementor-top-section elementor-element elementor-element-a2e4677 elementor-section-boxed elementor-section-height-default elementor-section-height-default\" data-id=\"a2e4677\" data-element_type=\"section\">\n\t\t\t\t\t\t<div class=\"elementor-container elementor-column-gap-default\">\n\t\t\t\t\t\t\t<div class=\"elementor-row\">\n\t\t\t\t\t<div class=\"elementor-column elementor-col-100 elementor-top-column elementor-element elementor-element-345f9f1\" data-id=\"345f9f1\" data-element_type=\"column\">\n\t\t\t<div class=\"elementor-column-wrap elementor-element-populated\">\n\t\t\t\t\t\t\t<div class=\"elementor-widget-wrap\">\n\t\t\t\t\t\t<div class=\"elementor-element elementor-element-6bf24ca elementor-widget elementor-widget-text-editor\" data-id=\"6bf24ca\" data-element_type=\"widget\" data-widget_type=\"text-editor.default\">\n\t\t\t\t<div class=\"elementor-widget-container\">\n\t\t\t\t\t\t\t\t<div class=\"elementor-text-editor elementor-clearfix\">\n\t\t\t\t<p class=\"p1\"><span class=\"s1\"><b>Wie k\u00f6nnen wir Sie unterst\u00fctzen?<\/b><\/span><\/p><p class=\"p1\"><span class=\"s1\">Unser Team von Anw\u00e4lten mit langj\u00e4hriger praktischer Erfahrung bietet nationalen und internationalen Mandanten umfassende Rechtsberatung in allen Bereichen des Steuerrechts an:<\/span><\/p><ul class=\"ul1\"><li class=\"li1\"><span class=\"s1\">Beratung zur Aufhebung von Steuerschulden, zu Folgen der steuerlichen Pflichtverletzungen sowie Vertretung in allen steuerrechtlichen Streitigkeiten<\/span><\/li><\/ul><ul class=\"ul1\"><li class=\"li1\"><span class=\"s1\">Unterst\u00fctzung bei den von der Steuerverwaltung eingeleiteten Steuerermittlungsverfahren<\/span><\/li><\/ul><ul class=\"ul1\"><li class=\"li1\"><span class=\"s1\">Beilegung von steuerrechtlichen Streitigkeiten vor den Steuerverwaltungen durch Schlichtung unter Ber\u00fccksichtigung von m\u00f6glichen rechtlichen Risiken und Erfolgschancen im gerichtlichen Verfahren<\/span><\/li><\/ul><ul class=\"ul1\"><li class=\"li1\"><span class=\"s1\">Vorbereitung einer Klage vor t\u00fcrkischen Steuergerichten \u00fcber Steuer- und Strafbescheide, Zahlungsbefehle oder die Feststellung von Steuerpflichten sowie die Vertretung in gerichtlichen Verfahren mit Bezug auf Wirtschaftsstrafrecht einschlie\u00dflich Steuerdelikte, falls es nicht zu einer au\u00dfergerichtlichen Beilegung des Rechtsstreites kommt.<\/span><\/li><\/ul><ul class=\"ul1\"><li class=\"li1\"><span class=\"s1\">Beratung zu Steuer-, Sozialversicherungs- und Zollbeg\u00fcnstigungen sowie zur Beilegung von Rechtsstreitigkeiten im Rahmen der Steuer-, Sozialversicherungs- und Zollgesetzgebung<\/span><\/li><\/ul><ul class=\"ul1\"><li class=\"li1\"><span class=\"s1\">Beratung und Prozessf\u00fchrung in allen steuerrechtlichen Streitigkeiten<\/span><\/li><\/ul><p class=\"p1\"><span class=\"s1\">In diesem Zusammenhang betreuet unsere Anwaltskanzlei ihre Mandanten bei den von den Beh\u00f6rden eingeleiteten Steuerermittlungen, den Ermittlungen der Sozialversicherungsaufsicht sowie der Ermittlungen der Zollbeh\u00f6rden. Wir vertreten t\u00fcrkische und internationale Mandanten vor Verwaltungsgerichten, Finanzgerichten und Beh\u00f6rden wegen entstandener Steuergeb\u00fchren sowie Bu\u00dfgelder von Beh\u00f6rden nach den durchgef\u00fchrten Steuer-, Sozialversicherungs-, und Zolluntersuchungen<\/span><\/p><p class=\"p1\"><span class=\"s1\">Mit unserem Team von Experten mit ihren starken nationalen und internationalen Erfahrungen unterst\u00fctzt unsere Anwaltskanzlei bei der Steuereffizienz, Risikominderung und der Beilegung von Streitigkeiten. Unser Ziel ist stets die pragmatische und effiziente L\u00f6sung der Anliegen unserer Mandanten.<\/span><\/p><p class=\"p1\"><span class=\"s1\"><b>Verwaltungsrechtliche Antr\u00e4ge<\/b><\/span><\/p><p class=\"p1\"><span class=\"s1\">Unsere Anwaltskanzlei ist spezialisiert auf die Vorbereitung von verwaltungsrechtlichen Antr\u00e4gen wie Beschwerde und Stellungnahmen an die Steuerverwaltungen \u00fcber die Transaktionen, die Gegenstand von Steuerermittlungen sind, sowie auf deren rechtliche Bewertung unter Ber\u00fccksichtigung der Steuergesetzgebung<\/span><\/p><p class=\"p1\"><span class=\"s1\"><b>Steuerberichte <\/b><\/span><\/p><p class=\"p1\"><span class=\"s1\">Unsere Anwaltskanzlei bietet rechtliche Unterst\u00fctzung bei der Pr\u00fcfung von Handelsb\u00fcchern durch die Steuerverwaltung sowie der Pr\u00fcfung von Informationen und Unterlagen bez\u00fcglich der steuerlichen Transaktionen an.<\/span><\/p><p class=\"p1\"><span class=\"s1\">Zus\u00e4tzlich zum finanziellen Teil der Steuerpr\u00fcfung ist es in steuerrechtlichen Streitigkeiten wichtig, im Vorfeld die Verteidigungsstrategie konkret zu bestimmen und wir unterst\u00fctzen bei der Planung und Gestaltung von entsprechenden Strategien zur Wahrung der Interessen der Steuerpflichtigen.<\/span><\/p><p class=\"p1\"><span class=\"s1\">Wir beraten unsere Mandanten in allen Phasen der Schlichtung einschlie\u00dflich der Bewertung von m\u00f6glichen rechtlichen Risiken.<\/span><\/p><p class=\"p1\"><span class=\"s1\"><b>Steuerrechtliche Streitigkeiten<\/b><\/span><\/p><p class=\"p1\"><span class=\"s1\">Unsere Anwaltskanzlei bietet rechtliche Pr\u00fcfung von Steuerberichten und Steuertechnikberichten an, die nach Abschluss des Untersuchungsverfahrens \u00fcber den Steuerpflichtigen erstellt werden. Auf Grundlage der oben genannten Berichte k\u00f6nnen Bu\u00dfgeldbescheide vom Finanzamt erlassen werden. In diesem Fall unterst\u00fctzen wir unsere Mandanten bei Abwehr vor Bu\u00dfgeldern und sonstigen Sanktionen und vertreten unsere Mandanten in Rechtsbehelfsverfahren gegen\u00fcber Finanzbeh\u00f6rden und vor Finanzgerichten.<\/span><\/p><p class=\"p1\"><span class=\"s1\">Unsere Anwaltskanzlei mit ihren vielf\u00e4ltigen nationalen und internationalen Kontakten ist auch in der Lage, von renommierten Experten entsprechende Gutachten auf dem Gebiet des Steuerrechts einzuholen. <\/span><\/p><p class=\"p1\"><span class=\"s1\"><b>Steuerdelikte<\/b><\/span><\/p><p class=\"p1\"><span class=\"s1\">Weitere steuerliche Schwerpunkte liegen im Bereich des Wirtschaftsstrafrechts. Als Folge von Betriebspr\u00fcfungen k\u00f6nnen die Steuerbeh\u00f6rden bei begr\u00fcndetem Verdacht ein Strafverfahren bez\u00fcglich der Transaktionen, welche im Widerspruch zum Steuerverfahrensrecht oder zu anderen Rechtsvorschriften stehen, einleiten. Unsere Kanzlei hat auch hervorragende Erfahrung in der Vertretung von betroffenen Personen und bietet bereits im Vorfeld des strafrechtlichen Verfahrens rechtliche Unterst\u00fctzung bei der Bestimmung der Abwehrstrategie an.<\/span><\/p><p class=\"p1\"><span class=\"s1\"><b>Wen unterst\u00fctzen wir?<\/b><\/span><\/p><p class=\"p1\"><span class=\"s1\">Aufgrund unserer umfassenden Expertise auf dem Gebiet des Steuerrechts beraten wir unsere Mandanten, sowohl Unternehmen als auch Privatpersonen, zu komplexen Steuerfragen, unabh\u00e4ngig davon, ob es sich um eine nationale oder eine grenz\u00fcberschreitende Angelegenheit handelt.<\/span><\/p><p>\u00a0<\/p>\t\t\t\t\t<\/div>\n\t\t\t\t\t\t<\/div>\n\t\t\t\t<\/div>\n\t\t\t\t\t\t<\/div>\n\t\t\t\t\t<\/div>\n\t\t<\/div>\n\t\t\t\t\t\t\t\t<\/div>\n\t\t\t\t\t<\/div>\n\t\t<\/section>\n\t\t\t\t\t\t\t\t\t<\/div>\n\t\t\t<\/div>\n\t\t\t\t\t<\/div>\n\t\t","protected":false},"excerpt":{"rendered":"<p>Wie k\u00f6nnen wir Sie unterst\u00fctzen? Unser Team von Anw\u00e4lten mit langj\u00e4hriger praktischer Erfahrung bietet nationalen und internationalen Mandanten umfassende Rechtsberatung in allen Bereichen des Steuerrechts an: Beratung zur Aufhebung von Steuerschulden, zu Folgen der steuerlichen Pflichtverletzungen sowie Vertretung in allen steuerrechtlichen Streitigkeiten Unterst\u00fctzung bei den von der Steuerverwaltung eingeleiteten Steuerermittlungsverfahren Beilegung von steuerrechtlichen Streitigkeiten vor&#8230;<\/p>\n","protected":false},"author":1,"featured_media":5632,"parent":2337,"menu_order":501,"comment_status":"closed","ping_status":"closed","template":"","meta":[],"acf":[],"_links":{"self":[{"href":"https:\/\/hansu.av.tr\/de\/wp-json\/wp\/v2\/pages\/2333"}],"collection":[{"href":"https:\/\/hansu.av.tr\/de\/wp-json\/wp\/v2\/pages"}],"about":[{"href":"https:\/\/hansu.av.tr\/de\/wp-json\/wp\/v2\/types\/page"}],"author":[{"embeddable":true,"href":"https:\/\/hansu.av.tr\/de\/wp-json\/wp\/v2\/users\/1"}],"replies":[{"embeddable":true,"href":"https:\/\/hansu.av.tr\/de\/wp-json\/wp\/v2\/comments?post=2333"}],"version-history":[{"count":8,"href":"https:\/\/hansu.av.tr\/de\/wp-json\/wp\/v2\/pages\/2333\/revisions"}],"predecessor-version":[{"id":6281,"href":"https:\/\/hansu.av.tr\/de\/wp-json\/wp\/v2\/pages\/2333\/revisions\/6281"}],"up":[{"embeddable":true,"href":"https:\/\/hansu.av.tr\/de\/wp-json\/wp\/v2\/pages\/2337"}],"wp:featuredmedia":[{"embeddable":true,"href":"https:\/\/hansu.av.tr\/de\/wp-json\/wp\/v2\/media\/5632"}],"wp:attachment":[{"href":"https:\/\/hansu.av.tr\/de\/wp-json\/wp\/v2\/media?parent=2333"}],"curies":[{"name":"wp","href":"https:\/\/api.w.org\/{rel}","templated":true}]}}