{"id":2373,"date":"2020-05-12T02:44:34","date_gmt":"2020-05-11T23:44:34","guid":{"rendered":"https:\/\/hansu.av.tr\/ebru-oezduran\/"},"modified":"2020-07-07T11:25:05","modified_gmt":"2020-07-07T08:25:05","slug":"ebru-oezduran","status":"publish","type":"page","link":"https:\/\/hansu.av.tr\/de\/unsere-anwaelte\/ebru-oezduran\/","title":{"rendered":"Ebru \u00d6ZDURAN"},"content":{"rendered":"\t\t<div data-elementor-type=\"wp-post\" data-elementor-id=\"2373\" class=\"elementor elementor-2373 elementor-1898\">\n\t\t\t\t\t\t<div class=\"elementor-inner\">\n\t\t\t\t<div class=\"elementor-section-wrap\">\n\t\t\t\t\t\t\t\t\t<section class=\"elementor-section elementor-top-section elementor-element elementor-element-6114b6de elementor-section-stretched elementor-section-full_width elementor-section-height-min-height elementor-section-items-bottom elementor-section-height-default\" data-id=\"6114b6de\" data-element_type=\"section\" id=\"slider\" data-settings=\"{&quot;stretch_section&quot;:&quot;section-stretched&quot;,&quot;background_background&quot;:&quot;classic&quot;,&quot;shape_divider_bottom&quot;:&quot;arrow&quot;}\">\n\t\t\t\t\t\t\t<div class=\"elementor-background-overlay\"><\/div>\n\t\t\t\t\t\t<div class=\"elementor-shape elementor-shape-bottom\" data-negative=\"false\">\n\t\t\t<svg xmlns=\"http:\/\/www.w3.org\/2000\/svg\" viewBox=\"0 0 700 10\" preserveAspectRatio=\"none\">\n\t<path class=\"elementor-shape-fill\" d=\"M350,10L340,0h20L350,10z\"\/>\n<\/svg>\t\t<\/div>\n\t\t\t\t\t<div class=\"elementor-container elementor-column-gap-default\">\n\t\t\t\t\t\t\t<div class=\"elementor-row\">\n\t\t\t\t\t<div class=\"elementor-column elementor-col-100 elementor-top-column elementor-element elementor-element-f225bf0\" data-id=\"f225bf0\" data-element_type=\"column\">\n\t\t\t<div class=\"elementor-column-wrap elementor-element-populated\">\n\t\t\t\t\t\t\t<div class=\"elementor-widget-wrap\">\n\t\t\t\t\t\t\t\t<\/div>\n\t\t\t\t\t<\/div>\n\t\t<\/div>\n\t\t\t\t\t\t\t\t<\/div>\n\t\t\t\t\t<\/div>\n\t\t<\/section>\n\t\t\t\t<section class=\"elementor-section elementor-top-section elementor-element elementor-element-3491cc11 elementor-section-stretched elementor-section-full_width elementor-reverse-tablet elementor-reverse-mobile elementor-section-height-default elementor-section-height-default\" data-id=\"3491cc11\" data-element_type=\"section\" data-settings=\"{&quot;stretch_section&quot;:&quot;section-stretched&quot;}\">\n\t\t\t\t\t\t<div class=\"elementor-container elementor-column-gap-default\">\n\t\t\t\t\t\t\t<div class=\"elementor-row\">\n\t\t\t\t\t<div class=\"elementor-column elementor-col-50 elementor-top-column elementor-element elementor-element-6cacb388\" data-id=\"6cacb388\" data-element_type=\"column\" data-settings=\"{&quot;background_background&quot;:&quot;classic&quot;}\">\n\t\t\t<div class=\"elementor-column-wrap elementor-element-populated\">\n\t\t\t\t\t<div class=\"elementor-background-overlay\"><\/div>\n\t\t\t\t\t\t\t<div class=\"elementor-widget-wrap\">\n\t\t\t\t\t\t<div class=\"elementor-element elementor-element-427104e4 elementor-widget elementor-widget-heading\" data-id=\"427104e4\" data-element_type=\"widget\" data-widget_type=\"heading.default\">\n\t\t\t\t<div class=\"elementor-widget-container\">\n\t\t\t<h2 class=\"elementor-heading-title elementor-size-default\">Ebru \u00d6ZDURAN<\/h2>\t\t<\/div>\n\t\t\t\t<\/div>\n\t\t\t\t<div class=\"elementor-element elementor-element-74830e28 elementor-widget elementor-widget-heading\" data-id=\"74830e28\" data-element_type=\"widget\" data-widget_type=\"heading.default\">\n\t\t\t\t<div class=\"elementor-widget-container\">\n\t\t\t<h6 class=\"elementor-heading-title elementor-size-default\">Managing Associate<\/h6>\t\t<\/div>\n\t\t\t\t<\/div>\n\t\t\t\t<div class=\"elementor-element elementor-element-61268ab0 elementor-widget elementor-widget-text-editor\" data-id=\"61268ab0\" data-element_type=\"widget\" data-widget_type=\"text-editor.default\">\n\t\t\t\t<div class=\"elementor-widget-container\">\n\t\t\t\t\t\t\t\t<div class=\"elementor-text-editor elementor-clearfix\">\n\t\t\t\t<p class=\"p1\"><span class=\"s1\">EBRU \u00d6ZDURAN hat im Jahr 2008 ihr Studium an der Juristischen Fakult\u00e4t der Izmir-Dokuz-Eylul-Universit\u00e4t abgeschlossen. Sie hat ihr Referendariat bei der Anwaltskammer \u0130zmir gemacht und wurde 2009 in die Anwaltskammer Istanbul aufgenommen. Ab 2013 hat sie bei einer Anwaltssoziet\u00e4t zahlreiche Gesellschaften und Konzerne rechtlich beraten und hat dabei rechtliche Unterst\u00fctzung f\u00fcr die T\u00e4tigkeiten des Vorstands und der Hauptversammlung sowie f\u00fcr die Verwirklichung unternehmensinterner Projekte geleistet und zwar auf dem Gebiet des Gesellschaftsrechts, Vertragsrechts, Arbeitsrechts, Immobilienrechts, Familienrechts, Konkurs- und Vollstreckungsrechts, Handels- und Wertpapierrechts, Vergaberechts, Wohnungseigentums- und Verwaltungsrechts, Vereins- und Stiftungsrechts und Schadensersatzrechts.<\/span><\/p>\n<p class=\"p1\"><span class=\"s1\">Sie hat 2014 in New York Englischkurse am English Language Center besucht und danach am ASA College Rechts- und Wirtschaftsenglischunterricht erhalten.<\/span><\/p>\n<p class=\"p1\"><span class=\"s1\">Sie ist seit 2015 wieder in Istanbul und hat ab 2017 eigene Anwaltskanzlei gegr\u00fcndet. Neben ihrer selbstst\u00e4ndigen T\u00e4tigkeit als Rechtsanw\u00e4ltin und Beraterin hat sie zugleich als Outsourcing-Managerin eine Rechtsanwaltskanzlei mit einem Team von 12 Mitarbeitern unterst\u00fctzt. In diesem Zusammenhang war sie verantwortlich f\u00fcr die Koordination zwischen den B\u00fcros, die Berichterstattung \u00fcber laufende Gerichts- und Vollstreckungsverfahren, die Erstellung monatlicher Vortr\u00e4ge f\u00fcr Beraterfirmen auf der Grundlage dieser Berichte und die innerbetriebliche Schulung in Bezug auf betriebsinterne Personaldokumente, Rechnungen, Kontokorrentkonten und s\u00e4mtliche Vertr\u00e4ge, welche von Mitarbeitern, die \u00fcber keine juristischen Kenntnisse verf\u00fcgen, bearbeitet wurden.<\/span><\/p>\n<p class=\"p1\"><span class=\"s1\">Sie ist seit Juni 2017 bei der Hansu Anwaltskanzlei t\u00e4tig und bietet umfassende Beratung in allen Rechtsbereichen an und vertritt Gesellschaften und Einzelpersonen aus dem umfassenden Mandantenportfolio der Hansu Anwaltskanzlei, welches sich aus weltweit branchenf\u00fchrenden Unternehmen zusammensetzt, in allen Rechtsstreitigkeiten. Unseren Mandanten steht sie als Managing Associate der Hansu Law Firm auf dem Gebiet des Verwaltungsrechts, Strafrechts, Immobilienrechts, Energierechts, Handels- und Arbeitsrechts und der Prozessf\u00fchrung beratend zur Seite. <\/span><\/p>\n<p class=\"p1\"><span class=\"s1\">Dar\u00fcber hinaus hat sie an Fortbildungsseminaren zu den Grunds\u00e4tzen des Gesellschaftsrechts, Vertragsrechts, Arbeitsrechts, Immobilienrechts, Familienrechts, Konkurs- und Vollstreckungsrechts, Handels- und Wertpapierrechts, Vergaberechts, Wohnungseigentums- und Verwaltungsrechts, Vereins- und Stiftungsrechts, Entsch\u00e4digungsrechts, Katasterrechts, Verwaltungsverfahrensrechts und Strafverfahrensrechts und Forstrechts teilgenommen, welche zu ihrer beruflichen Weiterbildung und praktischen Erfahrung beigetragen haben.<\/span><\/p>\n<p class=\"p1\"><span class=\"s1\"><b>Mitgliedschaften:<\/b> Rechtsanwaltskammer Istanbul<\/span><\/p>\n<p class=\"p1\"><span class=\"s1\"><b>Registernummer der Anwaltskammer:<\/b> 39053<\/span><\/p>\n<p class=\"p1\"><span class=\"s1\"><b>Sprachen:<\/b> T\u00fcrkisch, Englisch<\/span><\/p>\n\t\t\t\t\t<\/div>\n\t\t\t\t\t\t<\/div>\n\t\t\t\t<\/div>\n\t\t\t\t<div class=\"elementor-element elementor-element-21f2cd75 elementor-widget elementor-widget-heading\" data-id=\"21f2cd75\" data-element_type=\"widget\" data-widget_type=\"heading.default\">\n\t\t\t\t<div class=\"elementor-widget-container\">\n\t\t\t<h2 class=\"elementor-heading-title elementor-size-default\">Kontakt<\/h2>\t\t<\/div>\n\t\t\t\t<\/div>\n\t\t\t\t<section class=\"elementor-section elementor-inner-section elementor-element elementor-element-6bdb8e17 elementor-section-boxed elementor-section-height-default elementor-section-height-default\" data-id=\"6bdb8e17\" data-element_type=\"section\" data-settings=\"{&quot;background_background&quot;:&quot;classic&quot;}\">\n\t\t\t\t\t\t<div class=\"elementor-container elementor-column-gap-default\">\n\t\t\t\t\t\t\t<div class=\"elementor-row\">\n\t\t\t\t\t<div class=\"elementor-column elementor-col-50 elementor-inner-column elementor-element elementor-element-3b952829\" data-id=\"3b952829\" data-element_type=\"column\" data-settings=\"{&quot;background_background&quot;:&quot;classic&quot;}\">\n\t\t\t<div class=\"elementor-column-wrap elementor-element-populated\">\n\t\t\t\t\t\t\t<div class=\"elementor-widget-wrap\">\n\t\t\t\t\t\t<div class=\"elementor-element elementor-element-4784cd3a elementor-widget elementor-widget-image\" data-id=\"4784cd3a\" data-element_type=\"widget\" data-widget_type=\"image.default\">\n\t\t\t\t<div class=\"elementor-widget-container\">\n\t\t\t\t\t\t\t\t<div class=\"elementor-image\">\n\t\t\t\t\t\t\t\t\t\t\t\t<img width=\"32\" height=\"32\" src=\"https:\/\/hansu.av.tr\/wp-content\/uploads\/2018\/12\/icon.png\" class=\"attachment-full size-full\" alt=\"\" loading=\"lazy\" \/>\t\t\t\t\t\t\t\t\t\t\t\t\t\t<\/div>\n\t\t\t\t\t\t<\/div>\n\t\t\t\t<\/div>\n\t\t\t\t\t\t<\/div>\n\t\t\t\t\t<\/div>\n\t\t<\/div>\n\t\t\t\t<div class=\"elementor-column elementor-col-50 elementor-inner-column elementor-element elementor-element-77f84fc6\" data-id=\"77f84fc6\" data-element_type=\"column\">\n\t\t\t<div class=\"elementor-column-wrap elementor-element-populated\">\n\t\t\t\t\t\t\t<div class=\"elementor-widget-wrap\">\n\t\t\t\t\t\t<div class=\"elementor-element elementor-element-6977a74c elementor-widget elementor-widget-text-editor\" data-id=\"6977a74c\" data-element_type=\"widget\" data-widget_type=\"text-editor.default\">\n\t\t\t\t<div class=\"elementor-widget-container\">\n\t\t\t\t\t\t\t\t<div class=\"elementor-text-editor elementor-clearfix\">\n\t\t\t\t<p>0 (216) 464 12 12<\/p>\n\t\t\t\t\t<\/div>\n\t\t\t\t\t\t<\/div>\n\t\t\t\t<\/div>\n\t\t\t\t\t\t<\/div>\n\t\t\t\t\t<\/div>\n\t\t<\/div>\n\t\t\t\t\t\t\t\t<\/div>\n\t\t\t\t\t<\/div>\n\t\t<\/section>\n\t\t\t\t<section class=\"elementor-section elementor-inner-section elementor-element elementor-element-2e7d2615 elementor-section-boxed elementor-section-height-default elementor-section-height-default\" data-id=\"2e7d2615\" data-element_type=\"section\" data-settings=\"{&quot;background_background&quot;:&quot;classic&quot;}\">\n\t\t\t\t\t\t<div class=\"elementor-container elementor-column-gap-default\">\n\t\t\t\t\t\t\t<div class=\"elementor-row\">\n\t\t\t\t\t<div class=\"elementor-column elementor-col-50 elementor-inner-column elementor-element elementor-element-5909b783\" data-id=\"5909b783\" data-element_type=\"column\" data-settings=\"{&quot;background_background&quot;:&quot;classic&quot;}\">\n\t\t\t<div class=\"elementor-column-wrap elementor-element-populated\">\n\t\t\t\t\t\t\t<div class=\"elementor-widget-wrap\">\n\t\t\t\t\t\t<div class=\"elementor-element elementor-element-38c158be elementor-widget elementor-widget-image\" data-id=\"38c158be\" data-element_type=\"widget\" data-widget_type=\"image.default\">\n\t\t\t\t<div class=\"elementor-widget-container\">\n\t\t\t\t\t\t\t\t<div class=\"elementor-image\">\n\t\t\t\t\t\t\t\t\t\t\t\t<img width=\"32\" height=\"32\" src=\"https:\/\/hansu.av.tr\/wp-content\/uploads\/2018\/12\/envelope.png\" class=\"attachment-full size-full\" alt=\"\" loading=\"lazy\" \/>\t\t\t\t\t\t\t\t\t\t\t\t\t\t<\/div>\n\t\t\t\t\t\t<\/div>\n\t\t\t\t<\/div>\n\t\t\t\t\t\t<\/div>\n\t\t\t\t\t<\/div>\n\t\t<\/div>\n\t\t\t\t<div class=\"elementor-column elementor-col-50 elementor-inner-column elementor-element elementor-element-3485f2be\" data-id=\"3485f2be\" data-element_type=\"column\">\n\t\t\t<div class=\"elementor-column-wrap elementor-element-populated\">\n\t\t\t\t\t\t\t<div class=\"elementor-widget-wrap\">\n\t\t\t\t\t\t<div class=\"elementor-element elementor-element-6712cf35 elementor-widget elementor-widget-text-editor\" data-id=\"6712cf35\" data-element_type=\"widget\" data-widget_type=\"text-editor.default\">\n\t\t\t\t<div class=\"elementor-widget-container\">\n\t\t\t\t\t\t\t\t<div class=\"elementor-text-editor elementor-clearfix\">\n\t\t\t\t<p><a href=\"mailto:ebruozduran@hansu.av.tr\">ebruozduran@hansu.av.tr<\/a><\/p>\n\t\t\t\t\t<\/div>\n\t\t\t\t\t\t<\/div>\n\t\t\t\t<\/div>\n\t\t\t\t\t\t<\/div>\n\t\t\t\t\t<\/div>\n\t\t<\/div>\n\t\t\t\t\t\t\t\t<\/div>\n\t\t\t\t\t<\/div>\n\t\t<\/section>\n\t\t\t\t\t\t<\/div>\n\t\t\t\t\t<\/div>\n\t\t<\/div>\n\t\t\t\t<div class=\"elementor-column elementor-col-50 elementor-top-column elementor-element elementor-element-1e5a35e0\" data-id=\"1e5a35e0\" data-element_type=\"column\" data-settings=\"{&quot;background_background&quot;:&quot;classic&quot;}\">\n\t\t\t<div class=\"elementor-column-wrap elementor-element-populated\">\n\t\t\t\t\t<div class=\"elementor-background-overlay\"><\/div>\n\t\t\t\t\t\t\t<div class=\"elementor-widget-wrap\">\n\t\t\t\t\t\t<div class=\"elementor-element elementor-element-2998766c elementor-widget elementor-widget-image\" data-id=\"2998766c\" data-element_type=\"widget\" data-widget_type=\"image.default\">\n\t\t\t\t<div class=\"elementor-widget-container\">\n\t\t\t\t\t\t\t\t<div class=\"elementor-image\">\n\t\t\t\t\t\t\t\t\t\t\t\t<img width=\"600\" height=\"899\" src=\"https:\/\/hansu.av.tr\/wp-content\/uploads\/2019\/01\/ebru.jpg\" class=\"attachment-full size-full\" alt=\"\" loading=\"lazy\" srcset=\"https:\/\/hansu.av.tr\/wp-content\/uploads\/2019\/01\/ebru.jpg 600w, https:\/\/hansu.av.tr\/wp-content\/uploads\/2019\/01\/ebru-200x300.jpg 200w\" sizes=\"(max-width: 600px) 100vw, 600px\" \/>\t\t\t\t\t\t\t\t\t\t\t\t\t\t<\/div>\n\t\t\t\t\t\t<\/div>\n\t\t\t\t<\/div>\n\t\t\t\t\t\t<\/div>\n\t\t\t\t\t<\/div>\n\t\t<\/div>\n\t\t\t\t\t\t\t\t<\/div>\n\t\t\t\t\t<\/div>\n\t\t<\/section>\n\t\t\t\t\t\t\t\t\t<\/div>\n\t\t\t<\/div>\n\t\t\t\t\t<\/div>\n\t\t","protected":false},"excerpt":{"rendered":"<p>Ebru \u00d6ZDURAN Managing Associate EBRU \u00d6ZDURAN hat im Jahr 2008 ihr Studium an der Juristischen Fakult\u00e4t der Izmir-Dokuz-Eylul-Universit\u00e4t abgeschlossen. Sie hat ihr Referendariat bei der Anwaltskammer \u0130zmir gemacht und wurde 2009 in die Anwaltskammer Istanbul aufgenommen. Ab 2013 hat sie bei einer Anwaltssoziet\u00e4t zahlreiche Gesellschaften und Konzerne rechtlich beraten und hat dabei rechtliche Unterst\u00fctzung f\u00fcr&#8230;<\/p>\n","protected":false},"author":1,"featured_media":4787,"parent":2467,"menu_order":194,"comment_status":"closed","ping_status":"closed","template":"","meta":[],"acf":[],"_links":{"self":[{"href":"https:\/\/hansu.av.tr\/de\/wp-json\/wp\/v2\/pages\/2373"}],"collection":[{"href":"https:\/\/hansu.av.tr\/de\/wp-json\/wp\/v2\/pages"}],"about":[{"href":"https:\/\/hansu.av.tr\/de\/wp-json\/wp\/v2\/types\/page"}],"author":[{"embeddable":true,"href":"https:\/\/hansu.av.tr\/de\/wp-json\/wp\/v2\/users\/1"}],"replies":[{"embeddable":true,"href":"https:\/\/hansu.av.tr\/de\/wp-json\/wp\/v2\/comments?post=2373"}],"version-history":[{"count":0,"href":"https:\/\/hansu.av.tr\/de\/wp-json\/wp\/v2\/pages\/2373\/revisions"}],"up":[{"embeddable":true,"href":"https:\/\/hansu.av.tr\/de\/wp-json\/wp\/v2\/pages\/2467"}],"wp:featuredmedia":[{"embeddable":true,"href":"https:\/\/hansu.av.tr\/de\/wp-json\/wp\/v2\/media\/4787"}],"wp:attachment":[{"href":"https:\/\/hansu.av.tr\/de\/wp-json\/wp\/v2\/media?parent=2373"}],"curies":[{"name":"wp","href":"https:\/\/api.w.org\/{rel}","templated":true}]}}