{"id":2391,"date":"2020-05-12T02:48:23","date_gmt":"2020-05-11T23:48:23","guid":{"rendered":"https:\/\/hansu.av.tr\/dr-ata-torun\/"},"modified":"2020-07-29T19:12:00","modified_gmt":"2020-07-29T16:12:00","slug":"dr-ata-torun","status":"publish","type":"page","link":"https:\/\/hansu.av.tr\/de\/unsere-anwaelte\/dr-ata-torun\/","title":{"rendered":"Dr. Ata TORUN"},"content":{"rendered":"\t\t<div data-elementor-type=\"wp-post\" data-elementor-id=\"2391\" class=\"elementor elementor-2391 elementor-1414\">\n\t\t\t\t\t\t<div class=\"elementor-inner\">\n\t\t\t\t<div class=\"elementor-section-wrap\">\n\t\t\t\t\t\t\t\t\t<section class=\"elementor-section elementor-top-section elementor-element elementor-element-9b372d7 elementor-section-stretched elementor-section-full_width elementor-section-height-min-height elementor-section-items-bottom elementor-section-height-default\" data-id=\"9b372d7\" data-element_type=\"section\" id=\"slider\" data-settings=\"{&quot;stretch_section&quot;:&quot;section-stretched&quot;,&quot;background_background&quot;:&quot;classic&quot;,&quot;shape_divider_bottom&quot;:&quot;arrow&quot;}\">\n\t\t\t\t\t\t\t<div class=\"elementor-background-overlay\"><\/div>\n\t\t\t\t\t\t<div class=\"elementor-shape elementor-shape-bottom\" data-negative=\"false\">\n\t\t\t<svg xmlns=\"http:\/\/www.w3.org\/2000\/svg\" viewBox=\"0 0 700 10\" preserveAspectRatio=\"none\">\n\t<path class=\"elementor-shape-fill\" d=\"M350,10L340,0h20L350,10z\"\/>\n<\/svg>\t\t<\/div>\n\t\t\t\t\t<div class=\"elementor-container elementor-column-gap-default\">\n\t\t\t\t\t\t\t<div class=\"elementor-row\">\n\t\t\t\t\t<div class=\"elementor-column elementor-col-100 elementor-top-column elementor-element elementor-element-3ce9e204\" data-id=\"3ce9e204\" data-element_type=\"column\">\n\t\t\t<div class=\"elementor-column-wrap elementor-element-populated\">\n\t\t\t\t\t\t\t<div class=\"elementor-widget-wrap\">\n\t\t\t\t\t\t\t\t<\/div>\n\t\t\t\t\t<\/div>\n\t\t<\/div>\n\t\t\t\t\t\t\t\t<\/div>\n\t\t\t\t\t<\/div>\n\t\t<\/section>\n\t\t\t\t<section class=\"elementor-section elementor-top-section elementor-element elementor-element-1c85cd83 elementor-section-stretched elementor-section-full_width elementor-reverse-tablet elementor-reverse-mobile elementor-section-height-default elementor-section-height-default\" data-id=\"1c85cd83\" data-element_type=\"section\" data-settings=\"{&quot;stretch_section&quot;:&quot;section-stretched&quot;}\">\n\t\t\t\t\t\t<div class=\"elementor-container elementor-column-gap-default\">\n\t\t\t\t\t\t\t<div class=\"elementor-row\">\n\t\t\t\t\t<div class=\"elementor-column elementor-col-50 elementor-top-column elementor-element elementor-element-7e7123a\" data-id=\"7e7123a\" data-element_type=\"column\" data-settings=\"{&quot;background_background&quot;:&quot;classic&quot;}\">\n\t\t\t<div class=\"elementor-column-wrap elementor-element-populated\">\n\t\t\t\t\t<div class=\"elementor-background-overlay\"><\/div>\n\t\t\t\t\t\t\t<div class=\"elementor-widget-wrap\">\n\t\t\t\t\t\t<div class=\"elementor-element elementor-element-5cabed8f elementor-widget elementor-widget-heading\" data-id=\"5cabed8f\" data-element_type=\"widget\" data-widget_type=\"heading.default\">\n\t\t\t\t<div class=\"elementor-widget-container\">\n\t\t\t<h2 class=\"elementor-heading-title elementor-size-default\">Dr. Ata TORUN <\/h2>\t\t<\/div>\n\t\t\t\t<\/div>\n\t\t\t\t<div class=\"elementor-element elementor-element-752fcb42 elementor-widget elementor-widget-heading\" data-id=\"752fcb42\" data-element_type=\"widget\" data-widget_type=\"heading.default\">\n\t\t\t\t<div class=\"elementor-widget-container\">\n\t\t\t<h6 class=\"elementor-heading-title elementor-size-default\">Junior Associate<\/h6>\t\t<\/div>\n\t\t\t\t<\/div>\n\t\t\t\t<div class=\"elementor-element elementor-element-4715e0ad elementor-widget elementor-widget-text-editor\" data-id=\"4715e0ad\" data-element_type=\"widget\" data-widget_type=\"text-editor.default\">\n\t\t\t\t<div class=\"elementor-widget-container\">\n\t\t\t\t\t\t\t\t<div class=\"elementor-text-editor elementor-clearfix\">\n\t\t\t\t<p class=\"p1\"><span class=\"s1\">Dr. ATA TORUN absolvierte 2006 \u00d6sterreichisches Sankt Georgs-Kolleg Istanbul. Er hat im Jahr 2012 sein Studium der Rechtswissenschaft an der Universit\u00e4t Heidelberg (Deutschland) abgeschlossen. Danach hat er an derselben Universit\u00e4t mit seiner Promotion zum Thema internationalen und nationalen Luft- und Seefrachtrecht angefangen. Nach erfolgreich bestandener \u00c4quivalenzpr\u00fcfung an der Juristischen Fakult\u00e4t der Universit\u00e4t Istanbul im Jahr 2013 hat er sein Referendariat bei der Hansu Anwaltskanzlei abgeschlossen. Seit 2015 ist er Mitglied der Rechtsanwaltskammer von Istanbul.<\/span><\/p>\n<p class=\"p1\"><span class=\"s1\">W\u00e4hrend seiner Promotionszeit in Deutschland war er f\u00fcnf Jahre lang in der Transportation\/Aviation\/Logistics Praxisgruppe der renommierten deutschen Wirtschaftskanzlei Arnecke Sibeth Dabelstein t\u00e4tig. Dabei hat er sich mit zahlreichen rechtlichen und wirtschaftlichen Angelegenheiten, insbesondere der Transport- und Logistikbranche, befasst. Zu seinen T\u00e4tigkeiten geh\u00f6rten die Beratung und Vertretung von Unternehmen in Rechtsstreitigkeiten wegen Verlust, Besch\u00e4digung und Versp\u00e4tung des Frachtgutes w\u00e4hrend der nationalen und internationalen Stra\u00dfen-, Luft-, Seebef\u00f6rderung sowie beim multimodalen G\u00fctertransport, die Beratung von Unternehmen in regulatorischen Fragen des deutschen und internationalen Transport-, Logistik-, Lager- und Speditionsrechts, die Konzeption, \u00dcberpr\u00fcfung und Gestaltung von Transport-, Lager- und Logistikvertr\u00e4gen, Rahmenvertr\u00e4gen mit Lieferanten und Subunternehmern sowie die \u00dcberpr\u00fcfung von Allgemeinen Gesch\u00e4ftsbedingungen. Dar\u00fcber hinaus hat er bei der mehrj\u00e4hrigen Beratung und Betreuung von international operierenden t\u00fcrkischen Gro\u00dfmandanten unterst\u00fctzt. Au\u00dferdem hat er an der Erstellung des Manuskripts f\u00fcr das Transportrechtskapitel des Handbuchs zum Internationalen Wirtschaftsrecht (\u201e<i>Holger, B\u00fcrskens, in: Handbuch Internationales Wirtschaftsrecht, herausgegeben von Herbert Kronke\/Werner Melis\/Hans Kuhn, 2. Auflage 2017, Teil E. Transport<\/i>\u201c) mitgewirkt.<\/span><\/p>\n<p class=\"p1\"><span class=\"s1\">Er hat am Weiterbildungsprogramm der Goethe-Universit\u00e4t Frankfurt \u00fcber deutsche und internationale Schiedsgerichtsbarkeit erfolgreich teilgenommen. Seine Promotion an der Universit\u00e4t Heidelberg hat er im Jahr 2019 abgeschlossen. Seine Dissertation \u201c<i>Entwicklung der Frachtf\u00fchrerhaftung im Luft- und Seefrachtrecht &#8211; Eine vergleichende Studie des internationalen Einheitsrechts und seiner Umsetzung im t\u00fcrkischen und deutschen Recht<\/i>\u201c ist im Verlag Dr. Kova\u010d erschienen. <\/span><\/p>\n<p class=\"p1\"><span class=\"s1\">Seit M\u00e4rz 2020 ist er bei der Hansu Anwaltskanzlei als Rechtsanwalt t\u00e4tig. Er bietet umfassende Beratung in s\u00e4mtlichen Rechtsbereichen an und vertritt Gesellschaften und Einzelpersonen aus dem umfassenden Mandantenportfolio der Hansu Anwaltskanzlei, welches sich aus weltweit branchenf\u00fchrenden Unternehmen zusammensetzt, in allen Rechtsstreitigkeiten und gerichtlichen Verfahren. Unseren Mandanten steht er besonders auf dem Gebiet des Transport- und Logistikrechts und nationalen und internationalen Handels- und Wirtschaftsrechts beratend zur Seite. <\/span><\/p>\n<p class=\"p1\"><span class=\"s1\">Dr. Ata Torun ist zust\u00e4ndig f\u00fcr unser \u201eGerman Desk\u201c und unterst\u00fctzt deutsche Mandanten bei ihren Investitionen in der T\u00fcrkei sowie t\u00fcrkische Unternehmen bei Gesch\u00e4ftsaktivit\u00e4ten in Deutschland. Deutsche Mandanten k\u00f6nnen das gesamte Spektrum der von uns angebotenen anwaltlichen Dienstleistung \u2013 in ihrer Muttersprache und v\u00f6llig abgestimmt auf ihre pers\u00f6nlichen Belange \u2013 in Anspruch nehmen.<\/span><\/p>\n<p class=\"p1\"><span class=\"s1\">Im kommenden Herbstsemester 2020 wird er auch an der \u00d6zye\u011fin-Universit\u00e4t Istanbul Vorlesungen anbieten.<\/span><\/p>\n<p class=\"p1\"><span class=\"s1\"><b>Mitgliedschaften:<\/b> Rechtsanwaltskammer Istanbul<\/span><\/p>\n<p class=\"p1\"><span class=\"s1\"><b>Registernummer der Anwaltskammer:<\/b> 52176<\/span><\/p>\n<p class=\"p1\"><span class=\"s1\"><b>Sprachen:<\/b> T\u00fcrkisch, Deutsch, Englisch<\/span><\/p>\n\t\t\t\t\t<\/div>\n\t\t\t\t\t\t<\/div>\n\t\t\t\t<\/div>\n\t\t\t\t<div class=\"elementor-element elementor-element-1b7e5138 elementor-widget elementor-widget-heading\" data-id=\"1b7e5138\" data-element_type=\"widget\" data-widget_type=\"heading.default\">\n\t\t\t\t<div class=\"elementor-widget-container\">\n\t\t\t<h2 class=\"elementor-heading-title elementor-size-default\">Kontakt<\/h2>\t\t<\/div>\n\t\t\t\t<\/div>\n\t\t\t\t<section class=\"elementor-section elementor-inner-section elementor-element elementor-element-240c682a elementor-section-boxed elementor-section-height-default elementor-section-height-default\" data-id=\"240c682a\" data-element_type=\"section\" data-settings=\"{&quot;background_background&quot;:&quot;classic&quot;}\">\n\t\t\t\t\t\t<div class=\"elementor-container elementor-column-gap-default\">\n\t\t\t\t\t\t\t<div class=\"elementor-row\">\n\t\t\t\t\t<div class=\"elementor-column elementor-col-50 elementor-inner-column elementor-element elementor-element-3bd3bba5\" data-id=\"3bd3bba5\" data-element_type=\"column\" data-settings=\"{&quot;background_background&quot;:&quot;classic&quot;}\">\n\t\t\t<div class=\"elementor-column-wrap elementor-element-populated\">\n\t\t\t\t\t\t\t<div class=\"elementor-widget-wrap\">\n\t\t\t\t\t\t<div class=\"elementor-element elementor-element-81b7845 elementor-widget elementor-widget-image\" data-id=\"81b7845\" data-element_type=\"widget\" data-widget_type=\"image.default\">\n\t\t\t\t<div class=\"elementor-widget-container\">\n\t\t\t\t\t\t\t\t<div class=\"elementor-image\">\n\t\t\t\t\t\t\t\t\t\t\t\t<img width=\"32\" height=\"32\" src=\"https:\/\/hansu.av.tr\/wp-content\/uploads\/2018\/12\/icon.png\" class=\"attachment-full size-full\" alt=\"\" loading=\"lazy\" \/>\t\t\t\t\t\t\t\t\t\t\t\t\t\t<\/div>\n\t\t\t\t\t\t<\/div>\n\t\t\t\t<\/div>\n\t\t\t\t\t\t<\/div>\n\t\t\t\t\t<\/div>\n\t\t<\/div>\n\t\t\t\t<div class=\"elementor-column elementor-col-50 elementor-inner-column elementor-element elementor-element-45f876e4\" data-id=\"45f876e4\" data-element_type=\"column\">\n\t\t\t<div class=\"elementor-column-wrap elementor-element-populated\">\n\t\t\t\t\t\t\t<div class=\"elementor-widget-wrap\">\n\t\t\t\t\t\t<div class=\"elementor-element elementor-element-17bcf343 elementor-widget elementor-widget-text-editor\" data-id=\"17bcf343\" data-element_type=\"widget\" data-widget_type=\"text-editor.default\">\n\t\t\t\t<div class=\"elementor-widget-container\">\n\t\t\t\t\t\t\t\t<div class=\"elementor-text-editor elementor-clearfix\">\n\t\t\t\t<p>0 (216) 464 12 12<\/p>\n\t\t\t\t\t<\/div>\n\t\t\t\t\t\t<\/div>\n\t\t\t\t<\/div>\n\t\t\t\t\t\t<\/div>\n\t\t\t\t\t<\/div>\n\t\t<\/div>\n\t\t\t\t\t\t\t\t<\/div>\n\t\t\t\t\t<\/div>\n\t\t<\/section>\n\t\t\t\t<section class=\"elementor-section elementor-inner-section elementor-element elementor-element-2e4dba74 elementor-section-boxed elementor-section-height-default elementor-section-height-default\" data-id=\"2e4dba74\" data-element_type=\"section\" data-settings=\"{&quot;background_background&quot;:&quot;classic&quot;}\">\n\t\t\t\t\t\t<div class=\"elementor-container elementor-column-gap-default\">\n\t\t\t\t\t\t\t<div class=\"elementor-row\">\n\t\t\t\t\t<div class=\"elementor-column elementor-col-50 elementor-inner-column elementor-element elementor-element-23353ba1\" data-id=\"23353ba1\" data-element_type=\"column\" data-settings=\"{&quot;background_background&quot;:&quot;classic&quot;}\">\n\t\t\t<div class=\"elementor-column-wrap elementor-element-populated\">\n\t\t\t\t\t\t\t<div class=\"elementor-widget-wrap\">\n\t\t\t\t\t\t<div class=\"elementor-element elementor-element-533043e3 elementor-widget elementor-widget-image\" data-id=\"533043e3\" data-element_type=\"widget\" data-widget_type=\"image.default\">\n\t\t\t\t<div class=\"elementor-widget-container\">\n\t\t\t\t\t\t\t\t<div class=\"elementor-image\">\n\t\t\t\t\t\t\t\t\t\t\t\t<img width=\"32\" height=\"32\" src=\"https:\/\/hansu.av.tr\/wp-content\/uploads\/2018\/12\/envelope.png\" class=\"attachment-full size-full\" alt=\"\" loading=\"lazy\" \/>\t\t\t\t\t\t\t\t\t\t\t\t\t\t<\/div>\n\t\t\t\t\t\t<\/div>\n\t\t\t\t<\/div>\n\t\t\t\t\t\t<\/div>\n\t\t\t\t\t<\/div>\n\t\t<\/div>\n\t\t\t\t<div class=\"elementor-column elementor-col-50 elementor-inner-column elementor-element elementor-element-643e594f\" data-id=\"643e594f\" data-element_type=\"column\">\n\t\t\t<div class=\"elementor-column-wrap elementor-element-populated\">\n\t\t\t\t\t\t\t<div class=\"elementor-widget-wrap\">\n\t\t\t\t\t\t<div class=\"elementor-element elementor-element-52daa3cd elementor-widget elementor-widget-text-editor\" data-id=\"52daa3cd\" data-element_type=\"widget\" data-widget_type=\"text-editor.default\">\n\t\t\t\t<div class=\"elementor-widget-container\">\n\t\t\t\t\t\t\t\t<div class=\"elementor-text-editor elementor-clearfix\">\n\t\t\t\t<p><span style=\"vertical-align: inherit;\"><span style=\"vertical-align: inherit;\"><a href=\"mailto:ugurcanfidan@hansu.av.tr\">ata.torun@hansu.av.tr<\/a><\/span><\/span><\/p>\t\t\t\t\t<\/div>\n\t\t\t\t\t\t<\/div>\n\t\t\t\t<\/div>\n\t\t\t\t\t\t<\/div>\n\t\t\t\t\t<\/div>\n\t\t<\/div>\n\t\t\t\t\t\t\t\t<\/div>\n\t\t\t\t\t<\/div>\n\t\t<\/section>\n\t\t\t\t\t\t<\/div>\n\t\t\t\t\t<\/div>\n\t\t<\/div>\n\t\t\t\t<div class=\"elementor-column elementor-col-50 elementor-top-column elementor-element elementor-element-1a041350\" data-id=\"1a041350\" data-element_type=\"column\" data-settings=\"{&quot;background_background&quot;:&quot;classic&quot;}\">\n\t\t\t<div class=\"elementor-column-wrap elementor-element-populated\">\n\t\t\t\t\t<div class=\"elementor-background-overlay\"><\/div>\n\t\t\t\t\t\t\t<div class=\"elementor-widget-wrap\">\n\t\t\t\t\t\t<div class=\"elementor-element elementor-element-2f1d59e elementor-widget elementor-widget-image\" data-id=\"2f1d59e\" data-element_type=\"widget\" data-widget_type=\"image.default\">\n\t\t\t\t<div class=\"elementor-widget-container\">\n\t\t\t\t\t\t\t\t<div class=\"elementor-image\">\n\t\t\t\t\t\t\t\t\t\t\t\t<img width=\"300\" height=\"450\" src=\"https:\/\/hansu.av.tr\/wp-content\/uploads\/2019\/01\/profile.jpg\" class=\"attachment-full size-full\" alt=\"\" loading=\"lazy\" srcset=\"https:\/\/hansu.av.tr\/wp-content\/uploads\/2019\/01\/profile.jpg 300w, https:\/\/hansu.av.tr\/wp-content\/uploads\/2019\/01\/profile-200x300.jpg 200w\" sizes=\"(max-width: 300px) 100vw, 300px\" \/>\t\t\t\t\t\t\t\t\t\t\t\t\t\t<\/div>\n\t\t\t\t\t\t<\/div>\n\t\t\t\t<\/div>\n\t\t\t\t\t\t<\/div>\n\t\t\t\t\t<\/div>\n\t\t<\/div>\n\t\t\t\t\t\t\t\t<\/div>\n\t\t\t\t\t<\/div>\n\t\t<\/section>\n\t\t\t\t\t\t\t\t\t<\/div>\n\t\t\t<\/div>\n\t\t\t\t\t<\/div>\n\t\t","protected":false},"excerpt":{"rendered":"<p>Dr. Ata TORUN Junior Associate Dr. ATA TORUN absolvierte 2006 \u00d6sterreichisches Sankt Georgs-Kolleg Istanbul. Er hat im Jahr 2012 sein Studium der Rechtswissenschaft an der Universit\u00e4t Heidelberg (Deutschland) abgeschlossen. Danach hat er an derselben Universit\u00e4t mit seiner Promotion zum Thema internationalen und nationalen Luft- und Seefrachtrecht angefangen. Nach erfolgreich bestandener \u00c4quivalenzpr\u00fcfung an der Juristischen Fakult\u00e4t&#8230;<\/p>\n","protected":false},"author":1,"featured_media":4799,"parent":2467,"menu_order":207,"comment_status":"closed","ping_status":"closed","template":"","meta":[],"acf":[],"_links":{"self":[{"href":"https:\/\/hansu.av.tr\/de\/wp-json\/wp\/v2\/pages\/2391"}],"collection":[{"href":"https:\/\/hansu.av.tr\/de\/wp-json\/wp\/v2\/pages"}],"about":[{"href":"https:\/\/hansu.av.tr\/de\/wp-json\/wp\/v2\/types\/page"}],"author":[{"embeddable":true,"href":"https:\/\/hansu.av.tr\/de\/wp-json\/wp\/v2\/users\/1"}],"replies":[{"embeddable":true,"href":"https:\/\/hansu.av.tr\/de\/wp-json\/wp\/v2\/comments?post=2391"}],"version-history":[{"count":1,"href":"https:\/\/hansu.av.tr\/de\/wp-json\/wp\/v2\/pages\/2391\/revisions"}],"predecessor-version":[{"id":6256,"href":"https:\/\/hansu.av.tr\/de\/wp-json\/wp\/v2\/pages\/2391\/revisions\/6256"}],"up":[{"embeddable":true,"href":"https:\/\/hansu.av.tr\/de\/wp-json\/wp\/v2\/pages\/2467"}],"wp:featuredmedia":[{"embeddable":true,"href":"https:\/\/hansu.av.tr\/de\/wp-json\/wp\/v2\/media\/4799"}],"wp:attachment":[{"href":"https:\/\/hansu.av.tr\/de\/wp-json\/wp\/v2\/media?parent=2391"}],"curies":[{"name":"wp","href":"https:\/\/api.w.org\/{rel}","templated":true}]}}