{"id":2474,"date":"2020-05-12T04:51:51","date_gmt":"2020-05-12T01:51:51","guid":{"rendered":"https:\/\/hansu.av.tr\/international\/"},"modified":"2020-10-03T12:27:35","modified_gmt":"2020-10-03T09:27:35","slug":"international","status":"publish","type":"page","link":"https:\/\/hansu.av.tr\/de\/inhalt\/international\/","title":{"rendered":"INTERNATIONAL"},"content":{"rendered":"\t\t<div data-elementor-type=\"wp-page\" data-elementor-id=\"2474\" class=\"elementor elementor-2474 elementor-1723\">\n\t\t\t\t\t\t<div class=\"elementor-inner\">\n\t\t\t\t<div class=\"elementor-section-wrap\">\n\t\t\t\t\t\t\t\t\t<section class=\"elementor-section elementor-top-section elementor-element elementor-element-40b9c9c7 elementor-section-boxed elementor-section-height-default elementor-section-height-default\" data-id=\"40b9c9c7\" data-element_type=\"section\">\n\t\t\t\t\t\t<div class=\"elementor-container elementor-column-gap-default\">\n\t\t\t\t\t\t\t<div class=\"elementor-row\">\n\t\t\t\t\t<div class=\"elementor-column elementor-col-100 elementor-top-column elementor-element elementor-element-12b04631\" data-id=\"12b04631\" data-element_type=\"column\">\n\t\t\t<div class=\"elementor-column-wrap elementor-element-populated\">\n\t\t\t\t\t\t\t<div class=\"elementor-widget-wrap\">\n\t\t\t\t\t\t<div class=\"elementor-element elementor-element-1af35c62 elementor-widget elementor-widget-text-editor\" data-id=\"1af35c62\" data-element_type=\"widget\" data-widget_type=\"text-editor.default\">\n\t\t\t\t<div class=\"elementor-widget-container\">\n\t\t\t\t\t\t\t\t<div class=\"elementor-text-editor elementor-clearfix\">\n\t\t\t\t<p class=\"p1\"><span class=\"s1\">Als eine der f\u00fchrenden t\u00fcrkischen Rechtskanzleien unterst\u00fctzt Hansu Anwaltskanzlei ihre Mandanten bei grenz\u00fcberschreitenden Aktivit\u00e4ten und internationalen Gesch\u00e4ften. Wir halten es f\u00fcr wichtig, unseren Mandanten einen umfassenden One-Stop-Shop anzubieten, um Sie bei der Umsetzung ihrer Pl\u00e4ne und Strategien rund um den Globus zu unterst\u00fctzen und zu begleiten. Mit unserem engagierten Team von Spezialisten einschlie\u00dflich Rechtsanw\u00e4lte mit Fremdsprachenkenntnisse, welche bereits \u00fcber ein umfangreiches internationales Netzwerk verf\u00fcgen und weitreichende Erfahrungen mit ausl\u00e4ndischen Gesch\u00e4ftskulturen und Rechtssystemen gesammelt haben, sind wir in der Lage, ausl\u00e4ndische Investoren, international operierende Unternehmen und Institutionen sowie ausl\u00e4ndische Anwaltskanzleien bei allen strategischen Investitionen und komplexen Transaktionen umfassend zu beraten, einschlie\u00dflich M&amp;A- und Joint-Venture-Projekten, Immobilieninvestitionen und Compliance-Untersuchungen sowie Vertretung in Gerichts- und Schiedsverfahren.<\/span><\/p><p class=\"p1\"><span class=\"s1\">Aufgrund unserer umfassenden Expertise in allen wesentlichen Wirtschaftssektoren sind wir Ihr One-Stop-Shop-Dienstleister in der T\u00fcrkei. Unsere juristische Expertise und Branchenkenntnis erm\u00f6glichen uns, Sie in allen Bereichen des Wirtschaftsrechts zu beraten, einschlie\u00dflich der folgenden Themen:<\/span><\/p><ul class=\"ul1\"><li class=\"li1\"><span class=\"s1\">Beratung bei internationalen Forderungseintreibungsverfahren<\/span><\/li><\/ul><ul class=\"ul1\"><li class=\"li1\"><span class=\"s1\">Prozessf\u00fchrung vor staatlichen Gerichten und in Schiedsgerichtsverfahren<\/span><\/li><\/ul><ul class=\"ul1\"><li class=\"li1\"><span class=\"s1\">Gestaltung und Verhandlung von internationalen Kauf- und Dienstleistungsvertr\u00e4gen, Vertriebs- und Agenturvertr\u00e4gen, Mietvertr\u00e4gen sowie Allgemeinen Gesch\u00e4ftsbedingungen<\/span><\/li><\/ul><ul class=\"ul1\"><li class=\"li1\"><span class=\"s1\">Gr\u00fcndung von Gesellschaften, Zweigniederlassungen und Repr\u00e4sentanzb\u00fcros einschlie\u00dflich der Unterst\u00fctzung in allen Phasen des Gr\u00fcndungsprozesses, wie z.B. Erstellung und Verhandlung der Gesellschaftssatzung, Anmeldung zum Handelsregister, Er\u00f6ffnung eines Bankkontos, Beantragung von notwendigen Genehmigungen in der T\u00fcrkei<\/span><\/li><\/ul><ul class=\"ul1\"><li class=\"li1\"><span class=\"s1\">M&amp;A-Transaktionen und Joint-Venture-Projekte<\/span><\/li><\/ul><ul class=\"ul1\"><li class=\"li1\"><span class=\"s1\">Due Diligence<\/span><\/li><\/ul><ul class=\"ul1\"><li class=\"li1\"><span class=\"s1\">Anpassung internationaler Gesch\u00e4ftsorganisationen (einschlie\u00dflich interner Vorschriften) an die lokale Gesetzgebung und den lokalen Markt sowie Unterst\u00fctzung bei der Compliance mit nationalen Rechtsvorschriften<\/span><\/li><\/ul><ul class=\"ul1\"><li class=\"li1\"><span class=\"s1\">Immobilientransaktionen einschlie\u00dflich des Erwerbs und der Finanzierung von Immobilien in der T\u00fcrkei<\/span><\/li><\/ul><ul class=\"ul1\"><li class=\"li1\"><span class=\"s1\">Erstellung von Legal-Status-Berichten<\/span><\/li><\/ul><ul class=\"ul1\"><li class=\"li1\"><span class=\"s1\">Beratung in allen arbeitsrechtlichen Angelegenheiten<\/span><\/li><\/ul><ul class=\"ul1\"><li class=\"li1\"><span class=\"s1\">Schutz des geistigen Eigentums, insbesondere Marken- und Patentschutz<\/span><\/li><\/ul><ul class=\"ul1\"><li class=\"li1\"><span class=\"s1\">Begr\u00fcndung und Eintragung von beschr\u00e4nkten dinglichen Rechten ins Grundbuch<\/span><\/li><\/ul><ul class=\"ul1\"><li class=\"li1\"><span class=\"s1\">Begr\u00fcndung und Registrierung von Pfandrechten an beweglichen Maschinen und Fahrzeugen<\/span><\/li><\/ul><ul class=\"ul1\"><li class=\"li1\"><span class=\"s1\">Durchf\u00fchrung von Ausschreibungsverfahren f\u00fcr Projekte in der T\u00fcrkei <\/span><\/li><\/ul><ul class=\"ul1\"><li class=\"li1\"><span class=\"s1\">Erwerb der t\u00fcrkischen Staatsb\u00fcrgerschaft f\u00fcr ausl\u00e4ndische Investoren durch Immobilienkauf<\/span><\/li><\/ul><p class=\"p1\"><span class=\"s1\">Au\u00dferdem unterst\u00fctzt Hansu Anwaltskanzlei t\u00fcrkische Unternehmen bei ihren wirtschaftlichen Aktivit\u00e4ten im Ausland. Unsere hervorragenden Kontakte vor Ort erm\u00f6glichen uns, unseren t\u00fcrkischen Mandanten \u00fcberall dort, wo sie in Europa oder weltweit gesch\u00e4ftlich t\u00e4tig sind, fachkundige rechtliche Unterst\u00fctzung zu bieten. Wenn wir mit unseren Kollegen in ausl\u00e4ndischen Jurisdiktionen zusammenarbeiten, \u00fcbernehmen wir in der Regel das Projektmanagement und wir koordinieren als prim\u00e4rer Ansprechpartner die Arbeit zwischen unseren Mandanten und den ausl\u00e4ndischen Anwaltsteams. Wir sind stets bem\u00fcht, internationalen Teams von Experten genau zugeschnitten auf die jeweilige ausl\u00e4ndische Rechtsordnung und die individuellen Bed\u00fcrfnisse unserer Mandanten zu bilden.<\/span><\/p><p class=\"p1\"><span class=\"s1\">Durch unser Team von mehrsprachigen Experten und unsere internationalen Netzwerke von renommierten Rechtsanwaltskanzleien sind wir in der Lage, Sie auch au\u00dferhalb unserer Jurisdiktion in den folgenden L\u00e4ndern zu unterst\u00fctzen:<\/span><\/p><p class=\"p1\"><span class=\"s1\"><b>Deutschland Desk:<\/b> <a href=\"mailto:ata.torun@hansu.av.tr\">ata.torun@hansu.av.tr<\/a><\/span><\/p><p class=\"p1\"><span class=\"s1\"><b>Gro\u00dfbritannien Desk:<\/b> <a class=\"ns-action\" href=\"mailto:njl@hansu.av.tr\" data-click-action=\"common.go\" data-params=\"new_window&amp;url=%23compose%2Fmailto%3Dnjl%2540hansu.av.tr\">njl@hansu.av.tr<\/a><\/span><\/p><p class=\"p1\"><span class=\"s1\"><b>Vereinigte Arabische Emirate und Golfstaaten Desk:<\/b> <a href=\"mailto:omer.hansu@hansu.av.tr\">omer.hansu@hansu.av.tr<\/a><\/span><\/p><p class=\"p1\"><span class=\"s1\"><b>Belgien Desk:<\/b> <a href=\"mailto:ebruozduran@hansu.av.tr\">ebruozduran@hansu.av.tr<\/a><\/span><\/p><p class=\"p1\"><span class=\"s1\"><b>Italien Desk:<\/b> njl@hansu.av.tr<\/span><\/p>\t\t\t\t\t<\/div>\n\t\t\t\t\t\t<\/div>\n\t\t\t\t<\/div>\n\t\t\t\t\t\t<\/div>\n\t\t\t\t\t<\/div>\n\t\t<\/div>\n\t\t\t\t\t\t\t\t<\/div>\n\t\t\t\t\t<\/div>\n\t\t<\/section>\n\t\t\t\t\t\t\t\t\t<\/div>\n\t\t\t<\/div>\n\t\t\t\t\t<\/div>\n\t\t","protected":false},"excerpt":{"rendered":"<p>Als eine der f\u00fchrenden t\u00fcrkischen Rechtskanzleien unterst\u00fctzt Hansu Anwaltskanzlei ihre Mandanten bei grenz\u00fcberschreitenden Aktivit\u00e4ten und internationalen Gesch\u00e4ften. Wir halten es f\u00fcr wichtig, unseren Mandanten einen umfassenden One-Stop-Shop anzubieten, um Sie bei der Umsetzung ihrer Pl\u00e4ne und Strategien rund um den Globus zu unterst\u00fctzen und zu begleiten. Mit unserem engagierten Team von Spezialisten einschlie\u00dflich Rechtsanw\u00e4lte mit&#8230;<\/p>\n","protected":false},"author":1,"featured_media":0,"parent":2482,"menu_order":377,"comment_status":"closed","ping_status":"closed","template":"","meta":[],"acf":[],"_links":{"self":[{"href":"https:\/\/hansu.av.tr\/de\/wp-json\/wp\/v2\/pages\/2474"}],"collection":[{"href":"https:\/\/hansu.av.tr\/de\/wp-json\/wp\/v2\/pages"}],"about":[{"href":"https:\/\/hansu.av.tr\/de\/wp-json\/wp\/v2\/types\/page"}],"author":[{"embeddable":true,"href":"https:\/\/hansu.av.tr\/de\/wp-json\/wp\/v2\/users\/1"}],"replies":[{"embeddable":true,"href":"https:\/\/hansu.av.tr\/de\/wp-json\/wp\/v2\/comments?post=2474"}],"version-history":[{"count":2,"href":"https:\/\/hansu.av.tr\/de\/wp-json\/wp\/v2\/pages\/2474\/revisions"}],"predecessor-version":[{"id":6406,"href":"https:\/\/hansu.av.tr\/de\/wp-json\/wp\/v2\/pages\/2474\/revisions\/6406"}],"up":[{"embeddable":true,"href":"https:\/\/hansu.av.tr\/de\/wp-json\/wp\/v2\/pages\/2482"}],"wp:attachment":[{"href":"https:\/\/hansu.av.tr\/de\/wp-json\/wp\/v2\/media?parent=2474"}],"curies":[{"name":"wp","href":"https:\/\/api.w.org\/{rel}","templated":true}]}}