{"id":2703,"date":"2020-05-16T21:23:27","date_gmt":"2020-05-16T18:23:27","guid":{"rendered":"https:\/\/hansu.av.tr\/unsere-internationalen-kooperationen-und-taetigkeitsfelder\/"},"modified":"2020-05-16T21:23:28","modified_gmt":"2020-05-16T18:23:28","slug":"unsere-internationalen-kooperationen-und-taetigkeitsfelder","status":"publish","type":"page","link":"https:\/\/hansu.av.tr\/de\/unsere-internationalen-kooperationen-und-taetigkeitsfelder\/","title":{"rendered":"UNSERE INTERNATIONALEN KOOPERATIONEN UND T\u00c4TIGKEITSFELDER"},"content":{"rendered":"\t\t<div data-elementor-type=\"wp-post\" data-elementor-id=\"2703\" class=\"elementor elementor-2703 elementor-22 elementor-bc-flex-widget\">\n\t\t\t\t\t\t<div class=\"elementor-inner\">\n\t\t\t\t<div class=\"elementor-section-wrap\">\n\t\t\t\t\t\t\t\t\t<section class=\"elementor-section elementor-top-section elementor-element elementor-element-24a6be3c elementor-section-stretched elementor-section-full_width elementor-section-height-min-height elementor-section-items-bottom elementor-section-height-default\" data-id=\"24a6be3c\" data-element_type=\"section\" id=\"slider\" data-settings=\"{&quot;stretch_section&quot;:&quot;section-stretched&quot;,&quot;background_background&quot;:&quot;classic&quot;,&quot;shape_divider_bottom&quot;:&quot;arrow&quot;}\">\n\t\t\t\t\t\t\t<div class=\"elementor-background-overlay\"><\/div>\n\t\t\t\t\t\t<div class=\"elementor-shape elementor-shape-bottom\" data-negative=\"false\">\n\t\t\t<svg xmlns=\"http:\/\/www.w3.org\/2000\/svg\" viewBox=\"0 0 700 10\" preserveAspectRatio=\"none\">\n\t<path class=\"elementor-shape-fill\" d=\"M350,10L340,0h20L350,10z\"\/>\n<\/svg>\t\t<\/div>\n\t\t\t\t\t<div class=\"elementor-container elementor-column-gap-default\">\n\t\t\t\t\t\t\t<div class=\"elementor-row\">\n\t\t\t\t\t<div class=\"elementor-column elementor-col-100 elementor-top-column elementor-element elementor-element-2cc74153\" data-id=\"2cc74153\" data-element_type=\"column\">\n\t\t\t<div class=\"elementor-column-wrap elementor-element-populated\">\n\t\t\t\t\t\t\t<div class=\"elementor-widget-wrap\">\n\t\t\t\t\t\t\t\t<\/div>\n\t\t\t\t\t<\/div>\n\t\t<\/div>\n\t\t\t\t\t\t\t\t<\/div>\n\t\t\t\t\t<\/div>\n\t\t<\/section>\n\t\t\t\t<section class=\"elementor-section elementor-top-section elementor-element elementor-element-406115eb elementor-section-stretched elementor-section-boxed elementor-section-height-default elementor-section-height-default\" data-id=\"406115eb\" data-element_type=\"section\" data-settings=\"{&quot;stretch_section&quot;:&quot;section-stretched&quot;,&quot;background_background&quot;:&quot;classic&quot;}\">\n\t\t\t\t\t\t<div class=\"elementor-container elementor-column-gap-default\">\n\t\t\t\t\t\t\t<div class=\"elementor-row\">\n\t\t\t\t\t<div class=\"elementor-column elementor-col-100 elementor-top-column elementor-element elementor-element-3fb4445b\" data-id=\"3fb4445b\" data-element_type=\"column\" data-settings=\"{&quot;background_background&quot;:&quot;classic&quot;}\">\n\t\t\t<div class=\"elementor-column-wrap elementor-element-populated\">\n\t\t\t\t\t<div class=\"elementor-background-overlay\"><\/div>\n\t\t\t\t\t\t\t<div class=\"elementor-widget-wrap\">\n\t\t\t\t\t\t<div class=\"elementor-element elementor-element-18ecf712 elementor-widget elementor-widget-heading\" data-id=\"18ecf712\" data-element_type=\"widget\" data-widget_type=\"heading.default\">\n\t\t\t\t<div class=\"elementor-widget-container\">\n\t\t\t<h2 class=\"elementor-heading-title elementor-size-default\">UNSERE INTERNATIONALEN KOOPERATIONEN UND T\u00c4TIGKEITSFELDER<\/h2>\t\t<\/div>\n\t\t\t\t<\/div>\n\t\t\t\t<div class=\"elementor-element elementor-element-2c4d9d5f elementor-widget elementor-widget-text-editor\" data-id=\"2c4d9d5f\" data-element_type=\"widget\" data-widget_type=\"text-editor.default\">\n\t\t\t\t<div class=\"elementor-widget-container\">\n\t\t\t\t\t\t\t\t<div class=\"elementor-text-editor elementor-clearfix\">\n\t\t\t\t<p>Unsere Kooperationen und T\u00e4tigkeiten auf nationaler und internationaler Ebene<br \/>\nDurch die Globalisierung und den stetig wachsenden internationale Handel der T\u00fcrkei haben sich die wirtschaftlichen und rechtlichen Beziehungen zwischen der T\u00fcrkei und den anderen L\u00e4ndern sehr positiv entwickelt, was einen wesentlichen Beitrag zu den Export- und Importt\u00e4tigkeiten geleistet hat. Unsere Anwaltskanzlei hat diese Entwicklung fr\u00fch erkannt und steht in zahlreichen Projekten unseren weltweit operierenden Mandanten beratend zur Seite.<br \/>\nDa die Europ\u00e4ische Union weitaus der gr\u00f6\u00dfte Handelspartner der T\u00fcrkei ist, spielt das EU-Recht eine wesentliche Rolle bei der Abwicklung von Au\u00dfenhandelsgesch\u00e4ften. In diesem Zusammenhang legt unsere Anwaltskanzlei besonderen Wert sowohl auf die Europ\u00e4ische Union und das EU-Recht als auch auf das ma\u00dfgebliche Au\u00dfenhandels- und Zollrecht. In diesen Angelegenheiten beraten wir inl\u00e4ndische Unternehmen sowie international operierende Gesellschaften umfassend und verhindern damit etwaige rechtliche Risiken.<br \/>\nJedes Land mit einem anderen Rechtssystem schafft grunds\u00e4tzlich Risiken bei der Durchf\u00fchrung von Au\u00dfenhandelsgesch\u00e4ften, insbesondere bei der Lieferung von Waren und\/oder Dienstleistungen. In diesen F\u00e4llen minimieren wir die Risiken von Investoren und unterst\u00fctzen unsere Mandanten durch unser erfahrenes Expertenteam mit entsprechenden Fremdsprachenkenntnissen, welches auch \u00fcber umfassende Kenntnisse im Hinblick auf die EU-Gesetzgebung sowie das Au\u00dfenhandels- und Zollrecht verf\u00fcgt.<br \/>\nGef\u00fchrt von erfahrenen und hochqualifizierten Gesellschafts- und Handelsrechtlern ist unsere Anwaltskanzlei besonders auf Beratung und F\u00fchrung von M&#038;A-Transaktionen spezialisiert. In diesem Zusammenhang erstellen wir Legal-Due-Diligence-Berichte im Hinblick auf die geplanten Akquisitionen und Zusammenschl\u00fcsse, f\u00fchren die Verhandlungen der entsprechenden Unternehmenskaufvertr\u00e4ge durch und bieten rechtliche Unterst\u00fctzung bei der Einholung der erforderlichen Genehmigungen der Wettbewerbsbeh\u00f6rde, der Regulierungsbeh\u00f6rde f\u00fcr den Energiemarkt, der Finanzmarktaufsicht usw., welche als unabh\u00e4ngige \u00f6ffentlich-rechtliche Stellen bekannt sind.<br \/>\nUnsere Anwaltskanzlei bietet umfassende Rechtsberatung f\u00fcr einheimische und ausl\u00e4ndische Investoren von der Gr\u00fcndungsphase bis zur Inbetriebnahme von W\u00e4rmekraftwerken, Wasserkraftwerken, Windkraftwerken und Kernkraftwerken an. Zu unserem Mandanten z\u00e4hlen t\u00fcrkische und internationale Unternehmen, welche seit vielen Jahren in der T\u00fcrkei im Energie- und Bergbausektor t\u00e4tig sind. HANSU ist eine der f\u00fchrenden Anwaltskanzleien auf diesem Gebiet.<br \/>\nBei der Durchf\u00fchrung von Energieinvestitionen und der Errichtung von Freihandelszonen, H\u00e4fen und organisierten Industriezonen werden die Grundst\u00fccke, in denen die geplanten Investitionen realisiert werden sollen, durch die Beschl\u00fcsse von Beh\u00f6rden und \u00f6ffentlichen Stellen enteignet. In diesem Zusammenhang hat unsere Anwaltskanzlei bereits in zahlreichen in der T\u00fcrkei durchgef\u00fchrten Enteignungsprojekten alle rechtlichen Aspekte der Beziehungen zwischen den \u00f6ffentlichen Stellen und den privaten Investoren sowie das ma\u00dfgebliche Enteignungsverfahren (Vorbereitungsphase, dringendes Enteignungsverfahren sowie Enteignungsklagen) betreut und koordiniert.<br \/>\nGest\u00fctzt auf unsere bisherigen Erfahrungen in zahlreichen Enteignungsverfahren ist es nun unser Ziel, die Errichtung und den Betrieb von Erd\u00f6l-\/Erdgas-Transportpipelines, welche durch die Gr\u00fcndung von privaten Gesellschaften (Nabucco- und BTC-Pipeline usw.) koordiniert werden, sowie die Durchf\u00fchrung der Vorbereitungsverfahren und die Vertretung in Enteignungsprozessen anwaltlich zu begleiten.<br \/>\nBislang hat unsere Anwaltskanzlei umfangreiche Rechtsberatungen und Anwaltsdienstleistungen in einer Vielzahl von Privatisierungs-, Energie-, Bergbau- und Rohstoffprojekten, Lebensmittel-, Eisenbahntransport- und Hafenprojekten (einschlie\u00dflich der Legal-Due-Diligence) erbracht.<\/p>\n\t\t\t\t\t<\/div>\n\t\t\t\t\t\t<\/div>\n\t\t\t\t<\/div>\n\t\t\t\t\t\t<\/div>\n\t\t\t\t\t<\/div>\n\t\t<\/div>\n\t\t\t\t\t\t\t\t<\/div>\n\t\t\t\t\t<\/div>\n\t\t<\/section>\n\t\t\t\t\t\t\t\t\t<\/div>\n\t\t\t<\/div>\n\t\t\t\t\t<\/div>\n\t\t","protected":false},"excerpt":{"rendered":"<p>UNSERE INTERNATIONALEN KOOPERATIONEN UND T\u00c4TIGKEITSFELDER Unsere Kooperationen und T\u00e4tigkeiten auf nationaler und internationaler Ebene Durch die Globalisierung und den stetig wachsenden internationale Handel der T\u00fcrkei haben sich die wirtschaftlichen und rechtlichen Beziehungen zwischen der T\u00fcrkei und den anderen L\u00e4ndern sehr positiv entwickelt, was einen wesentlichen Beitrag zu den Export- und Importt\u00e4tigkeiten geleistet hat. Unsere Anwaltskanzlei&#8230;<\/p>\n","protected":false},"author":1,"featured_media":0,"parent":0,"menu_order":484,"comment_status":"closed","ping_status":"closed","template":"","meta":[],"acf":[],"_links":{"self":[{"href":"https:\/\/hansu.av.tr\/de\/wp-json\/wp\/v2\/pages\/2703"}],"collection":[{"href":"https:\/\/hansu.av.tr\/de\/wp-json\/wp\/v2\/pages"}],"about":[{"href":"https:\/\/hansu.av.tr\/de\/wp-json\/wp\/v2\/types\/page"}],"author":[{"embeddable":true,"href":"https:\/\/hansu.av.tr\/de\/wp-json\/wp\/v2\/users\/1"}],"replies":[{"embeddable":true,"href":"https:\/\/hansu.av.tr\/de\/wp-json\/wp\/v2\/comments?post=2703"}],"version-history":[{"count":0,"href":"https:\/\/hansu.av.tr\/de\/wp-json\/wp\/v2\/pages\/2703\/revisions"}],"wp:attachment":[{"href":"https:\/\/hansu.av.tr\/de\/wp-json\/wp\/v2\/media?parent=2703"}],"curies":[{"name":"wp","href":"https:\/\/api.w.org\/{rel}","templated":true}]}}