{"id":3123,"date":"2020-06-04T13:52:38","date_gmt":"2020-06-04T10:52:38","guid":{"rendered":"https:\/\/hansu.av.tr\/inhalt\/cookie-richtlinie-der-hansu-anwaltskanzlei\/"},"modified":"2020-06-04T13:52:38","modified_gmt":"2020-06-04T10:52:38","slug":"cookie-richtlinie-der-hansu-anwaltskanzlei","status":"publish","type":"page","link":"https:\/\/hansu.av.tr\/de\/inhalt\/cookie-richtlinie-der-hansu-anwaltskanzlei\/","title":{"rendered":"COOKIE-RICHTLINIE DER HANSU ANWALTSKANZLEI"},"content":{"rendered":"<p class=\"p1\"><span class=\"s1\">Wir nutzen Cookies auf unserer Webseite, um die Benutzererfahrung der Besucher unserer Webseite besser und effizienter zu gestalten. Diese Cookie-Richtlinie (\u201eRichtlinie\u201c) soll unsere verehrten Besucher dar\u00fcber informieren, welche Cookies von der Webseite der HANSU Anwaltskanzlei verwendet werden, wie diese von uns betrieben und gepflegt wird und wie die Cookie-Pr\u00e4ferenzen von Ihnen verwaltet werden k\u00f6nnen. <\/span><\/p>\n<p class=\"p1\"><span class=\"s1\">Diese Cookie-Richtlinie gilt f\u00fcr die auf der von der HANSU Anwaltskanzlei betriebenen Webseite verwendeten Cookies und erl\u00e4utert die Grunds\u00e4tze der Nutzung von Cookies durch die HANSU Anwaltskanzlei.<\/span><\/p>\n<p class=\"p1\"><span class=\"s1\"><b>WAS IST EIN COOKIE?<\/b><\/span><\/p>\n<p class=\"p1\"><span class=\"s1\">Cookies sind kleine Datenelemente, indem eine Webseite Ihren Browser auffordert, diese auf Ihrem Computer oder Mobilger\u00e4t zu speichern, um die von der Webseite erwartete Leistung zu erzielen und die Benutzererfahrung zu verbessern, weiterzuentwickeln und zu optimieren. Das Cookie erm\u00f6glicht der Webseite, im Laufe der Zeit an Ihre Aktionen oder Pr\u00e4ferenzen zu \u201eerinnern\u201c. Die Benutzer k\u00f6nnen die von ihnen gesetzten Cookies jederzeit l\u00f6schen, wenn sie dies w\u00fcnschen.<\/span><\/p>\n<p class=\"p1\"><span class=\"s1\"><b>WAS SIND DIE TYPEN VON COOKIE?<\/b><\/span><\/p>\n<p class=\"p1\"><span class=\"s1\"><b>&#8211; Session-Cookies (Tempor\u00e4re Cookies)<\/b><\/span><\/p>\n<p class=\"p1\"><span class=\"s1\">Session-Cookies sind kleine Daten, bei denen Ihre Benutzerinformationen auf dem Webserver gespeichert werden, wenn Sie zwischen den Seiten unserer Webseite wechseln. Session-Cookies sind tempor\u00e4re Cookies, bei denen alle Ihre w\u00e4hrend des Wechsels gesammelten Informationen vom Server l\u00f6schen, wenn Sie Ihren Browser schlie\u00dfen. <\/span><\/p>\n<p class=\"p1\"><span class=\"s1\"><b>&#8211; Obligatorische Cookies<\/b><\/span><\/p>\n<p class=\"p1\"><span class=\"s1\">Obligatorische Cookies sind technische Cookies, die das ordnungsgem\u00e4\u00dfe Funktionieren unserer Webseite und die einwandfreie Nutzung der Webseite durch unsere Besucher erm\u00f6glichen. Sie geh\u00f6ren zur Kategorie der Session-Cookies. Die Deaktivierung dieser Cookies f\u00fchrt zu Schwierigkeiten bei der Nutzung der Funktionen unserer Webseite und ist daher nicht von der Zustimmung des jeweiligen Benutzers abh\u00e4ngig. <\/span><\/p>\n<p class=\"p1\"><span class=\"s1\"><b>&#8211; Dauerhafte Cookies<\/b><\/span><\/p>\n<p class=\"p1\"><span class=\"s1\">Wir verwenden dauerhafte Cookies, um die Pr\u00e4ferenzen unserer Besucher auf unserer Webseite zu speichern. Dauerhafte Cookies bleiben auf Ihrem Ger\u00e4t gespeichert, auch wenn Sie Ihren Browser schlie\u00dfen oder den Computer ausschalten. Sie verbleiben daher auf Ihrem Computer, bis das vom Internet-Provider festgelegte G\u00fcltigkeitsdatum abl\u00e4uft oder Sie die Cookies l\u00f6schen. <\/span><\/p>\n<p class=\"p1\"><span class=\"s1\">Zweck dieser Cookies sind die Analyse des entsprechenden Benutzerverhaltens auf unserer Webseite und die Verbesserung der Funktion der Webseite.<\/span><\/p>\n<p class=\"p1\"><span class=\"s1\"><b>&#8211; Cookies von Erstanbietern und Drittanbietern<\/b><\/span><\/p>\n<p class=\"p1\"><span class=\"s1\">Wir verwenden sowohl Erstanbieter- als auch Drittanbieter-Cookies, um sicherzustellen, dass Sie unsere Webseite so effizient wie m\u00f6glich nutzen k\u00f6nnen. Bei der Verwendung von sog. First-Party-Cookies ist es unser Ziel, Ihre Sprach- und Standortpr\u00e4ferenzen zu bestimmen und\/oder die Funktionalit\u00e4t unserer Webseite sicherzustellen. <\/span><\/p>\n<p class=\"p1\"><span class=\"s1\">Auf der anderen Seite geh\u00f6ren sog. Third-Party-Cookies zu anderen Webseite-Eigent\u00fcmer und werden von diesen verwaltet. Diese Cookies k\u00f6nnen erforderlich sein, um einige Formulare zu \u00fcbersenden, damit bestimmte Bewerbungen, die Sie \u00fcber unsere Webseite gestellt haben, zu \u00fcbermitteln und um einige Werbungen au\u00dferhalb unserer Webseite zu erm\u00f6glichen. <\/span><\/p>\n<p class=\"p1\"><span class=\"s1\"><b>&#8211; Leistungs- und Analyse-Cookies<\/b><\/span><\/p>\n<p class=\"p1\"><span class=\"s1\">Leistungs- und Analyse-Cookies werden verwendet, um unsere Webseite entsprechend den Anforderungen und der Nutzung unserer Besucher weiter zu entwickeln und um Informationen dar\u00fcber zu sammeln, wie unsere Besucher unsere Webseite und die Anwendungen auf unserer Webseite verwenden (betrachtete Seiten, durchschnittliche Dauer des Besuchs usw.).<\/span><\/p>\n<p class=\"p1\"><span class=\"s1\"><b>&#8211; Tracking-Cookies<\/b><\/span><\/p>\n<p class=\"p1\"><span class=\"s1\">Tracking-Cookies werden verwendet, um das Benutzerverhalten unserer Besucher im Internet zu \u00fcberwachen und um Daten und Informationen von verschiedenen Webseiten zu sammeln, welche sie entsprechend ihrem Benutzerverhalten besuchen. <\/span><\/p>\n<p class=\"p1\"><span class=\"s1\"><b>WELCHE ART VON COOKIES VERWENDEN WIR AUF DER WEBSEITE DER HANSU ANWALTSKANZLEI?<\/b><\/span><\/p>\n<p class=\"p1\"><span class=\"s1\">HANSU Anwaltskanzlei verwendet verschiedene Typen von Cookies in \u00dcbereinstimmung mit dem Gesetz Nr. 6698 \u00fcber den Schutz personenbezogener Daten und der damit verbundenen Rechtsvorschriften. <b>Die von der Webseite der Anwaltskanzlei HANSU verwendeten Cookies und die Verwendungszwecke der Cookies sind wie folgt:<\/b><\/span><\/p>\n<p class=\"p1\"><span class=\"s1\"><b>&#8211; Verwendung von Cookies f\u00fcr Analyse und Funktionalit\u00e4t<\/b><\/span><\/p>\n<p class=\"p1\"><span class=\"s1\">Um die Nutzung der Systeme unserer Webseite zu erleichtern und benutzerspezifische Nutzungsm\u00f6glichkeiten bereitzustellen, k\u00f6nnen Cookies verwendet werden, um die Benutzer an Besucherinformationen und fr\u00fchere Auswahlen zu erinnern. Auf der Grundlage dieser gesammelten Informationen kann unsere Webseite unseren Besuchern Inhalte anzeigen, die den gesammelten Informationen entsprechen, und erm\u00f6glicht es dem Besucher, die Sprache seines ersten Besuchs zu w\u00e4hlen oder sich an die Schriftgr\u00f6\u00dfe zu erinnern, die er beim Lesen eines Textes auf unserer Webseite gew\u00e4hlt hat. Wenn die Verwendung solcher Cookies deaktiviert ist, werden einige Teile unserer Webseite m\u00f6glicherweise nicht richtig oder \u00fcberhaupt nicht genutzt, und die Deaktivierung dieser Cookies kann den Umfang des Supports, den unsere Webseite den Besuchern bieten kann, verringern. Wenn die Pr\u00e4ferenzen der Besucher von unserer Webseite nicht gespeichert werden k\u00f6nnen, kann dies au\u00dferdem dazu f\u00fchren, dass eine Funktion nicht verwendet oder Ihnen nicht angezeigt wird. <\/span><\/p>\n<p class=\"p1\"><span class=\"s1\">Wir verwenden auch die folgenden analytischen und funktionellen Instrumente, um die Leistung unserer Webseite und die Nutzung unserer Webseite durch unsere Besucher zu analysieren:<\/span><\/p>\n<p class=\"p2\"><span class=\"s3\">&#8211;<\/span><b> <\/b><span class=\"s1\"><b>Google Remarketing<\/b><\/span><\/p>\n<p class=\"p3\"><span class=\"s1\">Nach Ihrem Besuch auf unserer Webseite sehen Sie \u00e4hnliche Produkte und Inhalte in anderen Internetbereichen, die mit den von Ihnen auf unserer Webseite besuchten Seiten und\/oder den von Ihnen angesehenen Artikeln und anderen Inhalten zusammenh\u00e4ngen. Die Anwendung der Remarketing besteht darin, die Verbindung zu unseren Besuchern wiederherzustellen und Produkte zu zeigen, an denen unsere Besucher interessiert sein k\u00f6nnten und mit denen sie in \u00dcbereinstimmung mit dem Besuch unserer Webseite interagieren k\u00f6nnen. <\/span><\/p>\n<p class=\"p1\"><span class=\"s1\"><b>&#8211; Facebook Pixel<\/b><\/span><\/p>\n<p class=\"p1\"><span class=\"s1\">Wir verwenden Facebook-Pixel, um zu verstehen, welche Plattform und\/oder Inhalte unsere Besucher auf unsere Webseite geleitet haben und welche Aktionen unsere Besucher auf unserer Webseite durchgef\u00fchrt haben, um die Ergebnisse dieser Aktionen zu messen, um spezielle Zielgruppen f\u00fcr unsere Besucher zu schaffen und um diese Zielgruppen zu erreichen. Ausf\u00fchrliche Informationen \u00fcber dieses Analysewerkzeug und seine Funktionsweise finden Sie unter https:\/\/www.facebook.com\/business\/help\/651294705016616. Sie k\u00f6nnen auch Ihre Werbeeinstellungen aufrufen, um personalisierte Werbungen im gesamten Konto zu deaktivieren.<\/span><\/p>\n<p class=\"p1\"><span class=\"s1\"><b>WELCHE METHODEN GIBT ES, UM COOKIES ZU DEAKTIVIEREN?<\/b><\/span><\/p>\n<p class=\"p1\"><span class=\"s1\">Sie k\u00f6nnen von Ihrem Recht Gebrauch machen, die von der HANSU Anwaltskanzlei verwendeten Cookies zuzulassen oder abzulehnen, indem Sie je nach Art Ihres Internetbrowsers die folgenden Schritte befolgen:<\/span><\/p>\n<p class=\"p4\"><span class=\"s1\">Chrome (Computer, Android, iPhone, iPad): <a href=\"https:\/\/support.google.com\/chrome\/answer\/95647\" target=\"_blank\" rel=\"noopener\"><span class=\"s5\">https:\/\/support.google.com\/chrome\/answer\/95647<\/span><\/a><\/span><\/p>\n<p class=\"p4\"><span class=\"s1\">Mozilla Firefox: <a href=\"https:\/\/support.mozilla.org\/tr\/kb\/web-sitesi-tercihleri-cerezleri-acip-kapatma\" target=\"_blank\" rel=\"noopener\"><span class=\"s5\">https:\/\/support.mozilla.org\/tr\/kb\/web-sitesi-tercihleri-cerezleri-acip-kapatma<\/span><\/a><\/span><\/p>\n<p class=\"p4\"><span class=\"s1\">Internet Explorer: <a href=\"https:\/\/support.microsoft.com\/tr-tr\/help\/17442\/windows-internet-explorer-delete-manage-cookies\" target=\"_blank\" rel=\"noopener\"><span class=\"s5\">https:\/\/support.microsoft.com\/tr-tr\/help\/17442\/windows-internet-explorer-delete-manage-cookies<\/span><\/a><\/span><\/p>\n<p class=\"p4\"><span class=\"s1\">Safari (Computer): <a href=\"https:\/\/support.apple.com\/tr-tr\/guide\/safari\/sfri11471\/mac\" target=\"_blank\" rel=\"noopener\"><span class=\"s5\">https:\/\/support.apple.com\/tr-tr\/guide\/safari\/sfri11471\/mac<\/span><\/a><\/span><\/p>\n<p class=\"p4\"><span class=\"s1\">Yandex: <a href=\"https:\/\/yandex.com.tr\/support\/browser-classic\/personal-data-protection\/cookies.xml\" target=\"_blank\" rel=\"noopener\"><span class=\"s5\">https:\/\/yandex.com.tr\/support\/browser-classic\/personal-data-protection\/cookies.xml<\/span><\/a><\/span><\/p>\n<p class=\"p1\"><span class=\"s1\">Safari (Telefon): Sie k\u00f6nnen die Registerkarte &#8222;Safari&#8220; im Abschnitt &#8222;Einstellungen&#8220; Ihres Telefons w\u00e4hlen und die gesamte Cookie-Verwaltung im Abschnitt &#8222;Datenschutz und Sicherheit&#8220; steuern. <\/span><\/p>\n<p class=\"p1\"><span class=\"s1\">F\u00fcr andere Browser (wie Opera, Microsoft Edge usw.) k\u00f6nnen Sie die Hilfe- oder Support-Seiten der entsprechenden Browser besuchen.<\/span><\/p>\n","protected":false},"excerpt":{"rendered":"<p>Wir nutzen Cookies auf unserer Webseite, um die Benutzererfahrung der Besucher unserer Webseite besser und effizienter zu gestalten. Diese Cookie-Richtlinie (\u201eRichtlinie\u201c) soll unsere verehrten Besucher dar\u00fcber informieren, welche Cookies von der Webseite der HANSU Anwaltskanzlei verwendet werden, wie diese von uns betrieben und gepflegt wird und wie die Cookie-Pr\u00e4ferenzen von Ihnen verwaltet werden k\u00f6nnen. Diese&#8230;<\/p>\n","protected":false},"author":1,"featured_media":0,"parent":2482,"menu_order":336,"comment_status":"closed","ping_status":"closed","template":"","meta":[],"acf":[],"_links":{"self":[{"href":"https:\/\/hansu.av.tr\/de\/wp-json\/wp\/v2\/pages\/3123"}],"collection":[{"href":"https:\/\/hansu.av.tr\/de\/wp-json\/wp\/v2\/pages"}],"about":[{"href":"https:\/\/hansu.av.tr\/de\/wp-json\/wp\/v2\/types\/page"}],"author":[{"embeddable":true,"href":"https:\/\/hansu.av.tr\/de\/wp-json\/wp\/v2\/users\/1"}],"replies":[{"embeddable":true,"href":"https:\/\/hansu.av.tr\/de\/wp-json\/wp\/v2\/comments?post=3123"}],"version-history":[{"count":0,"href":"https:\/\/hansu.av.tr\/de\/wp-json\/wp\/v2\/pages\/3123\/revisions"}],"up":[{"embeddable":true,"href":"https:\/\/hansu.av.tr\/de\/wp-json\/wp\/v2\/pages\/2482"}],"wp:attachment":[{"href":"https:\/\/hansu.av.tr\/de\/wp-json\/wp\/v2\/media?parent=3123"}],"curies":[{"name":"wp","href":"https:\/\/api.w.org\/{rel}","templated":true}]}}