{"id":3124,"date":"2020-06-04T13:53:53","date_gmt":"2020-06-04T10:53:53","guid":{"rendered":"https:\/\/hansu.av.tr\/inhalt\/datenschutzerklaerung-der-hansu-anwaltskanzlei-betreffend-das-gesetz-zum-schutz-personenbezogener-daten\/"},"modified":"2020-06-04T13:53:53","modified_gmt":"2020-06-04T10:53:53","slug":"datenschutzerklaerung-der-hansu-anwaltskanzlei-betreffend-das-gesetz-zum-schutz-personenbezogener-daten","status":"publish","type":"page","link":"https:\/\/hansu.av.tr\/de\/inhalt\/datenschutzerklaerung-der-hansu-anwaltskanzlei-betreffend-das-gesetz-zum-schutz-personenbezogener-daten\/","title":{"rendered":"DATENSCHUTZERKL\u00c4RUNG DER HANSU ANWALTSKANZLEI BETREFFEND DAS GESETZ ZUM SCHUTZ PERSONENBEZOGENER DATEN"},"content":{"rendered":"<p class=\"p1\"><span class=\"s1\">Dieser Datenschutzhinweis wurde gem\u00e4\u00df Artikel 10 des \u201eGesetzes \u00fcber den Schutz personenbezogener Daten<span class=\"Apple-converted-space\">\u00a0 <\/span>Nr.<span class=\"Apple-converted-space\">\u00a0 <\/span>6698 (GSPD)\u201c sowie der Bekanntmachung \u00fcber die Grunds\u00e4tze und Verfahren zur<span class=\"Apple-converted-space\">\u00a0 <\/span>Erf\u00fcllung der Informationspflicht verfasst.<span class=\"Apple-converted-space\">\u00a0 <\/span>Nachfolgend m\u00f6chten wir Sie daher dar\u00fcber informieren, welche Daten erhoben, wie Ihre personenbezogenen Daten von uns verarbeitet werden und ebenso welche Schutzma\u00dfnahmen wir getroffen haben. <\/span><\/p>\n<p class=\"p1\"><span class=\"s1\">Alle personenbezogen Daten, die Sie mit der HANSU ANWALTSKANZLEI teilen, k\u00f6nnen in \u00dcbereinstimmung mit dem GSPD in gemessener und verbundener Weise f\u00fcr alle Arten von Dienstleistungen und Aktivit\u00e4ten im Rahmen des Rechtsanwaltsgesetzes Nr. 1136 verarbeitet und gespeichert werden. Ihre personenbezogen Daten, die verarbeitet und gespeichert werden, k\u00f6nnen an befugte Dritte im In- und Ausland \u00fcbermittelt werden, soweit das GSPD und andere Gesetzgebungen dies zulassen, und k\u00f6nnen auch f\u00fcr die in den entsprechenden Gesetzgebungen festgelegten Zeitr\u00e4ume gespeichert werden. <\/span><\/p>\n<p class=\"p1\"><span class=\"s1\"><b>1.<\/b> <b>VERANTWORTLICHER DER HANSU ANWALTSKANZLEI F\u00dcR DIE DATENVERARBEITUNG<\/b><\/span><\/p>\n<p class=\"p1\"><span class=\"s1\">Der Gr\u00fcnder unseres B\u00fcros, \u00d6mer Faruk HANSU, tr\u00e4gt den Titel &#8222;Verantwortlicher f\u00fcr die Datenverarbeitung&#8220; im Sinne des GSPD und der einschl\u00e4gigen Gesetzgebungen.<span class=\"Apple-converted-space\">\u00a0 <\/span>Es ist m\u00f6glich, unseren Verantwortlichen f\u00fcr die Datenverarbeitung unter den nachstehenden Kontaktdaten w\u00e4hrend der Arbeitstage und Arbeitszeiten zu erreichen.<\/span><\/p>\n<p class=\"p1\"><span class=\"s1\"><b>Anschrift<\/b>: Sahray\u0131cedit Mah. G\u00fczide Sok. \u015ei\u015fikler Plaza Nr.:14\/534734 Kozyata\u011f\u0131\/\u0130STANBUL<\/span><\/p>\n<p class=\"p1\"><span class=\"s1\"><b>Telefonnummer<\/b>:<\/span> <span class=\"s1\">0(216) 464 12 12<\/span><\/p>\n<p class=\"p1\"><span class=\"s1\"><b>E-Mail<\/b>: info@hansu.av.tr<\/span><\/p>\n<p class=\"p1\"><span class=\"s1\"><b>2.<\/b> <b>ERHEBUNG DER VON DER HANSU ANWALTSKANZLEI ZU VERARBEITENDEN DATEN<\/b> <\/span><\/p>\n<p class=\"p1\"><span class=\"s1\">Ihre personenbezogenen Daten k\u00f6nnen von der HANSU ANWALTSKANZLEI in m\u00fcndlicher, schriftlicher oder elektronischer Form gesammelt werden, unabh\u00e4ngig davon, ob Sie daran beteiligt sind oder nicht. Ihre personenbezogen Daten werden \u00fcber unsere Website, \u00fcber Bewerbungsformulare, die Sie der HANSU ANWALTSKANZLEI \u00fcbersenden, \u00fcber Kommunikationsformulare, Videoaufzeichnungen zu Sicherheitszwecken, Telefonanrufe, Mahnungen, Vertr\u00e4ge, Schrifts\u00e4tze, Verhandlungen, Schriftst\u00fccke, Visitenkarten, Vollmachten, Vollmachtsdokumente, Verfolgung von Klageverfahren oder Vollstreckungsverfahren gesammelt und vom Verantwortlichen oder von nat\u00fcrlichen oder juristischen Personen, die die Daten im Auftrag des Verantwortlichen verarbeiten, verarbeitet. <\/span><\/p>\n<p class=\"p1\"><span class=\"s1\">Ihre Daten k\u00f6nnen durch elektronische Best\u00e4tigung, Textnachricht, E-Mail, Internet, Diskette, CD, DVD, Speicherkarte, Telefon, Flash-Speicher, Cloud und \u00e4hnliche elektronische Methoden sowie durch Formulare, Vertr\u00e4ge, Mitteilungen, Entscheidungen von Gerichten oder Verwaltungsbeh\u00f6rden erhalten werden.<\/span><\/p>\n<p class=\"p1\"><span class=\"s1\"><b>Im Rahmen Ihrer Beziehung zur HANSU ANWALTSKANZLEI werden einige beispielhaft unten aufgef\u00fchrte personenbezogene Daten erhoben und verarbeitet.<\/b><\/span><\/p>\n<p class=\"p1\"><span class=\"s1\"><b>Ihre verarbeiteten ID-Informationen: <\/b>Name &#8211; Familienname, ID-Nummer, Steuer-ID-Nummer, Geburtsdatum, Geschlecht, Name der Mutter und des Vaters, Angaben zu Institution und Titel, Angaben zum Handelsregister, Angaben zum Strafregister,<\/span><\/p>\n<p class=\"p1\"><span class=\"s1\"><b>Ihre verarbeiteten Kontaktdaten: <\/b>Firmenadresse, Privatadresse, E-Mail, Telefonnummer, Handynummer, Bank und IBAN-Daten, <\/span><\/p>\n<p class=\"p1\"><span class=\"s1\"><b>Verarbeiteten Daten zum Zwecke der B\u00fcrosicherheit: <\/b>Ton- und Bildaufnahmen von Sicherheitskameras, Fingerabdr\u00fccke,<\/span><\/p>\n<p class=\"p1\"><span class=\"s1\"><b>Ihre verarbeiteten Bild- und Tonaufzeichnungsdaten: <\/b>Biometrische Daten wie Tonaufnahmen, Kameraaufnahmen, Fotos oder Bilder,<\/span><\/p>\n<p class=\"p1\"><span class=\"s1\"><b>3.<\/b> <b>ZIELE DER VERARBEITUNG IHRER PERSONENBEZOGENEN DATEN DURCH HANSU ANWALTSKANZLEI<\/b><\/span><\/p>\n<p class=\"p1\"><span class=\"s1\">Zweck der Verarbeitung und Speicherung Ihrer personenbezogen Daten, die unsere Kanzlei im Rahmen von Mandanten-, und Gesch\u00e4ftsbeziehungen sowie von Rechtsstreitigkeiten erh\u00e4lt, sind wie folgt:<\/span><\/p>\n<ul class=\"ul1\">\n<li class=\"li1\"><span class=\"s1\">Die Durchf\u00fchrung Ihrer Rechtsstreitigkeiten, in denen Sie Kl\u00e4ger oder Beklagter sind,<\/span><\/li>\n<li class=\"li1\"><span class=\"s1\">Die Verpflichtung zur Aufzeichnung Ihrer Daten wie Name, Vorname, Adresse, Identit\u00e4tsnummer gem\u00e4\u00df den ma\u00dfgeblichen Vorschriften,<\/span><\/li>\n<li class=\"li1\"><span class=\"s1\">Die Durchf\u00fchrung von Finanz- und Buchhaltungstransaktionen, die sich aus der Rechtsberatung und -betreuung ergeben,<\/span><\/li>\n<li class=\"li1\"><span class=\"s1\">Die Notwendigkeit, die personenbezogen Daten der Vertragsparteien zu verarbeiten, um einen anwaltlichen Dienstleistungs- und Arbeitsvertrag abzuschlie\u00dfen und zu erf\u00fcllen,<\/span><\/li>\n<li class=\"li1\"><span class=\"s1\">Die Bewertung von Kandidaten in Bewerbungsverfahren<\/span><\/li>\n<li class=\"li1\"><span class=\"s1\">Unsere Verpflichtung zur Aufzeichnung Ihrer personenbezogen Daten zur Erf\u00fcllung unserer Archivierungspflicht, die sich aus der Gesetzgebung ergibt, und unsere Verpflichtung zum Informationsaustausch mit den zust\u00e4ndigen Beh\u00f6rden,<\/span><\/li>\n<li class=\"li1\"><span class=\"s1\">Die Notwendigkeit von Ton- und Videoaufnahmen zur Gew\u00e4hrleistung der Sicherheit des physischen Raums der HANSU ANWALTSKANZLEI,<\/span><\/li>\n<li class=\"li1\"><span class=\"s1\">Die Notwendigkeit der Aufbewahrung der Kontaktformulare, s\u00e4mtlicher elektronisch und\/oder schriftlich gef\u00fchrten Korrespondenzen, der zu Sicherheitszwecken aufgezeichneten Videoaufzeichnungen und der w\u00e4hrend unserer Telefongespr\u00e4che aufgezeichneten Audioaufzeichnungen w\u00e4hrend der Durchf\u00fchrung aller T\u00e4tigkeiten, die sich aus dem mit Ihnen abgeschlossenen Dienst- und Arbeitsvertrag ergeben, <\/span><\/li>\n<li class=\"li1\"><span class=\"s1\">Die Notwendigkeit, Ihre personenbezogen Daten zu speichern, die sich aus unseren Dienstleistungs- und Arbeitsvertr\u00e4gen mit unseren Mandanten sowie aus Akten, bei denen Sie Beklagte sind, ergeben, um die Rechte und Forderungen unserer Kunden zu sch\u00fctzen und durchzusetzen,<\/span><\/li>\n<li class=\"li1\"><span class=\"s1\">Die Notwendigkeit, Ihre personenbezogen Daten zu speichern, um sicherzustellen, dass Sie die Rechtsdienstleistungen der HANSU ANWALTSKANZLEI ordnungsgem\u00e4\u00df in Anspruch nehmen k\u00f6nnen und wir unsere Verpflichtungen gem\u00e4\u00df dem Gesetz \u00fcber die Rechtsanwaltschaft erf\u00fcllen k\u00f6nnen, <\/span><\/li>\n<li class=\"li1\"><span class=\"s1\">Die Notwendigkeit, Ihre Daten aufzuzeichnen, um s\u00e4mtliche Anzeigen, Schrifts\u00e4tzen und Verteidigungsschriften und<span class=\"Apple-converted-space\">\u00a0 <\/span>alle erforderlichen Ma\u00dfnahmen im Zusammenhang von Ihren Streitigkeiten vorzubereiten und alle notwendigen Schritte durchzuf\u00fchren,<\/span><\/li>\n<li class=\"li1\"><span class=\"s1\">Sicherstellen, dass die personenbezogen Daten, die Sie der HANSU ANWALTSKANZLEI zur Verf\u00fcgung stellen, korrekt und aktuell sind, um die von der HANSU ANWALTSKANZLEI angebotenen juristischen Dienstleistungen aufrechtzuerhalten und deren Sicherheit zu gew\u00e4hrleisten,<\/span><\/li>\n<\/ul>\n<p class=\"p1\"><span class=\"s1\">Im Rahmen der Bedingungen und Zwecke der Verarbeitung der Personendaten, die in den Artikeln 5 und 6 des GSPD aufgef\u00fchrt sind, werden diese personenbezogen Daten in \u00dcbereinstimmung mit dem entsprechenden Gesetz, dem Grundsatz von Treu und Glauben, korrekt und aktuell und in Verbindung mit den legitimen Zwecken und in \u00dcbereinstimmung mit den gesetzlich festgelegten Fristen verarbeitet. <\/span><\/p>\n<p class=\"p1\"><span class=\"s1\"><b>4. \u00dcBERMITTLUNG VON PERSONENBEZOGENEN DATEN, DIE VON DER HANSU ANWALTSKANZLEI VERARBEITET WERDEN<\/b><\/span><\/p>\n<p class=\"p1\"><span class=\"s1\">Um die von unseren Mandanten ben\u00f6tigten T\u00e4tigkeiten zu erbringen, die betreffenden Dienstleistungen durchzuf\u00fchren, die entsprechenden Berichte und Statistiken \u00fcber die betreffenden Dienstleistungen zu erstellen, die zwischen den Parteien eingerichtete Gesch\u00e4fts- und Dienstleistungsbeziehung durchzuf\u00fchren, die rechtliche und kommerzielle Sicherheit der Personen und Institutionen, mit denen wir eine Gesch\u00e4fts- und Dienstleistungsbeziehung unterhalten, zu gew\u00e4hrleisten, die Einkaufs-, Finanz- und Buchhaltungsprozesse der HANSU ANWALTSKANZLEI zu verwirklichen und die Verpflichtungen im Bereich des Arbeitsschutzes zu erf\u00fcllen, k\u00f6nnen Ihre personenbezogenen Daten gem\u00e4\u00df der Vorschriften des GSPD \u00fcber die \u00dcbermittlung der personenbezogenen Daten ins Inland und Ausland sowie zu den in dieser Erkl\u00e4rung enthaltenen Zwecke gem\u00e4\u00df Artikel 3 k\u00f6nnen an \u00f6ffentliche Beh\u00f6rden und Organisationen im In- und Ausland, an Strafverfolgungsbeh\u00f6rden, Gerichte und Vollstreckungsbeh\u00f6rden, an nat\u00fcrliche und juristische Personen, mit denen wir in Beziehung stehen, an Dienstleister und ihre Bevollm\u00e4chtigten, Gesch\u00e4ftspartner, Banken, Lieferanten, Support-Dienstleister im Rahmen der ma\u00dfgeblichen Vorschriften und Ihrer Zustimmung \u00fcbermittelt werden.<\/span><\/p>\n<p class=\"p1\"><span class=\"s1\"><b>5. METHODEN ZUR ERFASSUNG IHRER PERSONENBEZOGENEN DATEN<\/b><\/span><\/p>\n<p class=\"p1\"><span class=\"s1\">Die personenbezogenen Daten von unseren Mandanten, die Gegenparteien einer Streitigkeit, sonstige Dritte und die \u00f6ffentlichen Stelle, welche die HANSU ANWALTSKANZLEI aus physischen Gespr\u00e4chen und \u00fcber schriftlichen Medien wie Internet, Telefon, E-Mail erh\u00e4lt, werden w\u00e4hrend des Zeitraums vom Abschluss des Dienstleistungsvertrages mit der HANSU ANWALTSKANZLEI und w\u00e4hrend der Vertragslaufzeit im Rahmen der in Artikel 3 dieser Erkl\u00e4rung aufgef\u00fchrten Zwecken, in \u00dcbereinstimmung mit den Artikeln 5, 6 und 8 des GSPD und, abgesehen von diesen Gr\u00fcnden, gem\u00e4\u00df Ihrer ausdr\u00fccklichen Zustimmung, der gesetzlich ausdr\u00fccklich vorgesehenen Gr\u00fcnden und der Ver\u00f6ffentlichung durch die betroffenen Person sowie aus berechtigtem Interesse auf legitime und angemessene Weise gesammelt und gespeichert, und zwar so, dass Ihre Grundrechte und -freiheiten nicht beeintr\u00e4chtigt werden. <\/span><\/p>\n<p class=\"p1\"><span class=\"s1\"><b>6. MASSNAHMEN<span class=\"Apple-converted-space\">\u00a0 <\/span>DER HANSU ANWALTSKANZLEI ZUR GEW\u00c4HRLEISTUNG DER SICHERHEIT IHRER PERSONENBEZOGENEN DATEN<\/b><\/span><\/p>\n<p class=\"p1\"><span class=\"s1\">Ihre personenbezogenen Daten, die in \u00dcbereinstimmung mit den Zwecken gem\u00e4\u00df den gesetzlichen Vorschriften sowie den in dieser Erkl\u00e4rung aufgef\u00fchrten Zwecken von der HANSU ANWALTSKANZLEI erhoben und verarbeitet werden, werden nach Artikel 12 des GSPD sicher gespeichert. Um diese Sicherheit Ihrer Daten zu gew\u00e4hrleisten, haben wir als HANSU ANWALTSKANZLEI alle notwendigen Sicherheitsma\u00dfnahmen und mobile Software zur Verf\u00fcgung gestellt, um zu verhindern, dass Dritte rechtswidrig auf Ihre personenbezogenen Daten zugreifen und Ihre Daten ohne Ihre Zustimmung verarbeiten.<\/span><\/p>\n<p class=\"p1\"><span class=\"s1\"><b>7. AUFBEWAHRUNGSDAUER IHRER PERSONENBEZOGENEN DATEN<\/b><\/span><\/p>\n<p class=\"p1\"><span class=\"s1\">Solange der Zweck der Erlangung dieser Daten g\u00fcltig ist, werden Ihre personenbezogenen Daten von der HANSU ANWALTSKANZLEI innerhalb des in den entsprechenden Gesetzen festgelegten Zeitraums sicher gespeichert. HANSU ANWALTSKANZLEI l\u00f6scht, vernichtet oder anonymisiert Ihre personenbezogenen Daten, welche sie auf sichere Art und Weise aufbewahrt, nach Ablauf der gesetzlich festgelegten Fristen von sich aus oder auf Antrag des Dateninhabers, falls die Umst\u00e4nde, welche die Verarbeitung Ihrer personenbezogenen Daten erfordern, verschwinden.<\/span><\/p>\n<p class=\"p1\"><span class=\"s1\"><b>8. RECHTE DES INHABERS DER PERSONENBEZOGENEN DATEN <\/b><\/span><\/p>\n<p class=\"p1\"><span class=\"s1\">Gem\u00e4\u00df den Bestimmungen von Artikel 11 des GSPD haben Sie folgende Rechte bez\u00fcglich Ihrer personenbezogenen Daten:<\/span><\/p>\n<p class=\"p1\"><span class=\"s1\">&#8211; Sie k\u00f6nnen erfahren, ob Ihre personenbezogenen Daten verarbeitet werden,<\/span><\/p>\n<p class=\"p1\"><span class=\"s1\">&#8211; Sie k\u00f6nnen die entsprechenden Informationen \u00fcber Ihre verarbeiteten personenbezogenen Daten verlangen,<\/span><\/p>\n<p class=\"p1\"><span class=\"s1\">&#8211; Sie k\u00f6nnen erfahren, was der Zweck der Verarbeitung Ihrer personenbezogenen Daten durch die HANSU ANWALTSKANZLEI sind und ob diese entsprechend ihrem Zweck verwendet werden,<\/span><\/p>\n<p class=\"p1\"><span class=\"s1\">&#8211; Sie k\u00f6nnen erfahren, ob Ihre personenbezogenen Daten ins In- oder Ausland \u00fcbermittelt werden und an welche Dritten Ihre personenbezogenen Daten weitergeleitet werden,<\/span><\/p>\n<p class=\"p1\"><span class=\"s1\">&#8211; Falls Ihre personenbezogenen Daten von der HANSU ANWALTSKANZLEI unvollst\u00e4ndig oder fehlerhaft verarbeitet werden, k\u00f6nnen Sie die Behebung von Fehlern und Ungenauigkeiten in den Daten verlangen,<\/span><\/p>\n<p class=\"p1\"><span class=\"s1\">&#8211; Falls der entsprechende Zweck der Verarbeitung personenbezogener Daten weggefallen ist, k\u00f6nnen<span class=\"Apple-converted-space\">\u00a0 <\/span>Sie die L\u00f6schung, Anonymisierung oder Vernichtung Ihrer personenbezogenen Daten verlangen,<\/span><\/p>\n<p class=\"p1\"><span class=\"s1\">&#8211; Anforderung der Benachrichtigung der Dritten, an die Ihre personenbezogenen Daten \u00fcbermittelt wurden, falls Ihre personenbezogenen Daten korrigiert, gel\u00f6scht, anonymisiert oder vernichtet werden, <\/span><\/p>\n<p class=\"p1\"><span class=\"s1\">&#8211; Sie k\u00f6nnen gegen negative Konsequenzen Einspruch erheben, indem die verarbeiteten Daten ausschlie\u00dflich durch automatisierte Systeme analysiert werden,<\/span><\/p>\n<p class=\"p1\"><span class=\"s1\">&#8211; Falls Ihnen durch die rechtswidrige Verarbeitung personenbezogener Daten ein Schaden entstanden ist, k\u00f6nnen Sie den Schadensersatz verlangen.<\/span><\/p>\n<p class=\"p1\"><span class=\"s1\"><b>9. ANMELDUNG BEIM DATENVERANTWORTLICHEN UND BEIM DATENVERARBEITER <\/b><\/span><\/p>\n<p class=\"p1\"><span class=\"s1\">Gem\u00e4\u00df in Artikel 13\/1 des GPSD und in anderen Vorschriften vorgesehenen Rechten k\u00f6nnen Sie Ihr Anliegen mit einer pers\u00f6nlich unterschriebenen Erkl\u00e4rung und einer Fotokopie Ihres Ausweises uns pers\u00f6nlich \u00fcbergeben oder \u00fcber einen Notar an unsere vorstehende Adresse zuschicken. Zus\u00e4tzlich zu diesen M\u00f6glichkeiten k\u00f6nnen Sie uns gem\u00e4\u00df Artikel 5 der \u201e<i>Bekanntmachung \u00fcber die Verfahren und Grunds\u00e4tze der Anmeldung beim Datenschutzverantwortlichen<\/i>\u201c Ihre Gesuche auch mittels registrierter elektronischer Post (\u201eKEP\u201c), elektronischer Signatur, mobiler Signatur oder an die Mailadresse info@hansu.av.tr zustellen.<\/span><\/p>\n<p class=\"p1\"><span class=\"s1\">Ihr Antrag muss in \u00dcbereinstimmung mit den in Artikel 5 der \u201eBekanntmachung \u00fcber die Verfahren und Grunds\u00e4tze der Anmeldung beim Datenschutzverantwortlichen\u201c dargelegten Grunds\u00e4tzen und in klarer und verst\u00e4ndlicher Form gestellt werden. <\/span><\/p>\n<p class=\"p1\"><span class=\"s1\">Wenn eine andere Person als die betroffene Person einen Antrag stellen will, muss eine besondere vom Dateninhaber ausgestellte Vollmacht vorliegen. HANSU ANWALTSKANZLEI beh\u00e4lt sich das Recht vor, zus\u00e4tzliche Informationen anzufordern, ob der Antragssteller<span class=\"Apple-converted-space\">\u00a0 <\/span>Inhaber der personenbezogenen Daten ist, und den betreffenden Dateninhaber \u00fcber den Antrag zu befragen. <\/span><\/p>\n<p class=\"p1\"><span class=\"s1\">Unsere Anwaltskanzlei bearbeitet Ihre Anfragen kostenlos so schnell wie m\u00f6glich, sp\u00e4testens jedoch innerhalb von drei\u00dfig Tagen, je nach Art und Umfang der Anfrage. Sollte die Erledigung dieser Antr\u00e4ge jedoch mit Kosten verbunden sein, kann dem Antragsteller eine Geb\u00fchr nach dem von der Beh\u00f6rde festgelegten Tarif in Rechnung gestellt werden. Unsere Anwaltskanzlei kann das Gesuch annehmen und bearbeiten oder das Gesuch in schriftlicher Form unter Angabe der Gr\u00fcnde ablehnen. <\/span><\/p>\n<p class=\"p1\"><span class=\"s1\">Falls Ihr Antrag abgelehnt wird, Ihr Antrag nicht fristgerecht beantwortet wird oder falls Sie<\/span> <span class=\"s1\">die betreffende Antwort als unzureichend halten, k\u00f6nnen Sie innerhalb von drei\u00dfig Tagen ab Kenntnisnahme der Antwort des Datenverantwortlichen, in jedem Fall aber innerhalb von sechzig Tage ab Antragsdatum, bei der Beh\u00f6rde f\u00fcr den Schutz personenbezogener Daten Beschwerde erheben.<\/span><\/p>\n","protected":false},"excerpt":{"rendered":"<p>Dieser Datenschutzhinweis wurde gem\u00e4\u00df Artikel 10 des \u201eGesetzes \u00fcber den Schutz personenbezogener Daten\u00a0 Nr.\u00a0 6698 (GSPD)\u201c sowie der Bekanntmachung \u00fcber die Grunds\u00e4tze und Verfahren zur\u00a0 Erf\u00fcllung der Informationspflicht verfasst.\u00a0 Nachfolgend m\u00f6chten wir Sie daher dar\u00fcber informieren, welche Daten erhoben, wie Ihre personenbezogenen Daten von uns verarbeitet werden und ebenso welche Schutzma\u00dfnahmen wir getroffen haben. Alle&#8230;<\/p>\n","protected":false},"author":1,"featured_media":0,"parent":2482,"menu_order":344,"comment_status":"closed","ping_status":"closed","template":"","meta":[],"acf":[],"_links":{"self":[{"href":"https:\/\/hansu.av.tr\/de\/wp-json\/wp\/v2\/pages\/3124"}],"collection":[{"href":"https:\/\/hansu.av.tr\/de\/wp-json\/wp\/v2\/pages"}],"about":[{"href":"https:\/\/hansu.av.tr\/de\/wp-json\/wp\/v2\/types\/page"}],"author":[{"embeddable":true,"href":"https:\/\/hansu.av.tr\/de\/wp-json\/wp\/v2\/users\/1"}],"replies":[{"embeddable":true,"href":"https:\/\/hansu.av.tr\/de\/wp-json\/wp\/v2\/comments?post=3124"}],"version-history":[{"count":0,"href":"https:\/\/hansu.av.tr\/de\/wp-json\/wp\/v2\/pages\/3124\/revisions"}],"up":[{"embeddable":true,"href":"https:\/\/hansu.av.tr\/de\/wp-json\/wp\/v2\/pages\/2482"}],"wp:attachment":[{"href":"https:\/\/hansu.av.tr\/de\/wp-json\/wp\/v2\/media?parent=3124"}],"curies":[{"name":"wp","href":"https:\/\/api.w.org\/{rel}","templated":true}]}}