{"id":3143,"date":"2020-06-04T16:27:43","date_gmt":"2020-06-04T13:27:43","guid":{"rendered":"https:\/\/hansu.av.tr\/inhalt\/nutzungsbedingungen-der-webseite-der-hansu-anwaltskanzlei\/"},"modified":"2020-06-04T16:27:43","modified_gmt":"2020-06-04T13:27:43","slug":"nutzungsbedingungen-der-webseite-der-hansu-anwaltskanzlei","status":"publish","type":"page","link":"https:\/\/hansu.av.tr\/de\/inhalt\/nutzungsbedingungen-der-webseite-der-hansu-anwaltskanzlei\/","title":{"rendered":"NUTZUNGSBEDINGUNGEN DER WEBSEITE DER HANSU ANWALTSKANZLEI"},"content":{"rendered":"<ol class=\"ol1\">\n<li class=\"li1\"><b><\/b><span class=\"s1\"><b>Bedingungen und Konditionen<\/b><\/span><\/li>\n<\/ol>\n<p class=\"p2\"><span class=\"s1\">Die Bedingungen und Konditionen, die wir im Rahmen unserer Nutzungsbedingungen angegeben haben, beziehen sich auf Ihre Nutzung unserer Webseite. Das Eigentum an der von Ihnen besuchten Internetseite geh\u00f6rt der HANSU Anwaltskanzlei und wird von der HANSU Anwaltskanzlei betrieben. HANSU Anwaltskanzlei beh\u00e4lt sich auf Ihrer Webseite das Recht vor, \u00c4nderungen an bereitgestellten Informationen, Bildern und Artikel sowie an den Nutzungsbedingungen vorzunehmen. <\/span><\/p>\n<p class=\"p2\"><span class=\"s1\">Wenn Sie auf unsere Webseite zugreifen und sie nutzen, wird davon ausgegangen, dass Sie die nachstehenden Bedingungen gelesen, verstanden und akzeptiert haben. Aus diesem Grund empfehlen wir Ihnen, die untenstehenden Bedingungen sorgf\u00e4ltig zu lesen.<\/span><\/p>\n<ol class=\"ol1\">\n<li class=\"li2\"><b><\/b><span class=\"s1\"><b>Haftung<\/b><\/span><\/li>\n<\/ol>\n<p class=\"p2\"><span class=\"s1\">Unsere Webseite stellt Ihnen einige Informationen, Dokumente, Artikel und Bilder im Zusammenhang mit den Kompetenzen und den Beratungsschwerpunkten der HANSU Anwaltskanzlei zur Verf\u00fcgung. Unsere Webseite ist in \u00dcbereinstimmung mit den Regeln und Vorschriften der Vereinigung der Rechtsanwaltskammern der T\u00fcrkei gestaltet. Keine Information auf dieser Webseite ist eine Werbung f\u00fcr irgendeine Dienstleistung; es ist auch nicht beabsichtigt, kommerziell zu handeln, zu werben oder potentielle Kunden zu erreichen.<\/span><\/p>\n<p class=\"p2\"><span class=\"s1\">Die Informationen und Dokumente auf unserer Webseite sind nur zu Informationszwecken f\u00fcr unsere Besucher erstellt worden und stellen daher kein Rechtsgutachten dar. Da jeder Sachverhalt im Einzelnen beurteilt werden muss, ist es erforderlich, in einem etwaigen Streitfall direkt mit den Experten Kontakt aufzunehmen. Aus diesem Grund wird es nicht angemessen sein, die auf unserer Webseite enthaltenen Informationen im Rahmen eines Rechtsstreits zu verwenden. Wenn Sie rechtliche Unterst\u00fctzung oder ein Gutachten zu einem Thema ben\u00f6tigen, auf das wir spezialisiert sind, k\u00f6nnen Sie uns gerne \u00fcber unsere Kontaktdaten erreichen.<\/span><\/p>\n<p class=\"p2\"><span class=\"s1\">Als HANSU Rechtsanwaltskanzlei bem\u00fchen wir uns, unsere Webseite und die bereitgestellten Informationen stets auf dem neuesten Stand zu halten. Im Falle von \u00c4nderungen von Gesetzen, Vorschriften und Praktiken, auf denen die Informationen auf unserer Webseite basieren, k\u00f6nnen diese jedoch nicht mehr aktuell sein. Aus diesem Grund \u00fcbernehmen wir keine Haftung f\u00fcr die Richtigkeit, Aktualit\u00e4t, Vollst\u00e4ndigkeit oder Verwendbarkeit der Informationen auf unserer Webseite.<\/span><\/p>\n<p class=\"p2\"><span class=\"s1\">Obwohl wir uns sehr darum bem\u00fchen, Informationen auf unserer Webseite aus zuverl\u00e4ssigen Quellen bereitzustellen, sind die Informationen auf unserer Webseite mit einer gewissen Fehlerquote behaftet. Aus diesem Grund ist es ausgeschlossen, dass wir als HANSU Anwaltskanzlei f\u00fcr Fehler, M\u00e4ngel, Ungenauigkeiten der auf unserer Webseite bereitgestellten Informationen sowie f\u00fcr etwaige Sch\u00e4den und Verluste, die durch die Nutzung der Informationen auf unserer Webseite entstehen, verantwortlich gemacht werden.<\/span><\/p>\n<p class=\"p2\"><span class=\"s1\">HANSU Anwaltskanzlei \u00fcbernimmt keine Haftung f\u00fcr die von Dritten ver\u00f6ffentlichten Informationen und Materialien; sie stimmt den in diesen Ver\u00f6ffentlichungen enthaltenen Informationen, Aussagen und Meinungen weder direkt noch indirekt zu. HANSU Anwaltskanzlei beh\u00e4lt sich das Recht vor, Informationen Dritter zu entfernen, wenn sie dies f\u00fcr unvereinbar mit der Wirklichkeit und der Ver\u00f6ffentlichungspolitik h\u00e4lt.<\/span><\/p>\n<p class=\"p2\"><span class=\"s1\">Dar\u00fcber hinaus dienen alle auf unserer Webseite befindlichen Links zu anderen Internetseiten nur der Information. Dies bedeutet jedoch nicht, dass wir den Inhalt der verlinkten Webseite und der anderen von dieser Webseite aus zu verlinkenden Webseiten kontrollieren, dem betreffenden Inhalt zustimmen und ihn f\u00fcr zuverl\u00e4ssig halten. Aus diesem Grund ist es ausgeschlossen, uns als HANSU Anwaltskanzlei f\u00fcr den Inhalt in Anspruch zu nehmen.<\/span><\/p>\n<ol class=\"ol1\">\n<li class=\"li2\"><b><\/b><span class=\"s1\"><b>Geistiges Eigentum<\/b><\/span><\/li>\n<\/ol>\n<p class=\"p2\"><span class=\"s1\">Sofern von der HANSU Rechtsanwaltskanzlei nicht ausdr\u00fccklich anders angegeben, geh\u00f6ren die Eigentums- und Nutzungsrechte an allen Daten auf unserer Webseite, wie z.B. Logo, Informationen, Dokumente, Bilder, Artikel der HANSU Rechtsanwaltskanzlei. Aus diesem Grund ist es ohne unsere schriftliche Genehmigung ausgeschlossen, s\u00e4mtliche Daten wie Logos, Informationen, Dokumente, Bilder und Artikel auf unserer Webseite f\u00fcr pers\u00f6nliche oder kommerzielle Zwecke zu kopieren, zu vervielf\u00e4ltigen und zu nutzen. Ohne die schriftliche Genehmigung der HANSU Rechtsanwaltskanzlei ist es strengstens verboten, einen Link zu dieser von der HANSU Rechtsanwaltskanzlei erstellten Webseite einzurichten.<\/span><\/p>\n<p class=\"p2\"><span class=\"s1\">HANSU-Rechtsanwaltskanzlei beh\u00e4lt sich im Falle einer Nutzungsverletzung alle Rechte und Anspr\u00fcche vor.<\/span><\/p>\n<ol class=\"ol1\">\n<li class=\"li2\"><b><\/b><span class=\"s1\"><b>Unsere Datenschutzrichtlinie und Erkl\u00e4rung<\/b><\/span><\/li>\n<\/ol>\n<p class=\"p2\"><span class=\"s1\">Wir ben\u00f6tigen wahrscheinlich einige personenbezogenen Informationen wie Ihre E-Mail-Adresse, Telefonnummer, Ihren Vor- und Nachnamen, damit wir Ihnen die von uns vorbereiteten Informationen, Artikel oder visuelle Darstellungen zur Verf\u00fcgung stellen k\u00f6nnen. Um zu erfahren, wie Ihre personenbezogenen Daten erfasst, gespeichert und verwendet werden, lesen Sie bitte <\/span><span class=\"s2\">die Datenschutzerkl\u00e4rung <\/span><span class=\"s1\">der HANSU Anwaltskanzlei sorgf\u00e4ltig durch und wenden Sie sich bitte f\u00fcr weitere Informationen und R\u00fcckfragen an unsere Kanzlei. <\/span><\/p>\n<p class=\"p2\"><span class=\"s1\">Der Besuch unserer Webseite oder die \u00dcbermittlung von personenbezogenen Daten und Informationen an die HANSU Rechtsanwaltskanzlei durch irgendwelche Kommunikationsmittel f\u00fchrt nicht direkt zu einem Anwalt-Mandanten-Verh\u00e4ltnis zwischen unserer Kanzlei und Ihnen. Um ein Mandantenverh\u00e4ltnis mit unserer Kanzlei zu begr\u00fcnden, muss man einen anwaltlichen Dienstleistungsvertrag mit unserer Kanzlei unterzeichnen und die entsprechende Vollmacht ausstellen.<\/span><\/p>\n<ol class=\"ol1\">\n<li class=\"li2\"><b><\/b><span class=\"s1\"><b>Gerichtsstand\/Geltendes Recht<\/b><\/span><\/li>\n<\/ol>\n<p class=\"p2\"><span class=\"s1\">Das im Falle der Verletzung dieser Bedingungen anzuwendende Recht ist t\u00fcrkisches Recht. In allen Streitigkeiten sind ausschlie\u00dflich die Gerichte in Istanbul (\u00c7a\u011flayan) zust\u00e4ndig.<\/span><\/p>\n","protected":false},"excerpt":{"rendered":"<p>Bedingungen und Konditionen Die Bedingungen und Konditionen, die wir im Rahmen unserer Nutzungsbedingungen angegeben haben, beziehen sich auf Ihre Nutzung unserer Webseite. Das Eigentum an der von Ihnen besuchten Internetseite geh\u00f6rt der HANSU Anwaltskanzlei und wird von der HANSU Anwaltskanzlei betrieben. HANSU Anwaltskanzlei beh\u00e4lt sich auf Ihrer Webseite das Recht vor, \u00c4nderungen an bereitgestellten Informationen,&#8230;<\/p>\n","protected":false},"author":1,"featured_media":0,"parent":2482,"menu_order":340,"comment_status":"closed","ping_status":"closed","template":"","meta":[],"acf":[],"_links":{"self":[{"href":"https:\/\/hansu.av.tr\/de\/wp-json\/wp\/v2\/pages\/3143"}],"collection":[{"href":"https:\/\/hansu.av.tr\/de\/wp-json\/wp\/v2\/pages"}],"about":[{"href":"https:\/\/hansu.av.tr\/de\/wp-json\/wp\/v2\/types\/page"}],"author":[{"embeddable":true,"href":"https:\/\/hansu.av.tr\/de\/wp-json\/wp\/v2\/users\/1"}],"replies":[{"embeddable":true,"href":"https:\/\/hansu.av.tr\/de\/wp-json\/wp\/v2\/comments?post=3143"}],"version-history":[{"count":0,"href":"https:\/\/hansu.av.tr\/de\/wp-json\/wp\/v2\/pages\/3143\/revisions"}],"up":[{"embeddable":true,"href":"https:\/\/hansu.av.tr\/de\/wp-json\/wp\/v2\/pages\/2482"}],"wp:attachment":[{"href":"https:\/\/hansu.av.tr\/de\/wp-json\/wp\/v2\/media?parent=3143"}],"curies":[{"name":"wp","href":"https:\/\/api.w.org\/{rel}","templated":true}]}}