{"id":3189,"date":"2020-06-05T17:21:26","date_gmt":"2020-06-05T14:21:26","guid":{"rendered":"https:\/\/hansu.av.tr\/?page_id=3189"},"modified":"2020-10-03T12:24:25","modified_gmt":"2020-10-03T09:24:25","slug":"fuer-unternehmen","status":"publish","type":"page","link":"https:\/\/hansu.av.tr\/de\/inhalt\/fuer-unternehmen\/","title":{"rendered":"Unternehmen"},"content":{"rendered":"<p>Als eine der f\u00fchrenden t\u00fcrkischen Rechtskanzleien unterst\u00fctzt Hansu Anwaltskanzlei ihre Mandanten bei grenz\u00fcberschreitenden Aktivit\u00e4ten und internationalen Gesch\u00e4ften. Wir halten es f\u00fcr wichtig, unseren Mandanten einen umfassenden One-Stop-Shop anzubieten, um Sie bei der Umsetzung ihrer Pl\u00e4ne und Strategien rund um den Globus zu unterst\u00fctzen und zu begleiten. Mit unserem engagierten Team von Spezialisten einschlie\u00dflich Rechtsanw\u00e4lte mit Fremdsprachenkenntnisse, welche bereits \u00fcber ein umfangreiches internationales Netzwerk verf\u00fcgen und weitreichende Erfahrungen mit ausl\u00e4ndischen Gesch\u00e4ftskulturen und Rechtssystemen gesammelt haben, sind wir in der Lage, ausl\u00e4ndische Investoren, international operierende Unternehmen und Institutionen sowie ausl\u00e4ndische Anwaltskanzleien bei allen strategischen Investitionen und komplexen Transaktionen umfassend zu beraten, einschlie\u00dflich M&amp;A- und Joint-Venture-Projekten, Immobilieninvestitionen und Compliance-Untersuchungen sowie Vertretung in Gerichts- und Schiedsverfahren.<\/p>\n<p>Aufgrund unserer umfassenden Expertise in allen wesentlichen Wirtschaftssektoren sind wir Ihr One-Stop-Shop-Dienstleister in der T\u00fcrkei. Unsere juristische Expertise und Branchenkenntnis erm\u00f6glichen uns, Sie in allen Bereichen des Wirtschaftsrechts zu beraten, einschlie\u00dflich der folgenden Themen:<\/p>\n<ul>\n<li>Beratung bei internationalen Forderungseintreibungsverfahren<\/li>\n<li>Prozessf\u00fchrung vor staatlichen Gerichten und in Schiedsgerichtsverfahren<\/li>\n<li>Gestaltung und Verhandlung von internationalen Kauf- und Dienstleistungsvertr\u00e4gen, Vertriebs- und Agenturvertr\u00e4gen, Mietvertr\u00e4gen sowie Allgemeinen Gesch\u00e4ftsbedingungen<\/li>\n<li>Gr\u00fcndung von Gesellschaften, Zweigniederlassungen und Repr\u00e4sentanzb\u00fcros einschlie\u00dflich der Unterst\u00fctzung in allen Phasen des Gr\u00fcndungsprozesses, wie z.B. Erstellung und Verhandlung der Gesellschaftssatzung, Anmeldung zum Handelsregister, Er\u00f6ffnung eines Bankkontos, Beantragung von notwendigen Genehmigungen in der T\u00fcrkei<\/li>\n<li>M&amp;A-Transaktionen und Joint-Venture-Projekte<\/li>\n<li>Due Diligence<\/li>\n<li>Anpassung internationaler Gesch\u00e4ftsorganisationen (einschlie\u00dflich interner Vorschriften) an die lokale Gesetzgebung und den lokalen Markt sowie Unterst\u00fctzung bei der Compliance mit nationalen Rechtsvorschriften<\/li>\n<li>Immobilientransaktionen einschlie\u00dflich des Erwerbs und der Finanzierung von Immobilien in der T\u00fcrkei<\/li>\n<li>Erstellung von Legal-Status-Berichten<\/li>\n<li>Beratung in allen arbeitsrechtlichen Angelegenheiten<\/li>\n<li>Schutz des geistigen Eigentums, insbesondere Marken- und Patentschutz<\/li>\n<li>Begr\u00fcndung und Eintragung von beschr\u00e4nkten dinglichen Rechten ins Grundbuch<\/li>\n<li>Begr\u00fcndung und Registrierung von Pfandrechten an beweglichen Maschinen und Fahrzeugen<\/li>\n<li>Durchf\u00fchrung von Ausschreibungsverfahren f\u00fcr Projekte in der T\u00fcrkei<\/li>\n<li>Erwerb der t\u00fcrkischen Staatsb\u00fcrgerschaft f\u00fcr ausl\u00e4ndische Investoren durch Immobilienkauf<\/li>\n<\/ul>\n<p>Au\u00dferdem unterst\u00fctzt Hansu Anwaltskanzlei Unternehmen bei ihren wirtschaftlichen Aktivit\u00e4ten im Ausland. Unsere hervorragenden Kontakte vor Ort erm\u00f6glichen uns, unseren Mandanten \u00fcberall dort, wo sie in Europa oder weltweit gesch\u00e4ftlich t\u00e4tig sind, fachkundige rechtliche Unterst\u00fctzung zu bieten. Wenn wir mit unseren Kollegen in ausl\u00e4ndischen Jurisdiktionen zusammenarbeiten, \u00fcbernehmen wir in der Regel das Projektmanagement und wir koordinieren als prim\u00e4rer Ansprechpartner die Arbeit zwischen unseren Mandanten und den ausl\u00e4ndischen Anwaltsteams. Wir sind stets bem\u00fcht, internationalen Teams von Experten genau zugeschnitten auf die jeweilige ausl\u00e4ndische Rechtsordnung und die individuellen Bed\u00fcrfnisse unserer Mandanten zu bilden.<\/p>\n<p>Durch unser Team von mehrsprachigen Experten und unsere internationalen Netzwerke von renommierten Rechtsanwaltskanzleien sind wir in der Lage, Sie auch au\u00dferhalb unserer Jurisdiktion in den folgenden L\u00e4ndern zu unterst\u00fctzen:<\/p>\n<p><strong>Deutschland Desk:<\/strong> <a href=\"mailto:ata.torun@hansu.av.tr\">ata.torun@hansu.av.tr<\/a><\/p>\n<p><strong>Gro\u00dfbritannien Desk:<\/strong> <a class=\"ns-action\" href=\"mailto:njl@hansu.av.tr\" data-click-action=\"common.go\" data-params=\"new_window&amp;url=%23compose%2Fmailto%3Dnjl%2540hansu.av.tr\">njl<\/a><a class=\"ns-action\" href=\"mailto:njl@hansu.av.tr\" data-click-action=\"common.go\" data-params=\"new_window&amp;url=%23compose%2Fmailto%3Dnjl%2540hansu.av.tr\">@hansu.av.tr<\/a><\/p>\n<p><strong>Vereinigte Arabische Emirate und Golfstaaten Desk:<\/strong> <a href=\"mailto:omer.hansu@hansu.av.tr\">omer.hansu@hansu.av.tr<\/a><\/p>\n<p><strong>Belgien Desk:<\/strong> <a href=\"mailto:ebruozduran@hansu.av.tr\">ebruozduran@hansu.av.tr<\/a><\/p>\n<p><strong>Italien Desk:<\/strong> njl@hansu.av.tr<\/p>\n","protected":false},"excerpt":{"rendered":"<p>Als eine der f\u00fchrenden t\u00fcrkischen Rechtskanzleien unterst\u00fctzt Hansu Anwaltskanzlei ihre Mandanten bei grenz\u00fcberschreitenden Aktivit\u00e4ten und internationalen Gesch\u00e4ften. Wir halten es f\u00fcr wichtig, unseren Mandanten einen umfassenden One-Stop-Shop anzubieten, um Sie bei der Umsetzung ihrer Pl\u00e4ne und Strategien rund um den Globus zu unterst\u00fctzen und zu begleiten. Mit unserem engagierten Team von Spezialisten einschlie\u00dflich Rechtsanw\u00e4lte mit&#8230;<\/p>\n","protected":false},"author":1,"featured_media":0,"parent":2482,"menu_order":326,"comment_status":"closed","ping_status":"closed","template":"","meta":[],"acf":[],"_links":{"self":[{"href":"https:\/\/hansu.av.tr\/de\/wp-json\/wp\/v2\/pages\/3189"}],"collection":[{"href":"https:\/\/hansu.av.tr\/de\/wp-json\/wp\/v2\/pages"}],"about":[{"href":"https:\/\/hansu.av.tr\/de\/wp-json\/wp\/v2\/types\/page"}],"author":[{"embeddable":true,"href":"https:\/\/hansu.av.tr\/de\/wp-json\/wp\/v2\/users\/1"}],"replies":[{"embeddable":true,"href":"https:\/\/hansu.av.tr\/de\/wp-json\/wp\/v2\/comments?post=3189"}],"version-history":[{"count":2,"href":"https:\/\/hansu.av.tr\/de\/wp-json\/wp\/v2\/pages\/3189\/revisions"}],"predecessor-version":[{"id":6403,"href":"https:\/\/hansu.av.tr\/de\/wp-json\/wp\/v2\/pages\/3189\/revisions\/6403"}],"up":[{"embeddable":true,"href":"https:\/\/hansu.av.tr\/de\/wp-json\/wp\/v2\/pages\/2482"}],"wp:attachment":[{"href":"https:\/\/hansu.av.tr\/de\/wp-json\/wp\/v2\/media?parent=3189"}],"curies":[{"name":"wp","href":"https:\/\/api.w.org\/{rel}","templated":true}]}}