{"id":3191,"date":"2020-06-05T17:22:32","date_gmt":"2020-06-05T14:22:32","guid":{"rendered":"https:\/\/hansu.av.tr\/?page_id=3191"},"modified":"2020-10-03T12:25:05","modified_gmt":"2020-10-03T09:25:05","slug":"fuer-privatpersonen","status":"publish","type":"page","link":"https:\/\/hansu.av.tr\/de\/inhalt\/fuer-privatpersonen\/","title":{"rendered":"Privatpersonen"},"content":{"rendered":"<p>Als eine der f\u00fchrenden t\u00fcrkischen Rechtskanzleien unterst\u00fctzt Hansu Anwaltskanzlei ihre in der T\u00fcrkei oder im Ausland ans\u00e4ssigen Mandanten bei grenz\u00fcberschreitenden Aktivit\u00e4ten und internationalen Gesch\u00e4ften. Zu unseren Mandanten z\u00e4hlen insbesondere Investoren, Unternehmen und ausl\u00e4ndische Anwaltskanzleien. Mit unserem engagierten Team von Spezialisten einschlie\u00dflich Rechtsanw\u00e4lte mit Fremdsprachenkenntnisse, welche bereits \u00fcber ein umfangreiches internationales Netzwerk verf\u00fcgen und weitreichende Erfahrungen mit ausl\u00e4ndischen Gesch\u00e4ftskulturen und Rechtssystemen gesammelt haben, sind wir auch in der Lage, ausl\u00e4ndische Privatpersonen bei allen strategischen Investitionen und komplexen Transaktionen umfassend zu beraten, einschlie\u00dflich Gr\u00fcndung von Start-Up-Unternehmen, Einholung von Aufenthaltsgenehmigung, Erwerb der Staatsb\u00fcrgerschaft durch Immobilienerwerb, Teilnahme an Ausschreibungen, Beratung zu ausl\u00e4ndischen Investitionen sowohl in der T\u00fcrkei als auch im Ausland sowie Vertretung in Gerichtsverfahren.<\/p>\n<p>Aufgrund unserer umfassenden Expertise in allen wesentlichen Wirtschaftssektoren sind wir Ihr One-Stop-Shop-Dienstleister in der T\u00fcrkei. Unsere juristische Expertise und Branchenkenntnis erm\u00f6glichen uns, Sie in allen Bereichen des Wirtschaftsrechts zu beraten, einschlie\u00dflich der folgenden Themen:<\/p>\n<ul>\n<li>Rechtliche Beratung von Privatpersonen bei der Gr\u00fcndung von Gesellschaften, Zweigniederlassungen und Repr\u00e4sentanzb\u00fcros einschlie\u00dflich der Unterst\u00fctzung in allen Phasen des Gr\u00fcndungsprozesses, wie z.B. Erstellung und Verhandlung der Gesellschaftssatzung, Anmeldung zum Handelsregister, Er\u00f6ffnung eines Bankkontos, Beantragung von notwendigen Genehmigungen in der T\u00fcrkei<\/li>\n<li>Immobilienerwerb in der T\u00fcrkei<\/li>\n<li>Erwerb der t\u00fcrkischen Staatsb\u00fcrgerschaft durch den Kauf von Immobilien in der T\u00fcrkei<\/li>\n<li>Rechtliche Beratung beim Erwerb der t\u00fcrkischen Staatsb\u00fcrgerschaft, Vorbereitung von Aufenthaltsgenehmigungsdokumente<\/li>\n<li>Rechtliche Beratung von Ausl\u00e4ndern, die die T\u00fcrkei als Standort f\u00fcr ihre gesch\u00e4ftliche Aktivit\u00e4ten gew\u00e4hlt haben, und Beratung bei der Gr\u00fcndung von Start-up-Unternehmen<\/li>\n<li>Rechtliche Unterst\u00fctzung bei der Teilnahme an Ausschreibungen in der T\u00fcrkei<\/li>\n<li>Einholung von Arbeitserlaubnissen<\/li>\n<li>Umfassende Beratung zu ausl\u00e4ndischen Investitionen<\/li>\n<\/ul>\n<p>Au\u00dferdem unterst\u00fctzt Hansu Anwaltskanzlei Privatpersonen bei ihren wirtschaftlichen Aktivit\u00e4ten im Ausland. Unsere hervorragenden Kontakte vor Ort erm\u00f6glichen uns, unseren Mandanten \u00fcberall dort, wo sie in Europa oder weltweit gesch\u00e4ftlich t\u00e4tig sind, fachkundige rechtliche Unterst\u00fctzung zu bieten. Wenn wir mit unseren Kollegen in ausl\u00e4ndischen Jurisdiktionen zusammenarbeiten, \u00fcbernehmen wir in der Regel das Projektmanagement und wir koordinieren als prim\u00e4rer Ansprechpartner die Arbeit zwischen unseren Mandanten und den ausl\u00e4ndischen Anwaltsteams. Wir sind stets bem\u00fcht, internationalen Teams von Experten genau zugeschnitten auf die jeweilige ausl\u00e4ndische Rechtsordnung und die individuellen Bed\u00fcrfnisse unserer Mandanten zu bilden.<\/p>\n<p>Durch unser Team von mehrsprachigen Experten und unsere internationalen Netzwerke von renommierten Rechtsanwaltskanzleien sind wir in der Lage, Sie auch au\u00dferhalb unserer Jurisdiktion in den folgenden L\u00e4ndern zu unterst\u00fctzen:<\/p>\n<p><strong>Deutschland Desk:<\/strong> ata.torun@hansu.av.tr<\/p>\n<p><strong>Gro\u00dfbritannien Desk:<\/strong> <a class=\"ns-action\" href=\"mailto:njl@hansu.av.tr\" data-click-action=\"common.go\" data-params=\"new_window&amp;url=%23compose%2Fmailto%3Dnjl%2540hansu.av.tr\">njl@hansu.av.tr<\/a><\/p>\n<p><strong>Vereinigte Arabische Emirate und Golfstaaten Desk:<\/strong> omer.hansu@hansu.av.tr<\/p>\n<p><strong>Belgien Desk:<\/strong> ebruozduran@hansu.av.tr<\/p>\n<p><strong>Italien Desk:<\/strong> njl@hansu.av.tr<\/p>\n","protected":false},"excerpt":{"rendered":"<p>Als eine der f\u00fchrenden t\u00fcrkischen Rechtskanzleien unterst\u00fctzt Hansu Anwaltskanzlei ihre in der T\u00fcrkei oder im Ausland ans\u00e4ssigen Mandanten bei grenz\u00fcberschreitenden Aktivit\u00e4ten und internationalen Gesch\u00e4ften. Zu unseren Mandanten z\u00e4hlen insbesondere Investoren, Unternehmen und ausl\u00e4ndische Anwaltskanzleien. Mit unserem engagierten Team von Spezialisten einschlie\u00dflich Rechtsanw\u00e4lte mit Fremdsprachenkenntnisse, welche bereits \u00fcber ein umfangreiches internationales Netzwerk verf\u00fcgen und weitreichende Erfahrungen&#8230;<\/p>\n","protected":false},"author":1,"featured_media":0,"parent":2482,"menu_order":325,"comment_status":"closed","ping_status":"closed","template":"","meta":[],"acf":[],"_links":{"self":[{"href":"https:\/\/hansu.av.tr\/de\/wp-json\/wp\/v2\/pages\/3191"}],"collection":[{"href":"https:\/\/hansu.av.tr\/de\/wp-json\/wp\/v2\/pages"}],"about":[{"href":"https:\/\/hansu.av.tr\/de\/wp-json\/wp\/v2\/types\/page"}],"author":[{"embeddable":true,"href":"https:\/\/hansu.av.tr\/de\/wp-json\/wp\/v2\/users\/1"}],"replies":[{"embeddable":true,"href":"https:\/\/hansu.av.tr\/de\/wp-json\/wp\/v2\/comments?post=3191"}],"version-history":[{"count":2,"href":"https:\/\/hansu.av.tr\/de\/wp-json\/wp\/v2\/pages\/3191\/revisions"}],"predecessor-version":[{"id":6404,"href":"https:\/\/hansu.av.tr\/de\/wp-json\/wp\/v2\/pages\/3191\/revisions\/6404"}],"up":[{"embeddable":true,"href":"https:\/\/hansu.av.tr\/de\/wp-json\/wp\/v2\/pages\/2482"}],"wp:attachment":[{"href":"https:\/\/hansu.av.tr\/de\/wp-json\/wp\/v2\/media?parent=3191"}],"curies":[{"name":"wp","href":"https:\/\/api.w.org\/{rel}","templated":true}]}}