{"id":3506,"date":"2020-07-09T11:01:53","date_gmt":"2020-07-09T08:01:53","guid":{"rendered":"https:\/\/hansu.av.tr\/?page_id=3506"},"modified":"2021-09-07T13:43:21","modified_gmt":"2021-09-07T10:43:21","slug":"handel-und-unternehmen","status":"publish","type":"page","link":"https:\/\/hansu.av.tr\/de\/sektoren\/handel-und-unternehmen\/","title":{"rendered":"Handel und Unternehmen"},"content":{"rendered":"\t\t<div data-elementor-type=\"wp-page\" data-elementor-id=\"3506\" class=\"elementor elementor-3506 elementor-3505\">\n\t\t\t\t\t\t<div class=\"elementor-inner\">\n\t\t\t\t<div class=\"elementor-section-wrap\">\n\t\t\t\t\t\t\t\t\t<section class=\"elementor-section elementor-top-section elementor-element elementor-element-40b9c9c7 elementor-section-boxed elementor-section-height-default elementor-section-height-default\" data-id=\"40b9c9c7\" data-element_type=\"section\">\n\t\t\t\t\t\t<div class=\"elementor-container elementor-column-gap-default\">\n\t\t\t\t\t\t\t<div class=\"elementor-row\">\n\t\t\t\t\t<div class=\"elementor-column elementor-col-100 elementor-top-column elementor-element elementor-element-12b04631\" data-id=\"12b04631\" data-element_type=\"column\">\n\t\t\t<div class=\"elementor-column-wrap elementor-element-populated\">\n\t\t\t\t\t\t\t<div class=\"elementor-widget-wrap\">\n\t\t\t\t\t\t<div class=\"elementor-element elementor-element-1af35c62 elementor-widget elementor-widget-text-editor\" data-id=\"1af35c62\" data-element_type=\"widget\" data-widget_type=\"text-editor.default\">\n\t\t\t\t<div class=\"elementor-widget-container\">\n\t\t\t\t\t\t\t\t<div class=\"elementor-text-editor elementor-clearfix\">\n\t\t\t\t<p>\u2022\u00a0 \u00a0Zusammenschl\u00fcsse und Akquisitionen (Mergers and Acquisitions)<br \/>\u2022\u00a0 Erstellung und Verhandlung von s\u00e4mtlichen Vertr\u00e4gen einschlie\u00dflich der Transfer-, Kauf-, Service-, Vertriebs- und Agenturvereinbarungen<br \/>\u2022\u00a0 \u00a0Verpf\u00e4ndung von Gesellschaftsanteilen<br \/>\u2022 Rechtliche Unterst\u00fctzung bei der Ernennung von Treuh\u00e4ndern in Aktiengesellschaften und Gesellschaften mit beschr\u00e4nkter Haftung<br \/>\u2022\u00a0 \u00a0Rechtliche Unterst\u00fctzung bei Nichtigkeitsverfahren der Entscheidungen der Aktiengesellschaft<br \/>\u2022\u00a0 \u00a0Unternehmensleitung<br \/>\u2022\u00a0 \u00a0Schutz von Firmendaten und pers\u00f6nlichen Daten<br \/>\u2022.\u00a0 Eintreibung internationaler Forderungen<br \/>\u2022\u00a0 \u00a0Investitionsberatung<br \/>\u2022\u00a0 \u00a0Schutz von geistigem und gewerblichem Eigentum und Gesch\u00e4ftsgeheimnissen<br \/>\u2022\u00a0 \u00a0Steuer- und Zolltransaktionen und Export &amp; Import<br \/>\u2022\u00a0 \u00a0Kapitalerh\u00f6hung und -herabsetzung<br \/>\u2022\u00a0 \u00a0E-Commerce &amp; Elektronisches Geld und Zahlungssysteme<br \/>\u2022\u00a0 \u00a0Unternehmensrecht,<br \/>\u2022 Vertretung von Unternehmen bei Handelsstreitigkeiten als Schlichtungsstreitigkeiten vor Schlichtungsinstitutionen,<br \/>\u2022 Gr\u00fcndung von Gesellschaften, Zweigstellen und Repr\u00e4sentanzen und Unterst\u00fctzung bei notwendigen Gr\u00fcndungsprozessen wie z.B. bei der Er\u00f6ffnung von Bankkonten, bei der Vorbereitung von Genehmigungsantr\u00e4gen, bei der Firmengr\u00fcndung im In- und Ausland,<br \/>\u2022\u00a0 Rechtliche Beratung von Investoren, die ein Unternehmen gr\u00fcnden m\u00f6chten, von der Erstellung der Gesellschaftssatzung bis zur Eintragung ins Handelsregister<\/p>\t\t\t\t\t<\/div>\n\t\t\t\t\t\t<\/div>\n\t\t\t\t<\/div>\n\t\t\t\t\t\t<\/div>\n\t\t\t\t\t<\/div>\n\t\t<\/div>\n\t\t\t\t\t\t\t\t<\/div>\n\t\t\t\t\t<\/div>\n\t\t<\/section>\n\t\t\t\t\t\t\t\t\t<\/div>\n\t\t\t<\/div>\n\t\t\t\t\t<\/div>\n\t\t","protected":false},"excerpt":{"rendered":"<p>\u2022\u00a0 \u00a0Zusammenschl\u00fcsse und Akquisitionen (Mergers and Acquisitions) \u2022\u00a0 Erstellung und Verhandlung von s\u00e4mtlichen Vertr\u00e4gen einschlie\u00dflich der Transfer-, Kauf-, Service-, Vertriebs- und Agenturvereinbarungen \u2022\u00a0 \u00a0Verpf\u00e4ndung von Gesellschaftsanteilen \u2022 Rechtliche Unterst\u00fctzung bei der Ernennung von Treuh\u00e4ndern in Aktiengesellschaften und Gesellschaften mit beschr\u00e4nkter Haftung \u2022\u00a0 \u00a0Rechtliche Unterst\u00fctzung bei Nichtigkeitsverfahren der Entscheidungen der Aktiengesellschaft \u2022\u00a0 \u00a0Unternehmensleitung \u2022\u00a0 \u00a0Schutz von&#8230;<\/p>\n","protected":false},"author":1,"featured_media":4805,"parent":5470,"menu_order":498,"comment_status":"closed","ping_status":"closed","template":"","meta":[],"acf":[],"_links":{"self":[{"href":"https:\/\/hansu.av.tr\/de\/wp-json\/wp\/v2\/pages\/3506"}],"collection":[{"href":"https:\/\/hansu.av.tr\/de\/wp-json\/wp\/v2\/pages"}],"about":[{"href":"https:\/\/hansu.av.tr\/de\/wp-json\/wp\/v2\/types\/page"}],"author":[{"embeddable":true,"href":"https:\/\/hansu.av.tr\/de\/wp-json\/wp\/v2\/users\/1"}],"replies":[{"embeddable":true,"href":"https:\/\/hansu.av.tr\/de\/wp-json\/wp\/v2\/comments?post=3506"}],"version-history":[{"count":2,"href":"https:\/\/hansu.av.tr\/de\/wp-json\/wp\/v2\/pages\/3506\/revisions"}],"predecessor-version":[{"id":7965,"href":"https:\/\/hansu.av.tr\/de\/wp-json\/wp\/v2\/pages\/3506\/revisions\/7965"}],"up":[{"embeddable":true,"href":"https:\/\/hansu.av.tr\/de\/wp-json\/wp\/v2\/pages\/5470"}],"wp:featuredmedia":[{"embeddable":true,"href":"https:\/\/hansu.av.tr\/de\/wp-json\/wp\/v2\/media\/4805"}],"wp:attachment":[{"href":"https:\/\/hansu.av.tr\/de\/wp-json\/wp\/v2\/media?parent=3506"}],"curies":[{"name":"wp","href":"https:\/\/api.w.org\/{rel}","templated":true}]}}