{"id":3513,"date":"2020-07-09T11:10:53","date_gmt":"2020-07-09T08:10:53","guid":{"rendered":"https:\/\/hansu.av.tr\/?page_id=3513"},"modified":"2021-09-07T13:44:06","modified_gmt":"2021-09-07T10:44:06","slug":"real-estate-und-leasing","status":"publish","type":"page","link":"https:\/\/hansu.av.tr\/de\/sektoren\/real-estate-und-leasing\/","title":{"rendered":"Real Estate und Leasing"},"content":{"rendered":"\t\t<div data-elementor-type=\"wp-page\" data-elementor-id=\"3513\" class=\"elementor elementor-3513 elementor-3512\">\n\t\t\t\t\t\t<div class=\"elementor-inner\">\n\t\t\t\t<div class=\"elementor-section-wrap\">\n\t\t\t\t\t\t\t\t\t<section class=\"elementor-section elementor-top-section elementor-element elementor-element-40b9c9c7 elementor-section-boxed elementor-section-height-default elementor-section-height-default\" data-id=\"40b9c9c7\" data-element_type=\"section\">\n\t\t\t\t\t\t<div class=\"elementor-container elementor-column-gap-default\">\n\t\t\t\t\t\t\t<div class=\"elementor-row\">\n\t\t\t\t\t<div class=\"elementor-column elementor-col-100 elementor-top-column elementor-element elementor-element-12b04631\" data-id=\"12b04631\" data-element_type=\"column\">\n\t\t\t<div class=\"elementor-column-wrap elementor-element-populated\">\n\t\t\t\t\t\t\t<div class=\"elementor-widget-wrap\">\n\t\t\t\t\t\t<div class=\"elementor-element elementor-element-1af35c62 elementor-widget elementor-widget-text-editor\" data-id=\"1af35c62\" data-element_type=\"widget\" data-widget_type=\"text-editor.default\">\n\t\t\t\t<div class=\"elementor-widget-container\">\n\t\t\t\t\t\t\t\t<div class=\"elementor-text-editor elementor-clearfix\">\n\t\t\t\t<ul><li>Erstellung und Verhandlung von Bauvertr\u00e4gen nach dem Modell der \u00dcberlassung von Wohnungseigentum<\/li><li>Leitung und Koordinierung von Immobilienprojekten<\/li><li>Vertretung in Grundbuchl\u00f6schungsverfahren<\/li><li>Landfusions-, Zuteilungs-, Entfremdungs- und Zwangsverfahren und Rechtsstreitigkeiten in diesen Angelegenheiten<\/li><li>Verhandlung von Vertr\u00e4gen und Finanzierungs- und Partnerschaftsstrukturen der Gro\u00dfprojekten, welche die Investoren und Bauunternehmen zusammenbringen<\/li><li>Erstellung von Mietvertr\u00e4gen<\/li><li>Durchf\u00fchrung von Mietfestsetzungs-, Anpassungs- und R\u00e4umungsf\u00e4llen<\/li><li>K\u00fcndigung und R\u00fccktritt von Bauvertr\u00e4gen nach dem Modell der \u00dcberlassung von Wohnungseigentum und Prozessvertretung<\/li><li>Finanz-Leasingvertr\u00e4ge<\/li><li>Koordinierung von Baugenehmigungen und anderen Verwaltungsverfahren<\/li><li>Minimierung von Steuerverbindlichkeiten bei Projekten<\/li><li>Restaurierung historischer Objekte, \u00dcberpr\u00fcfung von Vertrags- und Verwaltungsverfahren<\/li><li>Einspr\u00fcche gegen Bebauungspl\u00e4ne und Verfolgung von Rechtsstreitigkeiten<\/li><li>Durchf\u00fchrung von Katasterverfahren und Durchf\u00fchrung damit zusammenh\u00e4ngender Rechtsstreitigkeiten<\/li><li>Vertretung in Immobilienrechtsstreitigkeiten aus Erbrecht<\/li><\/ul>\t\t\t\t\t<\/div>\n\t\t\t\t\t\t<\/div>\n\t\t\t\t<\/div>\n\t\t\t\t\t\t<\/div>\n\t\t\t\t\t<\/div>\n\t\t<\/div>\n\t\t\t\t\t\t\t\t<\/div>\n\t\t\t\t\t<\/div>\n\t\t<\/section>\n\t\t\t\t\t\t\t\t\t<\/div>\n\t\t\t<\/div>\n\t\t\t\t\t<\/div>\n\t\t","protected":false},"excerpt":{"rendered":"<p>Erstellung und Verhandlung von Bauvertr\u00e4gen nach dem Modell der \u00dcberlassung von Wohnungseigentum Leitung und Koordinierung von Immobilienprojekten Vertretung in Grundbuchl\u00f6schungsverfahren Landfusions-, Zuteilungs-, Entfremdungs- und Zwangsverfahren und Rechtsstreitigkeiten in diesen Angelegenheiten Verhandlung von Vertr\u00e4gen und Finanzierungs- und Partnerschaftsstrukturen der Gro\u00dfprojekten, welche die Investoren und Bauunternehmen zusammenbringen Erstellung von Mietvertr\u00e4gen Durchf\u00fchrung von Mietfestsetzungs-, Anpassungs- und R\u00e4umungsf\u00e4llen K\u00fcndigung&#8230;<\/p>\n","protected":false},"author":1,"featured_media":4808,"parent":5470,"menu_order":474,"comment_status":"closed","ping_status":"closed","template":"","meta":[],"acf":[],"_links":{"self":[{"href":"https:\/\/hansu.av.tr\/de\/wp-json\/wp\/v2\/pages\/3513"}],"collection":[{"href":"https:\/\/hansu.av.tr\/de\/wp-json\/wp\/v2\/pages"}],"about":[{"href":"https:\/\/hansu.av.tr\/de\/wp-json\/wp\/v2\/types\/page"}],"author":[{"embeddable":true,"href":"https:\/\/hansu.av.tr\/de\/wp-json\/wp\/v2\/users\/1"}],"replies":[{"embeddable":true,"href":"https:\/\/hansu.av.tr\/de\/wp-json\/wp\/v2\/comments?post=3513"}],"version-history":[{"count":1,"href":"https:\/\/hansu.av.tr\/de\/wp-json\/wp\/v2\/pages\/3513\/revisions"}],"predecessor-version":[{"id":7967,"href":"https:\/\/hansu.av.tr\/de\/wp-json\/wp\/v2\/pages\/3513\/revisions\/7967"}],"up":[{"embeddable":true,"href":"https:\/\/hansu.av.tr\/de\/wp-json\/wp\/v2\/pages\/5470"}],"wp:featuredmedia":[{"embeddable":true,"href":"https:\/\/hansu.av.tr\/de\/wp-json\/wp\/v2\/media\/4808"}],"wp:attachment":[{"href":"https:\/\/hansu.av.tr\/de\/wp-json\/wp\/v2\/media?parent=3513"}],"curies":[{"name":"wp","href":"https:\/\/api.w.org\/{rel}","templated":true}]}}