{"id":3519,"date":"2020-07-09T11:15:16","date_gmt":"2020-07-09T08:15:16","guid":{"rendered":"https:\/\/hansu.av.tr\/?page_id=3519"},"modified":"2021-09-07T13:44:50","modified_gmt":"2021-09-07T10:44:50","slug":"energie-und-bergbau","status":"publish","type":"page","link":"https:\/\/hansu.av.tr\/de\/sektoren\/energie-und-bergbau\/","title":{"rendered":"Energie und Bergbau"},"content":{"rendered":"\t\t<div data-elementor-type=\"wp-page\" data-elementor-id=\"3519\" class=\"elementor elementor-3519 elementor-3518\">\n\t\t\t\t\t\t<div class=\"elementor-inner\">\n\t\t\t\t<div class=\"elementor-section-wrap\">\n\t\t\t\t\t\t\t\t\t<section class=\"elementor-section elementor-top-section elementor-element elementor-element-40b9c9c7 elementor-section-boxed elementor-section-height-default elementor-section-height-default\" data-id=\"40b9c9c7\" data-element_type=\"section\">\n\t\t\t\t\t\t<div class=\"elementor-container elementor-column-gap-default\">\n\t\t\t\t\t\t\t<div class=\"elementor-row\">\n\t\t\t\t\t<div class=\"elementor-column elementor-col-100 elementor-top-column elementor-element elementor-element-12b04631\" data-id=\"12b04631\" data-element_type=\"column\">\n\t\t\t<div class=\"elementor-column-wrap elementor-element-populated\">\n\t\t\t\t\t\t\t<div class=\"elementor-widget-wrap\">\n\t\t\t\t\t\t<div class=\"elementor-element elementor-element-1af35c62 elementor-widget elementor-widget-text-editor\" data-id=\"1af35c62\" data-element_type=\"widget\" data-widget_type=\"text-editor.default\">\n\t\t\t\t<div class=\"elementor-widget-container\">\n\t\t\t\t\t\t\t\t<div class=\"elementor-text-editor elementor-clearfix\">\n\t\t\t\t<ul><li>Transaktionen im Zusammenhang mit Energiemarktlizenzen und -genehmigungen<\/li><li>Rechtsberatung bei der Finanzierung von Energieprojekten<\/li><li>Gr\u00fcndung von Energieunternehmen, Erstellung von Due-Diligence-Berichten, Aktien\u00fcbertragungen<\/li><li>Rechtsberatung bei Enteignungs-, Privatisierungs-, Fusions- und \u00dcbernahmeprozessen im Energiesektor<\/li><li>Antragsverfahren f\u00fcr die Installation von Energieerzeugungsanlagen aus erneuerbaren Energiequellen wie Wasser, Wind und Sonne<\/li><li>Erhalt des UVP-Berichts (Umweltvertr\u00e4glichkeitspr\u00fcfung) und Verfolgung der Klagen gegen den UVP-Bericht<\/li><li>Rechtsberatung f\u00fcr Regelungen im Energierecht<\/li><li>Bohr- und Rehabilitationsvertr\u00e4ge<\/li><li>Stromproduktion, -verteilung und -verkauf auf dem Strommarkt<\/li><li>Erstellung von Vertr\u00e4gen \u00fcber Reduzierung von Kohlenstoffemissionen, \u00fcber die gemeinsame Nutzung von Stromerzeugung, von Bauvertr\u00e4gen im Energiesektor, von Vertr\u00e4gen \u00fcber den Anschluss und die \u00dcbertragung von Elektrizit\u00e4t, von Turbinen- und Installationsvertr\u00e4gen, von Steuerverteilungsvertr\u00e4gen, von Lizenzgeb\u00fchrenvertr\u00e4gen, von Hauptvertriebsh\u00e4ndlervertr\u00e4gen, von EPC- und PPA-Vertr\u00e4gen<\/li><li>Rechtliche Unterst\u00fctzung f\u00fcr die R\u00fcckerstattung des Preises, den die Stromverbraucher an die Stromversorgungsunternehmen im Rahmen von Verlusten, Z\u00e4hlerablesung, Einzelhandelsverkaufsdienstleistungsgeb\u00fchr, Systemnutzungsgeb\u00fchr bezahlt haben<\/li><li>Erwerb von Wasserkraftwerken durch Privatisierung<\/li><li>Annullierung von Geldstrafen, die von der Regulierungsbeh\u00f6rde f\u00fcr den Energiemarkt und anderen Verwaltungsbeh\u00f6rden verh\u00e4ngt wurden<\/li><li>Rechtsberatung f\u00fcr Kraftstoff- und LPG-Vertriebsunternehmen und Firmenh\u00e4ndler<\/li><li>Firmeneinzug der Forderungen von Elektrizit\u00e4ts- und Erdgaseinzelhandelsunternehmen und Verfolgung des Vollstreckungsverfahrens<\/li><li>Einholung von Lizenzen und Genehmigungen f\u00fcr Mineralexploration, Lizenz\u00fcbertragungsverfahren<\/li><li>Due Diligence, Landzuweisung, Landerwerb und -konsolidierung, Konzessionserwerb, Lizenzierung, Nie\u00dfbrauch und Dienstbarkeiten im Bergbausektor<\/li><li>Operating-Leasingvertr\u00e4ge f\u00fcr Bergwerke<\/li><li>Dienstleistungen zur Umweltvertr\u00e4glichkeitspr\u00fcfung<\/li><li>Finanzierung und Sicherung von Bergbaut\u00e4tigkeiten<\/li><li>Bewertung, Vorbereitung und Durchf\u00fchrung von Schleif-, Lohnverarbeitungs- und Behandlungsvertr\u00e4gen<\/li><li>Verpf\u00e4ndung, Pfandrecht, Hypothek und Vorsichtsma\u00dfnahmen f\u00fcr Minen und Bergbaulizenzen<\/li><li>Grubenungl\u00fccksf\u00e4lle<\/li><li>Streitigkeiten \u00fcber Rechte und Garantien des Bergbaustaates<\/li><li>Streitigkeiten, die sich aus der \u00dcberschneidung von Wasserbecken, Nationalparks, Wildtiergebieten, Schutzgebieten, Olivenhainen, landwirtschaftlichen Gebieten, organisierten Industriezonen und besonderen Umweltschutzzonen ergeben<\/li><li>Konflikte, die sich aus Privateigentum, Zoneneinteilung und der Beziehung zu Umweltpl\u00e4nen ergeben<\/li><li>Rechtsstreitigkeiten, die sich aus den Ausschreibungsverfahren im Bergbau ergeben.<\/li><\/ul>\t\t\t\t\t<\/div>\n\t\t\t\t\t\t<\/div>\n\t\t\t\t<\/div>\n\t\t\t\t\t\t<\/div>\n\t\t\t\t\t<\/div>\n\t\t<\/div>\n\t\t\t\t\t\t\t\t<\/div>\n\t\t\t\t\t<\/div>\n\t\t<\/section>\n\t\t\t\t\t\t\t\t\t<\/div>\n\t\t\t<\/div>\n\t\t\t\t\t<\/div>\n\t\t","protected":false},"excerpt":{"rendered":"<p>Transaktionen im Zusammenhang mit Energiemarktlizenzen und -genehmigungen Rechtsberatung bei der Finanzierung von Energieprojekten Gr\u00fcndung von Energieunternehmen, Erstellung von Due-Diligence-Berichten, Aktien\u00fcbertragungen Rechtsberatung bei Enteignungs-, Privatisierungs-, Fusions- und \u00dcbernahmeprozessen im Energiesektor Antragsverfahren f\u00fcr die Installation von Energieerzeugungsanlagen aus erneuerbaren Energiequellen wie Wasser, Wind und Sonne Erhalt des UVP-Berichts (Umweltvertr\u00e4glichkeitspr\u00fcfung) und Verfolgung der Klagen gegen den UVP-Bericht Rechtsberatung&#8230;<\/p>\n","protected":false},"author":1,"featured_media":4811,"parent":5470,"menu_order":353,"comment_status":"closed","ping_status":"closed","template":"","meta":[],"acf":[],"_links":{"self":[{"href":"https:\/\/hansu.av.tr\/de\/wp-json\/wp\/v2\/pages\/3519"}],"collection":[{"href":"https:\/\/hansu.av.tr\/de\/wp-json\/wp\/v2\/pages"}],"about":[{"href":"https:\/\/hansu.av.tr\/de\/wp-json\/wp\/v2\/types\/page"}],"author":[{"embeddable":true,"href":"https:\/\/hansu.av.tr\/de\/wp-json\/wp\/v2\/users\/1"}],"replies":[{"embeddable":true,"href":"https:\/\/hansu.av.tr\/de\/wp-json\/wp\/v2\/comments?post=3519"}],"version-history":[{"count":1,"href":"https:\/\/hansu.av.tr\/de\/wp-json\/wp\/v2\/pages\/3519\/revisions"}],"predecessor-version":[{"id":7968,"href":"https:\/\/hansu.av.tr\/de\/wp-json\/wp\/v2\/pages\/3519\/revisions\/7968"}],"up":[{"embeddable":true,"href":"https:\/\/hansu.av.tr\/de\/wp-json\/wp\/v2\/pages\/5470"}],"wp:featuredmedia":[{"embeddable":true,"href":"https:\/\/hansu.av.tr\/de\/wp-json\/wp\/v2\/media\/4811"}],"wp:attachment":[{"href":"https:\/\/hansu.av.tr\/de\/wp-json\/wp\/v2\/media?parent=3519"}],"curies":[{"name":"wp","href":"https:\/\/api.w.org\/{rel}","templated":true}]}}