{"id":3525,"date":"2020-07-09T11:18:01","date_gmt":"2020-07-09T08:18:01","guid":{"rendered":"https:\/\/hansu.av.tr\/?page_id=3525"},"modified":"2021-09-07T13:46:01","modified_gmt":"2021-09-07T10:46:01","slug":"chemikalien-und-erdoelprodukte","status":"publish","type":"page","link":"https:\/\/hansu.av.tr\/de\/sektoren\/chemikalien-und-erdoelprodukte\/","title":{"rendered":"Chemikalien und Erd\u00f6lprodukte"},"content":{"rendered":"\t\t<div data-elementor-type=\"wp-page\" data-elementor-id=\"3525\" class=\"elementor elementor-3525 elementor-3524\">\n\t\t\t\t\t\t<div class=\"elementor-inner\">\n\t\t\t\t<div class=\"elementor-section-wrap\">\n\t\t\t\t\t\t\t\t\t<section class=\"elementor-section elementor-top-section elementor-element elementor-element-40b9c9c7 elementor-section-boxed elementor-section-height-default elementor-section-height-default\" data-id=\"40b9c9c7\" data-element_type=\"section\">\n\t\t\t\t\t\t<div class=\"elementor-container elementor-column-gap-default\">\n\t\t\t\t\t\t\t<div class=\"elementor-row\">\n\t\t\t\t\t<div class=\"elementor-column elementor-col-100 elementor-top-column elementor-element elementor-element-12b04631\" data-id=\"12b04631\" data-element_type=\"column\">\n\t\t\t<div class=\"elementor-column-wrap elementor-element-populated\">\n\t\t\t\t\t\t\t<div class=\"elementor-widget-wrap\">\n\t\t\t\t\t\t<div class=\"elementor-element elementor-element-1af35c62 elementor-widget elementor-widget-text-editor\" data-id=\"1af35c62\" data-element_type=\"widget\" data-widget_type=\"text-editor.default\">\n\t\t\t\t<div class=\"elementor-widget-container\">\n\t\t\t\t\t\t\t\t<div class=\"elementor-text-editor elementor-clearfix\">\n\t\t\t\t<ul><li>Durchf\u00fchrung von Zusammenschl\u00fcssen und Akquisitionen von Unternehmen, die in der Chemie- und Erd\u00f6lbranche t\u00e4tig sind und in diesem Bereich investieren<\/li><li>Rechtsberatung zu branchenspezifischen Fragen wie Produkt- und Handelsregulierung<\/li><li>Rechtliche Beratung bei Steuerstreitigkeiten und Vertretung vor Steuergerichten f\u00fcr petrochemische Unternehmen<\/li><li>Rechtliche Unterst\u00fctzung bei der L\u00f6sung von Steuer-, Sozialversicherungs-, Zollvorteilen, Anreizen und Rechtsfragen f\u00fcr nationale und internationale petrochemische Unternehmen im Rahmen der Steuer-, Sozialversicherungs- und Zollgesetzgebung<\/li><li>Unternehmensorientierte und individualisierte Ans\u00e4tze<\/li><li>Compliance<\/li><li>Erstellung von Liefervertr\u00e4gen<\/li><li>Erstellung von Aktien\u00fcbertragungsvertr\u00e4gen und Gesellschaftsvertr\u00e4gen<\/li><li>Rechtliche Unterst\u00fctzung bei Durchf\u00fchrung von \u00d6lanlagenprojekten, Einholung von Ministerialgenehmigungen und Unterst\u00fctzung bei Verfahren vor den erforderlichen Verwaltungsbeh\u00f6rden<\/li><\/ul>\t\t\t\t\t<\/div>\n\t\t\t\t\t\t<\/div>\n\t\t\t\t<\/div>\n\t\t\t\t\t\t<\/div>\n\t\t\t\t\t<\/div>\n\t\t<\/div>\n\t\t\t\t\t\t\t\t<\/div>\n\t\t\t\t\t<\/div>\n\t\t<\/section>\n\t\t\t\t\t\t\t\t\t<\/div>\n\t\t\t<\/div>\n\t\t\t\t\t<\/div>\n\t\t","protected":false},"excerpt":{"rendered":"<p>Durchf\u00fchrung von Zusammenschl\u00fcssen und Akquisitionen von Unternehmen, die in der Chemie- und Erd\u00f6lbranche t\u00e4tig sind und in diesem Bereich investieren Rechtsberatung zu branchenspezifischen Fragen wie Produkt- und Handelsregulierung Rechtliche Beratung bei Steuerstreitigkeiten und Vertretung vor Steuergerichten f\u00fcr petrochemische Unternehmen Rechtliche Unterst\u00fctzung bei der L\u00f6sung von Steuer-, Sozialversicherungs-, Zollvorteilen, Anreizen und Rechtsfragen f\u00fcr nationale und internationale&#8230;<\/p>\n","protected":false},"author":1,"featured_media":4815,"parent":5470,"menu_order":210,"comment_status":"closed","ping_status":"closed","template":"","meta":[],"acf":[],"_links":{"self":[{"href":"https:\/\/hansu.av.tr\/de\/wp-json\/wp\/v2\/pages\/3525"}],"collection":[{"href":"https:\/\/hansu.av.tr\/de\/wp-json\/wp\/v2\/pages"}],"about":[{"href":"https:\/\/hansu.av.tr\/de\/wp-json\/wp\/v2\/types\/page"}],"author":[{"embeddable":true,"href":"https:\/\/hansu.av.tr\/de\/wp-json\/wp\/v2\/users\/1"}],"replies":[{"embeddable":true,"href":"https:\/\/hansu.av.tr\/de\/wp-json\/wp\/v2\/comments?post=3525"}],"version-history":[{"count":1,"href":"https:\/\/hansu.av.tr\/de\/wp-json\/wp\/v2\/pages\/3525\/revisions"}],"predecessor-version":[{"id":7970,"href":"https:\/\/hansu.av.tr\/de\/wp-json\/wp\/v2\/pages\/3525\/revisions\/7970"}],"up":[{"embeddable":true,"href":"https:\/\/hansu.av.tr\/de\/wp-json\/wp\/v2\/pages\/5470"}],"wp:featuredmedia":[{"embeddable":true,"href":"https:\/\/hansu.av.tr\/de\/wp-json\/wp\/v2\/media\/4815"}],"wp:attachment":[{"href":"https:\/\/hansu.av.tr\/de\/wp-json\/wp\/v2\/media?parent=3525"}],"curies":[{"name":"wp","href":"https:\/\/api.w.org\/{rel}","templated":true}]}}