{"id":3531,"date":"2020-07-09T11:24:38","date_gmt":"2020-07-09T08:24:38","guid":{"rendered":"https:\/\/hansu.av.tr\/?page_id=3531"},"modified":"2021-09-07T13:52:34","modified_gmt":"2021-09-07T10:52:34","slug":"versicherung-und-rueckversicherung","status":"publish","type":"page","link":"https:\/\/hansu.av.tr\/de\/sektoren\/versicherung-und-rueckversicherung\/","title":{"rendered":"Versicherung und R\u00fcckversicherung"},"content":{"rendered":"\t\t<div data-elementor-type=\"wp-page\" data-elementor-id=\"3531\" class=\"elementor elementor-3531 elementor-3530\">\n\t\t\t\t\t\t<div class=\"elementor-inner\">\n\t\t\t\t<div class=\"elementor-section-wrap\">\n\t\t\t\t\t\t\t\t\t<section class=\"elementor-section elementor-top-section elementor-element elementor-element-40b9c9c7 elementor-section-boxed elementor-section-height-default elementor-section-height-default\" data-id=\"40b9c9c7\" data-element_type=\"section\">\n\t\t\t\t\t\t<div class=\"elementor-container elementor-column-gap-default\">\n\t\t\t\t\t\t\t<div class=\"elementor-row\">\n\t\t\t\t\t<div class=\"elementor-column elementor-col-100 elementor-top-column elementor-element elementor-element-12b04631\" data-id=\"12b04631\" data-element_type=\"column\">\n\t\t\t<div class=\"elementor-column-wrap elementor-element-populated\">\n\t\t\t\t\t\t\t<div class=\"elementor-widget-wrap\">\n\t\t\t\t\t\t<div class=\"elementor-element elementor-element-1af35c62 elementor-widget elementor-widget-text-editor\" data-id=\"1af35c62\" data-element_type=\"widget\" data-widget_type=\"text-editor.default\">\n\t\t\t\t<div class=\"elementor-widget-container\">\n\t\t\t\t\t\t\t\t<div class=\"elementor-text-editor elementor-clearfix\">\n\t\t\t\t<ul><li>Versicherungsregressklagen<\/li><li>Regulatorische und operative Aspekte des Versicherungsrechts<\/li><li>Gr\u00fcndung von Versicherungsgesellschaften<\/li><li>Erwerb von Aktien<\/li><li>Konstruktions-, Ingenieur- und Mechanikm\u00e4ngel, Personensch\u00e4den und Haftpflichtversicherungen f\u00fcr Dritte<\/li><li>Richtlinien zur Regelung der Haftung von Unternehmensleitern, Arbeitgebern und Direktoren<\/li><li>Datenschutz<\/li><li>Bewertung und Berichtigung von Anspr\u00fcchen aus dem Versicherungsrecht<\/li><\/ul>\t\t\t\t\t<\/div>\n\t\t\t\t\t\t<\/div>\n\t\t\t\t<\/div>\n\t\t\t\t\t\t<\/div>\n\t\t\t\t\t<\/div>\n\t\t<\/div>\n\t\t\t\t\t\t\t\t<\/div>\n\t\t\t\t\t<\/div>\n\t\t<\/section>\n\t\t\t\t\t\t\t\t\t<\/div>\n\t\t\t<\/div>\n\t\t\t\t\t<\/div>\n\t\t","protected":false},"excerpt":{"rendered":"<p>Versicherungsregressklagen Regulatorische und operative Aspekte des Versicherungsrechts Gr\u00fcndung von Versicherungsgesellschaften Erwerb von Aktien Konstruktions-, Ingenieur- und Mechanikm\u00e4ngel, Personensch\u00e4den und Haftpflichtversicherungen f\u00fcr Dritte Richtlinien zur Regelung der Haftung von Unternehmensleitern, Arbeitgebern und Direktoren Datenschutz Bewertung und Berichtigung von Anspr\u00fcchen aus dem Versicherungsrecht<\/p>\n","protected":false},"author":1,"featured_media":4820,"parent":5470,"menu_order":471,"comment_status":"closed","ping_status":"closed","template":"","meta":[],"acf":[],"_links":{"self":[{"href":"https:\/\/hansu.av.tr\/de\/wp-json\/wp\/v2\/pages\/3531"}],"collection":[{"href":"https:\/\/hansu.av.tr\/de\/wp-json\/wp\/v2\/pages"}],"about":[{"href":"https:\/\/hansu.av.tr\/de\/wp-json\/wp\/v2\/types\/page"}],"author":[{"embeddable":true,"href":"https:\/\/hansu.av.tr\/de\/wp-json\/wp\/v2\/users\/1"}],"replies":[{"embeddable":true,"href":"https:\/\/hansu.av.tr\/de\/wp-json\/wp\/v2\/comments?post=3531"}],"version-history":[{"count":2,"href":"https:\/\/hansu.av.tr\/de\/wp-json\/wp\/v2\/pages\/3531\/revisions"}],"predecessor-version":[{"id":7972,"href":"https:\/\/hansu.av.tr\/de\/wp-json\/wp\/v2\/pages\/3531\/revisions\/7972"}],"up":[{"embeddable":true,"href":"https:\/\/hansu.av.tr\/de\/wp-json\/wp\/v2\/pages\/5470"}],"wp:featuredmedia":[{"embeddable":true,"href":"https:\/\/hansu.av.tr\/de\/wp-json\/wp\/v2\/media\/4820"}],"wp:attachment":[{"href":"https:\/\/hansu.av.tr\/de\/wp-json\/wp\/v2\/media?parent=3531"}],"curies":[{"name":"wp","href":"https:\/\/api.w.org\/{rel}","templated":true}]}}