{"id":3537,"date":"2020-07-09T11:32:57","date_gmt":"2020-07-09T08:32:57","guid":{"rendered":"https:\/\/hansu.av.tr\/?page_id=3537"},"modified":"2020-07-09T11:33:17","modified_gmt":"2020-07-09T08:33:17","slug":"gesundheitswesen-life-science-arzneimittel","status":"publish","type":"page","link":"https:\/\/hansu.av.tr\/de\/sektoren\/gesundheitswesen-life-science-arzneimittel\/","title":{"rendered":"Gesundheitswesen, Life Science, Arzneimittel"},"content":{"rendered":"\t\t<div data-elementor-type=\"wp-page\" data-elementor-id=\"3537\" class=\"elementor elementor-3537 elementor-3536\">\n\t\t\t\t\t\t<div class=\"elementor-inner\">\n\t\t\t\t<div class=\"elementor-section-wrap\">\n\t\t\t\t\t\t\t\t\t<section class=\"elementor-section elementor-top-section elementor-element elementor-element-40b9c9c7 elementor-section-boxed elementor-section-height-default elementor-section-height-default\" data-id=\"40b9c9c7\" data-element_type=\"section\">\n\t\t\t\t\t\t<div class=\"elementor-container elementor-column-gap-default\">\n\t\t\t\t\t\t\t<div class=\"elementor-row\">\n\t\t\t\t\t<div class=\"elementor-column elementor-col-100 elementor-top-column elementor-element elementor-element-12b04631\" data-id=\"12b04631\" data-element_type=\"column\">\n\t\t\t<div class=\"elementor-column-wrap elementor-element-populated\">\n\t\t\t\t\t\t\t<div class=\"elementor-widget-wrap\">\n\t\t\t\t\t\t<div class=\"elementor-element elementor-element-1af35c62 elementor-widget elementor-widget-text-editor\" data-id=\"1af35c62\" data-element_type=\"widget\" data-widget_type=\"text-editor.default\">\n\t\t\t\t<div class=\"elementor-widget-container\">\n\t\t\t\t\t\t\t\t<div class=\"elementor-text-editor elementor-clearfix\">\n\t\t\t\t<ul><li>Rechtsberatung bei der Entwicklung von Projekten und Investitionen im Gesundheitswesen<\/li><li>Einrichtung langfristiger Joint-Venture-, Bau-, Miet- und Nie\u00dfbrauchsrechtsvereinbarungen sowohl f\u00fcr Krankenh\u00e4user als auch f\u00fcr andere Gesundheitseinrichtungen<\/li><li>Rechtsberatung zu Bau-, Genehmigungs- und Lizenzverfahren f\u00fcr Krankenh\u00e4user und andere Gesundheitseinrichtungen<\/li><li>Rechtsberatung zu Patentverfahren f\u00fcr medizinische Ger\u00e4te<\/li><li>Vermarktungsgenehmigungen<\/li><li>Durchf\u00fchrung von Genehmigungsverfahren f\u00fcr Arzneimittel und medizinisches Material<\/li><li>Vereinbarungen \u00fcber Lohnherstellung<\/li><li>Wettbewerbsrecht<\/li><li>Datenschutz, Know-how-Schutz, rechtliche Unterst\u00fctzung in der klinischen und beobachtenden Forschung<\/li><li>Aktientransfer und kommerzielle Transaktionen<\/li><li>Verg\u00fctung und Entlohnung<\/li><li>\u00d6ffentliche Auftragsvergabe<\/li><li>Produktsicherheit<\/li><li>Bestimmung der Strategie f\u00fcr geistiges Eigentum<\/li><\/ul>\t\t\t\t\t<\/div>\n\t\t\t\t\t\t<\/div>\n\t\t\t\t<\/div>\n\t\t\t\t\t\t<\/div>\n\t\t\t\t\t<\/div>\n\t\t<\/div>\n\t\t\t\t\t\t\t\t<\/div>\n\t\t\t\t\t<\/div>\n\t\t<\/section>\n\t\t\t\t\t\t\t\t\t<\/div>\n\t\t\t<\/div>\n\t\t\t\t\t<\/div>\n\t\t","protected":false},"excerpt":{"rendered":"<p>Rechtsberatung bei der Entwicklung von Projekten und Investitionen im Gesundheitswesen Einrichtung langfristiger Joint-Venture-, Bau-, Miet- und Nie\u00dfbrauchsrechtsvereinbarungen sowohl f\u00fcr Krankenh\u00e4user als auch f\u00fcr andere Gesundheitseinrichtungen Rechtsberatung zu Bau-, Genehmigungs- und Lizenzverfahren f\u00fcr Krankenh\u00e4user und andere Gesundheitseinrichtungen Rechtsberatung zu Patentverfahren f\u00fcr medizinische Ger\u00e4te Vermarktungsgenehmigungen Durchf\u00fchrung von Genehmigungsverfahren f\u00fcr Arzneimittel und medizinisches Material Vereinbarungen \u00fcber Lohnherstellung Wettbewerbsrecht&#8230;<\/p>\n","protected":false},"author":1,"featured_media":4823,"parent":5470,"menu_order":278,"comment_status":"closed","ping_status":"closed","template":"","meta":[],"acf":[],"_links":{"self":[{"href":"https:\/\/hansu.av.tr\/de\/wp-json\/wp\/v2\/pages\/3537"}],"collection":[{"href":"https:\/\/hansu.av.tr\/de\/wp-json\/wp\/v2\/pages"}],"about":[{"href":"https:\/\/hansu.av.tr\/de\/wp-json\/wp\/v2\/types\/page"}],"author":[{"embeddable":true,"href":"https:\/\/hansu.av.tr\/de\/wp-json\/wp\/v2\/users\/1"}],"replies":[{"embeddable":true,"href":"https:\/\/hansu.av.tr\/de\/wp-json\/wp\/v2\/comments?post=3537"}],"version-history":[{"count":0,"href":"https:\/\/hansu.av.tr\/de\/wp-json\/wp\/v2\/pages\/3537\/revisions"}],"up":[{"embeddable":true,"href":"https:\/\/hansu.av.tr\/de\/wp-json\/wp\/v2\/pages\/5470"}],"wp:featuredmedia":[{"embeddable":true,"href":"https:\/\/hansu.av.tr\/de\/wp-json\/wp\/v2\/media\/4823"}],"wp:attachment":[{"href":"https:\/\/hansu.av.tr\/de\/wp-json\/wp\/v2\/media?parent=3537"}],"curies":[{"name":"wp","href":"https:\/\/api.w.org\/{rel}","templated":true}]}}