{"id":3543,"date":"2020-07-09T11:45:30","date_gmt":"2020-07-09T08:45:30","guid":{"rendered":"https:\/\/hansu.av.tr\/?page_id=3543"},"modified":"2021-09-07T13:53:31","modified_gmt":"2021-09-07T10:53:31","slug":"technologie-medien-und-it","status":"publish","type":"page","link":"https:\/\/hansu.av.tr\/de\/sektoren\/technologie-medien-und-it\/","title":{"rendered":"Technologie, Medien und IT"},"content":{"rendered":"\t\t<div data-elementor-type=\"wp-page\" data-elementor-id=\"3543\" class=\"elementor elementor-3543 elementor-3542\">\n\t\t\t\t\t\t<div class=\"elementor-inner\">\n\t\t\t\t<div class=\"elementor-section-wrap\">\n\t\t\t\t\t\t\t\t\t<section class=\"elementor-section elementor-top-section elementor-element elementor-element-40b9c9c7 elementor-section-boxed elementor-section-height-default elementor-section-height-default\" data-id=\"40b9c9c7\" data-element_type=\"section\">\n\t\t\t\t\t\t<div class=\"elementor-container elementor-column-gap-default\">\n\t\t\t\t\t\t\t<div class=\"elementor-row\">\n\t\t\t\t\t<div class=\"elementor-column elementor-col-100 elementor-top-column elementor-element elementor-element-12b04631\" data-id=\"12b04631\" data-element_type=\"column\">\n\t\t\t<div class=\"elementor-column-wrap elementor-element-populated\">\n\t\t\t\t\t\t\t<div class=\"elementor-widget-wrap\">\n\t\t\t\t\t\t<div class=\"elementor-element elementor-element-1af35c62 elementor-widget elementor-widget-text-editor\" data-id=\"1af35c62\" data-element_type=\"widget\" data-widget_type=\"text-editor.default\">\n\t\t\t\t<div class=\"elementor-widget-container\">\n\t\t\t\t\t\t\t\t<div class=\"elementor-text-editor elementor-clearfix\">\n\t\t\t\t<ul><li>Vertretung vor Verwaltungsbeh\u00f6rden wie Beh\u00f6rde f\u00fcr Informations- und Kommunikationstechnologien, dem Obersten Rat f\u00fcr Radio und Fernsehen, der t\u00fcrkischen Radio- und Fernsehgesellschaft, der Werbebeh\u00f6rde und der Generaldirektion der Nationallotterie<\/li><li>Rechtliche Unterst\u00fctzung bei der Einhaltung von Technologie-, Medien- und Telekommunikationsvorschriften<\/li><li>Schutz der Pers\u00f6nlichkeitsrechte in gedruckter und visueller Ausstrahlung<\/li><li>Rechtliche Unterst\u00fctzung bei der Einhaltung von datenschutzrechtlichen Vorschriften<\/li><li>Durchf\u00fchrung und Sicherstellung der Kontinuit\u00e4t von Telekommunikationsprojekten<\/li><li>Rechtliche Unterst\u00fctzung bei der Einrichtung der Infrastruktur f\u00fcr elektronische Telekommunikationsdienste<\/li><li>Daten\u00fcbertragungen<\/li><li>Erstellung von Datenschutzrichtlinien, Nutzungsbedingungen und Cookie-Richtlinien.<\/li><\/ul>\t\t\t\t\t<\/div>\n\t\t\t\t\t\t<\/div>\n\t\t\t\t<\/div>\n\t\t\t\t\t\t<\/div>\n\t\t\t\t\t<\/div>\n\t\t<\/div>\n\t\t\t\t\t\t\t\t<\/div>\n\t\t\t\t\t<\/div>\n\t\t<\/section>\n\t\t\t\t\t\t\t\t\t<\/div>\n\t\t\t<\/div>\n\t\t\t\t\t<\/div>\n\t\t","protected":false},"excerpt":{"rendered":"<p>Vertretung vor Verwaltungsbeh\u00f6rden wie Beh\u00f6rde f\u00fcr Informations- und Kommunikationstechnologien, dem Obersten Rat f\u00fcr Radio und Fernsehen, der t\u00fcrkischen Radio- und Fernsehgesellschaft, der Werbebeh\u00f6rde und der Generaldirektion der Nationallotterie Rechtliche Unterst\u00fctzung bei der Einhaltung von Technologie-, Medien- und Telekommunikationsvorschriften Schutz der Pers\u00f6nlichkeitsrechte in gedruckter und visueller Ausstrahlung Rechtliche Unterst\u00fctzung bei der Einhaltung von datenschutzrechtlichen Vorschriften Durchf\u00fchrung&#8230;<\/p>\n","protected":false},"author":1,"featured_media":4827,"parent":5470,"menu_order":477,"comment_status":"closed","ping_status":"closed","template":"","meta":[],"acf":[],"_links":{"self":[{"href":"https:\/\/hansu.av.tr\/de\/wp-json\/wp\/v2\/pages\/3543"}],"collection":[{"href":"https:\/\/hansu.av.tr\/de\/wp-json\/wp\/v2\/pages"}],"about":[{"href":"https:\/\/hansu.av.tr\/de\/wp-json\/wp\/v2\/types\/page"}],"author":[{"embeddable":true,"href":"https:\/\/hansu.av.tr\/de\/wp-json\/wp\/v2\/users\/1"}],"replies":[{"embeddable":true,"href":"https:\/\/hansu.av.tr\/de\/wp-json\/wp\/v2\/comments?post=3543"}],"version-history":[{"count":1,"href":"https:\/\/hansu.av.tr\/de\/wp-json\/wp\/v2\/pages\/3543\/revisions"}],"predecessor-version":[{"id":7973,"href":"https:\/\/hansu.av.tr\/de\/wp-json\/wp\/v2\/pages\/3543\/revisions\/7973"}],"up":[{"embeddable":true,"href":"https:\/\/hansu.av.tr\/de\/wp-json\/wp\/v2\/pages\/5470"}],"wp:featuredmedia":[{"embeddable":true,"href":"https:\/\/hansu.av.tr\/de\/wp-json\/wp\/v2\/media\/4827"}],"wp:attachment":[{"href":"https:\/\/hansu.av.tr\/de\/wp-json\/wp\/v2\/media?parent=3543"}],"curies":[{"name":"wp","href":"https:\/\/api.w.org\/{rel}","templated":true}]}}