{"id":3549,"date":"2020-07-09T11:55:50","date_gmt":"2020-07-09T08:55:50","guid":{"rendered":"https:\/\/hansu.av.tr\/?page_id=3549"},"modified":"2021-09-07T13:54:53","modified_gmt":"2021-09-07T10:54:53","slug":"automobilindustrie","status":"publish","type":"page","link":"https:\/\/hansu.av.tr\/de\/sektoren\/automobilindustrie\/","title":{"rendered":"Automobilindustrie"},"content":{"rendered":"\t\t<div data-elementor-type=\"wp-page\" data-elementor-id=\"3549\" class=\"elementor elementor-3549 elementor-3548\">\n\t\t\t\t\t\t<div class=\"elementor-inner\">\n\t\t\t\t<div class=\"elementor-section-wrap\">\n\t\t\t\t\t\t\t\t\t<section class=\"elementor-section elementor-top-section elementor-element elementor-element-40b9c9c7 elementor-section-boxed elementor-section-height-default elementor-section-height-default\" data-id=\"40b9c9c7\" data-element_type=\"section\">\n\t\t\t\t\t\t<div class=\"elementor-container elementor-column-gap-default\">\n\t\t\t\t\t\t\t<div class=\"elementor-row\">\n\t\t\t\t\t<div class=\"elementor-column elementor-col-100 elementor-top-column elementor-element elementor-element-12b04631\" data-id=\"12b04631\" data-element_type=\"column\">\n\t\t\t<div class=\"elementor-column-wrap elementor-element-populated\">\n\t\t\t\t\t\t\t<div class=\"elementor-widget-wrap\">\n\t\t\t\t\t\t<div class=\"elementor-element elementor-element-1af35c62 elementor-widget elementor-widget-text-editor\" data-id=\"1af35c62\" data-element_type=\"widget\" data-widget_type=\"text-editor.default\">\n\t\t\t\t<div class=\"elementor-widget-container\">\n\t\t\t\t\t\t\t\t<div class=\"elementor-text-editor elementor-clearfix\">\n\t\t\t\t<ul><li>Erstellung von Liefervertr\u00e4gen, Vertriebsvertr\u00e4gen, Logistik-, Software- und Technologievertr\u00e4gen<\/li><li>Produktsicherheit, Haftung des Herstellers, Durchf\u00fchrung von R\u00fcckrufaktionen und Compliance<\/li><li>Bestimmung von Strategien zum Schutz des geistigen und gewerblichen Eigentums<\/li><li>Vorbereitung von Investitionsvereinbarungen und Festlegung von entsprechenden Strategien<\/li><li>Zusammenschl\u00fcsse und Akquisitionen (Mergers and Acquisitions)<\/li><li>Wettbewerbsrecht<\/li><li>Einhaltung der Umweltgesetzgebung<\/li><li>Import- und Exportkontrollen und Durchf\u00fchrung von entsprechenden Verfahren<\/li><li>Datenschutz und Compliance<\/li><\/ul>\t\t\t\t\t<\/div>\n\t\t\t\t\t\t<\/div>\n\t\t\t\t<\/div>\n\t\t\t\t\t\t<\/div>\n\t\t\t\t\t<\/div>\n\t\t<\/div>\n\t\t\t\t\t\t\t\t<\/div>\n\t\t\t\t\t<\/div>\n\t\t<\/section>\n\t\t\t\t\t\t\t\t\t<\/div>\n\t\t\t<\/div>\n\t\t\t\t\t<\/div>\n\t\t","protected":false},"excerpt":{"rendered":"<p>Erstellung von Liefervertr\u00e4gen, Vertriebsvertr\u00e4gen, Logistik-, Software- und Technologievertr\u00e4gen Produktsicherheit, Haftung des Herstellers, Durchf\u00fchrung von R\u00fcckrufaktionen und Compliance Bestimmung von Strategien zum Schutz des geistigen und gewerblichen Eigentums Vorbereitung von Investitionsvereinbarungen und Festlegung von entsprechenden Strategien Zusammenschl\u00fcsse und Akquisitionen (Mergers and Acquisitions) Wettbewerbsrecht Einhaltung der Umweltgesetzgebung Import- und Exportkontrollen und Durchf\u00fchrung von entsprechenden Verfahren Datenschutz und&#8230;<\/p>\n","protected":false},"author":1,"featured_media":4831,"parent":5470,"menu_order":487,"comment_status":"closed","ping_status":"closed","template":"","meta":[],"acf":[],"_links":{"self":[{"href":"https:\/\/hansu.av.tr\/de\/wp-json\/wp\/v2\/pages\/3549"}],"collection":[{"href":"https:\/\/hansu.av.tr\/de\/wp-json\/wp\/v2\/pages"}],"about":[{"href":"https:\/\/hansu.av.tr\/de\/wp-json\/wp\/v2\/types\/page"}],"author":[{"embeddable":true,"href":"https:\/\/hansu.av.tr\/de\/wp-json\/wp\/v2\/users\/1"}],"replies":[{"embeddable":true,"href":"https:\/\/hansu.av.tr\/de\/wp-json\/wp\/v2\/comments?post=3549"}],"version-history":[{"count":1,"href":"https:\/\/hansu.av.tr\/de\/wp-json\/wp\/v2\/pages\/3549\/revisions"}],"predecessor-version":[{"id":7974,"href":"https:\/\/hansu.av.tr\/de\/wp-json\/wp\/v2\/pages\/3549\/revisions\/7974"}],"up":[{"embeddable":true,"href":"https:\/\/hansu.av.tr\/de\/wp-json\/wp\/v2\/pages\/5470"}],"wp:featuredmedia":[{"embeddable":true,"href":"https:\/\/hansu.av.tr\/de\/wp-json\/wp\/v2\/media\/4831"}],"wp:attachment":[{"href":"https:\/\/hansu.av.tr\/de\/wp-json\/wp\/v2\/media?parent=3549"}],"curies":[{"name":"wp","href":"https:\/\/api.w.org\/{rel}","templated":true}]}}