{"id":3556,"date":"2020-07-09T12:01:03","date_gmt":"2020-07-09T09:01:03","guid":{"rendered":"https:\/\/hansu.av.tr\/?page_id=3556"},"modified":"2021-09-07T13:55:37","modified_gmt":"2021-09-07T10:55:37","slug":"transport-und-logistik","status":"publish","type":"page","link":"https:\/\/hansu.av.tr\/de\/sektoren\/transport-und-logistik\/","title":{"rendered":"Transport und Logistik"},"content":{"rendered":"\t\t<div data-elementor-type=\"wp-page\" data-elementor-id=\"3556\" class=\"elementor elementor-3556 elementor-3555\">\n\t\t\t\t\t\t<div class=\"elementor-inner\">\n\t\t\t\t<div class=\"elementor-section-wrap\">\n\t\t\t\t\t\t\t\t\t<section class=\"elementor-section elementor-top-section elementor-element elementor-element-40b9c9c7 elementor-section-boxed elementor-section-height-default elementor-section-height-default\" data-id=\"40b9c9c7\" data-element_type=\"section\">\n\t\t\t\t\t\t<div class=\"elementor-container elementor-column-gap-default\">\n\t\t\t\t\t\t\t<div class=\"elementor-row\">\n\t\t\t\t\t<div class=\"elementor-column elementor-col-100 elementor-top-column elementor-element elementor-element-12b04631\" data-id=\"12b04631\" data-element_type=\"column\">\n\t\t\t<div class=\"elementor-column-wrap elementor-element-populated\">\n\t\t\t\t\t\t\t<div class=\"elementor-widget-wrap\">\n\t\t\t\t\t\t<div class=\"elementor-element elementor-element-1af35c62 elementor-widget elementor-widget-text-editor\" data-id=\"1af35c62\" data-element_type=\"widget\" data-widget_type=\"text-editor.default\">\n\t\t\t\t<div class=\"elementor-widget-container\">\n\t\t\t\t\t\t\t\t<div class=\"elementor-text-editor elementor-clearfix\">\n\t\t\t\t<ul><li>Schadensersatzanspr\u00fcche aufgrund Verlust, Besch\u00e4digung oder versp\u00e4tete Lieferung von Frachtg\u00fctern<\/li><li>Regressklagen zwischen Spediteuren oder zwischen Spediteuren und Transportunternehmen<\/li><li>Regressklagen von Versicherungsgesellschaften<\/li><li>Durchsetzung von Frachtanspr\u00fcchen<\/li><li>Vertretung in Schiedsgerichtsverfahren<\/li><li>Durchsetzung und Vollstreckung von frachtrechtlichen Anspr\u00fcchen<\/li><li>Rechtsberatung zum nationalen und internationalen Transportrecht (insbesondere CMR, Montrealer und Warschauer Abkommen, Haager Regeln und Haag\/Visby-Regeln)<\/li><li>Pr\u00fcfung und Gestaltung von Transport- und Logistikvertr\u00e4gen und Allgemeinen Gesch\u00e4ftsbedingungen<\/li><li>Rechtsberatung zur Unternehmensgr\u00fcndung, zu Akquisitionen und Zusammenschl\u00fcssen<\/li><li>Rechtsberatung im Bereich des Immobilienrechts f\u00fcr den Erwerb, Verkauf und die Vermietung von Immobilien sowie die Einholung der erforderlichen Genehmigungen bei Transport-, Lager- und Logistikprojekten.<\/li><li>Schutz geistiger und gewerblicher Rechte, insbesondere der Marken von Transport- und Logistikunternehmen<\/li><li>Rechtsberatung f\u00fcr Transport- und Logistikunternehmen bei der Pr\u00fcfung und Gestaltung von Arbeitsvertr\u00e4gen mit ihren Arbeitnehmern sowie Rechtsberatung in allen Fragen des Handelsrechts<\/li><li>Rechtsberatung zur Verarbeitung und zum Schutz der personenbezogenen Daten, die w\u00e4hrend der Aktivit\u00e4ten der Transport- und Logistikunternehmen gewonnen werden<\/li><\/ul>\t\t\t\t\t<\/div>\n\t\t\t\t\t\t<\/div>\n\t\t\t\t<\/div>\n\t\t\t\t\t\t<\/div>\n\t\t\t\t\t<\/div>\n\t\t<\/div>\n\t\t\t\t\t\t\t\t<\/div>\n\t\t\t\t\t<\/div>\n\t\t<\/section>\n\t\t\t\t\t\t\t\t\t<\/div>\n\t\t\t<\/div>\n\t\t\t\t\t<\/div>\n\t\t","protected":false},"excerpt":{"rendered":"<p>Schadensersatzanspr\u00fcche aufgrund Verlust, Besch\u00e4digung oder versp\u00e4tete Lieferung von Frachtg\u00fctern Regressklagen zwischen Spediteuren oder zwischen Spediteuren und Transportunternehmen Regressklagen von Versicherungsgesellschaften Durchsetzung von Frachtanspr\u00fcchen Vertretung in Schiedsgerichtsverfahren Durchsetzung und Vollstreckung von frachtrechtlichen Anspr\u00fcchen Rechtsberatung zum nationalen und internationalen Transportrecht (insbesondere CMR, Montrealer und Warschauer Abkommen, Haager Regeln und Haag\/Visby-Regeln) Pr\u00fcfung und Gestaltung von Transport- und Logistikvertr\u00e4gen&#8230;<\/p>\n","protected":false},"author":1,"featured_media":4835,"parent":5470,"menu_order":263,"comment_status":"closed","ping_status":"closed","template":"","meta":[],"acf":[],"_links":{"self":[{"href":"https:\/\/hansu.av.tr\/de\/wp-json\/wp\/v2\/pages\/3556"}],"collection":[{"href":"https:\/\/hansu.av.tr\/de\/wp-json\/wp\/v2\/pages"}],"about":[{"href":"https:\/\/hansu.av.tr\/de\/wp-json\/wp\/v2\/types\/page"}],"author":[{"embeddable":true,"href":"https:\/\/hansu.av.tr\/de\/wp-json\/wp\/v2\/users\/1"}],"replies":[{"embeddable":true,"href":"https:\/\/hansu.av.tr\/de\/wp-json\/wp\/v2\/comments?post=3556"}],"version-history":[{"count":2,"href":"https:\/\/hansu.av.tr\/de\/wp-json\/wp\/v2\/pages\/3556\/revisions"}],"predecessor-version":[{"id":7976,"href":"https:\/\/hansu.av.tr\/de\/wp-json\/wp\/v2\/pages\/3556\/revisions\/7976"}],"up":[{"embeddable":true,"href":"https:\/\/hansu.av.tr\/de\/wp-json\/wp\/v2\/pages\/5470"}],"wp:featuredmedia":[{"embeddable":true,"href":"https:\/\/hansu.av.tr\/de\/wp-json\/wp\/v2\/media\/4835"}],"wp:attachment":[{"href":"https:\/\/hansu.av.tr\/de\/wp-json\/wp\/v2\/media?parent=3556"}],"curies":[{"name":"wp","href":"https:\/\/api.w.org\/{rel}","templated":true}]}}