{"id":3562,"date":"2020-07-09T13:05:10","date_gmt":"2020-07-09T10:05:10","guid":{"rendered":"https:\/\/hansu.av.tr\/?page_id=3562"},"modified":"2021-09-07T13:56:16","modified_gmt":"2021-09-07T10:56:16","slug":"tourismus","status":"publish","type":"page","link":"https:\/\/hansu.av.tr\/de\/sektoren\/tourismus\/","title":{"rendered":"Tourismus"},"content":{"rendered":"\t\t<div data-elementor-type=\"wp-page\" data-elementor-id=\"3562\" class=\"elementor elementor-3562 elementor-3561\">\n\t\t\t\t\t\t<div class=\"elementor-inner\">\n\t\t\t\t<div class=\"elementor-section-wrap\">\n\t\t\t\t\t\t\t\t\t<section class=\"elementor-section elementor-top-section elementor-element elementor-element-40b9c9c7 elementor-section-boxed elementor-section-height-default elementor-section-height-default\" data-id=\"40b9c9c7\" data-element_type=\"section\">\n\t\t\t\t\t\t<div class=\"elementor-container elementor-column-gap-default\">\n\t\t\t\t\t\t\t<div class=\"elementor-row\">\n\t\t\t\t\t<div class=\"elementor-column elementor-col-100 elementor-top-column elementor-element elementor-element-12b04631\" data-id=\"12b04631\" data-element_type=\"column\">\n\t\t\t<div class=\"elementor-column-wrap elementor-element-populated\">\n\t\t\t\t\t\t\t<div class=\"elementor-widget-wrap\">\n\t\t\t\t\t\t<div class=\"elementor-element elementor-element-1af35c62 elementor-widget elementor-widget-text-editor\" data-id=\"1af35c62\" data-element_type=\"widget\" data-widget_type=\"text-editor.default\">\n\t\t\t\t<div class=\"elementor-widget-container\">\n\t\t\t\t\t\t\t\t<div class=\"elementor-text-editor elementor-clearfix\">\n\t\t\t\t<ul><li>Rechtsberatung f\u00fcr einheimische und ausl\u00e4ndische Touristen und Unternehmen aus der Tourismusindustrie im Bereich des privaten und \u00f6ffentlichen Tourismusrechts<\/li><li>Vertretung von Reiseb\u00fcros w\u00e4hrend der Gr\u00fcndungsphase und des Ablaufs des Gerichtsverfahrens,<\/li><li>Vertretung in Angelegenheiten vor Tourismusministerium<\/li><li>Vertretung von Reiseveranstaltern im In- und Ausland bei Schadensf\u00e4llen in der T\u00fcrkei<\/li><li>Gr\u00fcndung von Unternehmen und Unterst\u00fctzung bei entsprechenden Verfahren,<\/li><li>Erstellung und Verhandlung von Liegeplatzvertr\u00e4gen in Bezug auf Marinas und H\u00e4fen,<\/li><li>Unterst\u00fctzung bei Transaktionen von Marinas und Unternehmensf\u00fchrung,<\/li><li>Miet- und Betriebsvertr\u00e4ge f\u00fcr Hotels,<\/li><li>Erstellung von Vertr\u00e4gen \u00fcber Konzert- und Konferenzorganisationen und Werbevertr\u00e4ge<\/li><li>Kaufvertr\u00e4ge<\/li><li>Lizenzvereinbarungen<\/li><\/ul>\t\t\t\t\t<\/div>\n\t\t\t\t\t\t<\/div>\n\t\t\t\t<\/div>\n\t\t\t\t\t\t<\/div>\n\t\t\t\t\t<\/div>\n\t\t<\/div>\n\t\t\t\t\t\t\t\t<\/div>\n\t\t\t\t\t<\/div>\n\t\t<\/section>\n\t\t\t\t\t\t\t\t\t<\/div>\n\t\t\t<\/div>\n\t\t\t\t\t<\/div>\n\t\t","protected":false},"excerpt":{"rendered":"<p>Rechtsberatung f\u00fcr einheimische und ausl\u00e4ndische Touristen und Unternehmen aus der Tourismusindustrie im Bereich des privaten und \u00f6ffentlichen Tourismusrechts Vertretung von Reiseb\u00fcros w\u00e4hrend der Gr\u00fcndungsphase und des Ablaufs des Gerichtsverfahrens, Vertretung in Angelegenheiten vor Tourismusministerium Vertretung von Reiseveranstaltern im In- und Ausland bei Schadensf\u00e4llen in der T\u00fcrkei Gr\u00fcndung von Unternehmen und Unterst\u00fctzung bei entsprechenden Verfahren, Erstellung&#8230;<\/p>\n","protected":false},"author":1,"featured_media":4839,"parent":5470,"menu_order":266,"comment_status":"closed","ping_status":"closed","template":"","meta":[],"acf":[],"_links":{"self":[{"href":"https:\/\/hansu.av.tr\/de\/wp-json\/wp\/v2\/pages\/3562"}],"collection":[{"href":"https:\/\/hansu.av.tr\/de\/wp-json\/wp\/v2\/pages"}],"about":[{"href":"https:\/\/hansu.av.tr\/de\/wp-json\/wp\/v2\/types\/page"}],"author":[{"embeddable":true,"href":"https:\/\/hansu.av.tr\/de\/wp-json\/wp\/v2\/users\/1"}],"replies":[{"embeddable":true,"href":"https:\/\/hansu.av.tr\/de\/wp-json\/wp\/v2\/comments?post=3562"}],"version-history":[{"count":1,"href":"https:\/\/hansu.av.tr\/de\/wp-json\/wp\/v2\/pages\/3562\/revisions"}],"predecessor-version":[{"id":7978,"href":"https:\/\/hansu.av.tr\/de\/wp-json\/wp\/v2\/pages\/3562\/revisions\/7978"}],"up":[{"embeddable":true,"href":"https:\/\/hansu.av.tr\/de\/wp-json\/wp\/v2\/pages\/5470"}],"wp:featuredmedia":[{"embeddable":true,"href":"https:\/\/hansu.av.tr\/de\/wp-json\/wp\/v2\/media\/4839"}],"wp:attachment":[{"href":"https:\/\/hansu.av.tr\/de\/wp-json\/wp\/v2\/media?parent=3562"}],"curies":[{"name":"wp","href":"https:\/\/api.w.org\/{rel}","templated":true}]}}