{"id":3568,"date":"2020-07-09T14:21:22","date_gmt":"2020-07-09T11:21:22","guid":{"rendered":"https:\/\/hansu.av.tr\/?page_id=3568"},"modified":"2021-09-07T13:59:27","modified_gmt":"2021-09-07T10:59:27","slug":"verbraucher-und-einzelhandel","status":"publish","type":"page","link":"https:\/\/hansu.av.tr\/de\/sektoren\/verbraucher-und-einzelhandel\/","title":{"rendered":"Verbraucher und Einzelhandel"},"content":{"rendered":"\t\t<div data-elementor-type=\"wp-page\" data-elementor-id=\"3568\" class=\"elementor elementor-3568 elementor-3567\">\n\t\t\t\t\t\t<div class=\"elementor-inner\">\n\t\t\t\t<div class=\"elementor-section-wrap\">\n\t\t\t\t\t\t\t\t\t<section class=\"elementor-section elementor-top-section elementor-element elementor-element-40b9c9c7 elementor-section-boxed elementor-section-height-default elementor-section-height-default\" data-id=\"40b9c9c7\" data-element_type=\"section\">\n\t\t\t\t\t\t<div class=\"elementor-container elementor-column-gap-default\">\n\t\t\t\t\t\t\t<div class=\"elementor-row\">\n\t\t\t\t\t<div class=\"elementor-column elementor-col-100 elementor-top-column elementor-element elementor-element-12b04631\" data-id=\"12b04631\" data-element_type=\"column\">\n\t\t\t<div class=\"elementor-column-wrap elementor-element-populated\">\n\t\t\t\t\t\t\t<div class=\"elementor-widget-wrap\">\n\t\t\t\t\t\t<div class=\"elementor-element elementor-element-1af35c62 elementor-widget elementor-widget-text-editor\" data-id=\"1af35c62\" data-element_type=\"widget\" data-widget_type=\"text-editor.default\">\n\t\t\t\t<div class=\"elementor-widget-container\">\n\t\t\t\t\t\t\t\t<div class=\"elementor-text-editor elementor-clearfix\">\n\t\t\t\t<ul><li>Erstellung von entsprechenden Vertr\u00e4gen<\/li><li>Vertr\u00e4ge mit Lieferanten und H\u00e4ndlern<\/li><li>Erstellung von Einzelhandelsvertr\u00e4ge in \u00dcbereinstimmung mit der Gesetzgebung,<\/li><li>Rechtsberatung zu den neuen Anwendungen des Einzelhandelssektors<\/li><li>Exportvertr\u00e4ge<\/li><li>Vorbereitung von Garantieunterlagen, Etiketten und Verpflichtungen<\/li><li>Wartungs- und Unterst\u00fctzungsnetzwerke<\/li><li>Distributionsvertr\u00e4ge<\/li><li>Urheberrechts- und Markenrechtsverletzungen<\/li><li>Datenschutz<\/li><li>Wettbewerbsfragen<\/li><li>Strategische Partnerschaften, Zusammenschl\u00fcsse und Akquisitionen<\/li><li>Umstrukturierung<\/li><li>Unternehmensf\u00fchrung und Compliance<\/li><li>Streitbeilegung, Rechtsstreitigkeiten und Vollstreckungsverfahren<\/li><\/ul>\t\t\t\t\t<\/div>\n\t\t\t\t\t\t<\/div>\n\t\t\t\t<\/div>\n\t\t\t\t\t\t<\/div>\n\t\t\t\t\t<\/div>\n\t\t<\/div>\n\t\t\t\t\t\t\t\t<\/div>\n\t\t\t\t\t<\/div>\n\t\t<\/section>\n\t\t\t\t\t\t\t\t\t<\/div>\n\t\t\t<\/div>\n\t\t\t\t\t<\/div>\n\t\t","protected":false},"excerpt":{"rendered":"<p>Erstellung von entsprechenden Vertr\u00e4gen Vertr\u00e4ge mit Lieferanten und H\u00e4ndlern Erstellung von Einzelhandelsvertr\u00e4ge in \u00dcbereinstimmung mit der Gesetzgebung, Rechtsberatung zu den neuen Anwendungen des Einzelhandelssektors Exportvertr\u00e4ge Vorbereitung von Garantieunterlagen, Etiketten und Verpflichtungen Wartungs- und Unterst\u00fctzungsnetzwerke Distributionsvertr\u00e4ge Urheberrechts- und Markenrechtsverletzungen Datenschutz Wettbewerbsfragen Strategische Partnerschaften, Zusammenschl\u00fcsse und Akquisitionen Umstrukturierung Unternehmensf\u00fchrung und Compliance Streitbeilegung, Rechtsstreitigkeiten und Vollstreckungsverfahren<\/p>\n","protected":false},"author":1,"featured_media":4843,"parent":5470,"menu_order":271,"comment_status":"closed","ping_status":"closed","template":"","meta":[],"acf":[],"_links":{"self":[{"href":"https:\/\/hansu.av.tr\/de\/wp-json\/wp\/v2\/pages\/3568"}],"collection":[{"href":"https:\/\/hansu.av.tr\/de\/wp-json\/wp\/v2\/pages"}],"about":[{"href":"https:\/\/hansu.av.tr\/de\/wp-json\/wp\/v2\/types\/page"}],"author":[{"embeddable":true,"href":"https:\/\/hansu.av.tr\/de\/wp-json\/wp\/v2\/users\/1"}],"replies":[{"embeddable":true,"href":"https:\/\/hansu.av.tr\/de\/wp-json\/wp\/v2\/comments?post=3568"}],"version-history":[{"count":1,"href":"https:\/\/hansu.av.tr\/de\/wp-json\/wp\/v2\/pages\/3568\/revisions"}],"predecessor-version":[{"id":7979,"href":"https:\/\/hansu.av.tr\/de\/wp-json\/wp\/v2\/pages\/3568\/revisions\/7979"}],"up":[{"embeddable":true,"href":"https:\/\/hansu.av.tr\/de\/wp-json\/wp\/v2\/pages\/5470"}],"wp:featuredmedia":[{"embeddable":true,"href":"https:\/\/hansu.av.tr\/de\/wp-json\/wp\/v2\/media\/4843"}],"wp:attachment":[{"href":"https:\/\/hansu.av.tr\/de\/wp-json\/wp\/v2\/media?parent=3568"}],"curies":[{"name":"wp","href":"https:\/\/api.w.org\/{rel}","templated":true}]}}