{"id":3574,"date":"2020-07-09T14:28:10","date_gmt":"2020-07-09T11:28:10","guid":{"rendered":"https:\/\/hansu.av.tr\/?page_id=3574"},"modified":"2021-09-07T14:00:04","modified_gmt":"2021-09-07T11:00:04","slug":"spiele-e-sport-und-entertainment","status":"publish","type":"page","link":"https:\/\/hansu.av.tr\/de\/sektoren\/spiele-e-sport-und-entertainment\/","title":{"rendered":"Spiele \/ E-Sport und Entertainment"},"content":{"rendered":"\t\t<div data-elementor-type=\"wp-page\" data-elementor-id=\"3574\" class=\"elementor elementor-3574 elementor-3573\">\n\t\t\t\t\t\t<div class=\"elementor-inner\">\n\t\t\t\t<div class=\"elementor-section-wrap\">\n\t\t\t\t\t\t\t\t\t<section class=\"elementor-section elementor-top-section elementor-element elementor-element-40b9c9c7 elementor-section-boxed elementor-section-height-default elementor-section-height-default\" data-id=\"40b9c9c7\" data-element_type=\"section\">\n\t\t\t\t\t\t<div class=\"elementor-container elementor-column-gap-default\">\n\t\t\t\t\t\t\t<div class=\"elementor-row\">\n\t\t\t\t\t<div class=\"elementor-column elementor-col-100 elementor-top-column elementor-element elementor-element-12b04631\" data-id=\"12b04631\" data-element_type=\"column\">\n\t\t\t<div class=\"elementor-column-wrap elementor-element-populated\">\n\t\t\t\t\t\t\t<div class=\"elementor-widget-wrap\">\n\t\t\t\t\t\t<div class=\"elementor-element elementor-element-1af35c62 elementor-widget elementor-widget-text-editor\" data-id=\"1af35c62\" data-element_type=\"widget\" data-widget_type=\"text-editor.default\">\n\t\t\t\t<div class=\"elementor-widget-container\">\n\t\t\t\t\t\t\t\t<div class=\"elementor-text-editor elementor-clearfix\">\n\t\t\t\t<ul><li style=\"text-align: left;\">Rechtliche Unterst\u00fctzung bei der Gr\u00fcndung und dem Betrieb von Unternehmen, die auf dem Markt f\u00fcr digitale Spiele t\u00e4tig werden (Erstellung von Gesellschaftsvertr\u00e4gen, Partnerschaftsabkommen usw.)<\/li><li style=\"text-align: left;\">Schutz von Software (Schnittstelle, Programmstreaming, Musikdateien usw.), die die technischen Elemente des Spiels enth\u00e4lt, und Schutz der Quellcodes des Spiels im Rahmen der Bestimmungen \u00fcber unlauteren Wettbewerb<\/li><li style=\"text-align: left;\">Schutz des Designs der Spiele durch Geschmacksmuster und Markennamen<\/li><li style=\"text-align: left;\">Erstellung von digitalen Spielvertr\u00e4gen, die zwischen Spieler-Entwickler, Spieler-Herausgeber, Spieler-Spieler, Lizenzgeber-Lizenznehmer, Markenrechtsinhaber-Markenrecht abgeschlossen werden<\/li><li style=\"text-align: left;\">Schutz der finanziellen und moralischen Rechte des Spieleigent\u00fcmers<\/li><li style=\"text-align: left;\">Verhinderung von Rechtsverletzungen im Zusammenhang mit der Reproduktion des Spiels ohne Genehmigung des Rechteinhabers und der \u00dcbertragung des Spiels an die \u00d6ffentlichkeit \u00fcber das Internet usw.<\/li><li style=\"text-align: left;\">Verhinderung von Verst\u00f6\u00dfen (Entf\u00fchrung von Benutzerpassw\u00f6rtern, Diebstahl von Spielercharakteren, Entwendung der Konten von Spielern durch Dritte, gegenseitige Beleidigungen usw.)<\/li><li style=\"text-align: left;\">Administrative und rechtliche Antr\u00e4ge w\u00e4hrend des Spielvertriebs und der Vermarktung<\/li><li style=\"text-align: left;\">Erstellung von Vertr\u00e4gen f\u00fcr die Produktion von digitalen Spielen, ihre Freigabe und Verbreitung auf dem Markt und die Verwaltung dieser Prozesse<\/li><li style=\"text-align: left;\">Vorbereitung von Spielnutzervertr\u00e4gen und LPPD-Kl\u00e4rungstexten und Sicherstellung ihrer Compliance<\/li><li style=\"text-align: left;\">Schaffung einer rechtlichen Infrastruktur f\u00fcr die Speicherung pers\u00f6nlicher Daten, die in Online- und Offline-Spielen ben\u00f6tigt werden<\/li><li style=\"text-align: left;\">Bereitstellung rechtlicher Dienstleistungen und Unterst\u00fctzungen wie z.B. Vorbereitung und Bewertung von E-Sport-Vertr\u00e4gen zwischen Spieler-Club-Management, Spieler-Sponsor, Spieler-Manager-Gesellschaften, Club Management-Sponsor, Club Management-Publisher<\/li><li style=\"text-align: left;\">Rechtliche Unterst\u00fctzung von Spielern und Vereinen im E-Sport, da diese mit disziplinarischen, administrativen, rechtlichen und strafrechtlichen Sanktionen rechnen m\u00fcssen,<\/li><li style=\"text-align: left;\">Feststellung von Pflichten (Lizenzierung, Registrierung, Durchf\u00fchrung von E-Fitness-Tests usw.) auf Basis der Vorschriften und Anweisungen des t\u00fcrkischen E-Sportverbands<\/li><li style=\"text-align: left;\">Erstellung von Vertr\u00e4gen, die zwischen Verlegern, Organisatoren, Mannschaften oder Spielern in E-Sport-Organisationen zum Zweck der Ausstrahlung, Werbung usw. abgeschlossen werden sollen.<\/li><\/ul>\t\t\t\t\t<\/div>\n\t\t\t\t\t\t<\/div>\n\t\t\t\t<\/div>\n\t\t\t\t\t\t<\/div>\n\t\t\t\t\t<\/div>\n\t\t<\/div>\n\t\t\t\t\t\t\t\t<\/div>\n\t\t\t\t\t<\/div>\n\t\t<\/section>\n\t\t\t\t\t\t\t\t\t<\/div>\n\t\t\t<\/div>\n\t\t\t\t\t<\/div>\n\t\t","protected":false},"excerpt":{"rendered":"<p>Rechtliche Unterst\u00fctzung bei der Gr\u00fcndung und dem Betrieb von Unternehmen, die auf dem Markt f\u00fcr digitale Spiele t\u00e4tig werden (Erstellung von Gesellschaftsvertr\u00e4gen, Partnerschaftsabkommen usw.) Schutz von Software (Schnittstelle, Programmstreaming, Musikdateien usw.), die die technischen Elemente des Spiels enth\u00e4lt, und Schutz der Quellcodes des Spiels im Rahmen der Bestimmungen \u00fcber unlauteren Wettbewerb Schutz des Designs der&#8230;<\/p>\n","protected":false},"author":1,"featured_media":4846,"parent":5470,"menu_order":275,"comment_status":"closed","ping_status":"closed","template":"","meta":[],"acf":[],"_links":{"self":[{"href":"https:\/\/hansu.av.tr\/de\/wp-json\/wp\/v2\/pages\/3574"}],"collection":[{"href":"https:\/\/hansu.av.tr\/de\/wp-json\/wp\/v2\/pages"}],"about":[{"href":"https:\/\/hansu.av.tr\/de\/wp-json\/wp\/v2\/types\/page"}],"author":[{"embeddable":true,"href":"https:\/\/hansu.av.tr\/de\/wp-json\/wp\/v2\/users\/1"}],"replies":[{"embeddable":true,"href":"https:\/\/hansu.av.tr\/de\/wp-json\/wp\/v2\/comments?post=3574"}],"version-history":[{"count":1,"href":"https:\/\/hansu.av.tr\/de\/wp-json\/wp\/v2\/pages\/3574\/revisions"}],"predecessor-version":[{"id":7980,"href":"https:\/\/hansu.av.tr\/de\/wp-json\/wp\/v2\/pages\/3574\/revisions\/7980"}],"up":[{"embeddable":true,"href":"https:\/\/hansu.av.tr\/de\/wp-json\/wp\/v2\/pages\/5470"}],"wp:featuredmedia":[{"embeddable":true,"href":"https:\/\/hansu.av.tr\/de\/wp-json\/wp\/v2\/media\/4846"}],"wp:attachment":[{"href":"https:\/\/hansu.av.tr\/de\/wp-json\/wp\/v2\/media?parent=3574"}],"curies":[{"name":"wp","href":"https:\/\/api.w.org\/{rel}","templated":true}]}}