{"id":5908,"date":"2020-07-18T17:54:32","date_gmt":"2020-07-18T14:54:32","guid":{"rendered":"https:\/\/hansu.av.tr\/?page_id=5908"},"modified":"2020-07-20T12:23:10","modified_gmt":"2020-07-20T09:23:10","slug":"internationale-schiedsgerichtsbarkeit","status":"publish","type":"page","link":"https:\/\/hansu.av.tr\/de\/kompetenzen\/internationale-schiedsgerichtsbarkeit\/","title":{"rendered":"Internationale Schiedsgerichtsbarkeit"},"content":{"rendered":"\t\t<div data-elementor-type=\"wp-post\" data-elementor-id=\"5908\" class=\"elementor elementor-5908 elementor-5907\">\n\t\t\t\t\t\t<div class=\"elementor-inner\">\n\t\t\t\t<div class=\"elementor-section-wrap\">\n\t\t\t\t\t\t\t\t\t<section class=\"elementor-section elementor-top-section elementor-element elementor-element-c1c2316 elementor-section-boxed elementor-section-height-default elementor-section-height-default\" data-id=\"c1c2316\" data-element_type=\"section\">\n\t\t\t\t\t\t<div class=\"elementor-container elementor-column-gap-default\">\n\t\t\t\t\t\t\t<div class=\"elementor-row\">\n\t\t\t\t\t<div class=\"elementor-column elementor-col-100 elementor-top-column elementor-element elementor-element-2dc1d0a\" data-id=\"2dc1d0a\" data-element_type=\"column\">\n\t\t\t<div class=\"elementor-column-wrap elementor-element-populated\">\n\t\t\t\t\t\t\t<div class=\"elementor-widget-wrap\">\n\t\t\t\t\t\t<div class=\"elementor-element elementor-element-8fa43b6 elementor-widget elementor-widget-text-editor\" data-id=\"8fa43b6\" data-element_type=\"widget\" data-widget_type=\"text-editor.default\">\n\t\t\t\t<div class=\"elementor-widget-container\">\n\t\t\t\t\t\t\t\t<div class=\"elementor-text-editor elementor-clearfix\">\n\t\t\t\t<p><strong>Wie k\u00f6nnen wir Sie unterst\u00fctzen?<\/strong><\/p><p>Unsere Anwaltskanzlei ist spezialisiert auf die Durchf\u00fchrung von Schiedsgerichtsverfahren, indem sie ihren Mandanten eine umfassende Rechtsberatung aus einer Hand bietet, sowohl bei Handelsgesch\u00e4ften mit internationaler Ausrichtung als auch bei Streitigkeiten zwischen Investoren und Staaten. Unsere erfahrenen Anw\u00e4lte, die erfolgreiche akademische Laufbahn auf diesem Rechtsgebiet haben und \u00fcber Fremdsprachen verf\u00fcgen, vertreten unsere Mandanten erfolgreich vor Schiedsgerichten wie ICC, AAA, ISTAC, LCIA und ICSID sowie vor inl\u00e4ndischen Gerichten. Unsere Anwaltskanzlei hat auch umfassende Erfahrung in der Vollstreckung von Schiedsspr\u00fcchen auf der Grundlage des New Yorker \u00dcbereinkommens, welches auch von der T\u00fcrkei ratifiziert wurde. Die internationale Schiedsgerichtsbarkeit ist ein rechtlicher Prozess, welcher sowohl in Form von Ad-hoc-Schiedsverfahren als auch auf Basis der Regeln bestimmter Schiedsinstitutionen durchgef\u00fchrt werden kann. In diesem Zusammenhang beraten wir unsere Mandanten bei der Gestaltung von Schiedsklauseln, die den zwischen den Parteien zu unterzeichnenden Handelsvertr\u00e4gen beizuf\u00fcgen ist, sowie bei der Anwendung der UNCITRAL-Regeln und im Falle eines Konflikts, bei der Einleitung des Schiedsverfahrens gem\u00e4\u00df den ma\u00dfgeblichen Regel und der Durchf\u00fchrung des gesamten Verfahrens einschlie\u00dflich der Verhandlungen. Dar\u00fcber hinaus hat unsere Anwaltskanzlei in F\u00e4llen, in denen die Verfahrensverz\u00f6gerung unangemessen ist, umfassende Erfahrung mit den Eilschiedsrichterverfahren und dem vorl\u00e4ufigen Rechtsschutz.<\/p><p><strong>Wen unterst\u00fctzen wir?<\/strong><\/p><p>Unsere Rechtsanwaltskanzlei bietet umfangreiche Rechtsberatung f\u00fcr Unternehmen und Investoren, wenn es zu einer rechtlichen Streitigkeit zwischen dem Investor und den Staaten kommt, und koordiniert das gesamte Verfahren von der Gestaltung der Schiedsklausel bis zur Vollstreckung des Schiedsspruchs.<\/p><p>\u00a0<\/p>\t\t\t\t\t<\/div>\n\t\t\t\t\t\t<\/div>\n\t\t\t\t<\/div>\n\t\t\t\t\t\t<\/div>\n\t\t\t\t\t<\/div>\n\t\t<\/div>\n\t\t\t\t\t\t\t\t<\/div>\n\t\t\t\t\t<\/div>\n\t\t<\/section>\n\t\t\t\t\t\t\t\t\t<\/div>\n\t\t\t<\/div>\n\t\t\t\t\t<\/div>\n\t\t","protected":false},"excerpt":{"rendered":"<p>Wie k\u00f6nnen wir Sie unterst\u00fctzen? Unsere Anwaltskanzlei ist spezialisiert auf die Durchf\u00fchrung von Schiedsgerichtsverfahren, indem sie ihren Mandanten eine umfassende Rechtsberatung aus einer Hand bietet, sowohl bei Handelsgesch\u00e4ften mit internationaler Ausrichtung als auch bei Streitigkeiten zwischen Investoren und Staaten. Unsere erfahrenen Anw\u00e4lte, die erfolgreiche akademische Laufbahn auf diesem Rechtsgebiet haben und \u00fcber Fremdsprachen verf\u00fcgen, vertreten&#8230;<\/p>\n","protected":false},"author":1,"featured_media":5706,"parent":2337,"menu_order":412,"comment_status":"closed","ping_status":"closed","template":"","meta":[],"acf":[],"_links":{"self":[{"href":"https:\/\/hansu.av.tr\/de\/wp-json\/wp\/v2\/pages\/5908"}],"collection":[{"href":"https:\/\/hansu.av.tr\/de\/wp-json\/wp\/v2\/pages"}],"about":[{"href":"https:\/\/hansu.av.tr\/de\/wp-json\/wp\/v2\/types\/page"}],"author":[{"embeddable":true,"href":"https:\/\/hansu.av.tr\/de\/wp-json\/wp\/v2\/users\/1"}],"replies":[{"embeddable":true,"href":"https:\/\/hansu.av.tr\/de\/wp-json\/wp\/v2\/comments?post=5908"}],"version-history":[{"count":7,"href":"https:\/\/hansu.av.tr\/de\/wp-json\/wp\/v2\/pages\/5908\/revisions"}],"predecessor-version":[{"id":6202,"href":"https:\/\/hansu.av.tr\/de\/wp-json\/wp\/v2\/pages\/5908\/revisions\/6202"}],"up":[{"embeddable":true,"href":"https:\/\/hansu.av.tr\/de\/wp-json\/wp\/v2\/pages\/2337"}],"wp:featuredmedia":[{"embeddable":true,"href":"https:\/\/hansu.av.tr\/de\/wp-json\/wp\/v2\/media\/5706"}],"wp:attachment":[{"href":"https:\/\/hansu.av.tr\/de\/wp-json\/wp\/v2\/media?parent=5908"}],"curies":[{"name":"wp","href":"https:\/\/api.w.org\/{rel}","templated":true}]}}