{"id":8038,"date":"2021-06-22T16:39:53","date_gmt":"2021-06-22T13:39:53","guid":{"rendered":"https:\/\/hansu.av.tr\/nos-domaines-dexpertise\/ticaret-hukuku\/"},"modified":"2022-07-05T12:05:11","modified_gmt":"2022-07-05T09:05:11","slug":"droit-commercial","status":"publish","type":"page","link":"https:\/\/hansu.av.tr\/fr\/nos-domaines-dexpertise\/droit-commercial\/","title":{"rendered":"Droit commercial"},"content":{"rendered":"<p><span style=\"font-weight: 400;\">Le droit commercial est un domaine dynamique divis\u00e9 en de nombreuses sous mati\u00e8res. Fort de son exp\u00e9rience en droit commercial, notre cabinet d&rsquo;avocats propose aux fonds d&rsquo;investissement, aux partenariats, aux entreprises en croissance, aux start-ups et entrepreneurs, aux grandes et moyennes entreprises et aux entreprises internationales op\u00e9rant dans diff\u00e9rents secteurs, des services ax\u00e9s sur les r\u00e9sultats, permettant \u00e0 ceux-ci de prendre des d\u00e9cisions commerciales efficaces et de planifier leurs strat\u00e9gies commerciales. Gr\u00e2ce \u00e0 nos avocats qui poss\u00e8dent l&rsquo;exp\u00e9rience et la vision n\u00e9cessaires pour fournir des services juridiques de haute qualit\u00e9 \u00e0 votre entreprise, vous serez en mesure de vous conformer \u00e0 la l\u00e9gislation dynamique et aux r\u00e8gles du droit commercial au cours de toutes vos activit\u00e9s. En plus de fournir des services de conseil con\u00e7us en fonction des besoins et demandes sp\u00e9cifiques de chacun de nos clients, nous fournissons des services juridiques dans le domaine du droit commercial, plus pr\u00e9cis\u00e9ment:<\/span><\/p>\n<ul>\n<li style=\"font-weight: 400;\" aria-level=\"1\"><span style=\"font-weight: 400;\">A nos clients nationaux et \u00e9trangers pour la n\u00e9gociation, la pr\u00e9paration et la mise en \u0153uvre de toutes sortes de contrats commerciaux tels que le contrat de licence, de cr\u00e9dit-bail, d\u2019affacturage, de franchise, d&rsquo;agence, de distribution, les contrats d&rsquo;entiercement et la r\u00e9solution des litiges d\u00e9coulant de ces contrats<\/span><\/li>\n<li style=\"font-weight: 400;\" aria-level=\"1\"><span style=\"font-weight: 400;\">Aux compagnies maritimes, compagnies a\u00e9riennes, courtiers en transport, agences de fret, entreprises de services logistiques, \u00e9tablissements de cr\u00e9dit qui fournissent des possibilit\u00e9s de financement de navires, d&rsquo;avions et de yachts, ainsi qu\u2019aux compagnies d&rsquo;assurance<\/span><\/li>\n<li style=\"font-weight: 400;\" aria-level=\"1\"><span style=\"font-weight: 400;\">A nos clients nationaux et \u00e9trangers pour les contentieux relatifs \u00e0 la concurrence d\u00e9loyale<\/span><\/li>\n<li style=\"font-weight: 400;\" aria-level=\"1\"><span style=\"font-weight: 400;\">A nos clients en droit bancaire et financier comme les banques, les \u00e9tablissements de cr\u00e9dit \/ financiers, les soci\u00e9t\u00e9s de gestion d&rsquo;actifs, les soci\u00e9t\u00e9s de cr\u00e9dit-bail et les soci\u00e9t\u00e9s de cr\u00e9dit<\/span><\/li>\n<li style=\"font-weight: 400;\" aria-level=\"1\"><span style=\"font-weight: 400;\">Aux soci\u00e9t\u00e9s d&rsquo;assurance et de r\u00e9assurance, aux clubs P&amp;I, aux agences et soci\u00e9t\u00e9s d&rsquo;expertise en assurance<\/span><\/li>\n<li style=\"font-weight: 400;\" aria-level=\"1\"><span style=\"font-weight: 400;\">A nos clients op\u00e9rant sur des march\u00e9s r\u00e9glement\u00e9s, dans le respect des dispositions l\u00e9gislatives complexes et variables, dans la gestion et la coordination de la relation de nos clients avec les autorit\u00e9s de r\u00e9gulation et de surveillance<\/span><\/li>\n<\/ul>\n<p>&nbsp;<\/p>\n","protected":false},"excerpt":{"rendered":"<p>Le droit commercial est un domaine dynamique divis\u00e9 en de nombreuses sous mati\u00e8res. Fort de son exp\u00e9rience en droit commercial, notre cabinet d&rsquo;avocats propose aux fonds d&rsquo;investissement, aux partenariats, aux entreprises en croissance, aux start-ups et entrepreneurs, aux grandes et moyennes entreprises et aux entreprises internationales op\u00e9rant dans diff\u00e9rents secteurs, des services ax\u00e9s sur les&#8230;<\/p>\n","protected":false},"author":1,"featured_media":0,"parent":8007,"menu_order":100,"comment_status":"closed","ping_status":"closed","template":"","meta":[],"acf":[],"_links":{"self":[{"href":"https:\/\/hansu.av.tr\/fr\/wp-json\/wp\/v2\/pages\/8038"}],"collection":[{"href":"https:\/\/hansu.av.tr\/fr\/wp-json\/wp\/v2\/pages"}],"about":[{"href":"https:\/\/hansu.av.tr\/fr\/wp-json\/wp\/v2\/types\/page"}],"author":[{"embeddable":true,"href":"https:\/\/hansu.av.tr\/fr\/wp-json\/wp\/v2\/users\/1"}],"replies":[{"embeddable":true,"href":"https:\/\/hansu.av.tr\/fr\/wp-json\/wp\/v2\/comments?post=8038"}],"version-history":[{"count":13,"href":"https:\/\/hansu.av.tr\/fr\/wp-json\/wp\/v2\/pages\/8038\/revisions"}],"predecessor-version":[{"id":9294,"href":"https:\/\/hansu.av.tr\/fr\/wp-json\/wp\/v2\/pages\/8038\/revisions\/9294"}],"up":[{"embeddable":true,"href":"https:\/\/hansu.av.tr\/fr\/wp-json\/wp\/v2\/pages\/8007"}],"wp:attachment":[{"href":"https:\/\/hansu.av.tr\/fr\/wp-json\/wp\/v2\/media?parent=8038"}],"curies":[{"name":"wp","href":"https:\/\/api.w.org\/{rel}","templated":true}]}}