{"id":8039,"date":"2021-06-09T11:33:26","date_gmt":"2021-06-09T08:33:26","guid":{"rendered":"https:\/\/hansu.av.tr\/nos-domaines-dexpertise\/insaat-ve-gayrimenkul-hukuku\/"},"modified":"2022-07-05T12:04:43","modified_gmt":"2022-07-05T09:04:43","slug":"droit-de-la-construction-et-immobilier","status":"publish","type":"page","link":"https:\/\/hansu.av.tr\/fr\/nos-domaines-dexpertise\/droit-de-la-construction-et-immobilier\/","title":{"rendered":"Droit de la construction et immobilier"},"content":{"rendered":"\t\t<div data-elementor-type=\"wp-page\" data-elementor-id=\"8039\" class=\"elementor elementor-8039 elementor-6831\">\n\t\t\t\t\t\t<div class=\"elementor-inner\">\n\t\t\t\t<div class=\"elementor-section-wrap\">\n\t\t\t\t\t\t\t\t\t<section class=\"elementor-section elementor-top-section elementor-element elementor-element-cee7361 elementor-section-boxed elementor-section-height-default elementor-section-height-default\" data-id=\"cee7361\" data-element_type=\"section\">\n\t\t\t\t\t\t<div class=\"elementor-container elementor-column-gap-default\">\n\t\t\t\t\t\t\t<div class=\"elementor-row\">\n\t\t\t\t\t<div class=\"elementor-column elementor-col-100 elementor-top-column elementor-element elementor-element-a49c4fb\" data-id=\"a49c4fb\" data-element_type=\"column\">\n\t\t\t<div class=\"elementor-column-wrap elementor-element-populated\">\n\t\t\t\t\t\t\t<div class=\"elementor-widget-wrap\">\n\t\t\t\t\t\t<div class=\"elementor-element elementor-element-0df7d55 elementor-widget elementor-widget-text-editor\" data-id=\"0df7d55\" data-element_type=\"widget\" data-widget_type=\"text-editor.default\">\n\t\t\t\t<div class=\"elementor-widget-container\">\n\t\t\t\t\t\t\t\t<div class=\"elementor-text-editor elementor-clearfix\">\n\t\t\t\t<p><span style=\"font-weight: 400;\">Le droit de la construction et immobilier constitue l\u2019une de notre principale activit\u00e9\u00a0; dans ce contexte nous repr\u00e9sentons des banques d&rsquo;investissement et autres institutions de cr\u00e9dit-bail, des fonds de capital-investissement, des fonds de pension et de l&rsquo;\u00c9tat, des fonds d&rsquo;investissement immobilier, des exploitants d&rsquo;h\u00f4tels et de centres commerciaux dans le d\u00e9veloppement, la gestion et\u00a0 la location. Nos avocats fournissent un service sur-mesure et sp\u00e9cifique \u00e0 chaque client et \u00e0 chaque projet.\u00a0<\/span><\/p><p><span style=\"font-weight: 400;\">En tant que cabinet d&rsquo;avocats Hansu, nous fournissons un soutien pragmatique et ax\u00e9 sur les r\u00e9sultats aux entrepreneurs priv\u00e9s, pendant les phases d&rsquo;appel d&rsquo;offres, de d\u00e9veloppement de projets, de construction et d&rsquo;exploitation de projets immobiliers \u00e0 construire sur des terrains publics (tr\u00e9sor public \/ municipalit\u00e9) et de mise en place de l&rsquo;infrastructure juridique et financement des projets.<\/span><\/p><p><span style=\"font-weight: 400;\">Dans ce contexte, une part importante de notre activit\u00e9 est consacr\u00e9e au traitement des projets immobiliers de grande envergure tels que des centres commerciaux, des universit\u00e9s, des h\u00f4tels, des zones industrielles organis\u00e9es, des h\u00f4pitaux, des mus\u00e9es, ainsi que les zones de libre-\u00e9change. Les avocats experts de notre cabinet fournissent des services de conseil complets \u00e0 nos clients dans d&rsquo;autres domaines connexes tels que les contrats, les appels d&rsquo;offres publics, le zonage, la transformation urbaine, l&rsquo;expropriation, le droit fiscal.<\/span><\/p><p><span style=\"font-weight: 400;\">Notre cabinet d\u2019avocats intervient particuli\u00e8rement pour les situations suivantes\u00a0:\u00a0<\/span><\/p><ul><li style=\"font-weight: 400;\" aria-level=\"1\"><span style=\"font-weight: 400;\">Contrats d&rsquo;achat et de vente de biens immobiliers<\/span><\/li><li style=\"font-weight: 400;\" aria-level=\"1\"><span style=\"font-weight: 400;\">Contrats de location<\/span><\/li><li style=\"font-weight: 400;\" aria-level=\"1\"><span style=\"font-weight: 400;\">Contrat de construction en \u00e9change d&rsquo;une part de terrain ou avec partage des revenus<\/span><\/li><li style=\"font-weight: 400;\" aria-level=\"1\"><span style=\"font-weight: 400;\">Contrats de leasing<\/span><\/li><li style=\"font-weight: 400;\" aria-level=\"1\"><span style=\"font-weight: 400;\">\u00c9tablissement et annulation de droits personnels (promesse de vente, d&rsquo;achat, pr\u00e9achat, rachat) et r\u00e9els (usufruit, hypoth\u00e8que) sur les biens immobiliers<\/span><\/li><li style=\"font-weight: 400;\" aria-level=\"1\"><span style=\"font-weight: 400;\">Coordination de projets immobiliers<\/span><\/li><li style=\"font-weight: 400;\" aria-level=\"1\"><span style=\"font-weight: 400;\">Coordination du permis de construction et autres processus administratifs<\/span><\/li><li style=\"font-weight: 400;\" aria-level=\"1\"><span style=\"font-weight: 400;\">Examen des dettes fiscales dans la mise en \u0153uvre des projets<\/span><\/li><li style=\"font-weight: 400;\" aria-level=\"1\"><span style=\"font-weight: 400;\">Suivi des contrats et du processus administratif de restauration des biens immobiliers qualifi\u00e9s de monuments historiques<\/span><\/li><li style=\"font-weight: 400;\" aria-level=\"1\"><span style=\"font-weight: 400;\">Contrats de financement de projets et des partenariats r\u00e9unissant investisseurs et constructeurs<\/span><\/li><li style=\"font-weight: 400;\" aria-level=\"1\"><span style=\"font-weight: 400;\">Litiges d\u00e9coulant du droit de propri\u00e9t\u00e9 du bien immobilier et d&rsquo;autres droits r\u00e9els et personnels<\/span><\/li><li style=\"font-weight: 400;\" aria-level=\"1\"><span style=\"font-weight: 400;\">Repr\u00e9sentation devant les juridictions pour enregistrement et annulation d\u2019actes sur le registre foncier<\/span><\/li><li style=\"font-weight: 400;\" aria-level=\"1\"><span style=\"font-weight: 400;\">Cas de d\u00e9termination, d&rsquo;adaptation des loyers et proc\u00e9dure d\u2019expulsions<\/span><\/li><li style=\"font-weight: 400;\" aria-level=\"1\"><span style=\"font-weight: 400;\">Contestation d\u2019un plan local d\u2019urbanisme et contentieux<\/span><\/li><li style=\"font-weight: 400;\" aria-level=\"1\"><span style=\"font-weight: 400;\">Suivi des pratiques cadastrales et ex\u00e9cution des processus contentieux<\/span><\/li><li style=\"font-weight: 400;\" aria-level=\"1\"><span style=\"font-weight: 400;\">R\u00e9solution des litiges d\u00e9coulant du droit de la copropri\u00e9t\u00e9<\/span><\/li><li style=\"font-weight: 400;\" aria-level=\"1\"><span style=\"font-weight: 400;\">R\u00e9solution de tous types de litiges d\u00e9coulant du droit des successions<\/span><\/li><\/ul><p>\u00a0<\/p>\t\t\t\t\t<\/div>\n\t\t\t\t\t\t<\/div>\n\t\t\t\t<\/div>\n\t\t\t\t\t\t<\/div>\n\t\t\t\t\t<\/div>\n\t\t<\/div>\n\t\t\t\t\t\t\t\t<\/div>\n\t\t\t\t\t<\/div>\n\t\t<\/section>\n\t\t\t\t\t\t\t\t\t<\/div>\n\t\t\t<\/div>\n\t\t\t\t\t<\/div>\n\t\t","protected":false},"excerpt":{"rendered":"<p>Le droit de la construction et immobilier constitue l\u2019une de notre principale activit\u00e9\u00a0; dans ce contexte nous repr\u00e9sentons des banques d&rsquo;investissement et autres institutions de cr\u00e9dit-bail, des fonds de capital-investissement, des fonds de pension et de l&rsquo;\u00c9tat, des fonds d&rsquo;investissement immobilier, des exploitants d&rsquo;h\u00f4tels et de centres commerciaux dans le d\u00e9veloppement, la gestion et\u00a0 la&#8230;<\/p>\n","protected":false},"author":1,"featured_media":8040,"parent":8007,"menu_order":158,"comment_status":"closed","ping_status":"closed","template":"","meta":[],"acf":[],"_links":{"self":[{"href":"https:\/\/hansu.av.tr\/fr\/wp-json\/wp\/v2\/pages\/8039"}],"collection":[{"href":"https:\/\/hansu.av.tr\/fr\/wp-json\/wp\/v2\/pages"}],"about":[{"href":"https:\/\/hansu.av.tr\/fr\/wp-json\/wp\/v2\/types\/page"}],"author":[{"embeddable":true,"href":"https:\/\/hansu.av.tr\/fr\/wp-json\/wp\/v2\/users\/1"}],"replies":[{"embeddable":true,"href":"https:\/\/hansu.av.tr\/fr\/wp-json\/wp\/v2\/comments?post=8039"}],"version-history":[{"count":14,"href":"https:\/\/hansu.av.tr\/fr\/wp-json\/wp\/v2\/pages\/8039\/revisions"}],"predecessor-version":[{"id":9293,"href":"https:\/\/hansu.av.tr\/fr\/wp-json\/wp\/v2\/pages\/8039\/revisions\/9293"}],"up":[{"embeddable":true,"href":"https:\/\/hansu.av.tr\/fr\/wp-json\/wp\/v2\/pages\/8007"}],"wp:featuredmedia":[{"embeddable":true,"href":"https:\/\/hansu.av.tr\/fr\/wp-json\/wp\/v2\/media\/8040"}],"wp:attachment":[{"href":"https:\/\/hansu.av.tr\/fr\/wp-json\/wp\/v2\/media?parent=8039"}],"curies":[{"name":"wp","href":"https:\/\/api.w.org\/{rel}","templated":true}]}}